{"id":1030,"date":"2020-03-20T01:11:39","date_gmt":"2020-03-20T00:11:39","guid":{"rendered":"http:\/\/cpeu.ffzg.unizg.hr\/?page_id=1030"},"modified":"2023-03-07T10:37:53","modified_gmt":"2023-03-07T09:37:53","slug":"odabir","status":"publish","type":"page","link":"https:\/\/cpeu.ffzg.unizg.hr\/?page_id=1030","title":{"rendered":"Odabir"},"content":{"rendered":"<p>Aktivnost <strong>Odabir<\/strong> primjenjuje se za razne prijave (vje\u017ebe, kolokvije, ispite), odabir seminarske teme, glasanje ili za provjeru razumijevanja tijekom izvo\u0111enja nastave. Sastoji se od jednoga pitanja za koje je nastavnik omogu\u0107io odabir izme\u0111u nekoliko mogu\u0107nosti. Rezultati mogu biti anonimni ili prikazani s punim imenom studenata, a posebno se odabire i mogu\u0107nost prikaza rezultata studentima. Nastavnik je uvijek u mogu\u0107nosti poni\u0161titi odabir pojedinoga studenta.<\/p>\n<p>Kako biste dodali aktivnost <strong>Odabir <\/strong>na svoj e-kolegij, kliknite gore desno na gumb &#8220;Ure\u0111ivanje&#8221;.<\/p>\n<div id=\"attachment_2907\" style=\"width: 430px\" class=\"wp-caption aligncenter\"><img loading=\"lazy\" decoding=\"async\" aria-describedby=\"caption-attachment-2907\" class=\"size-full wp-image-2907\" src=\"http:\/\/cpeu.ffzg.unizg.hr\/wp-content\/uploads\/2023\/02\/2023-gumb-uredjivanje-off-1.png\" alt=\"Gumb &quot;Ure\u0111ivanje&quot; - uklju\u010den\" width=\"420\" height=\"298\" srcset=\"https:\/\/cpeu.ffzg.unizg.hr\/wp-content\/uploads\/2023\/02\/2023-gumb-uredjivanje-off-1.png 420w, https:\/\/cpeu.ffzg.unizg.hr\/wp-content\/uploads\/2023\/02\/2023-gumb-uredjivanje-off-1-300x213.png 300w\" sizes=\"auto, (max-width: 420px) 100vw, 420px\" \/><p id=\"caption-attachment-2907\" class=\"wp-caption-text\">Gumb &#8220;Ure\u0111ivanje&#8221; &#8211; uklju\u010den<\/p><\/div>\n<p>Kada omogu\u0107ite ure\u0111ivanje, ikona \u0107e iz sive boje prije\u0107i u <strong>ljubi\u010dastu<\/strong>.<\/p>\n<div id=\"attachment_2902\" style=\"width: 430px\" class=\"wp-caption aligncenter\"><img loading=\"lazy\" decoding=\"async\" aria-describedby=\"caption-attachment-2902\" class=\"size-full wp-image-2902\" src=\"http:\/\/cpeu.ffzg.unizg.hr\/wp-content\/uploads\/2023\/02\/2023-gumb-uredjivanje-on.png\" alt=\"Gumb &quot;Ure\u0111ivanje&quot; - uklju\u010den\" width=\"420\" height=\"298\" srcset=\"https:\/\/cpeu.ffzg.unizg.hr\/wp-content\/uploads\/2023\/02\/2023-gumb-uredjivanje-on.png 420w, https:\/\/cpeu.ffzg.unizg.hr\/wp-content\/uploads\/2023\/02\/2023-gumb-uredjivanje-on-300x213.png 300w\" sizes=\"auto, (max-width: 420px) 100vw, 420px\" \/><p id=\"caption-attachment-2902\" class=\"wp-caption-text\">Gumb &#8220;Ure\u0111ivanje&#8221; &#8211; uklju\u010den<\/p><\/div>\n<p>Potom u sekciji ili temi u koju \u017eelite dodati aktivnost <strong>Odabir <\/strong>kliknite na poveznicu &#8220;Dodajte aktivnost ili resurs&#8221;.<\/p>\n<div id=\"attachment_2904\" style=\"width: 337px\" class=\"wp-caption aligncenter\"><img loading=\"lazy\" decoding=\"async\" aria-describedby=\"caption-attachment-2904\" class=\"size-full wp-image-2904\" src=\"http:\/\/cpeu.ffzg.unizg.hr\/wp-content\/uploads\/2023\/02\/2023-Dodajte-aktivnost-ili-resurs.png\" alt=\"Poveznica &quot;Dodajte aktivnost ili resurs&quot;\" width=\"327\" height=\"79\" srcset=\"https:\/\/cpeu.ffzg.unizg.hr\/wp-content\/uploads\/2023\/02\/2023-Dodajte-aktivnost-ili-resurs.png 327w, https:\/\/cpeu.ffzg.unizg.hr\/wp-content\/uploads\/2023\/02\/2023-Dodajte-aktivnost-ili-resurs-300x72.png 300w\" sizes=\"auto, (max-width: 327px) 100vw, 327px\" \/><p id=\"caption-attachment-2904\" class=\"wp-caption-text\">Poveznica &#8220;Dodajte aktivnost ili resurs&#8221;<\/p><\/div>\n<p>U izborniku kliknite na aktivnost <strong>Odabir<\/strong>. Ako ju ne vidite na po\u010detnom zaslonu izbornika, kliknite na karticu AktivnostI, prona\u0111ite ju i odaberite tamo.<\/p>\n<div id=\"attachment_2945\" style=\"width: 832px\" class=\"wp-caption aligncenter\"><a href=\"http:\/\/cpeu.ffzg.unizg.hr\/wp-content\/uploads\/2023\/02\/2023-aktivnosti-08-izbornik-Odabir.png\"><img loading=\"lazy\" decoding=\"async\" aria-describedby=\"caption-attachment-2945\" class=\"wp-image-2945 size-full\" src=\"http:\/\/cpeu.ffzg.unizg.hr\/wp-content\/uploads\/2023\/02\/2023-aktivnosti-08-izbornik-Odabir.png\" alt=\"Odabir aktivnosti &quot;ODABIR&quot;\" width=\"822\" height=\"728\" srcset=\"https:\/\/cpeu.ffzg.unizg.hr\/wp-content\/uploads\/2023\/02\/2023-aktivnosti-08-izbornik-Odabir.png 822w, https:\/\/cpeu.ffzg.unizg.hr\/wp-content\/uploads\/2023\/02\/2023-aktivnosti-08-izbornik-Odabir-300x266.png 300w, https:\/\/cpeu.ffzg.unizg.hr\/wp-content\/uploads\/2023\/02\/2023-aktivnosti-08-izbornik-Odabir-768x680.png 768w, https:\/\/cpeu.ffzg.unizg.hr\/wp-content\/uploads\/2023\/02\/2023-aktivnosti-08-izbornik-Odabir-624x553.png 624w\" sizes=\"auto, (max-width: 822px) 100vw, 822px\" \/><\/a><p id=\"caption-attachment-2945\" class=\"wp-caption-text\">Odabir aktivnosti &#8220;ODABIR&#8221;<\/p><\/div>\n<p>Postavke aktivnosti Odabir su organizirane u sekcije: <strong>Op\u0107e postavke<\/strong>, <strong>Odabiri<\/strong>, <strong>Dostupnost<\/strong>, <strong>Rezultati<\/strong>, <strong>Zajedni\u010dke postavke modula<\/strong>, <strong>Ograni\u010di dostupnost<\/strong> i <strong>Dovr\u0161enost aktivnosti<\/strong>.<\/p>\n<h3>Video upute o tome kako izraditi aktivnost Odabir<\/h3>\n<p><iframe loading=\"lazy\" src=\"https:\/\/www.youtube-nocookie.com\/embed\/Yt5ArUnj0IE?rel=0\" width=\"560\" height=\"315\" frameborder=\"0\" allowfullscreen=\"allowfullscreen\"><\/iframe><\/p>\n<h3><strong>Sekcija Op\u0107e postavke<br \/>\n<\/strong><\/h3>\n<p>Nakon upisa teksta pitanja u polju <strong>Uvodni tekst <\/strong>ispunjavaju se i polja s mogu\u0107im odabirima. <strong>Napomena:<\/strong> Po\u017eeljno je za postavku <strong>Na\u010din prikaza<\/strong> zadati vrijednost <strong>Prika\u017ei odabire u uspravnom popisu<\/strong>.<\/p>\n<h3><strong>Sekcija Odabiri<\/strong><\/h3>\n<p><strong>Dopusti izmjene odabira:<\/strong> Nastavnik mo\u017ee dozvoliti studentima naknadne izmjene odabira (npr. promjenu grupe ili teme seminarskog rada). Naknadne izmjene mogu\u0107e su unutar vremenskog perioda koji je nastavnik zadao (pode\u0161ava se u sekciji Dostupnost). Zadano je ova vrijednost postavljena na <em>Ne<\/em>.<\/p>\n<p><strong>Dopusti vi\u0161estruki odabir:<\/strong> Nastavnik mo\u017ee dozvoliti studentima odabir vi\u0161e od jednog odabira. Zadano je ova vrijednost postavljena na <em>Ne<\/em>.<\/p>\n<p><strong>Ograni\u010dite broj dopu\u0161tenih odabira:<\/strong> Ako je potrebno ograni\u010diti broj odgovora ili prijava za odre\u0111eni odabir potrebno je postavku <strong>Ograni\u010dite broj dopu\u0161tenih odabira<\/strong> promijeniti u vrijednost <em>Da<\/em> (zadana je vrijednost <em>Ne<\/em>). Na primjer, ako se vje\u017ebe odr\u017eavaju u ra\u010dunalnoj u\u010dionici koja ima 15 ra\u010dunala, potrebno je ograni\u010diti broj prijava na 15 za svaki termin. Drugi primjer bi bio odabir seminarske teme u kojem bi trebalo ograni\u010diti broj prijava na 1 po temi. Broj dopu\u0161tenih odabira se zadaje ispod svakog odabira u pripadaju\u0107em polju <strong>Ograni\u010denje<\/strong> (npr. polje <em>Odabir 1<\/em> ima pripadaju\u0107e polje <em>Ograni\u010denje 1<\/em>).<\/p>\n<p>Potom slijede odabiri. Prikazano je pet (5) polja za upis odabira. Nastavnik ih mo\u017ee dodati neograni\u010den broj, u setovima po tri, odabirom gumba <strong>Dodaj jo\u0161 3 polja<\/strong>.<\/p>\n<h3><strong>Sekcija Dostupnost<\/strong><\/h3>\n<p>Kao i za sve ostale aktivnosti i za <strong>Odabir<\/strong> se mo\u017ee odrediti razdoblje u kojemu je dostupan studentima (postavke <strong>Dostupno od<\/strong> i <strong>Dostupno do<\/strong>, aktiviraju se dodavanjem kva\u010dice u polje Omogu\u0107i na kraju reda). Ako su dopu\u0161tene izmjene prvotnoga odabira, studenti mogu mijenjati svoj odabir tijekom razdoblja kada je aktivnost dostupna.<\/p>\n<h3><strong>Sekcija Zajedni\u010dke postavke modula<br \/>\n<\/strong><\/h3>\n<p>Sve aktivnosti i resursi u postavkama imaju ovu sekciju, u kojoj je mogu\u0107e urediti vidljivost aktivnosti \/ resursa studentima, ID broj aktivnosti \/ resursa te, ako aktivnost to podr\u017eava, postavke za grupni oblik nastave.<\/p>\n<p><strong>Dostupnost:<\/strong> mogu\u0107e je zadati da se aktivnost \/ resurs ne prikazuje studentima (vrijednost \u201c<strong>Skrij od studenata<\/strong>\u201c). Zadana vrijednost je \u201c<strong>Prika\u017ei na naslovnici e-kolegija<\/strong>\u201c.<\/p>\n<p><strong>ID broj:<\/strong> Postavljanje ID broja omogu\u0107ava identifikaciju aktivnosti u svrhu ra\u010dunanja ocjena. Ako aktivnost nije obuhva\u0107ena nekim oblikom ocjenjivanja, polje koje sadr\u017eava ID broj se mo\u017ee ostaviti praznim. ID se tako\u0111er mo\u017ee postaviti u alatu za ocjenjivanje, no mo\u017ee se ure\u0111ivati jedino na stranici s postavkama odre\u0111ene aktivnosti. Zadano je ostavljeno prazno (bez vrijednosti).<\/p>\n<p><strong>Grupni oblik:<\/strong> Ova postavka ima 3 opcije:<\/p>\n<ul>\n<li><strong>Bez grupa<\/strong> \u2013 Nema pod-grupa.<\/li>\n<li><strong>Odvojene grupe<\/strong> \u2013 Svaki \u010dlan grupe mo\u017ee vidjeti samo \u010dlanove svoje grupe, ostali \u010dlanovi su nevidljivi.<\/li>\n<li><strong>Vidljive grupe<\/strong> \u2013 Svaki \u010dlan grupe vidi \u010dlanove svoje grupe, ali mo\u017ee vidjeti i \u010dlanove drugih grupa.<\/li>\n<\/ul>\n<p>Grupni na\u010din rada koji je zadan na razini e-kolegija je tada zadani na\u010din rada i za sve aktivnosti na tom e-kolegiju. Za svaku aktivnost koja podr\u017eava grupe tako\u0111er mo\u017ee se podesiti vlastiti grupni na\u010din rada, iako je isti zanemaren, tj. nadja\u010dan od strane postavke na razini e-kolegija.<\/p>\n<h3><strong>Sekcija Ograni\u010di dostupnost<\/strong><\/h3>\n<p><span data-sheets-value=\"{&quot;1&quot;:2,&quot;2&quot;:&quot;Dovr\u0161enost aktivnosti - Zahtijeva od studenta dovr\u0161etak (ili ne-dovr\u0161etak) druge aktivnosti.\\nDatum - Ograni\u010denje dostupnosti do (ili od) zadanog datuma i vremena. Ako \u017eelite ograni\u010diti dostupnost i OD i DO zadanog datuma i vremena, morate postaviti 2 odvojena uvjeta (od kada u jednom uvjetu i do kada u drugome). Napomena vezana uz vrijeme: pripazite, ako ste zadali da je ne\u0161to dostupno do 01.05.2020. u 00:00, tada je to dostupno do 30.04.2020. u 23:59, a ne cijeli dan do pono\u0107i 01.05.2020.!\\nOcjena - Ograni\u010denje prema ostvarenoj ocjeni na nekoj drugoj, prethodno dovr\u0161enoj aktivnosti (uvjet mo\u017ee biti vi\u0161a ili ni\u017ea ocjena).\\nSkup ograni\u010denja - Skup prethodno opisanih ograni\u010denja, ali ulan\u010danih uz primjenu slo\u017eene logike.&quot;}\" data-sheets-userformat=\"{&quot;2&quot;:897,&quot;3&quot;:{&quot;1&quot;:0},&quot;10&quot;:1,&quot;11&quot;:4,&quot;12&quot;:0}\" data-sheets-textstyleruns=\"[null,0,{&quot;5&quot;:1}]\uee10{&quot;1&quot;:21}\uee10[null,93,{&quot;5&quot;:1}]\uee10{&quot;1&quot;:99}\uee10[null,198,{&quot;5&quot;:1}]\uee10{&quot;1&quot;:200}\uee10[null,203,{&quot;5&quot;:1}]\uee10{&quot;1&quot;:205}\uee10[null,249,{&quot;5&quot;:1}]\uee10{&quot;1&quot;:266}\uee10[null,268,{&quot;6&quot;:1}]\uee10{&quot;1&quot;:276}\uee10[null,294,{&quot;6&quot;:1}]\uee10{&quot;1&quot;:302}\uee10[null,314,{&quot;5&quot;:1}]\uee10{&quot;1&quot;:342}\uee10[null,389,{&quot;5&quot;:1}]\uee10{&quot;1&quot;:411}\uee10[null,424,{&quot;5&quot;:1}]\uee10{&quot;1&quot;:432}\uee10[null,433,{&quot;5&quot;:1}]\uee10{&quot;1&quot;:455}\uee10[null,496,{&quot;5&quot;:1}]\uee10{&quot;1&quot;:503}\uee10[null,629,{&quot;5&quot;:1}]\uee10{&quot;1&quot;:645}\"><strong>Dovr\u0161enost aktivnosti:<\/strong> Zahtijeva od studenta dovr\u0161etak (ili ne-dovr\u0161etak) druge aktivnosti.<\/span><\/p>\n<p><span data-sheets-value=\"{&quot;1&quot;:2,&quot;2&quot;:&quot;Dovr\u0161enost aktivnosti - Zahtijeva od studenta dovr\u0161etak (ili ne-dovr\u0161etak) druge aktivnosti.\\nDatum - Ograni\u010denje dostupnosti do (ili od) zadanog datuma i vremena. Ako \u017eelite ograni\u010diti dostupnost i OD i DO zadanog datuma i vremena, morate postaviti 2 odvojena uvjeta (od kada u jednom uvjetu i do kada u drugome). Napomena vezana uz vrijeme: pripazite, ako ste zadali da je ne\u0161to dostupno do 01.05.2020. u 00:00, tada je to dostupno do 30.04.2020. u 23:59, a ne cijeli dan do pono\u0107i 01.05.2020.!\\nOcjena - Ograni\u010denje prema ostvarenoj ocjeni na nekoj drugoj, prethodno dovr\u0161enoj aktivnosti (uvjet mo\u017ee biti vi\u0161a ili ni\u017ea ocjena).\\nSkup ograni\u010denja - Skup prethodno opisanih ograni\u010denja, ali ulan\u010danih uz primjenu slo\u017eene logike.&quot;}\" data-sheets-userformat=\"{&quot;2&quot;:897,&quot;3&quot;:{&quot;1&quot;:0},&quot;10&quot;:1,&quot;11&quot;:4,&quot;12&quot;:0}\" data-sheets-textstyleruns=\"[null,0,{&quot;5&quot;:1}]\uee10{&quot;1&quot;:21}\uee10[null,93,{&quot;5&quot;:1}]\uee10{&quot;1&quot;:99}\uee10[null,198,{&quot;5&quot;:1}]\uee10{&quot;1&quot;:200}\uee10[null,203,{&quot;5&quot;:1}]\uee10{&quot;1&quot;:205}\uee10[null,249,{&quot;5&quot;:1}]\uee10{&quot;1&quot;:266}\uee10[null,268,{&quot;6&quot;:1}]\uee10{&quot;1&quot;:276}\uee10[null,294,{&quot;6&quot;:1}]\uee10{&quot;1&quot;:302}\uee10[null,314,{&quot;5&quot;:1}]\uee10{&quot;1&quot;:342}\uee10[null,389,{&quot;5&quot;:1}]\uee10{&quot;1&quot;:411}\uee10[null,424,{&quot;5&quot;:1}]\uee10{&quot;1&quot;:432}\uee10[null,433,{&quot;5&quot;:1}]\uee10{&quot;1&quot;:455}\uee10[null,496,{&quot;5&quot;:1}]\uee10{&quot;1&quot;:503}\uee10[null,629,{&quot;5&quot;:1}]\uee10{&quot;1&quot;:645}\"><strong>Datum:<\/strong> Ograni\u010denje dostupnosti do (ili od) zadanog datuma i vremena. Ako \u017eelite ograni\u010diti dostupnost i <strong>OD<\/strong> i <strong>DO<\/strong> zadanog datuma i vremena, morate postaviti <strong>2 odvojena uvjeta<\/strong> (<em>od kada<\/em> u jednom uvjetu i <em>do kada<\/em> u drugome). <strong>Napomena vezana uz vrijeme:<\/strong> pripazite, ako ste zadali da je ne\u0161to dostupno <strong>do 01.05.2020. u 00:00<\/strong>, tada je to dostupno <strong>do 30.04.2020. u 23:59<\/strong>, a ne cijeli dan do pono\u0107i 01.05.2020.!<\/span><\/p>\n<p><span data-sheets-value=\"{&quot;1&quot;:2,&quot;2&quot;:&quot;Dovr\u0161enost aktivnosti - Zahtijeva od studenta dovr\u0161etak (ili ne-dovr\u0161etak) druge aktivnosti.\\nDatum - Ograni\u010denje dostupnosti do (ili od) zadanog datuma i vremena. Ako \u017eelite ograni\u010diti dostupnost i OD i DO zadanog datuma i vremena, morate postaviti 2 odvojena uvjeta (od kada u jednom uvjetu i do kada u drugome). Napomena vezana uz vrijeme: pripazite, ako ste zadali da je ne\u0161to dostupno do 01.05.2020. u 00:00, tada je to dostupno do 30.04.2020. u 23:59, a ne cijeli dan do pono\u0107i 01.05.2020.!\\nOcjena - Ograni\u010denje prema ostvarenoj ocjeni na nekoj drugoj, prethodno dovr\u0161enoj aktivnosti (uvjet mo\u017ee biti vi\u0161a ili ni\u017ea ocjena).\\nSkup ograni\u010denja - Skup prethodno opisanih ograni\u010denja, ali ulan\u010danih uz primjenu slo\u017eene logike.&quot;}\" data-sheets-userformat=\"{&quot;2&quot;:897,&quot;3&quot;:{&quot;1&quot;:0},&quot;10&quot;:1,&quot;11&quot;:4,&quot;12&quot;:0}\" data-sheets-textstyleruns=\"[null,0,{&quot;5&quot;:1}]\uee10{&quot;1&quot;:21}\uee10[null,93,{&quot;5&quot;:1}]\uee10{&quot;1&quot;:99}\uee10[null,198,{&quot;5&quot;:1}]\uee10{&quot;1&quot;:200}\uee10[null,203,{&quot;5&quot;:1}]\uee10{&quot;1&quot;:205}\uee10[null,249,{&quot;5&quot;:1}]\uee10{&quot;1&quot;:266}\uee10[null,268,{&quot;6&quot;:1}]\uee10{&quot;1&quot;:276}\uee10[null,294,{&quot;6&quot;:1}]\uee10{&quot;1&quot;:302}\uee10[null,314,{&quot;5&quot;:1}]\uee10{&quot;1&quot;:342}\uee10[null,389,{&quot;5&quot;:1}]\uee10{&quot;1&quot;:411}\uee10[null,424,{&quot;5&quot;:1}]\uee10{&quot;1&quot;:432}\uee10[null,433,{&quot;5&quot;:1}]\uee10{&quot;1&quot;:455}\uee10[null,496,{&quot;5&quot;:1}]\uee10{&quot;1&quot;:503}\uee10[null,629,{&quot;5&quot;:1}]\uee10{&quot;1&quot;:645}\"><strong>Ocjena:<\/strong> Ograni\u010denje prema ostvarenoj ocjeni na nekoj drugoj, prethodno dovr\u0161enoj aktivnosti (uvjet mo\u017ee biti vi\u0161a ili ni\u017ea ocjena).<\/span><\/p>\n<p><strong>Korisni\u010dki profil:<\/strong> Ograni\u010denje prema vrijednostima u poljima korisni\u010dkog profila pojedinog korisnika (npr. na osnovu adrese e-po\u0161te korisnika).<\/p>\n<p><span data-sheets-value=\"{&quot;1&quot;:2,&quot;2&quot;:&quot;Dovr\u0161enost aktivnosti - Zahtijeva od studenta dovr\u0161etak (ili ne-dovr\u0161etak) druge aktivnosti.\\nDatum - Ograni\u010denje dostupnosti do (ili od) zadanog datuma i vremena. Ako \u017eelite ograni\u010diti dostupnost i OD i DO zadanog datuma i vremena, morate postaviti 2 odvojena uvjeta (od kada u jednom uvjetu i do kada u drugome). Napomena vezana uz vrijeme: pripazite, ako ste zadali da je ne\u0161to dostupno do 01.05.2020. u 00:00, tada je to dostupno do 30.04.2020. u 23:59, a ne cijeli dan do pono\u0107i 01.05.2020.!\\nOcjena - Ograni\u010denje prema ostvarenoj ocjeni na nekoj drugoj, prethodno dovr\u0161enoj aktivnosti (uvjet mo\u017ee biti vi\u0161a ili ni\u017ea ocjena).\\nSkup ograni\u010denja - Skup prethodno opisanih ograni\u010denja, ali ulan\u010danih uz primjenu slo\u017eene logike.&quot;}\" data-sheets-userformat=\"{&quot;2&quot;:897,&quot;3&quot;:{&quot;1&quot;:0},&quot;10&quot;:1,&quot;11&quot;:4,&quot;12&quot;:0}\" data-sheets-textstyleruns=\"[null,0,{&quot;5&quot;:1}]\uee10{&quot;1&quot;:21}\uee10[null,93,{&quot;5&quot;:1}]\uee10{&quot;1&quot;:99}\uee10[null,198,{&quot;5&quot;:1}]\uee10{&quot;1&quot;:200}\uee10[null,203,{&quot;5&quot;:1}]\uee10{&quot;1&quot;:205}\uee10[null,249,{&quot;5&quot;:1}]\uee10{&quot;1&quot;:266}\uee10[null,268,{&quot;6&quot;:1}]\uee10{&quot;1&quot;:276}\uee10[null,294,{&quot;6&quot;:1}]\uee10{&quot;1&quot;:302}\uee10[null,314,{&quot;5&quot;:1}]\uee10{&quot;1&quot;:342}\uee10[null,389,{&quot;5&quot;:1}]\uee10{&quot;1&quot;:411}\uee10[null,424,{&quot;5&quot;:1}]\uee10{&quot;1&quot;:432}\uee10[null,433,{&quot;5&quot;:1}]\uee10{&quot;1&quot;:455}\uee10[null,496,{&quot;5&quot;:1}]\uee10{&quot;1&quot;:503}\uee10[null,629,{&quot;5&quot;:1}]\uee10{&quot;1&quot;:645}\"><strong>Skup ograni\u010denja:<\/strong> Skup prethodno opisanih ograni\u010denja, ali ulan\u010danih uz primjenu slo\u017eene logike.<\/span><\/p>\n<h3><strong>Sekcija Dovr\u0161enost aktivnosti<\/strong><\/h3>\n<p>Ako je omogu\u0107eno, prati se dovr\u0161enost aktivnosti, bilo ru\u010dno ili automatski, ovisno o odre\u0111enim uvjetima. Mogu se zadati vi\u0161estruki uvjeti, ovisno o potrebama. Ako postavite vi\u0161estruke uvjete, tada se aktivnost smatra dovr\u0161enom samo kada su postignuti SVI uvjeti.<\/p>\n<p>Kva\u010dica kraj imena aktivnosti na naslovnici e-kolegija ozna\u010dava je li neka aktivnost dovr\u0161ena.<\/p>\n<p><strong>Pra\u0107enje dovr\u0161enosti:<\/strong><\/p>\n<ul>\n<li><strong>Ne prikazuj dovr\u0161enost aktivnosti:<\/strong> ikona s informacijom o dovr\u0161enosti aktivnosti (kva\u010dica) ne\u0107e biti prikazana.<\/li>\n<li><strong>Studenti mogu ru\u010dno ozna\u010diti aktivnost kao dovr\u0161enu:<\/strong> studenti mogu kliknuti na ikonu s informacijom o dovr\u0161enosti aktivnosti na naslovnici e-kolegija i promijeniti stanje u dovr\u0161eno (kva\u010dica). <strong>Napomena: <\/strong>u ovom slu\u010daju studenti to mogu napraviti i PRIJE nego odrade svoj zadatak \/ aktivnost!<\/li>\n<li><strong>Prika\u017ei ovu aktivnost kao dovr\u0161enu nakon ispunjenja uvjeta:<\/strong> studenti moraju ispuniti zadane uvjete (pregled, rje\u0161avanje, ocjena) prije nego sustav automatski doda kva\u010dicu na naslovnici e-kolegija.<\/li>\n<\/ul>\n<p>Ako je u postavkama pra\u0107enja dovr\u0161enosti odabrano <strong>Prika\u017ei ovu aktivnost kao dovr\u0161enu nakon ispunjenja uvjeta<\/strong>, ovo su dostupne postavke:<\/p>\n<ul>\n<li><strong>Zahtijevaj pregled:<\/strong> Kako bi dovr\u0161ili ovu aktivnost, studenti ju moraju pregledati<\/li>\n<li><strong>Prika\u017ei kao dovr\u0161eno nakon korisnikovog odabira;<\/strong> Kako bi dovr\u0161ili ovu aktivnost, studenti moraju odabrati odgovor u sklopu aktivnosti.<\/li>\n<li><strong>O\u010dekuj dovr\u0161enje:<\/strong> ozna\u010diti <strong>Omogu\u0107i<\/strong> na kraju tog retka (staviti kva\u010dicu) i potom unijeti datum i sat do kada se od studenta o\u010dekuje dovr\u0161etak te aktivnosti.<\/li>\n<\/ul>\n<p>Kori\u0161tenjem opcije \u201c<strong>Po\u0161alji obavijest sudionicima o promjeni sadr\u017eaja<\/strong>\u201d mogu\u0107e je poslati poruku studentima kod stvaranja nove aktivnosti ili a\u017euriranja postoje\u0107e.<\/p>\n","protected":false},"excerpt":{"rendered":"<p>Aktivnost Odabir primjenjuje se za razne prijave (vje\u017ebe, kolokvije, ispite), odabir seminarske teme, glasanje ili za provjeru razumijevanja tijekom izvo\u0111enja nastave. Sastoji se od jednoga pitanja za koje je nastavnik omogu\u0107io odabir izme\u0111u nekoliko mogu\u0107nosti. Rezultati mogu biti anonimni ili prikazani s punim imenom studenata, a posebno se odabire i mogu\u0107nost prikaza rezultata studentima. Nastavnik [&hellip;]<\/p>\n","protected":false},"author":3,"featured_media":0,"parent":491,"menu_order":0,"comment_status":"closed","ping_status":"closed","template":"","meta":{"footnotes":""},"class_list":["post-1030","page","type-page","status-publish","hentry"],"jetpack_sharing_enabled":true,"_links":{"self":[{"href":"https:\/\/cpeu.ffzg.unizg.hr\/index.php?rest_route=\/wp\/v2\/pages\/1030","targetHints":{"allow":["GET"]}}],"collection":[{"href":"https:\/\/cpeu.ffzg.unizg.hr\/index.php?rest_route=\/wp\/v2\/pages"}],"about":[{"href":"https:\/\/cpeu.ffzg.unizg.hr\/index.php?rest_route=\/wp\/v2\/types\/page"}],"author":[{"embeddable":true,"href":"https:\/\/cpeu.ffzg.unizg.hr\/index.php?rest_route=\/wp\/v2\/users\/3"}],"replies":[{"embeddable":true,"href":"https:\/\/cpeu.ffzg.unizg.hr\/index.php?rest_route=%2Fwp%2Fv2%2Fcomments&post=1030"}],"version-history":[{"count":21,"href":"https:\/\/cpeu.ffzg.unizg.hr\/index.php?rest_route=\/wp\/v2\/pages\/1030\/revisions"}],"predecessor-version":[{"id":3048,"href":"https:\/\/cpeu.ffzg.unizg.hr\/index.php?rest_route=\/wp\/v2\/pages\/1030\/revisions\/3048"}],"up":[{"embeddable":true,"href":"https:\/\/cpeu.ffzg.unizg.hr\/index.php?rest_route=\/wp\/v2\/pages\/491"}],"wp:attachment":[{"href":"https:\/\/cpeu.ffzg.unizg.hr\/index.php?rest_route=%2Fwp%2Fv2%2Fmedia&parent=1030"}],"curies":[{"name":"wp","href":"https:\/\/api.w.org\/{rel}","templated":true}]}}