{"id":1044,"date":"2020-03-20T01:27:40","date_gmt":"2020-03-20T00:27:40","guid":{"rendered":"http:\/\/cpeu.ffzg.unizg.hr\/?page_id=1044"},"modified":"2023-03-02T15:27:22","modified_gmt":"2023-03-02T14:27:22","slug":"poveznica","status":"publish","type":"page","link":"https:\/\/cpeu.ffzg.unizg.hr\/?page_id=1044","title":{"rendered":"Poveznica"},"content":{"rendered":"<p><strong>Poveznica<\/strong> je resurs koji polaznicima prikazuje adresu odre\u0111ene web-stranice ili online-datoteke omogu\u0107avaju\u0107i im pristup nastavnim materijalima, pripremu radova i sl. Poveznica je naj\u010de\u0161\u0107e tekst \u010dijim se odabirom otvara odre\u0111eni vanjski sadr\u017eaj. Zadana je postavka u sustavu Omega da se poveznice otvara u novom prozoru. Otvaranje u novom prozoru za polaznika je jednostavnije jer ne postoji opasnost od zatvaranja prozora s otvorenim e-kolegijem, a naslovnica e-kolegija i dalje ostaje dostupna.<\/p>\n<p>Kako biste dodali resurs <strong>Poveznica <\/strong>na svoj e-kolegij, kliknite gore desno na gumb &#8220;Ure\u0111ivanje&#8221;.<\/p>\n<div id=\"attachment_2907\" style=\"width: 430px\" class=\"wp-caption aligncenter\"><img loading=\"lazy\" decoding=\"async\" aria-describedby=\"caption-attachment-2907\" class=\"size-full wp-image-2907\" src=\"http:\/\/cpeu.ffzg.unizg.hr\/wp-content\/uploads\/2023\/02\/2023-gumb-uredjivanje-off-1.png\" alt=\"Gumb &quot;Ure\u0111ivanje&quot; - uklju\u010den\" width=\"420\" height=\"298\" srcset=\"https:\/\/cpeu.ffzg.unizg.hr\/wp-content\/uploads\/2023\/02\/2023-gumb-uredjivanje-off-1.png 420w, https:\/\/cpeu.ffzg.unizg.hr\/wp-content\/uploads\/2023\/02\/2023-gumb-uredjivanje-off-1-300x213.png 300w\" sizes=\"auto, (max-width: 420px) 100vw, 420px\" \/><p id=\"caption-attachment-2907\" class=\"wp-caption-text\">Gumb &#8220;Ure\u0111ivanje&#8221; &#8211; uklju\u010den<\/p><\/div>\n<p>Kada omogu\u0107ite ure\u0111ivanje, ikona \u0107e iz sive boje prije\u0107i u <strong>ljubi\u010dastu<\/strong>.<\/p>\n<div id=\"attachment_2902\" style=\"width: 430px\" class=\"wp-caption aligncenter\"><img loading=\"lazy\" decoding=\"async\" aria-describedby=\"caption-attachment-2902\" class=\"size-full wp-image-2902\" src=\"http:\/\/cpeu.ffzg.unizg.hr\/wp-content\/uploads\/2023\/02\/2023-gumb-uredjivanje-on.png\" alt=\"Gumb &quot;Ure\u0111ivanje&quot; - uklju\u010den\" width=\"420\" height=\"298\" srcset=\"https:\/\/cpeu.ffzg.unizg.hr\/wp-content\/uploads\/2023\/02\/2023-gumb-uredjivanje-on.png 420w, https:\/\/cpeu.ffzg.unizg.hr\/wp-content\/uploads\/2023\/02\/2023-gumb-uredjivanje-on-300x213.png 300w\" sizes=\"auto, (max-width: 420px) 100vw, 420px\" \/><p id=\"caption-attachment-2902\" class=\"wp-caption-text\">Gumb &#8220;Ure\u0111ivanje&#8221; &#8211; uklju\u010den<\/p><\/div>\n<p>Potom u sekciji ili temi u koju \u017eelite dodati resurs<strong> Poveznica <\/strong>kliknite na poveznicu &#8220;Dodajte aktivnost ili resurs&#8221;.<\/p>\n<div id=\"attachment_2904\" style=\"width: 337px\" class=\"wp-caption aligncenter\"><img loading=\"lazy\" decoding=\"async\" aria-describedby=\"caption-attachment-2904\" class=\"size-full wp-image-2904\" src=\"http:\/\/cpeu.ffzg.unizg.hr\/wp-content\/uploads\/2023\/02\/2023-Dodajte-aktivnost-ili-resurs.png\" alt=\"Poveznica &quot;Dodajte aktivnost ili resurs&quot;\" width=\"327\" height=\"79\" srcset=\"https:\/\/cpeu.ffzg.unizg.hr\/wp-content\/uploads\/2023\/02\/2023-Dodajte-aktivnost-ili-resurs.png 327w, https:\/\/cpeu.ffzg.unizg.hr\/wp-content\/uploads\/2023\/02\/2023-Dodajte-aktivnost-ili-resurs-300x72.png 300w\" sizes=\"auto, (max-width: 327px) 100vw, 327px\" \/><p id=\"caption-attachment-2904\" class=\"wp-caption-text\">Poveznica &#8220;Dodajte aktivnost ili resurs&#8221;<\/p><\/div>\n<p>U izborniku kliknite na resurs <strong>Poveznica<\/strong>. Ako ga ne vidite na po\u010detnom zaslonu izbornika, kliknite na karticu Resursi, prona\u0111ite ga i odaberite tamo.<\/p>\n<div id=\"attachment_2975\" style=\"width: 827px\" class=\"wp-caption aligncenter\"><a href=\"http:\/\/cpeu.ffzg.unizg.hr\/wp-content\/uploads\/2023\/02\/2023-resursi-05-izbornik-Poveznica.png\"><img loading=\"lazy\" decoding=\"async\" aria-describedby=\"caption-attachment-2975\" class=\"size-full wp-image-2975\" src=\"http:\/\/cpeu.ffzg.unizg.hr\/wp-content\/uploads\/2023\/02\/2023-resursi-05-izbornik-Poveznica.png\" alt=\"Odabir resursa &quot;POVEZNICA&quot;\" width=\"817\" height=\"722\" srcset=\"https:\/\/cpeu.ffzg.unizg.hr\/wp-content\/uploads\/2023\/02\/2023-resursi-05-izbornik-Poveznica.png 817w, https:\/\/cpeu.ffzg.unizg.hr\/wp-content\/uploads\/2023\/02\/2023-resursi-05-izbornik-Poveznica-300x265.png 300w, https:\/\/cpeu.ffzg.unizg.hr\/wp-content\/uploads\/2023\/02\/2023-resursi-05-izbornik-Poveznica-768x679.png 768w, https:\/\/cpeu.ffzg.unizg.hr\/wp-content\/uploads\/2023\/02\/2023-resursi-05-izbornik-Poveznica-624x551.png 624w\" sizes=\"auto, (max-width: 817px) 100vw, 817px\" \/><\/a><p id=\"caption-attachment-2975\" class=\"wp-caption-text\">Odabir resursa &#8220;POVEZNICA&#8221;<\/p><\/div>\n<p>Postavke resursa Poveznica su organizirane u sekcije: <strong>Op\u0107e postavke<\/strong>, <strong>Izgled<\/strong>, <strong>URL varijable<\/strong>, <strong>Zajedni\u010dke postavke modula<\/strong>, <strong>Ograni\u010di<\/strong> <strong>dostupnost <\/strong>i <strong>Dovr\u0161enost aktivnost<\/strong>.<\/p>\n<p>Web-adresa upisuje se izravno ili se adresa odre\u0111ene stranice kopira u to polje. Odabirom gumba <strong>Kliknite poveznicu\u2026<\/strong> mo\u017ee se pristupiti dostupnim repozitorijima (npr. <em>YouTube<\/em>).<\/p>\n<h3><strong>Video upute kako dodati resurs<\/strong> Poveznica<\/h3>\n<p><iframe loading=\"lazy\" src=\"https:\/\/www.youtube-nocookie.com\/embed\/VjolxPq-QSo?rel=0\" width=\"560\" height=\"315\" frameborder=\"0\" allowfullscreen=\"allowfullscreen\"><\/iframe><\/p>\n<h3><strong>Sekcija<\/strong> Izgled<\/h3>\n<p>U sekciji Izgled mogu\u0107e je putem postavke <strong>Prikaz<\/strong> zadati kako \u0107e se otvoriti poveznica nakon \u0161to korisnik klikne na nju, bilo u novom prozoru \/ kartici (en. <em>tab<\/em>) &#8211; zadavanjem vrijednosti <strong>Novi prozor<\/strong>, ili u istom prozoru \/ kartici &#8211; zadavanjem vrijednosti <strong>Otvori<\/strong>.<\/p>\n<h3>Sekcija URL varijable<\/h3>\n<p>Neke od internih Moodle varijabli mogu biti dodane na URL. Upi\u0161ite va\u0161e nazive za parametre u svako od tekst polja i odaberite potrebne varijable. Zadano su URL varijable isklju\u010dene.<\/p>\n<h3><strong>Sekcija<\/strong> Zajedni\u010dke postavke modula<\/h3>\n<p>Svi resursi u postavkama imaju ovu sekciju, u kojoj je mogu\u0107e urediti vidljivost resursa studentima i ID broj resursa.<\/p>\n<p><strong>Dostupnost:<\/strong> mogu\u0107e je zadati da se resurs ne prikazuje studentima (vrijednost \u201c<strong>Skrij od studenata<\/strong>\u201c). Zadana vrijednost je \u201c<strong>Prika\u017ei na naslovnici e-kolegija<\/strong>\u201c.<\/p>\n<p><strong>ID broj:<\/strong> Postavljanje ID broja omogu\u0107ava identifikaciju aktivnosti \/ resursa u svrhu ra\u010dunanja ocjena. Ako aktivnost \/ resurs nije obuhva\u0107en nekim oblikom ocjenjivanja, polje koje sadr\u017eava ID broj se mo\u017ee ostaviti praznim. ID se tako\u0111er mo\u017ee postaviti u alatu za ocjenjivanje, no mo\u017ee se ure\u0111ivati jedino na stranici s postavkama odre\u0111ene aktivnosti \/ resurs. Zadano je ostavljeno prazno (bez vrijednosti).<\/p>\n<h3><strong>Sekcija Ograni\u010di dostupnost<\/strong><\/h3>\n<p><span data-sheets-value=\"{&quot;1&quot;:2,&quot;2&quot;:&quot;Dovr\u0161enost aktivnosti - Zahtijeva od studenta dovr\u0161etak (ili ne-dovr\u0161etak) druge aktivnosti.\\nDatum - Ograni\u010denje dostupnosti do (ili od) zadanog datuma i vremena. Ako \u017eelite ograni\u010diti dostupnost i OD i DO zadanog datuma i vremena, morate postaviti 2 odvojena uvjeta (od kada u jednom uvjetu i do kada u drugome). Napomena vezana uz vrijeme: pripazite, ako ste zadali da je ne\u0161to dostupno do 01.05.2020. u 00:00, tada je to dostupno do 30.04.2020. u 23:59, a ne cijeli dan do pono\u0107i 01.05.2020.!\\nOcjena - Ograni\u010denje prema ostvarenoj ocjeni na nekoj drugoj, prethodno dovr\u0161enoj aktivnosti (uvjet mo\u017ee biti vi\u0161a ili ni\u017ea ocjena).\\nSkup ograni\u010denja - Skup prethodno opisanih ograni\u010denja, ali ulan\u010danih uz primjenu slo\u017eene logike.&quot;}\" data-sheets-userformat=\"{&quot;2&quot;:897,&quot;3&quot;:{&quot;1&quot;:0},&quot;10&quot;:1,&quot;11&quot;:4,&quot;12&quot;:0}\" data-sheets-textstyleruns=\"[null,0,{&quot;5&quot;:1}]\uee10{&quot;1&quot;:21}\uee10[null,93,{&quot;5&quot;:1}]\uee10{&quot;1&quot;:99}\uee10[null,198,{&quot;5&quot;:1}]\uee10{&quot;1&quot;:200}\uee10[null,203,{&quot;5&quot;:1}]\uee10{&quot;1&quot;:205}\uee10[null,249,{&quot;5&quot;:1}]\uee10{&quot;1&quot;:266}\uee10[null,268,{&quot;6&quot;:1}]\uee10{&quot;1&quot;:276}\uee10[null,294,{&quot;6&quot;:1}]\uee10{&quot;1&quot;:302}\uee10[null,314,{&quot;5&quot;:1}]\uee10{&quot;1&quot;:342}\uee10[null,389,{&quot;5&quot;:1}]\uee10{&quot;1&quot;:411}\uee10[null,424,{&quot;5&quot;:1}]\uee10{&quot;1&quot;:432}\uee10[null,433,{&quot;5&quot;:1}]\uee10{&quot;1&quot;:455}\uee10[null,496,{&quot;5&quot;:1}]\uee10{&quot;1&quot;:503}\uee10[null,629,{&quot;5&quot;:1}]\uee10{&quot;1&quot;:645}\"><strong>Dovr\u0161enost aktivnosti:<\/strong> Zahtijeva od studenta dovr\u0161etak (ili ne-dovr\u0161etak) druge aktivnosti.<\/span><\/p>\n<p><span data-sheets-value=\"{&quot;1&quot;:2,&quot;2&quot;:&quot;Dovr\u0161enost aktivnosti - Zahtijeva od studenta dovr\u0161etak (ili ne-dovr\u0161etak) druge aktivnosti.\\nDatum - Ograni\u010denje dostupnosti do (ili od) zadanog datuma i vremena. Ako \u017eelite ograni\u010diti dostupnost i OD i DO zadanog datuma i vremena, morate postaviti 2 odvojena uvjeta (od kada u jednom uvjetu i do kada u drugome). Napomena vezana uz vrijeme: pripazite, ako ste zadali da je ne\u0161to dostupno do 01.05.2020. u 00:00, tada je to dostupno do 30.04.2020. u 23:59, a ne cijeli dan do pono\u0107i 01.05.2020.!\\nOcjena - Ograni\u010denje prema ostvarenoj ocjeni na nekoj drugoj, prethodno dovr\u0161enoj aktivnosti (uvjet mo\u017ee biti vi\u0161a ili ni\u017ea ocjena).\\nSkup ograni\u010denja - Skup prethodno opisanih ograni\u010denja, ali ulan\u010danih uz primjenu slo\u017eene logike.&quot;}\" data-sheets-userformat=\"{&quot;2&quot;:897,&quot;3&quot;:{&quot;1&quot;:0},&quot;10&quot;:1,&quot;11&quot;:4,&quot;12&quot;:0}\" data-sheets-textstyleruns=\"[null,0,{&quot;5&quot;:1}]\uee10{&quot;1&quot;:21}\uee10[null,93,{&quot;5&quot;:1}]\uee10{&quot;1&quot;:99}\uee10[null,198,{&quot;5&quot;:1}]\uee10{&quot;1&quot;:200}\uee10[null,203,{&quot;5&quot;:1}]\uee10{&quot;1&quot;:205}\uee10[null,249,{&quot;5&quot;:1}]\uee10{&quot;1&quot;:266}\uee10[null,268,{&quot;6&quot;:1}]\uee10{&quot;1&quot;:276}\uee10[null,294,{&quot;6&quot;:1}]\uee10{&quot;1&quot;:302}\uee10[null,314,{&quot;5&quot;:1}]\uee10{&quot;1&quot;:342}\uee10[null,389,{&quot;5&quot;:1}]\uee10{&quot;1&quot;:411}\uee10[null,424,{&quot;5&quot;:1}]\uee10{&quot;1&quot;:432}\uee10[null,433,{&quot;5&quot;:1}]\uee10{&quot;1&quot;:455}\uee10[null,496,{&quot;5&quot;:1}]\uee10{&quot;1&quot;:503}\uee10[null,629,{&quot;5&quot;:1}]\uee10{&quot;1&quot;:645}\"><strong>Datum:<\/strong> Ograni\u010denje dostupnosti do (ili od) zadanog datuma i vremena. Ako \u017eelite ograni\u010diti dostupnost i <strong>OD<\/strong> i <strong>DO<\/strong> zadanog datuma i vremena, morate postaviti <strong>2 odvojena uvjeta<\/strong> (<em>od kada<\/em> u jednom uvjetu i <em>do kada<\/em> u drugome). <strong>Napomena vezana uz vrijeme:<\/strong> pripazite, ako ste zadali da je ne\u0161to dostupno <strong>do 01.05.2020. u 00:00<\/strong>, tada je to dostupno <strong>do 30.04.2020. u 23:59<\/strong>, a ne cijeli dan do pono\u0107i 01.05.2020.!<\/span><\/p>\n<p><span data-sheets-value=\"{&quot;1&quot;:2,&quot;2&quot;:&quot;Dovr\u0161enost aktivnosti - Zahtijeva od studenta dovr\u0161etak (ili ne-dovr\u0161etak) druge aktivnosti.\\nDatum - Ograni\u010denje dostupnosti do (ili od) zadanog datuma i vremena. Ako \u017eelite ograni\u010diti dostupnost i OD i DO zadanog datuma i vremena, morate postaviti 2 odvojena uvjeta (od kada u jednom uvjetu i do kada u drugome). Napomena vezana uz vrijeme: pripazite, ako ste zadali da je ne\u0161to dostupno do 01.05.2020. u 00:00, tada je to dostupno do 30.04.2020. u 23:59, a ne cijeli dan do pono\u0107i 01.05.2020.!\\nOcjena - Ograni\u010denje prema ostvarenoj ocjeni na nekoj drugoj, prethodno dovr\u0161enoj aktivnosti (uvjet mo\u017ee biti vi\u0161a ili ni\u017ea ocjena).\\nSkup ograni\u010denja - Skup prethodno opisanih ograni\u010denja, ali ulan\u010danih uz primjenu slo\u017eene logike.&quot;}\" data-sheets-userformat=\"{&quot;2&quot;:897,&quot;3&quot;:{&quot;1&quot;:0},&quot;10&quot;:1,&quot;11&quot;:4,&quot;12&quot;:0}\" data-sheets-textstyleruns=\"[null,0,{&quot;5&quot;:1}]\uee10{&quot;1&quot;:21}\uee10[null,93,{&quot;5&quot;:1}]\uee10{&quot;1&quot;:99}\uee10[null,198,{&quot;5&quot;:1}]\uee10{&quot;1&quot;:200}\uee10[null,203,{&quot;5&quot;:1}]\uee10{&quot;1&quot;:205}\uee10[null,249,{&quot;5&quot;:1}]\uee10{&quot;1&quot;:266}\uee10[null,268,{&quot;6&quot;:1}]\uee10{&quot;1&quot;:276}\uee10[null,294,{&quot;6&quot;:1}]\uee10{&quot;1&quot;:302}\uee10[null,314,{&quot;5&quot;:1}]\uee10{&quot;1&quot;:342}\uee10[null,389,{&quot;5&quot;:1}]\uee10{&quot;1&quot;:411}\uee10[null,424,{&quot;5&quot;:1}]\uee10{&quot;1&quot;:432}\uee10[null,433,{&quot;5&quot;:1}]\uee10{&quot;1&quot;:455}\uee10[null,496,{&quot;5&quot;:1}]\uee10{&quot;1&quot;:503}\uee10[null,629,{&quot;5&quot;:1}]\uee10{&quot;1&quot;:645}\"><strong>Ocjena:<\/strong> Ograni\u010denje prema ostvarenoj ocjeni na nekoj drugoj, prethodno dovr\u0161enoj aktivnosti (uvjet mo\u017ee biti vi\u0161a ili ni\u017ea ocjena).<\/span><\/p>\n<p><strong>Korisni\u010dki profil:<\/strong> Ograni\u010denje prema vrijednostima u poljima korisni\u010dkog profila pojedinog korisnika (npr. na osnovu adrese e-po\u0161te korisnika).<\/p>\n<p><span data-sheets-value=\"{&quot;1&quot;:2,&quot;2&quot;:&quot;Dovr\u0161enost aktivnosti - Zahtijeva od studenta dovr\u0161etak (ili ne-dovr\u0161etak) druge aktivnosti.\\nDatum - Ograni\u010denje dostupnosti do (ili od) zadanog datuma i vremena. Ako \u017eelite ograni\u010diti dostupnost i OD i DO zadanog datuma i vremena, morate postaviti 2 odvojena uvjeta (od kada u jednom uvjetu i do kada u drugome). Napomena vezana uz vrijeme: pripazite, ako ste zadali da je ne\u0161to dostupno do 01.05.2020. u 00:00, tada je to dostupno do 30.04.2020. u 23:59, a ne cijeli dan do pono\u0107i 01.05.2020.!\\nOcjena - Ograni\u010denje prema ostvarenoj ocjeni na nekoj drugoj, prethodno dovr\u0161enoj aktivnosti (uvjet mo\u017ee biti vi\u0161a ili ni\u017ea ocjena).\\nSkup ograni\u010denja - Skup prethodno opisanih ograni\u010denja, ali ulan\u010danih uz primjenu slo\u017eene logike.&quot;}\" data-sheets-userformat=\"{&quot;2&quot;:897,&quot;3&quot;:{&quot;1&quot;:0},&quot;10&quot;:1,&quot;11&quot;:4,&quot;12&quot;:0}\" data-sheets-textstyleruns=\"[null,0,{&quot;5&quot;:1}]\uee10{&quot;1&quot;:21}\uee10[null,93,{&quot;5&quot;:1}]\uee10{&quot;1&quot;:99}\uee10[null,198,{&quot;5&quot;:1}]\uee10{&quot;1&quot;:200}\uee10[null,203,{&quot;5&quot;:1}]\uee10{&quot;1&quot;:205}\uee10[null,249,{&quot;5&quot;:1}]\uee10{&quot;1&quot;:266}\uee10[null,268,{&quot;6&quot;:1}]\uee10{&quot;1&quot;:276}\uee10[null,294,{&quot;6&quot;:1}]\uee10{&quot;1&quot;:302}\uee10[null,314,{&quot;5&quot;:1}]\uee10{&quot;1&quot;:342}\uee10[null,389,{&quot;5&quot;:1}]\uee10{&quot;1&quot;:411}\uee10[null,424,{&quot;5&quot;:1}]\uee10{&quot;1&quot;:432}\uee10[null,433,{&quot;5&quot;:1}]\uee10{&quot;1&quot;:455}\uee10[null,496,{&quot;5&quot;:1}]\uee10{&quot;1&quot;:503}\uee10[null,629,{&quot;5&quot;:1}]\uee10{&quot;1&quot;:645}\"><strong>Skup ograni\u010denja:<\/strong> Skup prethodno opisanih ograni\u010denja, ali ulan\u010danih uz primjenu slo\u017eene logike.<\/span><\/p>\n<h3><strong>Sekcija Dovr\u0161enost aktivnosti<\/strong><\/h3>\n<p>Ako je omogu\u0107eno, prati se dovr\u0161enost aktivnosti, bilo ru\u010dno ili automatski, ovisno o odre\u0111enim uvjetima. Mogu se zadati vi\u0161estruki uvjeti, ovisno o potrebama. Ako postavite vi\u0161estruke uvjete, tada se aktivnost smatra dovr\u0161enom samo kada su postignuti SVI uvjeti.<\/p>\n<p>Kva\u010dica kraj imena aktivnosti na naslovnici e-kolegija ozna\u010dava je li neka aktivnost dovr\u0161ena.<\/p>\n<p><strong>Pra\u0107enje dovr\u0161enosti:<\/strong><\/p>\n<ul>\n<li><strong>Ne prikazuj dovr\u0161enost aktivnosti:<\/strong> ikona s informacijom o dovr\u0161enosti aktivnosti (kva\u010dica) ne\u0107e biti prikazana.<\/li>\n<li><strong>Studenti mogu ru\u010dno ozna\u010diti aktivnost kao dovr\u0161enu:<\/strong> studenti mogu kliknuti na ikonu s informacijom o dovr\u0161enosti aktivnosti na naslovnici e-kolegija i promijeniti stanje u dovr\u0161eno (kva\u010dica). <strong>Napomena: <\/strong>u ovom slu\u010daju studenti to mogu napraviti i PRIJE nego odrade svoj zadatak \/ aktivnost!<\/li>\n<li><strong>Prika\u017ei ovu aktivnost kao dovr\u0161enu nakon ispunjenja uvjeta:<\/strong> studenti moraju ispuniti zadane uvjete (pregled, rje\u0161avanje, ocjena) prije nego sustav automatski doda kva\u010dicu na naslovnici e-kolegija.<\/li>\n<\/ul>\n<p>Ako je u postavkama pra\u0107enja dovr\u0161enosti odabrano <strong>Prika\u017ei ovu aktivnost kao dovr\u0161enu nakon ispunjenja uvjeta<\/strong>, ovo su dostupne postavke:<\/p>\n<ul>\n<li><strong>Zahtijevaj pregled:<\/strong> Kako bi dovr\u0161ili ovu aktivnost, studenti ju moraju pregledati<\/li>\n<li><strong>O\u010dekuj dovr\u0161enje:<\/strong> ozna\u010diti <strong>Omogu\u0107i<\/strong> na kraju tog retka (staviti kva\u010dicu) i potom unijeti datum i sat do kada se od studenta o\u010dekuje dovr\u0161etak te aktivnosti.<\/li>\n<\/ul>\n<p>Kori\u0161tenjem opcije \u201c<strong>Po\u0161alji obavijest sudionicima o promjeni sadr\u017eaja<\/strong>\u201d mogu\u0107e je poslati poruku studentima kod stvaranja novog resursa ili a\u017euriranja postoje\u0107eg.<\/p>\n","protected":false},"excerpt":{"rendered":"<p>Poveznica je resurs koji polaznicima prikazuje adresu odre\u0111ene web-stranice ili online-datoteke omogu\u0107avaju\u0107i im pristup nastavnim materijalima, pripremu radova i sl. Poveznica je naj\u010de\u0161\u0107e tekst \u010dijim se odabirom otvara odre\u0111eni vanjski sadr\u017eaj. Zadana je postavka u sustavu Omega da se poveznice otvara u novom prozoru. Otvaranje u novom prozoru za polaznika je jednostavnije jer ne postoji [&hellip;]<\/p>\n","protected":false},"author":3,"featured_media":0,"parent":489,"menu_order":0,"comment_status":"closed","ping_status":"closed","template":"","meta":{"footnotes":""},"class_list":["post-1044","page","type-page","status-publish","hentry"],"jetpack_sharing_enabled":true,"_links":{"self":[{"href":"https:\/\/cpeu.ffzg.unizg.hr\/index.php?rest_route=\/wp\/v2\/pages\/1044","targetHints":{"allow":["GET"]}}],"collection":[{"href":"https:\/\/cpeu.ffzg.unizg.hr\/index.php?rest_route=\/wp\/v2\/pages"}],"about":[{"href":"https:\/\/cpeu.ffzg.unizg.hr\/index.php?rest_route=\/wp\/v2\/types\/page"}],"author":[{"embeddable":true,"href":"https:\/\/cpeu.ffzg.unizg.hr\/index.php?rest_route=\/wp\/v2\/users\/3"}],"replies":[{"embeddable":true,"href":"https:\/\/cpeu.ffzg.unizg.hr\/index.php?rest_route=%2Fwp%2Fv2%2Fcomments&post=1044"}],"version-history":[{"count":18,"href":"https:\/\/cpeu.ffzg.unizg.hr\/index.php?rest_route=\/wp\/v2\/pages\/1044\/revisions"}],"predecessor-version":[{"id":3027,"href":"https:\/\/cpeu.ffzg.unizg.hr\/index.php?rest_route=\/wp\/v2\/pages\/1044\/revisions\/3027"}],"up":[{"embeddable":true,"href":"https:\/\/cpeu.ffzg.unizg.hr\/index.php?rest_route=\/wp\/v2\/pages\/489"}],"wp:attachment":[{"href":"https:\/\/cpeu.ffzg.unizg.hr\/index.php?rest_route=%2Fwp%2Fv2%2Fmedia&parent=1044"}],"curies":[{"name":"wp","href":"https:\/\/api.w.org\/{rel}","templated":true}]}}