{"id":1084,"date":"2020-03-20T12:42:51","date_gmt":"2020-03-20T11:42:51","guid":{"rendered":"http:\/\/cpeu.ffzg.unizg.hr\/?page_id=1084"},"modified":"2020-03-30T20:51:10","modified_gmt":"2020-03-30T19:51:10","slug":"kratki-odgovor","status":"publish","type":"page","link":"https:\/\/cpeu.ffzg.unizg.hr\/?page_id=1084","title":{"rendered":"Kratki odgovor"},"content":{"rendered":"<p>Student upisuje rije\u010d ili izraz u polje za odgovor koji se kasnije uspore\u0111uje s odgovorom (ili s vi\u0161e njih) koji je upisao nastavnik. Ovisno o postavkama koje odredi nastavnik sustav mo\u017ee raditi razliku izme\u0111u velikih i malih slova u odgovorima. Preporuka je da kod pitanja Kratki odgovor student treba upisati jednu ili najvi\u0161e dvije rije\u010di kako bi nastavnik lak\u0161e predvidio sve mogu\u0107e na\u010dine na koji student mo\u017ee napisati ispravan odgovor.<\/p>\n<div id=\"attachment_1085\" style=\"width: 649px\" class=\"wp-caption aligncenter\"><a href=\"http:\/\/cpeu.ffzg.unizg.hr\/wp-content\/uploads\/2020\/03\/49-pitanje-kratki-odgovor.png\"><img loading=\"lazy\" decoding=\"async\" aria-describedby=\"caption-attachment-1085\" class=\"wp-image-1085 size-full\" src=\"http:\/\/cpeu.ffzg.unizg.hr\/wp-content\/uploads\/2020\/03\/49-pitanje-kratki-odgovor.png\" alt=\"\" width=\"639\" height=\"135\" srcset=\"https:\/\/cpeu.ffzg.unizg.hr\/wp-content\/uploads\/2020\/03\/49-pitanje-kratki-odgovor.png 639w, https:\/\/cpeu.ffzg.unizg.hr\/wp-content\/uploads\/2020\/03\/49-pitanje-kratki-odgovor-300x63.png 300w, https:\/\/cpeu.ffzg.unizg.hr\/wp-content\/uploads\/2020\/03\/49-pitanje-kratki-odgovor-624x132.png 624w\" sizes=\"auto, (max-width: 639px) 100vw, 639px\" \/><\/a><p id=\"caption-attachment-1085\" class=\"wp-caption-text\">Pitanje Kratki odgovor<\/p><\/div>\n<p>Nastavnik mo\u017ee predvidjeti vi\u0161e odgovora na pojedino pitanje koje \u0107e bodovati odre\u0111enim postotkom ukupne ocjene ovisno o tome koliko je to\u010dan odgovor koji se priznaje (npr. to\u010dan odgovor mo\u017ee nositi <strong>100<\/strong>%, a odgovor koji je samo djelomi\u010dno to\u010dan <strong>70<\/strong>% ocjene).<\/p>\n<h3>Video upute o tome kako dodati pitanje vrste Kratki odgovor<\/h3>\n<p><iframe loading=\"lazy\" src=\"https:\/\/www.youtube-nocookie.com\/embed\/5Te_j6aH64Q?rel=0\" width=\"560\" height=\"315\" frameborder=\"0\" allowfullscreen=\"allowfullscreen\"><\/iframe><\/p>\n<h2><strong>Zajedni\u010dke postavke pitanja i povratne informacije<\/strong><\/h2>\n<p>Zajedni\u010dke postavke za ve\u0107inu vrsta pitanja dostupne su u sekcijama <strong>Op\u0107enito<\/strong> i <strong>Postavke za vi\u0161estruke poku\u0161aje rje\u0161avanja<\/strong> (dostupnima za vrijeme izrade pojedinog pitanja).<\/p>\n<h3><strong>Sekcija Op\u0107enito<\/strong><\/h3>\n<p><strong>Kategorija:<\/strong> pitanja trebaju biti organizirana u kategorije radi lak\u0161eg pronalaska i kori\u0161tenja.<\/p>\n<p><strong>Naziv pitanja:<\/strong> vidljiv je nastavnicima u popisu pitanja u bloku pitanja i slu\u017ei za odabir pitanja koja \u0107e biti u odre\u0111enom testu \u2013 treba biti \u0161to kra\u0107i i informativniji.<\/p>\n<p><strong>Tekst pitanja:<\/strong> vidljiv je studentima u testu.<\/p>\n<p><strong>Zadani bodovi:<\/strong> najve\u0107i broj bodova koje nosi odre\u0111eno pitanje \u2013 mo\u017ee se naknadno promijeniti pri izradi pojedinoga testa, ovisno o kontekstu i ostalim pitanjima.<\/p>\n<p><strong>Op\u0107enita povratna informacija:<\/strong> ne ovisi o odgovoru koji student odabere ili upi\u0161e. Op\u0107enitom povratnom informacijom mogu\u0107e se koristiti za op\u0161irnije obja\u0161njavanje odgovora, ponekad i uz poveznicu na vi\u0161e informacija o sadr\u017eaju.<\/p>\n<div id=\"attachment_1136\" style=\"width: 841px\" class=\"wp-caption aligncenter\"><a href=\"http:\/\/cpeu.ffzg.unizg.hr\/wp-content\/uploads\/2020\/03\/48-opcenito-sekcija-sve.png\"><img loading=\"lazy\" decoding=\"async\" aria-describedby=\"caption-attachment-1136\" class=\"wp-image-1136 size-full\" src=\"http:\/\/cpeu.ffzg.unizg.hr\/wp-content\/uploads\/2020\/03\/48-opcenito-sekcija-sve.png\" alt=\"\" width=\"831\" height=\"606\" srcset=\"https:\/\/cpeu.ffzg.unizg.hr\/wp-content\/uploads\/2020\/03\/48-opcenito-sekcija-sve.png 831w, https:\/\/cpeu.ffzg.unizg.hr\/wp-content\/uploads\/2020\/03\/48-opcenito-sekcija-sve-300x219.png 300w, https:\/\/cpeu.ffzg.unizg.hr\/wp-content\/uploads\/2020\/03\/48-opcenito-sekcija-sve-768x560.png 768w, https:\/\/cpeu.ffzg.unizg.hr\/wp-content\/uploads\/2020\/03\/48-opcenito-sekcija-sve-624x455.png 624w\" sizes=\"auto, (max-width: 831px) 100vw, 831px\" \/><\/a><p id=\"caption-attachment-1136\" class=\"wp-caption-text\">Sekcija Op\u0107enito<\/p><\/div>\n<h3><strong>Sekcija Postavke za vi\u0161estruke poku\u0161aje rje\u0161avanja<\/strong><\/h3>\n<p><strong>Kazneni bodovi za svaki neto\u010dan odgovor<\/strong> odnose se na dopu\u0161teni broj poku\u0161aja rje\u0161avanja pojedinoga pitanja, a primjenjuju se samo u nekim oblicima testa (adaptivni i interaktivni test s vi\u0161estrukim poku\u0161ajima koji dopu\u0161taju vi\u0161ekratno odgovaranje na pitanje). Iz padaju\u0107ega izbornika odabire se \u017eeljeni postotak, \u0161to zna\u010di da \u0107e svaki sljede\u0107i put kada odgovori na pitanje student dobiti broj bodova umanjen za iznos kaznenoga boda.<\/p>\n<p>Ako je postotak postavljen na <strong>0<\/strong>%, student mo\u017ee neograni\u010den broj puta odgovarati na pitanje, a da uvijek ima mogu\u0107nost osvajanja maksimalnoga broja bodova.<\/p>\n<p>Ako su kazneni bodovi postavljeni na <strong>100<\/strong>%, student ima samo jedan poku\u0161aj za osvajanje svih bodova. I dalje ostaje mogu\u0107nost odgovaranja na to pitanje, ali \u0107e broj osvojenih bodova biti 0. Za uneseni postotak u kaznenim bodovima umanjit \u0107e se ukupan broj osvojenih bodova (primjeri u tablici).<\/p>\n\n<table id=\"tablepress-12\" class=\"tablepress tablepress-id-12\">\n<thead>\n<tr class=\"row-1\">\n\t<th class=\"column-1\">Broj poku\u0161aja<\/th><th class=\"column-2\">Ukupan broj bodova<\/th><th class=\"column-3\">Kazneni bodovi<\/th><th class=\"column-4\">Ukupni osvojeni bodovi za to\u010dan odgovor<\/th>\n<\/tr>\n<\/thead>\n<tbody class=\"row-striping\">\n<tr class=\"row-2\">\n\t<td class=\"column-1\">1<\/td><td class=\"column-2\">1<\/td><td class=\"column-3\">0.1<\/td><td class=\"column-4\">1\/1<\/td>\n<\/tr>\n<tr class=\"row-3\">\n\t<td class=\"column-1\">2<\/td><td class=\"column-2\">1<\/td><td class=\"column-3\">0.1<\/td><td class=\"column-4\">0,9\/1<\/td>\n<\/tr>\n<tr class=\"row-4\">\n\t<td class=\"column-1\">3<\/td><td class=\"column-2\">1<\/td><td class=\"column-3\">0.1<\/td><td class=\"column-4\">0,8\/1<\/td>\n<\/tr>\n<tr class=\"row-5\">\n\t<td class=\"column-1\">1<\/td><td class=\"column-2\">5<\/td><td class=\"column-3\">0.1<\/td><td class=\"column-4\">5\/5<\/td>\n<\/tr>\n<tr class=\"row-6\">\n\t<td class=\"column-1\">2<\/td><td class=\"column-2\">5<\/td><td class=\"column-3\">0.1<\/td><td class=\"column-4\">4,5\/5<\/td>\n<\/tr>\n<tr class=\"row-7\">\n\t<td class=\"column-1\">3<\/td><td class=\"column-2\">5<\/td><td class=\"column-3\">0.1<\/td><td class=\"column-4\">4\/5<\/td>\n<\/tr>\n<\/tbody>\n<\/table>\n<!-- #tablepress-12 from cache -->\n<p><strong>Povratne informacije studentima<\/strong><\/p>\n<p>Pitanja mogu sadr\u017eavati vi\u0161e vrsta povratnih informacija koje nastavnik daje studentima nakon danoga odgovora: povratne informacije ovisno o pojedinom odgovoru koji je student odabrao ili upisao (povratna informacija za to\u010dan i neto\u010dan odgovor) ili op\u0107enitu povratnu informaciju neovisnu o odgovoru koji student odabere ili upi\u0161e.<\/p>\n","protected":false},"excerpt":{"rendered":"<p>Student upisuje rije\u010d ili izraz u polje za odgovor koji se kasnije uspore\u0111uje s odgovorom (ili s vi\u0161e njih) koji je upisao nastavnik. Ovisno o postavkama koje odredi nastavnik sustav mo\u017ee raditi razliku izme\u0111u velikih i malih slova u odgovorima. Preporuka je da kod pitanja Kratki odgovor student treba upisati jednu ili najvi\u0161e dvije rije\u010di [&hellip;]<\/p>\n","protected":false},"author":3,"featured_media":0,"parent":493,"menu_order":0,"comment_status":"closed","ping_status":"closed","template":"","meta":{"footnotes":""},"class_list":["post-1084","page","type-page","status-publish","hentry"],"jetpack_sharing_enabled":true,"_links":{"self":[{"href":"https:\/\/cpeu.ffzg.unizg.hr\/index.php?rest_route=\/wp\/v2\/pages\/1084","targetHints":{"allow":["GET"]}}],"collection":[{"href":"https:\/\/cpeu.ffzg.unizg.hr\/index.php?rest_route=\/wp\/v2\/pages"}],"about":[{"href":"https:\/\/cpeu.ffzg.unizg.hr\/index.php?rest_route=\/wp\/v2\/types\/page"}],"author":[{"embeddable":true,"href":"https:\/\/cpeu.ffzg.unizg.hr\/index.php?rest_route=\/wp\/v2\/users\/3"}],"replies":[{"embeddable":true,"href":"https:\/\/cpeu.ffzg.unizg.hr\/index.php?rest_route=%2Fwp%2Fv2%2Fcomments&post=1084"}],"version-history":[{"count":6,"href":"https:\/\/cpeu.ffzg.unizg.hr\/index.php?rest_route=\/wp\/v2\/pages\/1084\/revisions"}],"predecessor-version":[{"id":1402,"href":"https:\/\/cpeu.ffzg.unizg.hr\/index.php?rest_route=\/wp\/v2\/pages\/1084\/revisions\/1402"}],"up":[{"embeddable":true,"href":"https:\/\/cpeu.ffzg.unizg.hr\/index.php?rest_route=\/wp\/v2\/pages\/493"}],"wp:attachment":[{"href":"https:\/\/cpeu.ffzg.unizg.hr\/index.php?rest_route=%2Fwp%2Fv2%2Fmedia&parent=1084"}],"curies":[{"name":"wp","href":"https:\/\/api.w.org\/{rel}","templated":true}]}}