{"id":1109,"date":"2020-03-20T13:25:48","date_gmt":"2020-03-20T12:25:48","guid":{"rendered":"http:\/\/cpeu.ffzg.unizg.hr\/?page_id=1109"},"modified":"2020-06-06T21:01:51","modified_gmt":"2020-06-06T20:01:51","slug":"prenesi-i-postavi-u-tekst","status":"publish","type":"page","link":"https:\/\/cpeu.ffzg.unizg.hr\/?page_id=1109","title":{"rendered":"Prenesi i postavi u tekst"},"content":{"rendered":"<p>Praznine (rije\u010di ili fraze) koje nedostaju u tekstu student treba popuniti\u00a0 preno\u0161enjem ponu\u0111enih odgovora. Kako biste stvorili ovu vrstu pitanja, unesite tekst pitanja u sljede\u0107em primjeru:<\/p>\n<p style=\"text-align: center;\">\u201cGdje \u010deljad nije [[1]], ku\u0107a nije [[2]].\u201d,<\/p>\n<p>a pod ponu\u0111enim odgovorima 1 i 2 nastavnik treba unijeti mogu\u0107e odgovore za popunjavanje praznina 1 (<em>bijesna<\/em>) i 2 (<em>tijesna<\/em>). U primjeru je nastavnik unio tre\u0107i i \u010detvrti neto\u010dni odgovor (<em>nadobudna<\/em> i <em>\u0161iroka<\/em>). Svi odgovori su u skupini 1.<\/p>\n<div id=\"attachment_1110\" style=\"width: 669px\" class=\"wp-caption aligncenter\"><a href=\"http:\/\/cpeu.ffzg.unizg.hr\/wp-content\/uploads\/2020\/03\/56-pitanje-prenesi-i-postavi-u-tekst.png\"><img loading=\"lazy\" decoding=\"async\" aria-describedby=\"caption-attachment-1110\" class=\"wp-image-1110 size-full\" src=\"http:\/\/cpeu.ffzg.unizg.hr\/wp-content\/uploads\/2020\/03\/56-pitanje-prenesi-i-postavi-u-tekst.png\" alt=\"\" width=\"659\" height=\"197\" srcset=\"https:\/\/cpeu.ffzg.unizg.hr\/wp-content\/uploads\/2020\/03\/56-pitanje-prenesi-i-postavi-u-tekst.png 659w, https:\/\/cpeu.ffzg.unizg.hr\/wp-content\/uploads\/2020\/03\/56-pitanje-prenesi-i-postavi-u-tekst-300x90.png 300w, https:\/\/cpeu.ffzg.unizg.hr\/wp-content\/uploads\/2020\/03\/56-pitanje-prenesi-i-postavi-u-tekst-624x187.png 624w\" sizes=\"auto, (max-width: 659px) 100vw, 659px\" \/><\/a><p id=\"caption-attachment-1110\" class=\"wp-caption-text\">Pitanje Prenesi i postavi u tekst<\/p><\/div>\n<p>Dakle za svaku prazninu potrebno je upisati broj u dvostrukim uglatim zagradama (bez razmaka izme\u0111u zagrada i broja unutar njih), npr. [[3]]. <strong>Napomena:<\/strong> za kra\u0107e tekstove ne primjenjivati mogu\u0107nost grupiranja odgovora (<strong>ostaviti sve u skupini 1<\/strong>). Redoslijed ponu\u0111enih odgovora potrebno je izmije\u0161ati. Ako postoji potreba za vi\u0161e praznih odgovora, mogu\u0107e je upotrijebiti gumb <strong>Dodatnih praznih odgovora: 3<\/strong> kako biste ih dodali (broj nije ograni\u010den).<\/p>\n<p>Ovo pitanje razlikuje se u odnosu na pitanje <strong>Odabir rije\u010di koje nedostaju<\/strong> u tome da <strong>nema ponu\u0111enih odgovora u padaju\u0107em izborniku<\/strong>, ve\u0107 su odgovori prikazani u okvirima ispod pitanja i student ih treba prenijeti mi\u0161em.<\/p>\n<p><iframe loading=\"lazy\" src=\"https:\/\/www.youtube-nocookie.com\/embed\/QImbOlhgDmo?rel=0\" width=\"560\" height=\"315\" frameborder=\"0\" allowfullscreen=\"allowfullscreen\"><\/iframe><\/p>\n<h2><strong>Zajedni\u010dke postavke pitanja i povratne informacije<\/strong><\/h2>\n<p>Zajedni\u010dke postavke za ve\u0107inu vrsta pitanja dostupne su u sekcijama <strong>Op\u0107enito<\/strong> i <strong>Postavke za vi\u0161estruke poku\u0161aje rje\u0161avanja<\/strong> (dostupnima za vrijeme izrade pojedinog pitanja).<\/p>\n<h3><strong>Sekcija Op\u0107enito<\/strong><\/h3>\n<p><strong>Kategorija:<\/strong> pitanja trebaju biti organizirana u kategorije radi lak\u0161eg pronalaska i kori\u0161tenja.<\/p>\n<p><strong>Naziv pitanja:<\/strong> vidljiv je nastavnicima u popisu pitanja u bloku pitanja i slu\u017ei za odabir pitanja koja \u0107e biti u odre\u0111enom testu \u2013 treba biti \u0161to kra\u0107i i informativniji.<\/p>\n<p><strong>Tekst pitanja:<\/strong> vidljiv je studentima u testu.<\/p>\n<p><strong>Zadani bodovi:<\/strong> najve\u0107i broj bodova koje nosi odre\u0111eno pitanje \u2013 mo\u017ee se naknadno promijeniti pri izradi pojedinoga testa, ovisno o kontekstu i ostalim pitanjima.<\/p>\n<p><strong>Op\u0107enita povratna informacija:<\/strong> ne ovisi o odgovoru koji student odabere ili upi\u0161e. Op\u0107enitom povratnom informacijom mogu\u0107e se koristiti za op\u0161irnije obja\u0161njavanje odgovora, ponekad i uz poveznicu na vi\u0161e informacija o sadr\u017eaju.<\/p>\n<div id=\"attachment_1136\" style=\"width: 841px\" class=\"wp-caption aligncenter\"><a href=\"http:\/\/cpeu.ffzg.unizg.hr\/wp-content\/uploads\/2020\/03\/48-opcenito-sekcija-sve.png\"><img loading=\"lazy\" decoding=\"async\" aria-describedby=\"caption-attachment-1136\" class=\"size-full wp-image-1136\" src=\"http:\/\/cpeu.ffzg.unizg.hr\/wp-content\/uploads\/2020\/03\/48-opcenito-sekcija-sve.png\" alt=\"\" width=\"831\" height=\"606\" srcset=\"https:\/\/cpeu.ffzg.unizg.hr\/wp-content\/uploads\/2020\/03\/48-opcenito-sekcija-sve.png 831w, https:\/\/cpeu.ffzg.unizg.hr\/wp-content\/uploads\/2020\/03\/48-opcenito-sekcija-sve-300x219.png 300w, https:\/\/cpeu.ffzg.unizg.hr\/wp-content\/uploads\/2020\/03\/48-opcenito-sekcija-sve-768x560.png 768w, https:\/\/cpeu.ffzg.unizg.hr\/wp-content\/uploads\/2020\/03\/48-opcenito-sekcija-sve-624x455.png 624w\" sizes=\"auto, (max-width: 831px) 100vw, 831px\" \/><\/a><p id=\"caption-attachment-1136\" class=\"wp-caption-text\">Sekcija Op\u0107enito<\/p><\/div>\n<h3><strong>Sekcija Postavke za vi\u0161estruke poku\u0161aje rje\u0161avanja<\/strong><\/h3>\n<p><strong>Kazneni bodovi za svaki neto\u010dan odgovor<\/strong> odnose se na dopu\u0161teni broj poku\u0161aja rje\u0161avanja pojedinoga pitanja, a primjenjuju se samo u nekim oblicima testa (adaptivni i interaktivni test s vi\u0161estrukim poku\u0161ajima koji dopu\u0161taju vi\u0161ekratno odgovaranje na pitanje). Iz padaju\u0107ega izbornika odabire se \u017eeljeni postotak, \u0161to zna\u010di da \u0107e svaki sljede\u0107i put kada odgovori na pitanje student dobiti broj bodova umanjen za iznos kaznenoga boda.<\/p>\n<p>Ako je postotak postavljen na <strong>0<\/strong>%, student mo\u017ee neograni\u010den broj puta odgovarati na pitanje, a da uvijek ima mogu\u0107nost osvajanja maksimalnoga broja bodova.<\/p>\n<p>Ako su kazneni bodovi postavljeni na <strong>100<\/strong>%, student ima samo jedan poku\u0161aj za osvajanje svih bodova. I dalje ostaje mogu\u0107nost odgovaranja na to pitanje, ali \u0107e broj osvojenih bodova biti 0. Za uneseni postotak u kaznenim bodovima umanjit \u0107e se ukupan broj osvojenih bodova (primjeri u tablici).<\/p>\n\n<table id=\"tablepress-12\" class=\"tablepress tablepress-id-12\">\n<thead>\n<tr class=\"row-1\">\n\t<th class=\"column-1\">Broj poku\u0161aja<\/th><th class=\"column-2\">Ukupan broj bodova<\/th><th class=\"column-3\">Kazneni bodovi<\/th><th class=\"column-4\">Ukupni osvojeni bodovi za to\u010dan odgovor<\/th>\n<\/tr>\n<\/thead>\n<tbody class=\"row-striping\">\n<tr class=\"row-2\">\n\t<td class=\"column-1\">1<\/td><td class=\"column-2\">1<\/td><td class=\"column-3\">0.1<\/td><td class=\"column-4\">1\/1<\/td>\n<\/tr>\n<tr class=\"row-3\">\n\t<td class=\"column-1\">2<\/td><td class=\"column-2\">1<\/td><td class=\"column-3\">0.1<\/td><td class=\"column-4\">0,9\/1<\/td>\n<\/tr>\n<tr class=\"row-4\">\n\t<td class=\"column-1\">3<\/td><td class=\"column-2\">1<\/td><td class=\"column-3\">0.1<\/td><td class=\"column-4\">0,8\/1<\/td>\n<\/tr>\n<tr class=\"row-5\">\n\t<td class=\"column-1\">1<\/td><td class=\"column-2\">5<\/td><td class=\"column-3\">0.1<\/td><td class=\"column-4\">5\/5<\/td>\n<\/tr>\n<tr class=\"row-6\">\n\t<td class=\"column-1\">2<\/td><td class=\"column-2\">5<\/td><td class=\"column-3\">0.1<\/td><td class=\"column-4\">4,5\/5<\/td>\n<\/tr>\n<tr class=\"row-7\">\n\t<td class=\"column-1\">3<\/td><td class=\"column-2\">5<\/td><td class=\"column-3\">0.1<\/td><td class=\"column-4\">4\/5<\/td>\n<\/tr>\n<\/tbody>\n<\/table>\n<!-- #tablepress-12 from cache -->\n<p><strong>Povratne informacije studentima<\/strong><\/p>\n<p>Pitanja mogu sadr\u017eavati vi\u0161e vrsta povratnih informacija koje nastavnik daje studentima nakon danoga odgovora: povratne informacije ovisno o pojedinom odgovoru koji je student odabrao ili upisao (povratna informacija za to\u010dan i neto\u010dan odgovor) ili op\u0107enitu povratnu informaciju neovisnu o odgovoru koji student odabere ili upi\u0161e.<\/p>\n","protected":false},"excerpt":{"rendered":"<p>Praznine (rije\u010di ili fraze) koje nedostaju u tekstu student treba popuniti\u00a0 preno\u0161enjem ponu\u0111enih odgovora. Kako biste stvorili ovu vrstu pitanja, unesite tekst pitanja u sljede\u0107em primjeru: \u201cGdje \u010deljad nije [[1]], ku\u0107a nije [[2]].\u201d, a pod ponu\u0111enim odgovorima 1 i 2 nastavnik treba unijeti mogu\u0107e odgovore za popunjavanje praznina 1 (bijesna) i 2 (tijesna). U primjeru [&hellip;]<\/p>\n","protected":false},"author":3,"featured_media":0,"parent":493,"menu_order":0,"comment_status":"closed","ping_status":"closed","template":"","meta":{"footnotes":""},"class_list":["post-1109","page","type-page","status-publish","hentry"],"jetpack_sharing_enabled":true,"_links":{"self":[{"href":"https:\/\/cpeu.ffzg.unizg.hr\/index.php?rest_route=\/wp\/v2\/pages\/1109","targetHints":{"allow":["GET"]}}],"collection":[{"href":"https:\/\/cpeu.ffzg.unizg.hr\/index.php?rest_route=\/wp\/v2\/pages"}],"about":[{"href":"https:\/\/cpeu.ffzg.unizg.hr\/index.php?rest_route=\/wp\/v2\/types\/page"}],"author":[{"embeddable":true,"href":"https:\/\/cpeu.ffzg.unizg.hr\/index.php?rest_route=\/wp\/v2\/users\/3"}],"replies":[{"embeddable":true,"href":"https:\/\/cpeu.ffzg.unizg.hr\/index.php?rest_route=%2Fwp%2Fv2%2Fcomments&post=1109"}],"version-history":[{"count":4,"href":"https:\/\/cpeu.ffzg.unizg.hr\/index.php?rest_route=\/wp\/v2\/pages\/1109\/revisions"}],"predecessor-version":[{"id":2312,"href":"https:\/\/cpeu.ffzg.unizg.hr\/index.php?rest_route=\/wp\/v2\/pages\/1109\/revisions\/2312"}],"up":[{"embeddable":true,"href":"https:\/\/cpeu.ffzg.unizg.hr\/index.php?rest_route=\/wp\/v2\/pages\/493"}],"wp:attachment":[{"href":"https:\/\/cpeu.ffzg.unizg.hr\/index.php?rest_route=%2Fwp%2Fv2%2Fmedia&parent=1109"}],"curies":[{"name":"wp","href":"https:\/\/api.w.org\/{rel}","templated":true}]}}