{"id":1115,"date":"2020-03-20T13:28:41","date_gmt":"2020-03-20T12:28:41","guid":{"rendered":"http:\/\/cpeu.ffzg.unizg.hr\/?page_id=1115"},"modified":"2020-03-30T21:14:58","modified_gmt":"2020-03-30T20:14:58","slug":"esej","status":"publish","type":"page","link":"https:\/\/cpeu.ffzg.unizg.hr\/?page_id=1115","title":{"rendered":"Esej"},"content":{"rendered":"<p>Kod ovoga pitanja od studenta se tra\u017ei unos duljega teksta koji sustav ne mo\u017ee automatski ocijeniti, ve\u0107 ga nastavnik sam mora pregledati i ocijeniti. Tekst se mo\u017ee upisivati izravno u polje za unos ili se mo\u017ee postaviti na sustav u obliku datoteke (privitka).<\/p>\n<div id=\"attachment_1116\" style=\"width: 651px\" class=\"wp-caption aligncenter\"><a href=\"http:\/\/cpeu.ffzg.unizg.hr\/wp-content\/uploads\/2020\/03\/57-pitanje-esej.png\"><img loading=\"lazy\" decoding=\"async\" aria-describedby=\"caption-attachment-1116\" class=\"wp-image-1116 size-full\" src=\"http:\/\/cpeu.ffzg.unizg.hr\/wp-content\/uploads\/2020\/03\/57-pitanje-esej.png\" alt=\"\" width=\"641\" height=\"339\" srcset=\"https:\/\/cpeu.ffzg.unizg.hr\/wp-content\/uploads\/2020\/03\/57-pitanje-esej.png 641w, https:\/\/cpeu.ffzg.unizg.hr\/wp-content\/uploads\/2020\/03\/57-pitanje-esej-300x159.png 300w, https:\/\/cpeu.ffzg.unizg.hr\/wp-content\/uploads\/2020\/03\/57-pitanje-esej-624x330.png 624w\" sizes=\"auto, (max-width: 641px) 100vw, 641px\" \/><\/a><p id=\"caption-attachment-1116\" class=\"wp-caption-text\">Pitanje Esej<\/p><\/div>\n<p>Mogu\u0107e je i stvaranje <strong>predlo\u0161ka<\/strong> (u kojemu bi se nalazili elementi strukture eseja: naslov, podnaslovi, struktura eseja) koji \u0107e dodatno pomo\u0107i studentu u predaji organiziranoga i dobro strukturiranoga odgovora za pojedino esejsko pitanje.<\/p>\n<h3>Video upute o tome kako dodati pitanje vrste Esej<\/h3>\n<p><iframe loading=\"lazy\" src=\"https:\/\/www.youtube-nocookie.com\/embed\/uKWNxJmOzBw?rel=0\" width=\"560\" height=\"315\" frameborder=\"0\" allowfullscreen=\"allowfullscreen\"><\/iframe><\/p>\n<h2><strong>Zajedni\u010dke postavke pitanja i povratne informacije<\/strong><\/h2>\n<p>Zajedni\u010dke postavke za ve\u0107inu vrsta pitanja dostupne su u sekcijama <strong>Op\u0107enito<\/strong> i <strong>Postavke za vi\u0161estruke poku\u0161aje rje\u0161avanja<\/strong> (dostupnima za vrijeme izrade pojedinog pitanja).<\/p>\n<h3><strong>Sekcija Op\u0107enito<\/strong><\/h3>\n<p><strong>Kategorija:<\/strong> pitanja trebaju biti organizirana u kategorije radi lak\u0161eg pronalaska i kori\u0161tenja.<\/p>\n<p><strong>Naziv pitanja:<\/strong> vidljiv je nastavnicima u popisu pitanja u bloku pitanja i slu\u017ei za odabir pitanja koja \u0107e biti u odre\u0111enom testu \u2013 treba biti \u0161to kra\u0107i i informativniji.<\/p>\n<p><strong>Tekst pitanja:<\/strong> vidljiv je studentima u testu.<\/p>\n<p><strong>Zadani bodovi:<\/strong> najve\u0107i broj bodova koje nosi odre\u0111eno pitanje \u2013 mo\u017ee se naknadno promijeniti pri izradi pojedinoga testa, ovisno o kontekstu i ostalim pitanjima.<\/p>\n<p><strong>Op\u0107enita povratna informacija:<\/strong> ne ovisi o odgovoru koji student odabere ili upi\u0161e. Op\u0107enitom povratnom informacijom mogu\u0107e se koristiti za op\u0161irnije obja\u0161njavanje odgovora, ponekad i uz poveznicu na vi\u0161e informacija o sadr\u017eaju.<\/p>\n<div id=\"attachment_1136\" style=\"width: 841px\" class=\"wp-caption aligncenter\"><a href=\"http:\/\/cpeu.ffzg.unizg.hr\/wp-content\/uploads\/2020\/03\/48-opcenito-sekcija-sve.png\"><img loading=\"lazy\" decoding=\"async\" aria-describedby=\"caption-attachment-1136\" class=\"size-full wp-image-1136\" src=\"http:\/\/cpeu.ffzg.unizg.hr\/wp-content\/uploads\/2020\/03\/48-opcenito-sekcija-sve.png\" alt=\"\" width=\"831\" height=\"606\" srcset=\"https:\/\/cpeu.ffzg.unizg.hr\/wp-content\/uploads\/2020\/03\/48-opcenito-sekcija-sve.png 831w, https:\/\/cpeu.ffzg.unizg.hr\/wp-content\/uploads\/2020\/03\/48-opcenito-sekcija-sve-300x219.png 300w, https:\/\/cpeu.ffzg.unizg.hr\/wp-content\/uploads\/2020\/03\/48-opcenito-sekcija-sve-768x560.png 768w, https:\/\/cpeu.ffzg.unizg.hr\/wp-content\/uploads\/2020\/03\/48-opcenito-sekcija-sve-624x455.png 624w\" sizes=\"auto, (max-width: 831px) 100vw, 831px\" \/><\/a><p id=\"caption-attachment-1136\" class=\"wp-caption-text\">Sekcija Op\u0107enito<\/p><\/div>\n<h3><strong>Sekcija Postavke za vi\u0161estruke poku\u0161aje rje\u0161avanja<\/strong><\/h3>\n<p><strong>Kazneni bodovi za svaki neto\u010dan odgovor<\/strong> odnose se na dopu\u0161teni broj poku\u0161aja rje\u0161avanja pojedinoga pitanja, a primjenjuju se samo u nekim oblicima testa (adaptivni i interaktivni test s vi\u0161estrukim poku\u0161ajima koji dopu\u0161taju vi\u0161ekratno odgovaranje na pitanje). Iz padaju\u0107ega izbornika odabire se \u017eeljeni postotak, \u0161to zna\u010di da \u0107e svaki sljede\u0107i put kada odgovori na pitanje student dobiti broj bodova umanjen za iznos kaznenoga boda.<\/p>\n<p>Ako je postotak postavljen na <strong>0<\/strong>%, student mo\u017ee neograni\u010den broj puta odgovarati na pitanje, a da uvijek ima mogu\u0107nost osvajanja maksimalnoga broja bodova.<\/p>\n<p>Ako su kazneni bodovi postavljeni na <strong>100<\/strong>%, student ima samo jedan poku\u0161aj za osvajanje svih bodova. I dalje ostaje mogu\u0107nost odgovaranja na to pitanje, ali \u0107e broj osvojenih bodova biti 0. Za uneseni postotak u kaznenim bodovima umanjit \u0107e se ukupan broj osvojenih bodova (primjeri u tablici).<\/p>\n\n<table id=\"tablepress-12\" class=\"tablepress tablepress-id-12\">\n<thead>\n<tr class=\"row-1\">\n\t<th class=\"column-1\">Broj poku\u0161aja<\/th><th class=\"column-2\">Ukupan broj bodova<\/th><th class=\"column-3\">Kazneni bodovi<\/th><th class=\"column-4\">Ukupni osvojeni bodovi za to\u010dan odgovor<\/th>\n<\/tr>\n<\/thead>\n<tbody class=\"row-striping\">\n<tr class=\"row-2\">\n\t<td class=\"column-1\">1<\/td><td class=\"column-2\">1<\/td><td class=\"column-3\">0.1<\/td><td class=\"column-4\">1\/1<\/td>\n<\/tr>\n<tr class=\"row-3\">\n\t<td class=\"column-1\">2<\/td><td class=\"column-2\">1<\/td><td class=\"column-3\">0.1<\/td><td class=\"column-4\">0,9\/1<\/td>\n<\/tr>\n<tr class=\"row-4\">\n\t<td class=\"column-1\">3<\/td><td class=\"column-2\">1<\/td><td class=\"column-3\">0.1<\/td><td class=\"column-4\">0,8\/1<\/td>\n<\/tr>\n<tr class=\"row-5\">\n\t<td class=\"column-1\">1<\/td><td class=\"column-2\">5<\/td><td class=\"column-3\">0.1<\/td><td class=\"column-4\">5\/5<\/td>\n<\/tr>\n<tr class=\"row-6\">\n\t<td class=\"column-1\">2<\/td><td class=\"column-2\">5<\/td><td class=\"column-3\">0.1<\/td><td class=\"column-4\">4,5\/5<\/td>\n<\/tr>\n<tr class=\"row-7\">\n\t<td class=\"column-1\">3<\/td><td class=\"column-2\">5<\/td><td class=\"column-3\">0.1<\/td><td class=\"column-4\">4\/5<\/td>\n<\/tr>\n<\/tbody>\n<\/table>\n<!-- #tablepress-12 from cache -->\n<p><strong>Povratne informacije studentima<\/strong><\/p>\n<p>Pitanja mogu sadr\u017eavati vi\u0161e vrsta povratnih informacija koje nastavnik daje studentima nakon danoga odgovora: povratne informacije ovisno o pojedinom odgovoru koji je student odabrao ili upisao (povratna informacija za to\u010dan i neto\u010dan odgovor) ili op\u0107enitu povratnu informaciju neovisnu o odgovoru koji student odabere ili upi\u0161e.<\/p>\n","protected":false},"excerpt":{"rendered":"<p>Kod ovoga pitanja od studenta se tra\u017ei unos duljega teksta koji sustav ne mo\u017ee automatski ocijeniti, ve\u0107 ga nastavnik sam mora pregledati i ocijeniti. Tekst se mo\u017ee upisivati izravno u polje za unos ili se mo\u017ee postaviti na sustav u obliku datoteke (privitka). Mogu\u0107e je i stvaranje predlo\u0161ka (u kojemu bi se nalazili elementi strukture [&hellip;]<\/p>\n","protected":false},"author":3,"featured_media":0,"parent":493,"menu_order":0,"comment_status":"closed","ping_status":"closed","template":"","meta":{"footnotes":""},"class_list":["post-1115","page","type-page","status-publish","hentry"],"jetpack_sharing_enabled":true,"_links":{"self":[{"href":"https:\/\/cpeu.ffzg.unizg.hr\/index.php?rest_route=\/wp\/v2\/pages\/1115","targetHints":{"allow":["GET"]}}],"collection":[{"href":"https:\/\/cpeu.ffzg.unizg.hr\/index.php?rest_route=\/wp\/v2\/pages"}],"about":[{"href":"https:\/\/cpeu.ffzg.unizg.hr\/index.php?rest_route=\/wp\/v2\/types\/page"}],"author":[{"embeddable":true,"href":"https:\/\/cpeu.ffzg.unizg.hr\/index.php?rest_route=\/wp\/v2\/users\/3"}],"replies":[{"embeddable":true,"href":"https:\/\/cpeu.ffzg.unizg.hr\/index.php?rest_route=%2Fwp%2Fv2%2Fcomments&post=1115"}],"version-history":[{"count":5,"href":"https:\/\/cpeu.ffzg.unizg.hr\/index.php?rest_route=\/wp\/v2\/pages\/1115\/revisions"}],"predecessor-version":[{"id":1417,"href":"https:\/\/cpeu.ffzg.unizg.hr\/index.php?rest_route=\/wp\/v2\/pages\/1115\/revisions\/1417"}],"up":[{"embeddable":true,"href":"https:\/\/cpeu.ffzg.unizg.hr\/index.php?rest_route=\/wp\/v2\/pages\/493"}],"wp:attachment":[{"href":"https:\/\/cpeu.ffzg.unizg.hr\/index.php?rest_route=%2Fwp%2Fv2%2Fmedia&parent=1115"}],"curies":[{"name":"wp","href":"https:\/\/api.w.org\/{rel}","templated":true}]}}