{"id":1157,"date":"2020-03-20T20:20:30","date_gmt":"2020-03-20T19:20:30","guid":{"rendered":"http:\/\/cpeu.ffzg.unizg.hr\/?page_id=1157"},"modified":"2020-05-09T19:15:43","modified_gmt":"2020-05-09T18:15:43","slug":"prirucnik-za-nastavnike-omega","status":"publish","type":"page","link":"https:\/\/cpeu.ffzg.unizg.hr\/?page_id=1157","title":{"rendered":"Priru\u010dnik Omega za nastavnike"},"content":{"rendered":"<h2><strong>Sadr\u017eaj priru\u010dnika Omega za nastavnike 2020<\/strong><\/h2>\n<ul>\n<li><a href=\"https:\/\/cpeu.ffzg.unizg.hr\/?page_id=483\" target=\"_blank\" rel=\"noopener noreferrer\">Sustav u\u010denja na daljinu Omega<\/a><\/li>\n<li><a href=\"https:\/\/cpeu.ffzg.unizg.hr\/?page_id=487\" target=\"_blank\" rel=\"noopener noreferrer\">Korisnici e-kolegija<\/a><\/li>\n<li><a href=\"https:\/\/cpeu.ffzg.unizg.hr\/?page_id=485\" target=\"_blank\" rel=\"noopener noreferrer\">E-kolegij<\/a><\/li>\n<li><a href=\"https:\/\/cpeu.ffzg.unizg.hr\/?page_id=491\" target=\"_blank\" rel=\"noopener noreferrer\">Aktivnosti<\/a>\n<ul>\n<li><a href=\"https:\/\/cpeu.ffzg.unizg.hr\/?page_id=995\" target=\"_blank\" rel=\"noopener noreferrer\">Anketa<\/a><\/li>\n<li><a href=\"http:\/\/cpeu.ffzg.unizg.hr\/?page_id=1321\" target=\"_blank\" rel=\"noopener noreferrer\">BigBlueButton (snimanje predavanja)<\/a><\/li>\n<li><a href=\"https:\/\/cpeu.ffzg.unizg.hr\/?page_id=1313\" target=\"_blank\" rel=\"noopener noreferrer\">Chat<\/a><\/li>\n<li><a href=\"https:\/\/cpeu.ffzg.unizg.hr\/?page_id=1030\" target=\"_blank\" rel=\"noopener noreferrer\">Odabir<\/a><\/li>\n<li><a href=\"https:\/\/cpeu.ffzg.unizg.hr\/?page_id=851\" target=\"_blank\" rel=\"noopener noreferrer\">Forum<\/a><\/li>\n<li><a href=\"https:\/\/cpeu.ffzg.unizg.hr\/?page_id=998\" target=\"_blank\" rel=\"noopener noreferrer\">Lekcija<\/a><\/li>\n<li><a href=\"https:\/\/cpeu.ffzg.unizg.hr\/?page_id=981\" target=\"_blank\" rel=\"noopener noreferrer\">Prisutnost<\/a><\/li>\n<li><a href=\"https:\/\/cpeu.ffzg.unizg.hr\/?page_id=1020\" target=\"_blank\" rel=\"noopener noreferrer\">Radionica<\/a><\/li>\n<li><a href=\"https:\/\/cpeu.ffzg.unizg.hr\/?page_id=971\" target=\"_blank\" rel=\"noopener noreferrer\">Rje\u010dnik<\/a><\/li>\n<li><a href=\"https:\/\/cpeu.ffzg.unizg.hr\/?page_id=495\" target=\"_blank\" rel=\"noopener noreferrer\">Test<\/a><\/li>\n<li><a href=\"https:\/\/cpeu.ffzg.unizg.hr\/?page_id=854\" target=\"_blank\" rel=\"noopener noreferrer\">Zada\u0107a<\/a><\/li>\n<li><a href=\"https:\/\/cpeu.ffzg.unizg.hr\/?page_id=1009\" target=\"_blank\" rel=\"noopener noreferrer\">Wiki<\/a><\/li>\n<\/ul>\n<\/li>\n<li><a href=\"https:\/\/cpeu.ffzg.unizg.hr\/?page_id=489\" target=\"_blank\" rel=\"noopener noreferrer\">Resursi<\/a>\n<ul>\n<li><a href=\"https:\/\/cpeu.ffzg.unizg.hr\/?page_id=1046\" target=\"_blank\" rel=\"noopener noreferrer\">Datoteka<\/a><\/li>\n<li><a href=\"https:\/\/cpeu.ffzg.unizg.hr\/?page_id=1060\" target=\"_blank\" rel=\"noopener noreferrer\">Knjiga<\/a><\/li>\n<li><a href=\"https:\/\/cpeu.ffzg.unizg.hr\/?page_id=1051\" target=\"_blank\" rel=\"noopener noreferrer\">Mapa<\/a><\/li>\n<li><a href=\"https:\/\/cpeu.ffzg.unizg.hr\/?page_id=1039\" target=\"_blank\" rel=\"noopener noreferrer\">Natpis<\/a><\/li>\n<li><a href=\"https:\/\/cpeu.ffzg.unizg.hr\/?page_id=1044\" target=\"_blank\" rel=\"noopener noreferrer\">Poveznica<\/a><\/li>\n<li><a href=\"https:\/\/cpeu.ffzg.unizg.hr\/?page_id=1041\" target=\"_blank\" rel=\"noopener noreferrer\">Stranica<\/a><\/li>\n<\/ul>\n<\/li>\n<li><a href=\"https:\/\/cpeu.ffzg.unizg.hr\/?page_id=493\">Baza pitanja<\/a>\n<ul>\n<li><a href=\"https:\/\/cpeu.ffzg.unizg.hr\/?page_id=1088\">Broj\u010dano pitanje<\/a><\/li>\n<li><a href=\"https:\/\/cpeu.ffzg.unizg.hr\/?page_id=1115\">Esej<\/a><\/li>\n<li><a href=\"http:\/\/cpeu.ffzg.unizg.hr\/?page_id=1375\" target=\"_blank\" rel=\"noopener noreferrer\">Umetanje rije\u010di (Gapfill)<\/a><\/li>\n<li><a href=\"https:\/\/cpeu.ffzg.unizg.hr\/?page_id=1084\">Kratki odgovor<\/a><\/li>\n<li><a href=\"https:\/\/cpeu.ffzg.unizg.hr\/?page_id=1097\">Odabir rije\u010di koje nedostaju<\/a><\/li>\n<li><a href=\"https:\/\/cpeu.ffzg.unizg.hr\/?page_id=1105\">Prenesi i postavi na sliku<\/a><\/li>\n<li><a href=\"https:\/\/cpeu.ffzg.unizg.hr\/?page_id=1101\">Prenesi i postavi markere<\/a><\/li>\n<li><a href=\"https:\/\/cpeu.ffzg.unizg.hr\/?page_id=1109\">Prenesi i postavi u tekst<\/a><\/li>\n<li><a href=\"https:\/\/cpeu.ffzg.unizg.hr\/?page_id=1080\">To\u010dno\/Neto\u010dno<\/a><\/li>\n<li><a href=\"https:\/\/cpeu.ffzg.unizg.hr\/?page_id=1092\">Uparivanje odgovora<\/a><\/li>\n<li><a href=\"https:\/\/cpeu.ffzg.unizg.hr\/?page_id=1076\">Vi\u0161estruki odabir<\/a><\/li>\n<\/ul>\n<\/li>\n<li><a href=\"http:\/\/cpeu.ffzg.unizg.hr\/?page_id=497\" target=\"_blank\" rel=\"noopener noreferrer\">Ocjenjivanje<\/a><\/li>\n<li><a href=\"https:\/\/cpeu.ffzg.unizg.hr\/?page_id=499\">Backup<\/a> (sigurnosna kopija)<\/li>\n<li>Kalendar &#8211; uskoro<\/li>\n<\/ul>\n","protected":false},"excerpt":{"rendered":"<p>Sadr\u017eaj priru\u010dnika Omega za nastavnike 2020 Sustav u\u010denja na daljinu Omega Korisnici e-kolegija E-kolegij Aktivnosti Anketa BigBlueButton (snimanje predavanja) Chat Odabir Forum Lekcija Prisutnost Radionica Rje\u010dnik Test Zada\u0107a Wiki Resursi Datoteka Knjiga Mapa Natpis Poveznica Stranica Baza pitanja Broj\u010dano pitanje Esej Umetanje rije\u010di (Gapfill) Kratki odgovor Odabir rije\u010di koje nedostaju Prenesi i postavi na sliku [&hellip;]<\/p>\n","protected":false},"author":1,"featured_media":0,"parent":0,"menu_order":0,"comment_status":"closed","ping_status":"closed","template":"","meta":{"footnotes":""},"class_list":["post-1157","page","type-page","status-publish","hentry"],"jetpack_sharing_enabled":true,"_links":{"self":[{"href":"https:\/\/cpeu.ffzg.unizg.hr\/index.php?rest_route=\/wp\/v2\/pages\/1157","targetHints":{"allow":["GET"]}}],"collection":[{"href":"https:\/\/cpeu.ffzg.unizg.hr\/index.php?rest_route=\/wp\/v2\/pages"}],"about":[{"href":"https:\/\/cpeu.ffzg.unizg.hr\/index.php?rest_route=\/wp\/v2\/types\/page"}],"author":[{"embeddable":true,"href":"https:\/\/cpeu.ffzg.unizg.hr\/index.php?rest_route=\/wp\/v2\/users\/1"}],"replies":[{"embeddable":true,"href":"https:\/\/cpeu.ffzg.unizg.hr\/index.php?rest_route=%2Fwp%2Fv2%2Fcomments&post=1157"}],"version-history":[{"count":15,"href":"https:\/\/cpeu.ffzg.unizg.hr\/index.php?rest_route=\/wp\/v2\/pages\/1157\/revisions"}],"predecessor-version":[{"id":2040,"href":"https:\/\/cpeu.ffzg.unizg.hr\/index.php?rest_route=\/wp\/v2\/pages\/1157\/revisions\/2040"}],"wp:attachment":[{"href":"https:\/\/cpeu.ffzg.unizg.hr\/index.php?rest_route=%2Fwp%2Fv2%2Fmedia&parent=1157"}],"curies":[{"name":"wp","href":"https:\/\/api.w.org\/{rel}","templated":true}]}}