{"id":1453,"date":"2020-04-01T18:47:57","date_gmt":"2020-04-01T17:47:57","guid":{"rendered":"http:\/\/cpeu.ffzg.unizg.hr\/?page_id=1453"},"modified":"2020-04-01T18:47:57","modified_gmt":"2020-04-01T17:47:57","slug":"administracija-datoteka","status":"publish","type":"page","link":"https:\/\/cpeu.ffzg.unizg.hr\/?page_id=1453","title":{"rendered":"Administracija datoteka"},"content":{"rendered":"<div id=\"attachment_1454\" style=\"width: 668px\" class=\"wp-caption aligncenter\"><a href=\"http:\/\/cpeu.ffzg.unizg.hr\/wp-content\/uploads\/2020\/04\/22-sucelje-datoteke-orig.png\"><img loading=\"lazy\" decoding=\"async\" aria-describedby=\"caption-attachment-1454\" class=\"size-full wp-image-1454\" src=\"http:\/\/cpeu.ffzg.unizg.hr\/wp-content\/uploads\/2020\/04\/22-sucelje-datoteke-orig.png\" alt=\"\" width=\"658\" height=\"247\" srcset=\"https:\/\/cpeu.ffzg.unizg.hr\/wp-content\/uploads\/2020\/04\/22-sucelje-datoteke-orig.png 658w, https:\/\/cpeu.ffzg.unizg.hr\/wp-content\/uploads\/2020\/04\/22-sucelje-datoteke-orig-300x113.png 300w, https:\/\/cpeu.ffzg.unizg.hr\/wp-content\/uploads\/2020\/04\/22-sucelje-datoteke-orig-624x234.png 624w\" sizes=\"auto, (max-width: 658px) 100vw, 658px\" \/><\/a><p id=\"caption-attachment-1454\" class=\"wp-caption-text\">Su\u010delje za rad s datotekama<\/p><\/div>\n<p><strong>Osobne datoteke<\/strong> vidljive su samo vlasniku (nastavniku ili studentu), a nastavnici mogu pojedine osobne datoteke koje im pripadaju u\u010diniti dostupnima i\u00a0 polaznicima svojih e-kolegija. I studenti i nastavnici imaju prostor za svoje osobne datoteke i on je ograni\u010den na <strong>100 MB<\/strong>.<\/p>\n<p>Za ure\u0111ivanje osobnih datoteka potrebno je odabrati poveznicu <strong>Osobne datoteke<\/strong> u izborniku <strong>Moj profil<\/strong> u bloku <strong>Navigacija<\/strong>.<\/p>\n<p>Kroz ovo su\u010delje mogu\u0107e je postavljanje datoteka u sustav i pristup repozitorijima odabirom ikone , organiziranje datoteka u mape odabirom mogu\u0107nosti <strong>Stvorite mapu<\/strong> te je mogu\u0107e preuzeti sve osobne datoteke iz sustava (<strong>Preuzmite sve<\/strong>) u jednoj ZIP-datoteci.<\/p>\n<p>Na\u010din prikaza datoteka mogu\u0107e je mijenjati odabirom neke od ikona:<\/p>\n\n<table id=\"tablepress-13\" class=\"tablepress tablepress-id-13\">\n<thead>\n<tr class=\"row-1\">\n\t<th class=\"column-1\">Ikona<\/th><th class=\"column-2\">Prikaz datoteka<\/th>\n<\/tr>\n<\/thead>\n<tbody class=\"row-hover\">\n<tr class=\"row-2\">\n\t<td class=\"column-1\"><a href=\"http:\/\/cpeu.ffzg.unizg.hr\/wp-content\/uploads\/2020\/04\/01-ikona.png\"><img loading=\"lazy\" decoding=\"async\" src=\"http:\/\/cpeu.ffzg.unizg.hr\/wp-content\/uploads\/2020\/04\/01-ikona.png\" alt=\"\" width=\"67\" height=\"67\" class=\"aligncenter size-full wp-image-1461\" \/><\/a><br \/>\n<br \/>\n(prikaz ikona)<\/td><td class=\"column-2\"><a href=\"http:\/\/cpeu.ffzg.unizg.hr\/wp-content\/uploads\/2020\/04\/01-ikona-slika.png\"><img loading=\"lazy\" decoding=\"async\" src=\"http:\/\/cpeu.ffzg.unizg.hr\/wp-content\/uploads\/2020\/04\/01-ikona-slika.png\" alt=\"\" width=\"240\" height=\"289\" class=\"aligncenter size-full wp-image-1459\" \/><\/a><\/td>\n<\/tr>\n<tr class=\"row-3\">\n\t<td class=\"column-1\"><a href=\"http:\/\/cpeu.ffzg.unizg.hr\/wp-content\/uploads\/2020\/04\/02-popis.png\"><img loading=\"lazy\" decoding=\"async\" src=\"http:\/\/cpeu.ffzg.unizg.hr\/wp-content\/uploads\/2020\/04\/02-popis.png\" alt=\"\" width=\"67\" height=\"67\" class=\"aligncenter size-full wp-image-1463\" \/><\/a><br \/>\n<br \/>\n(prikaz popisa)<\/td><td class=\"column-2\"><a href=\"http:\/\/cpeu.ffzg.unizg.hr\/wp-content\/uploads\/2020\/04\/02-popis-slika.png\"><img loading=\"lazy\" decoding=\"async\" src=\"http:\/\/cpeu.ffzg.unizg.hr\/wp-content\/uploads\/2020\/04\/02-popis-slika.png\" alt=\"\" width=\"385\" height=\"240\" class=\"aligncenter size-full wp-image-1465\" srcset=\"https:\/\/cpeu.ffzg.unizg.hr\/wp-content\/uploads\/2020\/04\/02-popis-slika.png 385w, https:\/\/cpeu.ffzg.unizg.hr\/wp-content\/uploads\/2020\/04\/02-popis-slika-300x187.png 300w\" sizes=\"auto, (max-width: 385px) 100vw, 385px\" \/><\/a><\/td>\n<\/tr>\n<tr class=\"row-4\">\n\t<td class=\"column-1\"><a href=\"http:\/\/cpeu.ffzg.unizg.hr\/wp-content\/uploads\/2020\/04\/03-hijerarhija.png\"><img loading=\"lazy\" decoding=\"async\" src=\"http:\/\/cpeu.ffzg.unizg.hr\/wp-content\/uploads\/2020\/04\/03-hijerarhija.png\" alt=\"\" width=\"67\" height=\"67\" class=\"aligncenter size-full wp-image-1469\" \/><\/a><br \/>\n<br \/>\n(prikaz popisa s hijerarhijskom strukturom)<\/td><td class=\"column-2\"><a href=\"http:\/\/cpeu.ffzg.unizg.hr\/wp-content\/uploads\/2020\/04\/03-hijerarhija-slika.png\"><img loading=\"lazy\" decoding=\"async\" src=\"http:\/\/cpeu.ffzg.unizg.hr\/wp-content\/uploads\/2020\/04\/03-hijerarhija-slika.png\" alt=\"\" width=\"177\" height=\"178\" class=\"aligncenter size-full wp-image-1467\" srcset=\"https:\/\/cpeu.ffzg.unizg.hr\/wp-content\/uploads\/2020\/04\/03-hijerarhija-slika.png 177w, https:\/\/cpeu.ffzg.unizg.hr\/wp-content\/uploads\/2020\/04\/03-hijerarhija-slika-150x150.png 150w\" sizes=\"auto, (max-width: 177px) 100vw, 177px\" \/><\/a><\/td>\n<\/tr>\n<\/tbody>\n<\/table>\n<!-- #tablepress-13 from cache -->\n<p>U postavkama se svakoj datoteci ili mapi mo\u017ee promijeniti naziv. U sustavu je omogu\u0107eno stvaranje ZIP-datoteka kao i raspakiravanje prenesenih datoteka u istom obliku. Svakoj se datoteci mo\u017ee navesti autor i odabrati neka od ponu\u0111enih <strong>licenci<\/strong> pod kojom \u0107e biti dostupna u sustavu Omega.<\/p>\n<div id=\"attachment_1477\" style=\"width: 499px\" class=\"wp-caption aligncenter\"><a href=\"http:\/\/cpeu.ffzg.unizg.hr\/wp-content\/uploads\/2020\/04\/23-postavke-datoteke.png\"><img loading=\"lazy\" decoding=\"async\" aria-describedby=\"caption-attachment-1477\" class=\"size-full wp-image-1477\" src=\"http:\/\/cpeu.ffzg.unizg.hr\/wp-content\/uploads\/2020\/04\/23-postavke-datoteke.png\" alt=\"\" width=\"489\" height=\"548\" srcset=\"https:\/\/cpeu.ffzg.unizg.hr\/wp-content\/uploads\/2020\/04\/23-postavke-datoteke.png 489w, https:\/\/cpeu.ffzg.unizg.hr\/wp-content\/uploads\/2020\/04\/23-postavke-datoteke-268x300.png 268w\" sizes=\"auto, (max-width: 489px) 100vw, 489px\" \/><\/a><p id=\"caption-attachment-1477\" class=\"wp-caption-text\">Postavke datoteke<\/p><\/div>\n<p>U slu\u010daju da se u e-kolegij \u017eeli postaviti jedna datoteka s osobnog ra\u010dunala, postupak je ovakav:<\/p>\n<ol>\n<li>prona\u0107i datoteku na osobnom ra\u010dunalu<\/li>\n<li>uklju\u010diti izmjene na razini e-kolegija (klikom na gumb <strong>Omogu\u0107i izmjene<\/strong>)<\/li>\n<li>kliknuti na poveznicu <strong>Dodaj aktivnost ili resurs<\/strong>, potom odabrati resurs <strong>Datoteka<\/strong><\/li>\n<li>zadati \u017eeljeni naziv datoteke (koji \u0107e biti prikazan na naslovnici e-kolegija) i dati kra\u0107i opis datoteke<\/li>\n<li>u dijelu su\u010delja <strong>Sadr\u017eaj<\/strong> kliknuti na ikonu <img loading=\"lazy\" decoding=\"async\" class=\"alignnone wp-image-1479\" src=\"http:\/\/cpeu.ffzg.unizg.hr\/wp-content\/uploads\/2020\/04\/dodaj-datoteku.png\" alt=\"\" width=\"12\" height=\"12\" \/>, potom \u0107e se otvoriti novi prozor<\/li>\n<li>s lijeve strane su\u010delja odabrati <strong>Prenesi datoteku<\/strong> te s desne strane kliknuti na gumb <strong>Browse<\/strong> ili <strong>Choose file<\/strong> (ovisno o pregledniku koji se koristi)<\/li>\n<li>prona\u0107i datoteku s osobnoga ra\u010dunala i kliknuti na gumb <strong>Open<\/strong><\/li>\n<li>kliknuti na gumb <strong>Prenesi datoteku<\/strong> na poslu\u017eitelj<\/li>\n<li>ako je datoteka uspje\u0161no postavljena na poslu\u017eitelj, postat \u0107e dostupna polaznicima e-kolegija za preuzimanje.<\/li>\n<\/ol>\n","protected":false},"excerpt":{"rendered":"<p>Osobne datoteke vidljive su samo vlasniku (nastavniku ili studentu), a nastavnici mogu pojedine osobne datoteke koje im pripadaju u\u010diniti dostupnima i\u00a0 polaznicima svojih e-kolegija. I studenti i nastavnici imaju prostor za svoje osobne datoteke i on je ograni\u010den na 100 MB. Za ure\u0111ivanje osobnih datoteka potrebno je odabrati poveznicu Osobne datoteke u izborniku Moj profil [&hellip;]<\/p>\n","protected":false},"author":3,"featured_media":0,"parent":0,"menu_order":0,"comment_status":"closed","ping_status":"closed","template":"","meta":{"footnotes":""},"class_list":["post-1453","page","type-page","status-publish","hentry"],"jetpack_sharing_enabled":true,"_links":{"self":[{"href":"https:\/\/cpeu.ffzg.unizg.hr\/index.php?rest_route=\/wp\/v2\/pages\/1453","targetHints":{"allow":["GET"]}}],"collection":[{"href":"https:\/\/cpeu.ffzg.unizg.hr\/index.php?rest_route=\/wp\/v2\/pages"}],"about":[{"href":"https:\/\/cpeu.ffzg.unizg.hr\/index.php?rest_route=\/wp\/v2\/types\/page"}],"author":[{"embeddable":true,"href":"https:\/\/cpeu.ffzg.unizg.hr\/index.php?rest_route=\/wp\/v2\/users\/3"}],"replies":[{"embeddable":true,"href":"https:\/\/cpeu.ffzg.unizg.hr\/index.php?rest_route=%2Fwp%2Fv2%2Fcomments&post=1453"}],"version-history":[{"count":2,"href":"https:\/\/cpeu.ffzg.unizg.hr\/index.php?rest_route=\/wp\/v2\/pages\/1453\/revisions"}],"predecessor-version":[{"id":1481,"href":"https:\/\/cpeu.ffzg.unizg.hr\/index.php?rest_route=\/wp\/v2\/pages\/1453\/revisions\/1481"}],"wp:attachment":[{"href":"https:\/\/cpeu.ffzg.unizg.hr\/index.php?rest_route=%2Fwp%2Fv2%2Fmedia&parent=1453"}],"curies":[{"name":"wp","href":"https:\/\/api.w.org\/{rel}","templated":true}]}}