{"id":1526,"date":"2020-04-02T20:56:41","date_gmt":"2020-04-02T19:56:41","guid":{"rendered":"http:\/\/cpeu.ffzg.unizg.hr\/?page_id=1526"},"modified":"2020-04-02T20:56:41","modified_gmt":"2020-04-02T19:56:41","slug":"popis-sudionika","status":"publish","type":"page","link":"https:\/\/cpeu.ffzg.unizg.hr\/?page_id=1526","title":{"rendered":"Popis sudionika"},"content":{"rendered":"<p>Na razini e-kolegija nastavnik mo\u017ee pregledati odre\u0111ene podatke o studentima odabirom imena studenta s pomo\u0107u poveznice <strong>Sudionici<\/strong> dostupne u izborniku <strong>Trenuta\u010dni e-kolegij<\/strong> &gt; <strong>Kratica e-kolegija<\/strong> u bloku <strong>Navigacija<\/strong>. U popisu su, uz ime polaznika, prikazani i datum i vrijeme njihova posljednjega pristupa e-kolegiju. Kroz taj popis omogu\u0107eno je slanje poruka ve\u0107em broju polaznika e-kolegija (selektivno, za razliku od foruma <strong>Obavijesti<\/strong>, gdje poruke idu svim polaznicima upisanima na e-kolegij). Kada se odabere ime polaznika, dostupni su sljede\u0107i podaci: popis e-kolegija na koje je polaznik upisan (odabirom naziva e-kolegija mogu\u0107e je vidjeti koja je uloga polaznika na tom e-kolegiju), poruke polaznika na forumu, \u010dlanci na blogu, dodijeljene zna\u010dke i razli\u010diti izvje\u0161taji o aktivnosti polaznika.<\/p>\n","protected":false},"excerpt":{"rendered":"<p>Na razini e-kolegija nastavnik mo\u017ee pregledati odre\u0111ene podatke o studentima odabirom imena studenta s pomo\u0107u poveznice Sudionici dostupne u izborniku Trenuta\u010dni e-kolegij &gt; Kratica e-kolegija u bloku Navigacija. U popisu su, uz ime polaznika, prikazani i datum i vrijeme njihova posljednjega pristupa e-kolegiju. Kroz taj popis omogu\u0107eno je slanje poruka ve\u0107em broju polaznika e-kolegija (selektivno, [&hellip;]<\/p>\n","protected":false},"author":3,"featured_media":0,"parent":485,"menu_order":0,"comment_status":"closed","ping_status":"closed","template":"","meta":{"footnotes":""},"class_list":["post-1526","page","type-page","status-publish","hentry"],"jetpack_sharing_enabled":true,"_links":{"self":[{"href":"https:\/\/cpeu.ffzg.unizg.hr\/index.php?rest_route=\/wp\/v2\/pages\/1526","targetHints":{"allow":["GET"]}}],"collection":[{"href":"https:\/\/cpeu.ffzg.unizg.hr\/index.php?rest_route=\/wp\/v2\/pages"}],"about":[{"href":"https:\/\/cpeu.ffzg.unizg.hr\/index.php?rest_route=\/wp\/v2\/types\/page"}],"author":[{"embeddable":true,"href":"https:\/\/cpeu.ffzg.unizg.hr\/index.php?rest_route=\/wp\/v2\/users\/3"}],"replies":[{"embeddable":true,"href":"https:\/\/cpeu.ffzg.unizg.hr\/index.php?rest_route=%2Fwp%2Fv2%2Fcomments&post=1526"}],"version-history":[{"count":1,"href":"https:\/\/cpeu.ffzg.unizg.hr\/index.php?rest_route=\/wp\/v2\/pages\/1526\/revisions"}],"predecessor-version":[{"id":1527,"href":"https:\/\/cpeu.ffzg.unizg.hr\/index.php?rest_route=\/wp\/v2\/pages\/1526\/revisions\/1527"}],"up":[{"embeddable":true,"href":"https:\/\/cpeu.ffzg.unizg.hr\/index.php?rest_route=\/wp\/v2\/pages\/485"}],"wp:attachment":[{"href":"https:\/\/cpeu.ffzg.unizg.hr\/index.php?rest_route=%2Fwp%2Fv2%2Fmedia&parent=1526"}],"curies":[{"name":"wp","href":"https:\/\/api.w.org\/{rel}","templated":true}]}}