{"id":1540,"date":"2020-04-02T21:12:19","date_gmt":"2020-04-02T20:12:19","guid":{"rendered":"http:\/\/cpeu.ffzg.unizg.hr\/?page_id=1540"},"modified":"2020-05-28T16:19:01","modified_gmt":"2020-05-28T15:19:01","slug":"uloge","status":"publish","type":"page","link":"https:\/\/cpeu.ffzg.unizg.hr\/?page_id=1540","title":{"rendered":"Uloge"},"content":{"rendered":"<p>Za dodavanje uloga potrebno je odabrati:<\/p>\n<p style=\"text-align: center;\"><em>Postavke<\/em> &gt; <em>Administracija e-kolegija<\/em> &gt; <em>Korisnici<\/em> &gt; <strong>Upisani korisnici<\/strong><\/p>\n<p><strong>Uloge<\/strong> u sustavu u\u010denja na daljinu Omega odgovaraju razini ovlasti koje sudionik ima u odre\u0111enome e-kolegiju. Svaki korisnik mo\u017ee dodjeljivati uloge koje su za barem jednu razinu ni\u017ee od vlastite uloge.<\/p>\n\n<table id=\"tablepress-14\" class=\"tablepress tablepress-id-14\">\n<thead>\n<tr class=\"row-1\">\n\t<th class=\"column-1\">Uloga<\/th><th class=\"column-2\">Ovlasti<\/th>\n<\/tr>\n<\/thead>\n<tbody class=\"row-striping\">\n<tr class=\"row-2\">\n\t<td class=\"column-1\">Predava\u010d<\/td><td class=\"column-2\">Predava\u010di mogu ure\u0111ivati sadr\u017eaj svojih e-kolegija.<\/td>\n<\/tr>\n<tr class=\"row-3\">\n\t<td class=\"column-1\">Student<\/td><td class=\"column-2\">Studenti mogu pristupiti resursima i sudjelovati u aktivnostima koje su im omogu\u0107ene u e-kolegiju.<\/td>\n<\/tr>\n<tr class=\"row-4\">\n\t<td class=\"column-1\">Gost<\/td><td class=\"column-2\">Gosti mogu pristupiti samo e-kolegijima u kojima im je dopu\u0161ten pristup i pri tome imaju ograni\u010dene mogu\u0107nosti pristupa resursima i sudjelovanja u aktivnostima.<\/td>\n<\/tr>\n<\/tbody>\n<\/table>\n<!-- #tablepress-14 from cache -->\n<p>&nbsp;<\/p>\n","protected":false},"excerpt":{"rendered":"<p>Za dodavanje uloga potrebno je odabrati: Postavke &gt; Administracija e-kolegija &gt; Korisnici &gt; Upisani korisnici Uloge u sustavu u\u010denja na daljinu Omega odgovaraju razini ovlasti koje sudionik ima u odre\u0111enome e-kolegiju. Svaki korisnik mo\u017ee dodjeljivati uloge koje su za barem jednu razinu ni\u017ee od vlastite uloge. &nbsp;<\/p>\n","protected":false},"author":3,"featured_media":0,"parent":485,"menu_order":0,"comment_status":"closed","ping_status":"closed","template":"","meta":{"footnotes":""},"class_list":["post-1540","page","type-page","status-publish","hentry"],"jetpack_sharing_enabled":true,"_links":{"self":[{"href":"https:\/\/cpeu.ffzg.unizg.hr\/index.php?rest_route=\/wp\/v2\/pages\/1540","targetHints":{"allow":["GET"]}}],"collection":[{"href":"https:\/\/cpeu.ffzg.unizg.hr\/index.php?rest_route=\/wp\/v2\/pages"}],"about":[{"href":"https:\/\/cpeu.ffzg.unizg.hr\/index.php?rest_route=\/wp\/v2\/types\/page"}],"author":[{"embeddable":true,"href":"https:\/\/cpeu.ffzg.unizg.hr\/index.php?rest_route=\/wp\/v2\/users\/3"}],"replies":[{"embeddable":true,"href":"https:\/\/cpeu.ffzg.unizg.hr\/index.php?rest_route=%2Fwp%2Fv2%2Fcomments&post=1540"}],"version-history":[{"count":3,"href":"https:\/\/cpeu.ffzg.unizg.hr\/index.php?rest_route=\/wp\/v2\/pages\/1540\/revisions"}],"predecessor-version":[{"id":2223,"href":"https:\/\/cpeu.ffzg.unizg.hr\/index.php?rest_route=\/wp\/v2\/pages\/1540\/revisions\/2223"}],"up":[{"embeddable":true,"href":"https:\/\/cpeu.ffzg.unizg.hr\/index.php?rest_route=\/wp\/v2\/pages\/485"}],"wp:attachment":[{"href":"https:\/\/cpeu.ffzg.unizg.hr\/index.php?rest_route=%2Fwp%2Fv2%2Fmedia&parent=1540"}],"curies":[{"name":"wp","href":"https:\/\/api.w.org\/{rel}","templated":true}]}}