{"id":1544,"date":"2020-04-02T21:22:29","date_gmt":"2020-04-02T20:22:29","guid":{"rendered":"http:\/\/cpeu.ffzg.unizg.hr\/?page_id=1544"},"modified":"2020-04-02T21:22:29","modified_gmt":"2020-04-02T20:22:29","slug":"grupe-uredivanje-i-upravljanje","status":"publish","type":"page","link":"https:\/\/cpeu.ffzg.unizg.hr\/?page_id=1544","title":{"rendered":"Grupe: ure\u0111ivanje i upravljanje"},"content":{"rendered":"<p>Za dodavanje novih grupa kao i upis polaznika u grupe potrebno je odabrati:<\/p>\n<p style=\"text-align: center;\"><em>Postavke<\/em> &gt; <em>Administracija e-kolegija<\/em> &gt; <em>Korisnici<\/em> &gt; <strong>Grupe<\/strong><\/p>\n<div id=\"attachment_1545\" style=\"width: 563px\" class=\"wp-caption aligncenter\"><a href=\"http:\/\/cpeu.ffzg.unizg.hr\/wp-content\/uploads\/2020\/04\/35-uredjivanje-grupa.png\"><img loading=\"lazy\" decoding=\"async\" aria-describedby=\"caption-attachment-1545\" class=\"size-full wp-image-1545\" src=\"http:\/\/cpeu.ffzg.unizg.hr\/wp-content\/uploads\/2020\/04\/35-uredjivanje-grupa.png\" alt=\"\" width=\"553\" height=\"384\" srcset=\"https:\/\/cpeu.ffzg.unizg.hr\/wp-content\/uploads\/2020\/04\/35-uredjivanje-grupa.png 553w, https:\/\/cpeu.ffzg.unizg.hr\/wp-content\/uploads\/2020\/04\/35-uredjivanje-grupa-300x208.png 300w\" sizes=\"auto, (max-width: 553px) 100vw, 553px\" \/><\/a><p id=\"caption-attachment-1545\" class=\"wp-caption-text\">Ure\u0111ivanje grupa<\/p><\/div>\n<p>Za po\u010detak je potrebno stvoriti nove grupe i urediti njihove postavke. Odabirom gumba <strong>Stvori grupu<\/strong> omogu\u0107eno je zadavanje postavki grupe:<\/p>\n<ul>\n<li>naziva<\/li>\n<li>kratkog opisa<\/li>\n<li>lozinke<\/li>\n<li>slike (ikone) grupe<\/li>\n<\/ul>\n<p><strong>Slika grupe<\/strong> prikazuje se kod pojedinih aktivnosti, npr. foruma, gdje se uz sliku profi la pojedinoga korisnika prikazuje i slika grupe. Postavljanje slike grupe opcionalno je.<\/p>\n<p>Nakon \u0161to je grupa stvorena, u nju je mogu\u0107e upisati polaznike ozna\u010davanjem grupe na popisu grupa i odabirom gumba <strong>Dodaj\/ukloni korisnike<\/strong> (\u0161to otvara novi prozor imena <strong>Dodaj\/ukloni korisnike<\/strong>). Ozna\u010deni se polaznici iz stupca <strong>Potencijalni \u010dlanovi<\/strong> s pomo\u0107u gumba <strong>Dodaj<\/strong> prebacuju u stupac <strong>\u010clanovi grupe<\/strong> i time se upisuju u grupu. Za ozna\u010davanje i odabir vi\u0161e polaznika mogu\u0107e je koristiti se tipkama [<strong>Ctrl<\/strong>] ili [<strong>Shift<\/strong>] kao i u drugim aplikacijama.<\/p>\n<p>Na sli\u010dan se na\u010din korisnici ispisuju iz grupe: u prozoru <strong>Dodaj\/ukloni korisnike<\/strong> potrebno je ozna\u010diti polaznike iz stupca<strong> \u010clanovi grupe<\/strong> te odabrati gumb <strong>Ukloni<\/strong>, \u010dime se oni prebacuju u stupac <strong>Potencijalni \u010dlanovi<\/strong>.<\/p>\n<p>Svaki polaznik mo\u017ee biti \u010dlan vi\u0161e razli\u010ditih grupa, a broj u zagradama kraj naziva grupe ozna\u010dava broj \u010dlanova u pojedinoj grupi, odnosno pri prikazu samih polaznika predstavlja broj grupa u koje je polaznik upisan.<\/p>\n<div id=\"attachment_1547\" style=\"width: 603px\" class=\"wp-caption aligncenter\"><a href=\"http:\/\/cpeu.ffzg.unizg.hr\/wp-content\/uploads\/2020\/04\/36-odabir-sudionika-grupe.png\"><img loading=\"lazy\" decoding=\"async\" aria-describedby=\"caption-attachment-1547\" class=\"size-full wp-image-1547\" src=\"http:\/\/cpeu.ffzg.unizg.hr\/wp-content\/uploads\/2020\/04\/36-odabir-sudionika-grupe.png\" alt=\"\" width=\"593\" height=\"399\" srcset=\"https:\/\/cpeu.ffzg.unizg.hr\/wp-content\/uploads\/2020\/04\/36-odabir-sudionika-grupe.png 593w, https:\/\/cpeu.ffzg.unizg.hr\/wp-content\/uploads\/2020\/04\/36-odabir-sudionika-grupe-300x202.png 300w\" sizes=\"auto, (max-width: 593px) 100vw, 593px\" \/><\/a><p id=\"caption-attachment-1547\" class=\"wp-caption-text\">Odabir sudionika grupe<\/p><\/div>\n<p>Grupe se mogu organizirati (grupirati) u <strong>Grupacije<\/strong> koje omogu\u0107avaju ograni\u010davanje pristupa odre\u0111enoj aktivnosti\/resursu za to\u010dno odre\u0111enu grupu polaznika e-kolegija.<\/p>\n<p>Odre\u0111ena aktivnost\/resurs bit \u0107e vidljiva samo ograni\u010denom broju polaznika e-kolegija tek kada se u postavkama odabere grupacija kojoj je namijenjena i potvrdi mogu\u0107nost<strong> Dostupno samo \u010dlanovima grupe<\/strong>. Polaznicima izvan te grupacije ta aktivnost\/resurs ne\u0107e biti vidljiva. Kartica <strong>Pregled<\/strong> prikazuje popis svih grupa i grupacija zajedno s njihovim \u010dlanovima te ukupnim brojem \u010dlanova u pojedinoj grupi. Dodatne postavke vezane uz grupe dostupne su u postavkama samoga e-kolegija (op\u0161irnije u sekciji Grupe).<\/p>\n","protected":false},"excerpt":{"rendered":"<p>Za dodavanje novih grupa kao i upis polaznika u grupe potrebno je odabrati: Postavke &gt; Administracija e-kolegija &gt; Korisnici &gt; Grupe Za po\u010detak je potrebno stvoriti nove grupe i urediti njihove postavke. Odabirom gumba Stvori grupu omogu\u0107eno je zadavanje postavki grupe: naziva kratkog opisa lozinke slike (ikone) grupe Slika grupe prikazuje se kod pojedinih aktivnosti, [&hellip;]<\/p>\n","protected":false},"author":3,"featured_media":0,"parent":485,"menu_order":0,"comment_status":"closed","ping_status":"closed","template":"","meta":{"footnotes":""},"class_list":["post-1544","page","type-page","status-publish","hentry"],"jetpack_sharing_enabled":true,"_links":{"self":[{"href":"https:\/\/cpeu.ffzg.unizg.hr\/index.php?rest_route=\/wp\/v2\/pages\/1544","targetHints":{"allow":["GET"]}}],"collection":[{"href":"https:\/\/cpeu.ffzg.unizg.hr\/index.php?rest_route=\/wp\/v2\/pages"}],"about":[{"href":"https:\/\/cpeu.ffzg.unizg.hr\/index.php?rest_route=\/wp\/v2\/types\/page"}],"author":[{"embeddable":true,"href":"https:\/\/cpeu.ffzg.unizg.hr\/index.php?rest_route=\/wp\/v2\/users\/3"}],"replies":[{"embeddable":true,"href":"https:\/\/cpeu.ffzg.unizg.hr\/index.php?rest_route=%2Fwp%2Fv2%2Fcomments&post=1544"}],"version-history":[{"count":1,"href":"https:\/\/cpeu.ffzg.unizg.hr\/index.php?rest_route=\/wp\/v2\/pages\/1544\/revisions"}],"predecessor-version":[{"id":1549,"href":"https:\/\/cpeu.ffzg.unizg.hr\/index.php?rest_route=\/wp\/v2\/pages\/1544\/revisions\/1549"}],"up":[{"embeddable":true,"href":"https:\/\/cpeu.ffzg.unizg.hr\/index.php?rest_route=\/wp\/v2\/pages\/485"}],"wp:attachment":[{"href":"https:\/\/cpeu.ffzg.unizg.hr\/index.php?rest_route=%2Fwp%2Fv2%2Fmedia&parent=1544"}],"curies":[{"name":"wp","href":"https:\/\/api.w.org\/{rel}","templated":true}]}}