{"id":1556,"date":"2020-04-02T21:39:39","date_gmt":"2020-04-02T20:39:39","guid":{"rendered":"http:\/\/cpeu.ffzg.unizg.hr\/?page_id=1556"},"modified":"2020-04-02T21:39:39","modified_gmt":"2020-04-02T20:39:39","slug":"izvjestaji-o-aktivnosti","status":"publish","type":"page","link":"https:\/\/cpeu.ffzg.unizg.hr\/?page_id=1556","title":{"rendered":"Izvje\u0161taji o aktivnosti"},"content":{"rendered":"<p>Nastavnici se mogu koristiti izvje\u0161tajima koji im omogu\u0107avaju detaljan uvid u svaku radnju koju je pojedini student izvr\u0161io u e-kolegiju, vrijeme pristupa pojedinomu dijelu e-kolegija, podatak o lokaciji (IP-adresi) s koje je student pristupio i sli\u010dno.<\/p>\n<p>Nastavnik mo\u017ee pregledavati zbirne izvje\u0161taje o aktivnosti svih sudionika e-kolegija, a pristup je omogu\u0107en u bloku <strong>Postavke<\/strong>. Studentima taj pregled nije dostupan.<\/p>\n<p>Za pregled izvje\u0161taja potrebno je odabrati:<\/p>\n<p style=\"text-align: center;\"><em>Postavke<\/em> &gt; <em>Administracija e-kolegija<\/em> &gt; <strong>Izvje\u0161taji<\/strong><\/p>\n<div id=\"attachment_1557\" style=\"width: 240px\" class=\"wp-caption aligncenter\"><a href=\"http:\/\/cpeu.ffzg.unizg.hr\/wp-content\/uploads\/2020\/04\/39-izbornik-izvjestaji.png\"><img loading=\"lazy\" decoding=\"async\" aria-describedby=\"caption-attachment-1557\" class=\"size-full wp-image-1557\" src=\"http:\/\/cpeu.ffzg.unizg.hr\/wp-content\/uploads\/2020\/04\/39-izbornik-izvjestaji.png\" alt=\"\" width=\"230\" height=\"137\" \/><\/a><p id=\"caption-attachment-1557\" class=\"wp-caption-text\">Izbornik Izvje\u0161taji<\/p><\/div>\n<p>Zapisi mogu biti filtrirani prema e-kolegiju, grupi, sudionicima, datumima, aktivnostima, akcijama te obrazovnom kontekstu.<\/p>\n<div id=\"attachment_1559\" style=\"width: 691px\" class=\"wp-caption aligncenter\"><a href=\"http:\/\/cpeu.ffzg.unizg.hr\/wp-content\/uploads\/2020\/04\/41-vrsta-izvjestaja.png\"><img loading=\"lazy\" decoding=\"async\" aria-describedby=\"caption-attachment-1559\" class=\"size-full wp-image-1559\" src=\"http:\/\/cpeu.ffzg.unizg.hr\/wp-content\/uploads\/2020\/04\/41-vrsta-izvjestaja.png\" alt=\"\" width=\"681\" height=\"118\" srcset=\"https:\/\/cpeu.ffzg.unizg.hr\/wp-content\/uploads\/2020\/04\/41-vrsta-izvjestaja.png 681w, https:\/\/cpeu.ffzg.unizg.hr\/wp-content\/uploads\/2020\/04\/41-vrsta-izvjestaja-300x52.png 300w, https:\/\/cpeu.ffzg.unizg.hr\/wp-content\/uploads\/2020\/04\/41-vrsta-izvjestaja-624x108.png 624w\" sizes=\"auto, (max-width: 681px) 100vw, 681px\" \/><\/a><p id=\"caption-attachment-1559\" class=\"wp-caption-text\">Odabir prikaza izvje\u0161taja<\/p><\/div>\n<p><strong>Zapisi u\u017eivo<\/strong> osobito su korisni za pregled studentskih aktivnosti na e-kolegiju u realnom vremenu jer se zapisi automatski osvje\u017eavaju i prikazuju u kra\u0107im vremenskim intervalima.<\/p>\n<div id=\"attachment_1561\" style=\"width: 813px\" class=\"wp-caption aligncenter\"><a href=\"http:\/\/cpeu.ffzg.unizg.hr\/wp-content\/uploads\/2020\/04\/81-live-log.png\"><img loading=\"lazy\" decoding=\"async\" aria-describedby=\"caption-attachment-1561\" class=\"size-full wp-image-1561\" src=\"http:\/\/cpeu.ffzg.unizg.hr\/wp-content\/uploads\/2020\/04\/81-live-log.png\" alt=\"\" width=\"803\" height=\"265\" srcset=\"https:\/\/cpeu.ffzg.unizg.hr\/wp-content\/uploads\/2020\/04\/81-live-log.png 803w, https:\/\/cpeu.ffzg.unizg.hr\/wp-content\/uploads\/2020\/04\/81-live-log-300x99.png 300w, https:\/\/cpeu.ffzg.unizg.hr\/wp-content\/uploads\/2020\/04\/81-live-log-768x253.png 768w, https:\/\/cpeu.ffzg.unizg.hr\/wp-content\/uploads\/2020\/04\/81-live-log-624x206.png 624w\" sizes=\"auto, (max-width: 803px) 100vw, 803px\" \/><\/a><p id=\"caption-attachment-1561\" class=\"wp-caption-text\">Zapisi u\u017eivo<\/p><\/div>\n<p>Dostupni su i izvje\u0161taji o <strong>Aktivnosti na e-kolegiju<\/strong> koji daju informaciju o pristupu korisnika svakoj aktivnosti koju je nastavnik uklju\u010dio u pojedinu temu. Time je omogu\u0107en vrlo jednostavan pregled posje\u0107enosti odre\u0111enih sadr\u017eaja.<\/p>\n<div id=\"attachment_1563\" style=\"width: 578px\" class=\"wp-caption aligncenter\"><a href=\"http:\/\/cpeu.ffzg.unizg.hr\/wp-content\/uploads\/2020\/04\/40-izvjestaj-aktivnosti.png\"><img loading=\"lazy\" decoding=\"async\" aria-describedby=\"caption-attachment-1563\" class=\"size-full wp-image-1563\" src=\"http:\/\/cpeu.ffzg.unizg.hr\/wp-content\/uploads\/2020\/04\/40-izvjestaj-aktivnosti.png\" alt=\"\" width=\"568\" height=\"220\" srcset=\"https:\/\/cpeu.ffzg.unizg.hr\/wp-content\/uploads\/2020\/04\/40-izvjestaj-aktivnosti.png 568w, https:\/\/cpeu.ffzg.unizg.hr\/wp-content\/uploads\/2020\/04\/40-izvjestaj-aktivnosti-300x116.png 300w\" sizes=\"auto, (max-width: 568px) 100vw, 568px\" \/><\/a><p id=\"caption-attachment-1563\" class=\"wp-caption-text\">Prikaz izvje\u0161taja o aktivnosti u e-kolegiju<\/p><\/div>\n<p>Putem poveznice <strong>Statistika e-kolegija<\/strong> nastavnik mo\u017ee vidjeti osnovne statisti\u010dke podatke o posje\u0107enosti svoga e-kolegija, broju prijava i aktivnosti svih sudionika zbirno te jednostavni grafi\u010dki prikaz tih podataka. Podaci prikazani na taj na\u010din mogu se analizirati u razli\u010ditim vremenskim odsje\u010dcima (tjedni, mjeseci, godine). Zapisima o aktivnostima pojedinoga korisnika nastavnik pristupa preko profi la odabranoga korisnika.<\/p>\n<p>Ako je nastavnik omogu\u0107io<strong> pra\u0107enje dovr\u0161enosti e-kolegija<\/strong>, dostupni su i dodatni izvje\u0161taji:<\/p>\n<ul>\n<li><strong>Dovr\u0161enost e-kolegija<\/strong> omogu\u0107ava nastavniku u svakom trenutku uvid u napredak sudionika i postotak onih koji su zadovoljili kriterije za prolaz.<\/li>\n<li><strong>Dovr\u0161enost aktivnosti<\/strong> omogu\u0107ava nastavniku u svakom trenutku uvid u dovr\u0161etak pojedine aktivnosti za svakoga upisanoga sudionika.<\/li>\n<\/ul>\n","protected":false},"excerpt":{"rendered":"<p>Nastavnici se mogu koristiti izvje\u0161tajima koji im omogu\u0107avaju detaljan uvid u svaku radnju koju je pojedini student izvr\u0161io u e-kolegiju, vrijeme pristupa pojedinomu dijelu e-kolegija, podatak o lokaciji (IP-adresi) s koje je student pristupio i sli\u010dno. Nastavnik mo\u017ee pregledavati zbirne izvje\u0161taje o aktivnosti svih sudionika e-kolegija, a pristup je omogu\u0107en u bloku Postavke. Studentima taj [&hellip;]<\/p>\n","protected":false},"author":3,"featured_media":0,"parent":485,"menu_order":0,"comment_status":"closed","ping_status":"closed","template":"","meta":{"footnotes":""},"class_list":["post-1556","page","type-page","status-publish","hentry"],"jetpack_sharing_enabled":true,"_links":{"self":[{"href":"https:\/\/cpeu.ffzg.unizg.hr\/index.php?rest_route=\/wp\/v2\/pages\/1556","targetHints":{"allow":["GET"]}}],"collection":[{"href":"https:\/\/cpeu.ffzg.unizg.hr\/index.php?rest_route=\/wp\/v2\/pages"}],"about":[{"href":"https:\/\/cpeu.ffzg.unizg.hr\/index.php?rest_route=\/wp\/v2\/types\/page"}],"author":[{"embeddable":true,"href":"https:\/\/cpeu.ffzg.unizg.hr\/index.php?rest_route=\/wp\/v2\/users\/3"}],"replies":[{"embeddable":true,"href":"https:\/\/cpeu.ffzg.unizg.hr\/index.php?rest_route=%2Fwp%2Fv2%2Fcomments&post=1556"}],"version-history":[{"count":1,"href":"https:\/\/cpeu.ffzg.unizg.hr\/index.php?rest_route=\/wp\/v2\/pages\/1556\/revisions"}],"predecessor-version":[{"id":1565,"href":"https:\/\/cpeu.ffzg.unizg.hr\/index.php?rest_route=\/wp\/v2\/pages\/1556\/revisions\/1565"}],"up":[{"embeddable":true,"href":"https:\/\/cpeu.ffzg.unizg.hr\/index.php?rest_route=\/wp\/v2\/pages\/485"}],"wp:attachment":[{"href":"https:\/\/cpeu.ffzg.unizg.hr\/index.php?rest_route=%2Fwp%2Fv2%2Fmedia&parent=1556"}],"curies":[{"name":"wp","href":"https:\/\/api.w.org\/{rel}","templated":true}]}}