{"id":1699,"date":"2020-04-21T18:30:03","date_gmt":"2020-04-21T17:30:03","guid":{"rendered":"http:\/\/cpeu.ffzg.unizg.hr\/?page_id=1699"},"modified":"2023-02-17T09:33:26","modified_gmt":"2023-02-17T08:33:26","slug":"upute-za-provedbu-online-obrana-diplomskih-radova-na-filozofskom-fakultetu-u-zagrebu","status":"publish","type":"page","link":"https:\/\/cpeu.ffzg.unizg.hr\/?page_id=1699","title":{"rendered":"Upute za provedbu online obrana diplomskih radova na Filozofskom fakultetu u Zagrebu"},"content":{"rendered":"<h3><strong>PRIJAVA ODR\u017dAVANJA ONLINE OBRANE DIPLOMSKOG RADA (vezano uz sustav Omega)<\/strong><\/h3>\n<p>Pro\u010delnica\/pro\u010delnik ili tajnica Odsjeka moraju <strong>barem 72 sata prije termina online obrane diplomskog rada<\/strong> dostaviti sljede\u0107e informacije Centru za potporu e-u\u010denju FFZG na adresu e-po\u0161te <a href=\"mailto:cpeu@ffzg.hr\" target=\"_blank\" rel=\"noopener noreferrer\"><strong>cpeu@ffzg.hr<\/strong><\/a>:<\/p>\n<ol>\n<li>Ime, prezime, adresu e-po\u0161te kandidata<\/li>\n<li>Datum i vrijeme obrane<\/li>\n<li>Ime, prezime, adresu e-po\u0161te svih \u010dlanova povjerenstva i mentora<\/li>\n<\/ol>\n<p>Centar za potporu e-u\u010denju FFZG (CPEU) \u0107e potom navedenog kandidata, mentora i \u010dlanove povjerenstva upisati kao moderatore u BigBlueButton aktivnost u kojoj \u0107e se provoditi obrana (svaki kandidat \/ obrana imaju svoju, posebnu BigBlueButton aktivnost, imenovanu po njemu ili njoj).<\/p>\n<h3><strong>PRIJAVA ODR\u017dAVANJA ONLINE OBRANE DIPLOMSKOG RADA (vezano uz ISVU)<\/strong><\/h3>\n<p><strong>Napomena:<\/strong> sve ostale administrativne postupke koje prethodno morate napraviti u sustavu ISVU provjerite u uputama objavljenima ovdje &#8211; <a href=\"https:\/\/bit.ly\/online-obrane\" target=\"_blank\" rel=\"noopener noreferrer\">https:\/\/bit.ly\/online-obrane<\/a><\/p>\n<h3>KORISNI\u010cKI RA\u010cUNI<\/h3>\n<p>U slu\u010daju da netko od \u010dlanova povjerenstva ili sam kandidat\/kandidatkinja nemaju pristup sustavu Omega, CPEU \u0107e obavijestiti pro\u010delnicu \/ pro\u010delnika \/ tajnicu o tome kako dobiti pristup sustavu Omega (naj\u010de\u0161\u0107e javljanjem Slu\u017ebi za informatiku FFZG na adresu e-po\u0161te <a href=\"mailto:racuni@ffzg.hr\" target=\"_blank\" rel=\"noopener noreferrer\"><strong>racuni@ffzg.hr<\/strong><\/a>).<\/p>\n<h3><strong>PROBA KANDIDATA \/ KANDIDATKINJE<\/strong><\/h3>\n<p>Po pode\u0161avanju postavki BigBlueButton aktivnosti za obranu od strane CPEU, kandidat \u0107e mo\u0107i samostalno isprobati funkcioniranje navedene (prikaz prezentacije, funkcioniranje mikrofona, kamere i sli\u010dno). O tome da je upisan na e-kolegij za obranu i o tome da su mu dodijeljena prava moderatora na online aktivnosti za obranu kandidat\/kandidatkinja \u0107e dobiti poruku e-po\u0161te od CPEU.<\/p>\n<h3><strong>PROVEDBA OBRANE (okvirne upute)<\/strong><\/h3>\n<p>Kandidat\/kandidatkinja i \u010dlanovi povjerenstva se trebaju spojiti na sustav Omega, u\u0107i u odsje\u010dki e-kolegij za obranu diplomskih radova i potom u\u0107i u BigBlueButton aktivnost imenovanu prezimenom kandidata\/kandidatkinje. Unutar aktivnosti trebaju kliknuti na &#8220;<strong>Priklju\u010di se sesiji<\/strong>&#8220;.<\/p>\n<div id=\"attachment_1700\" style=\"width: 341px\" class=\"wp-caption aligncenter\"><img loading=\"lazy\" decoding=\"async\" aria-describedby=\"caption-attachment-1700\" class=\"wp-image-1700 size-full\" src=\"http:\/\/cpeu.ffzg.unizg.hr\/wp-content\/uploads\/2020\/04\/02A-prikljuci-se-sesiji.jpg\" alt=\"\" width=\"331\" height=\"125\" srcset=\"https:\/\/cpeu.ffzg.unizg.hr\/wp-content\/uploads\/2020\/04\/02A-prikljuci-se-sesiji.jpg 331w, https:\/\/cpeu.ffzg.unizg.hr\/wp-content\/uploads\/2020\/04\/02A-prikljuci-se-sesiji-300x113.jpg 300w\" sizes=\"auto, (max-width: 331px) 100vw, 331px\" \/><p id=\"caption-attachment-1700\" class=\"wp-caption-text\">Slika. Priklju\u010di se sesiji<\/p><\/div>\n<p>Potom kandidat\/kandidatkinja i \u010dlanovi povjerenstva trebaju odabrati <strong>ikonu mikrofona<\/strong>, \u0161to ozna\u010dava da su aktivni sudionici obrane.<\/p>\n<div id=\"attachment_1668\" style=\"width: 597px\" class=\"wp-caption aligncenter\"><img loading=\"lazy\" decoding=\"async\" aria-describedby=\"caption-attachment-1668\" class=\"size-full wp-image-1668\" src=\"http:\/\/cpeu.ffzg.unizg.hr\/wp-content\/uploads\/2020\/04\/03-odabir-mikrofona.png\" alt=\"\" width=\"587\" height=\"257\" srcset=\"https:\/\/cpeu.ffzg.unizg.hr\/wp-content\/uploads\/2020\/04\/03-odabir-mikrofona.png 587w, https:\/\/cpeu.ffzg.unizg.hr\/wp-content\/uploads\/2020\/04\/03-odabir-mikrofona-300x131.png 300w\" sizes=\"auto, (max-width: 587px) 100vw, 587px\" \/><p id=\"caption-attachment-1668\" class=\"wp-caption-text\">Slika. Odabir mikrofon \/ slu\u0161alice<\/p><\/div>\n<p>Svi ostali sudionici (publika) trebaju odabrati <strong>ikonu slu\u0161alica<\/strong> (time dobivaju ulogu slu\u0161atelja).<\/p>\n<p>Slijedi upit Internet preglednika (Google Chrome ili Mozilla Firefox) o tome \u017eele li dati ovlasti udaljenom sustavu za kori\u0161tenje mikrofona. Treba odgovoriti potvrdno na na taj upit.<\/p>\n<p>Pri <strong>testu jeke<\/strong> (en. echo test) treba odabrati <strong>zeleni gumb\/ikonu (YES)<\/strong>.<\/p>\n<div id=\"attachment_1671\" style=\"width: 556px\" class=\"wp-caption aligncenter\"><img loading=\"lazy\" decoding=\"async\" aria-describedby=\"caption-attachment-1671\" class=\"size-full wp-image-1671\" src=\"http:\/\/cpeu.ffzg.unizg.hr\/wp-content\/uploads\/2020\/04\/04-test-jeke.png\" alt=\"\" width=\"546\" height=\"230\" srcset=\"https:\/\/cpeu.ffzg.unizg.hr\/wp-content\/uploads\/2020\/04\/04-test-jeke.png 546w, https:\/\/cpeu.ffzg.unizg.hr\/wp-content\/uploads\/2020\/04\/04-test-jeke-300x126.png 300w\" sizes=\"auto, (max-width: 546px) 100vw, 546px\" \/><p id=\"caption-attachment-1671\" class=\"wp-caption-text\">Slika Test jeke (en. echo test)<\/p><\/div>\n<p>U tom trenutku sudionici su spojeni na online obranu i moderator mo\u017ee s lijeve strane su\u010delja vidjeti ime i prezime svih prijavljenih. U ovoj situaciji moderatori su i mentor i \u010dlanovi povjerenstva i kandidat\/kandidatkinja. Ostali sudionici su slu\u0161atelji.<\/p>\n<h3>POSTAVLJANJE PREZENTACIJE<\/h3>\n<p>Kandidat\/kandidatkinja tada treba postaviti prezentaciju klikom na ikonu &#8220;<strong>+<\/strong>&#8221; dolje lijevo na su\u010delju<\/p>\n<div id=\"attachment_1704\" style=\"width: 538px\" class=\"wp-caption aligncenter\"><img loading=\"lazy\" decoding=\"async\" aria-describedby=\"caption-attachment-1704\" class=\"wp-image-1704 size-full\" src=\"http:\/\/cpeu.ffzg.unizg.hr\/wp-content\/uploads\/2020\/04\/upload-prezentacije-01.jpg\" alt=\"\" width=\"528\" height=\"71\" srcset=\"https:\/\/cpeu.ffzg.unizg.hr\/wp-content\/uploads\/2020\/04\/upload-prezentacije-01.jpg 528w, https:\/\/cpeu.ffzg.unizg.hr\/wp-content\/uploads\/2020\/04\/upload-prezentacije-01-300x40.jpg 300w\" sizes=\"auto, (max-width: 528px) 100vw, 528px\" \/><p id=\"caption-attachment-1704\" class=\"wp-caption-text\">Slika: Postavljanje prezentacije<\/p><\/div>\n<p>i potom klikom na &#8220;<strong>Manage presentations<\/strong>&#8220;.<\/p>\n<p><img loading=\"lazy\" decoding=\"async\" class=\"aligncenter size-full wp-image-2719\" src=\"http:\/\/cpeu.ffzg.unizg.hr\/wp-content\/uploads\/2021\/12\/Snip-BigBlueButton-BigBlueButton-proba-Mozilla-Firefo.png\" alt=\"\" width=\"294\" height=\"219\" \/><\/p>\n<p>Nakon pronalaska prezentacije na ra\u010dunalu, potrebno je kliknuti na poveznicu unutar okvira &#8220;<em>Drag files here to upload<\/em> <strong>or browse for files<\/strong>&#8220;, prona\u0107i \u017eeljenu datoteku (prezentaciju) i odabrati je za postavljanje (en. <em>upload<\/em>). Potom je potrebno na vrhu stranice kliknuti na plavi gumb &#8220;<strong>Upload<\/strong>&#8220;.<\/p>\n<p><img loading=\"lazy\" decoding=\"async\" class=\"aligncenter size-full wp-image-1708\" src=\"http:\/\/cpeu.ffzg.unizg.hr\/wp-content\/uploads\/2020\/04\/upload-prezentacije-03.jpg\" alt=\"\" width=\"637\" height=\"474\" srcset=\"https:\/\/cpeu.ffzg.unizg.hr\/wp-content\/uploads\/2020\/04\/upload-prezentacije-03.jpg 637w, https:\/\/cpeu.ffzg.unizg.hr\/wp-content\/uploads\/2020\/04\/upload-prezentacije-03-300x223.jpg 300w, https:\/\/cpeu.ffzg.unizg.hr\/wp-content\/uploads\/2020\/04\/upload-prezentacije-03-624x464.jpg 624w\" sizes=\"auto, (max-width: 637px) 100vw, 637px\" \/><\/p>\n<h3>UKLJU\u010cIVANJE KAMERE KANDIDATA \/ \u010cLANOVA POVJERENSTVA<\/h3>\n<p>U slu\u010daju da povjerenstvo \u017eeli da kandidat\/kandidatkinja odgovara uz video-prikaz, kandidat\/kandidatkinja mora u traci na dnu su\u010delja omogu\u0107iti pristup svojoj kameri klikom na ikonu kamere.<\/p>\n<div id=\"attachment_1710\" style=\"width: 538px\" class=\"wp-caption aligncenter\"><img loading=\"lazy\" decoding=\"async\" aria-describedby=\"caption-attachment-1710\" class=\"wp-image-1710 size-full\" src=\"http:\/\/cpeu.ffzg.unizg.hr\/wp-content\/uploads\/2020\/04\/omoguci-kameru.jpg\" alt=\"\" width=\"528\" height=\"71\" srcset=\"https:\/\/cpeu.ffzg.unizg.hr\/wp-content\/uploads\/2020\/04\/omoguci-kameru.jpg 528w, https:\/\/cpeu.ffzg.unizg.hr\/wp-content\/uploads\/2020\/04\/omoguci-kameru-300x40.jpg 300w\" sizes=\"auto, (max-width: 528px) 100vw, 528px\" \/><p id=\"caption-attachment-1710\" class=\"wp-caption-text\">Slika. Omogu\u0107avanje kamere<\/p><\/div>\n<h3>Video upute za kori\u0161tenje aktivnosti BigBlueButton<\/h3>\n<p>Video upute kako se koristiti aktivno\u0161\u0107u BigBlueButton su ovdje (<strong>napomena:<\/strong> ako obrana ne\u0107e biti snimana, presko\u010dite samo taj dio uputa (o pokretanju snimanja, a ostali dijelovi vrijede za ovu namjenu):<\/p>\n<p><iframe loading=\"lazy\" title=\"Omega - kori\u0161tenje BigBlueButton aktivnosti za snimanje predavanja\" width=\"625\" height=\"352\" src=\"https:\/\/www.youtube.com\/embed\/o4IMqsj5o44?feature=oembed\" frameborder=\"0\" allow=\"accelerometer; autoplay; clipboard-write; encrypted-media; gyroscope; picture-in-picture; web-share\" referrerpolicy=\"strict-origin-when-cross-origin\" allowfullscreen><\/iframe><\/p>\n<p>&nbsp;<\/p>\n","protected":false},"excerpt":{"rendered":"<p>PRIJAVA ODR\u017dAVANJA ONLINE OBRANE DIPLOMSKOG RADA (vezano uz sustav Omega) Pro\u010delnica\/pro\u010delnik ili tajnica Odsjeka moraju barem 72 sata prije termina online obrane diplomskog rada dostaviti sljede\u0107e informacije Centru za potporu e-u\u010denju FFZG na adresu e-po\u0161te cpeu@ffzg.hr: Ime, prezime, adresu e-po\u0161te kandidata Datum i vrijeme obrane Ime, prezime, adresu e-po\u0161te svih \u010dlanova povjerenstva i mentora Centar [&hellip;]<\/p>\n","protected":false},"author":1,"featured_media":0,"parent":62,"menu_order":0,"comment_status":"closed","ping_status":"closed","template":"","meta":{"footnotes":""},"class_list":["post-1699","page","type-page","status-publish","hentry"],"jetpack_sharing_enabled":true,"_links":{"self":[{"href":"https:\/\/cpeu.ffzg.unizg.hr\/index.php?rest_route=\/wp\/v2\/pages\/1699","targetHints":{"allow":["GET"]}}],"collection":[{"href":"https:\/\/cpeu.ffzg.unizg.hr\/index.php?rest_route=\/wp\/v2\/pages"}],"about":[{"href":"https:\/\/cpeu.ffzg.unizg.hr\/index.php?rest_route=\/wp\/v2\/types\/page"}],"author":[{"embeddable":true,"href":"https:\/\/cpeu.ffzg.unizg.hr\/index.php?rest_route=\/wp\/v2\/users\/1"}],"replies":[{"embeddable":true,"href":"https:\/\/cpeu.ffzg.unizg.hr\/index.php?rest_route=%2Fwp%2Fv2%2Fcomments&post=1699"}],"version-history":[{"count":10,"href":"https:\/\/cpeu.ffzg.unizg.hr\/index.php?rest_route=\/wp\/v2\/pages\/1699\/revisions"}],"predecessor-version":[{"id":3003,"href":"https:\/\/cpeu.ffzg.unizg.hr\/index.php?rest_route=\/wp\/v2\/pages\/1699\/revisions\/3003"}],"up":[{"embeddable":true,"href":"https:\/\/cpeu.ffzg.unizg.hr\/index.php?rest_route=\/wp\/v2\/pages\/62"}],"wp:attachment":[{"href":"https:\/\/cpeu.ffzg.unizg.hr\/index.php?rest_route=%2Fwp%2Fv2%2Fmedia&parent=1699"}],"curies":[{"name":"wp","href":"https:\/\/api.w.org\/{rel}","templated":true}]}}