{"id":1739,"date":"2020-04-28T15:08:22","date_gmt":"2020-04-28T14:08:22","guid":{"rendered":"http:\/\/cpeu.ffzg.unizg.hr\/?page_id=1739"},"modified":"2020-04-28T16:17:54","modified_gmt":"2020-04-28T15:17:54","slug":"upravljanje-sudionicima-u-aktivnosti-bigbluebutton","status":"publish","type":"page","link":"https:\/\/cpeu.ffzg.unizg.hr\/?page_id=1739","title":{"rendered":"Upravljanje sudionicima u aktivnosti BigBlueButton"},"content":{"rendered":"<p>Kao moderator imate mogu\u0107nost upravljanja gledateljima u svojoj sesiji u\u017eivo putem popisa sudionika (en. Users).<\/p>\n<p>Jednom kada se priklju\u010dite BigBlueButton sesiji, svi sudionici (moderator i gledatelj) pojavit \u0107e se na popisu sudionika s lijeve strane su\u010delja.<\/p>\n<div id=\"attachment_1740\" style=\"width: 651px\" class=\"wp-caption aligncenter\"><a href=\"http:\/\/cpeu.ffzg.unizg.hr\/wp-content\/uploads\/2020\/04\/Screen-Shot-2019-03-04-at-12.16.23-PM.png\"><img loading=\"lazy\" decoding=\"async\" aria-describedby=\"caption-attachment-1740\" class=\"wp-image-1740 size-full\" src=\"http:\/\/cpeu.ffzg.unizg.hr\/wp-content\/uploads\/2020\/04\/Screen-Shot-2019-03-04-at-12.16.23-PM.png\" alt=\"\" width=\"641\" height=\"376\" srcset=\"https:\/\/cpeu.ffzg.unizg.hr\/wp-content\/uploads\/2020\/04\/Screen-Shot-2019-03-04-at-12.16.23-PM.png 641w, https:\/\/cpeu.ffzg.unizg.hr\/wp-content\/uploads\/2020\/04\/Screen-Shot-2019-03-04-at-12.16.23-PM-300x176.png 300w, https:\/\/cpeu.ffzg.unizg.hr\/wp-content\/uploads\/2020\/04\/Screen-Shot-2019-03-04-at-12.16.23-PM-624x366.png 624w\" sizes=\"auto, (max-width: 641px) 100vw, 641px\" \/><\/a><p id=\"caption-attachment-1740\" class=\"wp-caption-text\">Popis sudionika<\/p><\/div>\n<p>Ako ne vidite da se popis sudionika pro\u0161irio, odaberite &#8220;<strong>User list<\/strong>&#8221; \/ &#8220;<strong>Chat toggle<\/strong>&#8221; <strong>[1]<\/strong> u gornjem lijevom kutu.<\/p>\n<div id=\"attachment_1742\" style=\"width: 363px\" class=\"wp-caption aligncenter\"><a href=\"http:\/\/cpeu.ffzg.unizg.hr\/wp-content\/uploads\/2020\/04\/Screen-Shot-2019-03-04-at-12.02.43-PM.png\"><img loading=\"lazy\" decoding=\"async\" aria-describedby=\"caption-attachment-1742\" class=\"wp-image-1742 size-full\" src=\"http:\/\/cpeu.ffzg.unizg.hr\/wp-content\/uploads\/2020\/04\/Screen-Shot-2019-03-04-at-12.02.43-PM.png\" alt=\"\" width=\"353\" height=\"261\" srcset=\"https:\/\/cpeu.ffzg.unizg.hr\/wp-content\/uploads\/2020\/04\/Screen-Shot-2019-03-04-at-12.02.43-PM.png 353w, https:\/\/cpeu.ffzg.unizg.hr\/wp-content\/uploads\/2020\/04\/Screen-Shot-2019-03-04-at-12.02.43-PM-300x222.png 300w\" sizes=\"auto, (max-width: 353px) 100vw, 353px\" \/><\/a><p id=\"caption-attachment-1742\" class=\"wp-caption-text\">Upravljanje sudionicima<\/p><\/div>\n<p>Moderatori imaju mogu\u0107nost upravljanja gledateljima u njihovim sesijama u\u017eivo na dva na\u010dina: <strong>Upravljanje svim sudionicima [1]<\/strong> ili <strong>Upravljanje pojedina\u010dnim sudionicima [2]<\/strong>.<\/p>\n<div id=\"attachment_1744\" style=\"width: 475px\" class=\"wp-caption aligncenter\"><a href=\"http:\/\/cpeu.ffzg.unizg.hr\/wp-content\/uploads\/2020\/04\/Screen-Shot-2019-03-04-at-12.29.33-PM.png\"><img loading=\"lazy\" decoding=\"async\" aria-describedby=\"caption-attachment-1744\" class=\"wp-image-1744 size-full\" src=\"http:\/\/cpeu.ffzg.unizg.hr\/wp-content\/uploads\/2020\/04\/Screen-Shot-2019-03-04-at-12.29.33-PM.png\" alt=\"\" width=\"465\" height=\"302\" srcset=\"https:\/\/cpeu.ffzg.unizg.hr\/wp-content\/uploads\/2020\/04\/Screen-Shot-2019-03-04-at-12.29.33-PM.png 465w, https:\/\/cpeu.ffzg.unizg.hr\/wp-content\/uploads\/2020\/04\/Screen-Shot-2019-03-04-at-12.29.33-PM-300x195.png 300w\" sizes=\"auto, (max-width: 465px) 100vw, 465px\" \/><\/a><p id=\"caption-attachment-1744\" class=\"wp-caption-text\">Upravljanje sudionicima<\/p><\/div>\n<p>Za upravljanje svim povezanim sudionicima, kliknite na ikonu zup\u010danika i odaberite ono \u0161to \u017eelite napraviti s popisa dostupnih opcija:<\/p>\n<ul>\n<li><strong>Clear all status icons [1]:<\/strong> bri\u0161e sve ikone statusa s sudioni\u010dkih avatara na popisu sudionika.<\/li>\n<li><strong>Mute all users [2]:<\/strong> isklju\u010duje mikrofone svim sudionicima sastanka, uklju\u010duju\u0107i moderatore. Svim sudionicima koji se pridru\u017ee nakon \u0161to je ova postavka omogu\u0107ena, mikrofon \u0107e biti automatski isklju\u010den nakon pridru\u017eivanja. Va\u017eno je napomenuti da primjena ove postavke na sudionicima putem popisa sudionika ne onemogu\u0107ava njihovu mogu\u0107nost ponovnog uklju\u010divanja mikrofona.<\/li>\n<li><strong>Mute all users except for presenter [3]:<\/strong> isklju\u010duje mikrofone svim sudionicima sastanka, osim sudionika sa statusom prezentera, uklju\u010duju\u0107i moderatore. Svim sudionicima koji se pridru\u017ee nakon \u0161to je ova postavka omogu\u0107ena, mikrofon \u0107e biti automatski isklju\u010den nakon pridru\u017eivanja. Va\u017eno je napomenuti da primjena ove postavke na sudionicima putem popisa sudionika ne onemogu\u0107ava njihovu mogu\u0107nost ponovnog uklju\u010divanja mikrofona.<\/li>\n<li><strong>Lock viewers [4]:<\/strong> zabranite gledateljima pristup postavkama ili kameri\/mikrofonu unutar BigBlueButton su\u010delja. Postavke zaklju\u010davanja ne odnose se na ostale moderatore.<\/li>\n<li><strong>Create breakout rooms [5]:<\/strong> stvorite i pokrenite prostorije za grupni rad (odvojen od glavne sesije).<\/li>\n<\/ul>\n<div id=\"attachment_1746\" style=\"width: 654px\" class=\"wp-caption aligncenter\"><a href=\"http:\/\/cpeu.ffzg.unizg.hr\/wp-content\/uploads\/2020\/04\/Screen-Shot-2019-03-04-at-3.03.23-PM.png\"><img loading=\"lazy\" decoding=\"async\" aria-describedby=\"caption-attachment-1746\" class=\"size-full wp-image-1746\" src=\"http:\/\/cpeu.ffzg.unizg.hr\/wp-content\/uploads\/2020\/04\/Screen-Shot-2019-03-04-at-3.03.23-PM.png\" alt=\"\" width=\"644\" height=\"353\" srcset=\"https:\/\/cpeu.ffzg.unizg.hr\/wp-content\/uploads\/2020\/04\/Screen-Shot-2019-03-04-at-3.03.23-PM.png 644w, https:\/\/cpeu.ffzg.unizg.hr\/wp-content\/uploads\/2020\/04\/Screen-Shot-2019-03-04-at-3.03.23-PM-300x164.png 300w, https:\/\/cpeu.ffzg.unizg.hr\/wp-content\/uploads\/2020\/04\/Screen-Shot-2019-03-04-at-3.03.23-PM-624x342.png 624w\" sizes=\"auto, (max-width: 644px) 100vw, 644px\" \/><\/a><p id=\"caption-attachment-1746\" class=\"wp-caption-text\">Upravljanje pojedina\u010dnim sudionikom<\/p><\/div>\n<p>Za upravljanje pojedina\u010dnim sudionikom odaberite njegov avatar (ikonu, ime i prezime) odaberite ono \u0161to \u017eelite napraviti s popisa dostupnih opcija:<\/p>\n<ul>\n<li><strong>Chat [1]:<\/strong> slanje privatne poruke odabranom sudioniku kroz chat.<\/li>\n<li><strong>Mute user [2]:<\/strong> ako odabrani sudionik ima uklju\u010den mikrofon (a ne bi trebao imati), ovako isti mo\u017eete isklju\u010diti. Va\u017eno je napomenuti da primjena ove postavke na sudionicima putem popisa sudionika ne onemogu\u0107ava njihovu mogu\u0107nost ponovnog uklju\u010divanja mikrofona.<\/li>\n<li><strong>Make presenter [3]:<\/strong> postavljanje odabranog sudionika za prezentera.<\/li>\n<li><strong>Remove user [4]:<\/strong> uklanjanje odabranog sudionika iz sesije. Va\u017eno je napomenuti da uklanjanje sudionika ne onemogu\u0107ava njihovu mogu\u0107nost ponovnog ulaska u sesiju.<\/li>\n<li><strong>Promote to moderator [5]:<\/strong> prebacite odabranog sudionika u ulogu moderatora.<\/li>\n<\/ul>\n<p>Izvor: <a href=\"https:\/\/support.blindsidenetworks.com\/hc\/en-us\/articles\/360024408892-Manage-viewers\" target=\"_blank\" rel=\"noopener noreferrer\" data-saferedirecturl=\"https:\/\/www.google.com\/url?q=https:\/\/support.blindsidenetworks.com\/hc\/en-us\/articles\/360024408892-Manage-viewers&amp;source=gmail&amp;ust=1588167899924000&amp;usg=AFQjCNGYHypgf2ldgsN09TkOKuV-Mr0T3w\">https:\/\/support.<wbr \/>blindsidenetworks.com\/hc\/en-<wbr \/>us\/articles\/360024408892-<wbr \/>Manage-viewers<\/a><\/p>\n","protected":false},"excerpt":{"rendered":"<p>Kao moderator imate mogu\u0107nost upravljanja gledateljima u svojoj sesiji u\u017eivo putem popisa sudionika (en. Users). Jednom kada se priklju\u010dite BigBlueButton sesiji, svi sudionici (moderator i gledatelj) pojavit \u0107e se na popisu sudionika s lijeve strane su\u010delja. Ako ne vidite da se popis sudionika pro\u0161irio, odaberite &#8220;User list&#8221; \/ &#8220;Chat toggle&#8221; [1] u gornjem lijevom kutu. [&hellip;]<\/p>\n","protected":false},"author":3,"featured_media":0,"parent":1321,"menu_order":0,"comment_status":"closed","ping_status":"closed","template":"","meta":{"footnotes":""},"class_list":["post-1739","page","type-page","status-publish","hentry"],"jetpack_sharing_enabled":true,"_links":{"self":[{"href":"https:\/\/cpeu.ffzg.unizg.hr\/index.php?rest_route=\/wp\/v2\/pages\/1739","targetHints":{"allow":["GET"]}}],"collection":[{"href":"https:\/\/cpeu.ffzg.unizg.hr\/index.php?rest_route=\/wp\/v2\/pages"}],"about":[{"href":"https:\/\/cpeu.ffzg.unizg.hr\/index.php?rest_route=\/wp\/v2\/types\/page"}],"author":[{"embeddable":true,"href":"https:\/\/cpeu.ffzg.unizg.hr\/index.php?rest_route=\/wp\/v2\/users\/3"}],"replies":[{"embeddable":true,"href":"https:\/\/cpeu.ffzg.unizg.hr\/index.php?rest_route=%2Fwp%2Fv2%2Fcomments&post=1739"}],"version-history":[{"count":3,"href":"https:\/\/cpeu.ffzg.unizg.hr\/index.php?rest_route=\/wp\/v2\/pages\/1739\/revisions"}],"predecessor-version":[{"id":1780,"href":"https:\/\/cpeu.ffzg.unizg.hr\/index.php?rest_route=\/wp\/v2\/pages\/1739\/revisions\/1780"}],"up":[{"embeddable":true,"href":"https:\/\/cpeu.ffzg.unizg.hr\/index.php?rest_route=\/wp\/v2\/pages\/1321"}],"wp:attachment":[{"href":"https:\/\/cpeu.ffzg.unizg.hr\/index.php?rest_route=%2Fwp%2Fv2%2Fmedia&parent=1739"}],"curies":[{"name":"wp","href":"https:\/\/api.w.org\/{rel}","templated":true}]}}