{"id":1757,"date":"2020-04-28T15:31:36","date_gmt":"2020-04-28T14:31:36","guid":{"rendered":"http:\/\/cpeu.ffzg.unizg.hr\/?page_id=1757"},"modified":"2020-04-28T16:16:27","modified_gmt":"2020-04-28T15:16:27","slug":"dodijeljivanje-i-uklanjanje-uloga-sudionicima-bigbluebutton-sesije","status":"publish","type":"page","link":"https:\/\/cpeu.ffzg.unizg.hr\/?page_id=1757","title":{"rendered":"Dodijeljivanje i uklanjanje uloga sudionicima BigBlueButton sesije"},"content":{"rendered":"<p>Kao moderator mo\u017eete dodijeliti ili ukloniti ulogu drugim sudionicima u predavanju u\u017eivo ili ukloniti sudionika iz predavanja (privremeno).<\/p>\n<p>Ako je sudionik u\u0161ao kao gledatelj, mo\u017eete promijeniti njegovu ulogu u ulogu moderatora ili promijeniti ulogu sudionika iz uloge moderatora u gledatelja.<\/p>\n<div id=\"attachment_1758\" style=\"width: 431px\" class=\"wp-caption aligncenter\"><a href=\"http:\/\/cpeu.ffzg.unizg.hr\/wp-content\/uploads\/2020\/04\/Screen-Shot-2019-02-28-at-2.19.37-PM.png\"><img loading=\"lazy\" decoding=\"async\" aria-describedby=\"caption-attachment-1758\" class=\"wp-image-1758 size-full\" src=\"http:\/\/cpeu.ffzg.unizg.hr\/wp-content\/uploads\/2020\/04\/Screen-Shot-2019-02-28-at-2.19.37-PM.png\" alt=\"\" width=\"421\" height=\"280\" srcset=\"https:\/\/cpeu.ffzg.unizg.hr\/wp-content\/uploads\/2020\/04\/Screen-Shot-2019-02-28-at-2.19.37-PM.png 421w, https:\/\/cpeu.ffzg.unizg.hr\/wp-content\/uploads\/2020\/04\/Screen-Shot-2019-02-28-at-2.19.37-PM-300x200.png 300w\" sizes=\"auto, (max-width: 421px) 100vw, 421px\" \/><\/a><p id=\"caption-attachment-1758\" class=\"wp-caption-text\">Izgled ikone kod moderatora odnosno gledatelja<\/p><\/div>\n<p>Moderatori se na popisu sudionika prikazuju <strong>kvadratnom ikonom [1]<\/strong>, dok se gledatelji na popisu sudionika prikazuju <strong>kru\u017enom ikonom [2]<\/strong>.<\/p>\n<p>Mogu\u0107i razlozi za prebacivanje gledatelja u ulogu moderatora:<\/p>\n<ul>\n<li>Dodjela uloge moderatora gostuju\u0107eg predava\u010du koji ulazi u sesiju omogu\u0107ava tom predava\u010du ve\u0107u kontrolu nad sesijom.<\/li>\n<li>Dodjela uloge moderatora sudioniku kojem je pogre\u0161no dodijeljena uloga gledatelja u sustavu Omega prilikom stvaranja aktivnosti.<\/li>\n<\/ul>\n<p>Mogu\u0107i razlozi za prebacivanje moderatora u ulogu gledatelja:<\/p>\n<ul>\n<li>Dodjela uloge gledatelja sudioniku kojem je pogre\u0161no dodijeljena uloga moderatora u sustavu Omega prilikom stvaranja aktivnosti.<\/li>\n<li>Dodjela uloge moderatora gledatelju<\/li>\n<\/ul>\n<div id=\"attachment_1760\" style=\"width: 577px\" class=\"wp-caption aligncenter\"><a href=\"http:\/\/cpeu.ffzg.unizg.hr\/wp-content\/uploads\/2020\/04\/Screen-Shot-2019-02-28-at-2.21.35-PM.png\"><img loading=\"lazy\" decoding=\"async\" aria-describedby=\"caption-attachment-1760\" class=\"wp-image-1760 size-full\" src=\"http:\/\/cpeu.ffzg.unizg.hr\/wp-content\/uploads\/2020\/04\/Screen-Shot-2019-02-28-at-2.21.35-PM.png\" alt=\"\" width=\"567\" height=\"303\" srcset=\"https:\/\/cpeu.ffzg.unizg.hr\/wp-content\/uploads\/2020\/04\/Screen-Shot-2019-02-28-at-2.21.35-PM.png 567w, https:\/\/cpeu.ffzg.unizg.hr\/wp-content\/uploads\/2020\/04\/Screen-Shot-2019-02-28-at-2.21.35-PM-300x160.png 300w\" sizes=\"auto, (max-width: 567px) 100vw, 567px\" \/><\/a><p id=\"caption-attachment-1760\" class=\"wp-caption-text\">Dodjela uloge moderatora gledatelju<\/p><\/div>\n<p>Kako biste gledatelju dodjelili ulogu moderatora, odaberite njegovu ikonu (ime i prezime) na popisu sudionika i odaberite &#8220;<strong>Promote to moderator<\/strong>&#8220;.<\/p>\n<p><a href=\"http:\/\/cpeu.ffzg.unizg.hr\/wp-content\/uploads\/2020\/04\/Screen-Shot-2019-02-28-at-2.20.40-PM.png\"><img loading=\"lazy\" decoding=\"async\" class=\"aligncenter size-full wp-image-1762\" src=\"http:\/\/cpeu.ffzg.unizg.hr\/wp-content\/uploads\/2020\/04\/Screen-Shot-2019-02-28-at-2.20.40-PM.png\" alt=\"\" width=\"288\" height=\"279\" \/><\/a>Ikona gledatelja bi trebala promijeniti oblik iz kruga u kvadrat kako bi time pokazali da sada imaju status moderatora.<\/p>\n<h3><strong>Dodjela uloge gledatelja moderatoru<\/strong><\/h3>\n<div id=\"attachment_1764\" style=\"width: 588px\" class=\"wp-caption aligncenter\"><a href=\"http:\/\/cpeu.ffzg.unizg.hr\/wp-content\/uploads\/2020\/04\/Screen-Shot-2019-02-28-at-2.14.36-PM.png\"><img loading=\"lazy\" decoding=\"async\" aria-describedby=\"caption-attachment-1764\" class=\"size-full wp-image-1764\" src=\"http:\/\/cpeu.ffzg.unizg.hr\/wp-content\/uploads\/2020\/04\/Screen-Shot-2019-02-28-at-2.14.36-PM.png\" alt=\"\" width=\"578\" height=\"301\" srcset=\"https:\/\/cpeu.ffzg.unizg.hr\/wp-content\/uploads\/2020\/04\/Screen-Shot-2019-02-28-at-2.14.36-PM.png 578w, https:\/\/cpeu.ffzg.unizg.hr\/wp-content\/uploads\/2020\/04\/Screen-Shot-2019-02-28-at-2.14.36-PM-300x156.png 300w\" sizes=\"auto, (max-width: 578px) 100vw, 578px\" \/><\/a><p id=\"caption-attachment-1764\" class=\"wp-caption-text\">Dodjela uloge gledatelja moderatoru<\/p><\/div>\n<p>Kako biste moderatoru dodijelili ulogu gledatelja, odaberite njegovu ikonu (ime i prezime) na popisu sudionika i odaberite opciju &#8220;<strong>Demote to viewer<\/strong>&#8220;.<\/p>\n<p><a href=\"http:\/\/cpeu.ffzg.unizg.hr\/wp-content\/uploads\/2020\/04\/Screen-Shot-2019-02-28-at-2.15.17-PM.png\"><img loading=\"lazy\" decoding=\"async\" class=\"aligncenter size-full wp-image-1766\" src=\"http:\/\/cpeu.ffzg.unizg.hr\/wp-content\/uploads\/2020\/04\/Screen-Shot-2019-02-28-at-2.15.17-PM.png\" alt=\"\" width=\"276\" height=\"274\" srcset=\"https:\/\/cpeu.ffzg.unizg.hr\/wp-content\/uploads\/2020\/04\/Screen-Shot-2019-02-28-at-2.15.17-PM.png 276w, https:\/\/cpeu.ffzg.unizg.hr\/wp-content\/uploads\/2020\/04\/Screen-Shot-2019-02-28-at-2.15.17-PM-150x150.png 150w\" sizes=\"auto, (max-width: 276px) 100vw, 276px\" \/><\/a>Ikona moderatora bi trebala promijeniti oblik iz kvadrata u krug kako bi se time pokazalo da sada imaju status gledatelj.<\/p>\n<h3>Izbacivanje sudionika<\/h3>\n<div id=\"attachment_1768\" style=\"width: 620px\" class=\"wp-caption aligncenter\"><a href=\"http:\/\/cpeu.ffzg.unizg.hr\/wp-content\/uploads\/2020\/04\/Screen-Shot-2019-02-28-at-2.23.14-PM.png\"><img loading=\"lazy\" decoding=\"async\" aria-describedby=\"caption-attachment-1768\" class=\"size-full wp-image-1768\" src=\"http:\/\/cpeu.ffzg.unizg.hr\/wp-content\/uploads\/2020\/04\/Screen-Shot-2019-02-28-at-2.23.14-PM.png\" alt=\"\" width=\"610\" height=\"366\" srcset=\"https:\/\/cpeu.ffzg.unizg.hr\/wp-content\/uploads\/2020\/04\/Screen-Shot-2019-02-28-at-2.23.14-PM.png 610w, https:\/\/cpeu.ffzg.unizg.hr\/wp-content\/uploads\/2020\/04\/Screen-Shot-2019-02-28-at-2.23.14-PM-300x180.png 300w\" sizes=\"auto, (max-width: 610px) 100vw, 610px\" \/><\/a><p id=\"caption-attachment-1768\" class=\"wp-caption-text\">Izbacivanje sudionika<\/p><\/div>\n<p>Kako biste izbacili sudionika iz sesije, odaberite njegovu ikonu na popisu sudionika i odaberite &#8220;<strong>Remove user<\/strong>&#8220;.<\/p>\n<p><strong>Va\u017eno je napomenuti da izbacivanje sudionika iz neke sesije ne ograni\u010dava mogu\u0107nost te osobe da ponovno u\u0111e u istu sesiju.<\/strong><\/p>\n<p>Izvor: <a href=\"https:\/\/support.blindsidenetworks.com\/hc\/en-us\/articles\/360024640331-Promote-demote-remove-a-user\" target=\"_blank\" rel=\"noopener noreferrer\" data-saferedirecturl=\"https:\/\/www.google.com\/url?q=https:\/\/support.blindsidenetworks.com\/hc\/en-us\/articles\/360024640331-Promote-demote-remove-a-user&amp;source=gmail&amp;ust=1588167899924000&amp;usg=AFQjCNGDbPx4pZh3OVZNsPsjSFcN9jrxQg\">https:\/\/support.<wbr \/>blindsidenetworks.com\/hc\/en-<wbr \/>us\/articles\/360024640331-<wbr \/>Promote-demote-remove-a-user<\/a><\/p>\n","protected":false},"excerpt":{"rendered":"<p>Kao moderator mo\u017eete dodijeliti ili ukloniti ulogu drugim sudionicima u predavanju u\u017eivo ili ukloniti sudionika iz predavanja (privremeno). Ako je sudionik u\u0161ao kao gledatelj, mo\u017eete promijeniti njegovu ulogu u ulogu moderatora ili promijeniti ulogu sudionika iz uloge moderatora u gledatelja. Moderatori se na popisu sudionika prikazuju kvadratnom ikonom [1], dok se gledatelji na popisu sudionika [&hellip;]<\/p>\n","protected":false},"author":3,"featured_media":0,"parent":1321,"menu_order":0,"comment_status":"closed","ping_status":"closed","template":"","meta":{"footnotes":""},"class_list":["post-1757","page","type-page","status-publish","hentry"],"jetpack_sharing_enabled":true,"_links":{"self":[{"href":"https:\/\/cpeu.ffzg.unizg.hr\/index.php?rest_route=\/wp\/v2\/pages\/1757","targetHints":{"allow":["GET"]}}],"collection":[{"href":"https:\/\/cpeu.ffzg.unizg.hr\/index.php?rest_route=\/wp\/v2\/pages"}],"about":[{"href":"https:\/\/cpeu.ffzg.unizg.hr\/index.php?rest_route=\/wp\/v2\/types\/page"}],"author":[{"embeddable":true,"href":"https:\/\/cpeu.ffzg.unizg.hr\/index.php?rest_route=\/wp\/v2\/users\/3"}],"replies":[{"embeddable":true,"href":"https:\/\/cpeu.ffzg.unizg.hr\/index.php?rest_route=%2Fwp%2Fv2%2Fcomments&post=1757"}],"version-history":[{"count":2,"href":"https:\/\/cpeu.ffzg.unizg.hr\/index.php?rest_route=\/wp\/v2\/pages\/1757\/revisions"}],"predecessor-version":[{"id":1776,"href":"https:\/\/cpeu.ffzg.unizg.hr\/index.php?rest_route=\/wp\/v2\/pages\/1757\/revisions\/1776"}],"up":[{"embeddable":true,"href":"https:\/\/cpeu.ffzg.unizg.hr\/index.php?rest_route=\/wp\/v2\/pages\/1321"}],"wp:attachment":[{"href":"https:\/\/cpeu.ffzg.unizg.hr\/index.php?rest_route=%2Fwp%2Fv2%2Fmedia&parent=1757"}],"curies":[{"name":"wp","href":"https:\/\/api.w.org\/{rel}","templated":true}]}}