{"id":1922,"date":"2020-05-05T21:06:20","date_gmt":"2020-05-05T20:06:20","guid":{"rendered":"http:\/\/cpeu.ffzg.unizg.hr\/?page_id=1922"},"modified":"2020-05-05T21:06:20","modified_gmt":"2020-05-05T20:06:20","slug":"brisanje-poruka-u-chatu-aktivnosti-bigbluebutton","status":"publish","type":"page","link":"https:\/\/cpeu.ffzg.unizg.hr\/?page_id=1922","title":{"rendered":"Brisanje poruka u chatu aktivnosti BigBlueButton"},"content":{"rendered":"<p>Samo moderatori imaju mogu\u0107nost izbrisati poruke u javnom chatu.<\/p>\n<p>Svi sudionici u BigBlueButtonu mogu kopirati poruke iz javnog chata na svoje ra\u010dunalo ili preuzeti sve poruke s javnog chata, ali samo moderatori mogu izbrisati sve poruke u javnom chatu.<\/p>\n<h3>Kako se bri\u0161e javni chat<\/h3>\n<p>Pro\u0161irite <strong>prozor za chat<\/strong> [1] ako ve\u0107 prethodno nije vidljiv, a zatim otvorite &#8220;<strong>Public chat window<\/strong>&#8221; (izbornik javnog chata) [2] koji se nalazi u gornjem desnom kutu panela za chat.<\/p>\n<div id=\"attachment_1923\" style=\"width: 1229px\" class=\"wp-caption aligncenter\"><a href=\"http:\/\/cpeu.ffzg.unizg.hr\/wp-content\/uploads\/2020\/05\/Screen-Shot-2019-03-05-at-1.40.21-PM.png\"><img loading=\"lazy\" decoding=\"async\" aria-describedby=\"caption-attachment-1923\" class=\"wp-image-1923 size-full\" src=\"http:\/\/cpeu.ffzg.unizg.hr\/wp-content\/uploads\/2020\/05\/Screen-Shot-2019-03-05-at-1.40.21-PM.png\" alt=\"\" width=\"1219\" height=\"424\" srcset=\"https:\/\/cpeu.ffzg.unizg.hr\/wp-content\/uploads\/2020\/05\/Screen-Shot-2019-03-05-at-1.40.21-PM.png 1219w, https:\/\/cpeu.ffzg.unizg.hr\/wp-content\/uploads\/2020\/05\/Screen-Shot-2019-03-05-at-1.40.21-PM-300x104.png 300w, https:\/\/cpeu.ffzg.unizg.hr\/wp-content\/uploads\/2020\/05\/Screen-Shot-2019-03-05-at-1.40.21-PM-1024x356.png 1024w, https:\/\/cpeu.ffzg.unizg.hr\/wp-content\/uploads\/2020\/05\/Screen-Shot-2019-03-05-at-1.40.21-PM-768x267.png 768w, https:\/\/cpeu.ffzg.unizg.hr\/wp-content\/uploads\/2020\/05\/Screen-Shot-2019-03-05-at-1.40.21-PM-624x217.png 624w\" sizes=\"auto, (max-width: 1219px) 100vw, 1219px\" \/><\/a><p id=\"caption-attachment-1923\" class=\"wp-caption-text\">Otvaranje izbornika javnog chata<\/p><\/div>\n<p>Odaberite &#8220;<strong>Clear<\/strong>&#8221; (izbri\u0161i) [3] s popisa opcija.<\/p>\n<div id=\"attachment_1925\" style=\"width: 331px\" class=\"wp-caption aligncenter\"><a href=\"http:\/\/cpeu.ffzg.unizg.hr\/wp-content\/uploads\/2020\/05\/Screen-Shot-2019-03-05-at-1.40.26-PM.png\"><img loading=\"lazy\" decoding=\"async\" aria-describedby=\"caption-attachment-1925\" class=\"size-full wp-image-1925\" src=\"http:\/\/cpeu.ffzg.unizg.hr\/wp-content\/uploads\/2020\/05\/Screen-Shot-2019-03-05-at-1.40.26-PM.png\" alt=\"\" width=\"321\" height=\"220\" srcset=\"https:\/\/cpeu.ffzg.unizg.hr\/wp-content\/uploads\/2020\/05\/Screen-Shot-2019-03-05-at-1.40.26-PM.png 321w, https:\/\/cpeu.ffzg.unizg.hr\/wp-content\/uploads\/2020\/05\/Screen-Shot-2019-03-05-at-1.40.26-PM-300x206.png 300w\" sizes=\"auto, (max-width: 321px) 100vw, 321px\" \/><\/a><p id=\"caption-attachment-1925\" class=\"wp-caption-text\">Brisanje javnog chata<\/p><\/div>\n<p>Va\u017eno je napomenuti da se brisanje javnog chata ne mo\u017ee poni\u0161titi i da \u0107e nepovratno izbrisati sve poruke.<\/p>\n<p>Izvor: <a href=\"https:\/\/support.blindsidenetworks.com\/hc\/en-us\/articles\/360024860211-Clear-the-public-chat-\" target=\"_blank\" rel=\"noopener noreferrer\" data-saferedirecturl=\"https:\/\/www.google.com\/url?q=https:\/\/support.blindsidenetworks.com\/hc\/en-us\/articles\/360024860211-Clear-the-public-chat-&amp;source=gmail&amp;ust=1588767938181000&amp;usg=AFQjCNF8aP9ydGfwX9kNyWFWc9K-FhtpMw\">https:\/\/support.<wbr \/>blindsidenetworks.com\/hc\/en-<wbr \/>us\/articles\/360024860211-<wbr \/>Clear-the-public-chat-<\/a><\/p>\n","protected":false},"excerpt":{"rendered":"<p>Samo moderatori imaju mogu\u0107nost izbrisati poruke u javnom chatu. Svi sudionici u BigBlueButtonu mogu kopirati poruke iz javnog chata na svoje ra\u010dunalo ili preuzeti sve poruke s javnog chata, ali samo moderatori mogu izbrisati sve poruke u javnom chatu. Kako se bri\u0161e javni chat Pro\u0161irite prozor za chat [1] ako ve\u0107 prethodno nije vidljiv, a [&hellip;]<\/p>\n","protected":false},"author":3,"featured_media":0,"parent":1321,"menu_order":0,"comment_status":"closed","ping_status":"closed","template":"","meta":{"footnotes":""},"class_list":["post-1922","page","type-page","status-publish","hentry"],"jetpack_sharing_enabled":true,"_links":{"self":[{"href":"https:\/\/cpeu.ffzg.unizg.hr\/index.php?rest_route=\/wp\/v2\/pages\/1922","targetHints":{"allow":["GET"]}}],"collection":[{"href":"https:\/\/cpeu.ffzg.unizg.hr\/index.php?rest_route=\/wp\/v2\/pages"}],"about":[{"href":"https:\/\/cpeu.ffzg.unizg.hr\/index.php?rest_route=\/wp\/v2\/types\/page"}],"author":[{"embeddable":true,"href":"https:\/\/cpeu.ffzg.unizg.hr\/index.php?rest_route=\/wp\/v2\/users\/3"}],"replies":[{"embeddable":true,"href":"https:\/\/cpeu.ffzg.unizg.hr\/index.php?rest_route=%2Fwp%2Fv2%2Fcomments&post=1922"}],"version-history":[{"count":1,"href":"https:\/\/cpeu.ffzg.unizg.hr\/index.php?rest_route=\/wp\/v2\/pages\/1922\/revisions"}],"predecessor-version":[{"id":1927,"href":"https:\/\/cpeu.ffzg.unizg.hr\/index.php?rest_route=\/wp\/v2\/pages\/1922\/revisions\/1927"}],"up":[{"embeddable":true,"href":"https:\/\/cpeu.ffzg.unizg.hr\/index.php?rest_route=\/wp\/v2\/pages\/1321"}],"wp:attachment":[{"href":"https:\/\/cpeu.ffzg.unizg.hr\/index.php?rest_route=%2Fwp%2Fv2%2Fmedia&parent=1922"}],"curies":[{"name":"wp","href":"https:\/\/api.w.org\/{rel}","templated":true}]}}