{"id":1944,"date":"2020-05-05T22:18:11","date_gmt":"2020-05-05T21:18:11","guid":{"rendered":"http:\/\/cpeu.ffzg.unizg.hr\/?page_id=1944"},"modified":"2020-05-05T22:18:11","modified_gmt":"2020-05-05T21:18:11","slug":"koristenje-anketa-u-aktivnosti-bigbluebutton","status":"publish","type":"page","link":"https:\/\/cpeu.ffzg.unizg.hr\/?page_id=1944","title":{"rendered":"Kori\u0161tenje anketa u aktivnosti BigBlueButton"},"content":{"rendered":"<p>Prezenteri u aktivnosti BigBlueButton mogu pokrenuti ankete tijekom cijele sesije u\u017eivo; sudionici mogu odgovoriti na upit i sudjelovati u anketi.<\/p>\n<p>Kao prezenter, ankete je mogu\u0107e koristiti kako bi anga\u017eirali studente, obavili kra\u0107e provjere ili za prikupljanje podataka o \u00a0sudionicima sesije.<span class=\"im\"><\/p>\n<p>Prema zadanim postavkama, prvi moderator koji ulazi u sesiju BigBlueButton dobiva ulogu prezentera; ako ste gledatelj, morat \u0107ete zatra\u017eiti status prezentera od moderatora.<\/span><\/p>\n<div id=\"attachment_1945\" style=\"width: 290px\" class=\"wp-caption aligncenter\"><a href=\"http:\/\/cpeu.ffzg.unizg.hr\/wp-content\/uploads\/2020\/05\/Screen-Shot-2019-03-11-at-4.49.05-PM-2.png\"><img loading=\"lazy\" decoding=\"async\" aria-describedby=\"caption-attachment-1945\" class=\"size-full wp-image-1945\" src=\"http:\/\/cpeu.ffzg.unizg.hr\/wp-content\/uploads\/2020\/05\/Screen-Shot-2019-03-11-at-4.49.05-PM-2.png\" alt=\"\" width=\"280\" height=\"217\" \/><\/a><p id=\"caption-attachment-1945\" class=\"wp-caption-text\">Izgled ikone prezentera<\/p><\/div>\n<p><span class=\"im\">Kad korisnik ima ulogu prezentera, ikona prezentera pojavit \u0107e se iznad njegovog avatara na popisu korisnika.<\/span><\/p>\n<h4>Pokretanje ankete<\/h4>\n<div id=\"attachment_1947\" style=\"width: 375px\" class=\"wp-caption aligncenter\"><a href=\"http:\/\/cpeu.ffzg.unizg.hr\/wp-content\/uploads\/2020\/05\/Screen-Shot-2019-04-03-at-10.48.07-AM.png\"><img loading=\"lazy\" decoding=\"async\" aria-describedby=\"caption-attachment-1947\" class=\"wp-image-1947 size-full\" src=\"http:\/\/cpeu.ffzg.unizg.hr\/wp-content\/uploads\/2020\/05\/Screen-Shot-2019-04-03-at-10.48.07-AM.png\" alt=\"\" width=\"365\" height=\"302\" srcset=\"https:\/\/cpeu.ffzg.unizg.hr\/wp-content\/uploads\/2020\/05\/Screen-Shot-2019-04-03-at-10.48.07-AM.png 365w, https:\/\/cpeu.ffzg.unizg.hr\/wp-content\/uploads\/2020\/05\/Screen-Shot-2019-04-03-at-10.48.07-AM-300x248.png 300w\" sizes=\"auto, (max-width: 365px) 100vw, 365px\" \/><\/a><p id=\"caption-attachment-1947\" class=\"wp-caption-text\">Izbornik Actions<\/p><\/div>\n<p>Odaberite izbornik &#8220;<strong>Actions<\/strong>&#8221; (akcije) [1] u donjem lijevom kutu prezentacijskog prozora, a potom kliknite na &#8220;<strong>Start a poll<\/strong>&#8221; (pokrenite anketu) [2].<\/p>\n<div id=\"attachment_1949\" style=\"width: 930px\" class=\"wp-caption aligncenter\"><a href=\"http:\/\/cpeu.ffzg.unizg.hr\/wp-content\/uploads\/2020\/05\/Screen-Shot-2019-03-13-at-4.09.21-PM.png\"><img loading=\"lazy\" decoding=\"async\" aria-describedby=\"caption-attachment-1949\" class=\"size-full wp-image-1949\" src=\"http:\/\/cpeu.ffzg.unizg.hr\/wp-content\/uploads\/2020\/05\/Screen-Shot-2019-03-13-at-4.09.21-PM.png\" alt=\"\" width=\"920\" height=\"460\" srcset=\"https:\/\/cpeu.ffzg.unizg.hr\/wp-content\/uploads\/2020\/05\/Screen-Shot-2019-03-13-at-4.09.21-PM.png 920w, https:\/\/cpeu.ffzg.unizg.hr\/wp-content\/uploads\/2020\/05\/Screen-Shot-2019-03-13-at-4.09.21-PM-300x150.png 300w, https:\/\/cpeu.ffzg.unizg.hr\/wp-content\/uploads\/2020\/05\/Screen-Shot-2019-03-13-at-4.09.21-PM-768x384.png 768w, https:\/\/cpeu.ffzg.unizg.hr\/wp-content\/uploads\/2020\/05\/Screen-Shot-2019-03-13-at-4.09.21-PM-624x312.png 624w\" sizes=\"auto, (max-width: 920px) 100vw, 920px\" \/><\/a><p id=\"caption-attachment-1949\" class=\"wp-caption-text\">Izbornik za kreiranje ankete<\/p><\/div>\n<p>Izbornik ankete otvorit \u0107e se s nekoliko opcija. Za pokretanje ankete potrebno je koristiti opciju &#8220;<strong>Quick or Custom Poll<\/strong>&#8221; (brza ili prilago\u0111ena anketa) [5].<\/p>\n<p>Kako sudionici odgovaraju na anketu, rezultati se prisutnima prikazuju u bira\u010dkom izborniku.<\/p>\n<div id=\"attachment_1951\" style=\"width: 684px\" class=\"wp-caption aligncenter\"><a href=\"http:\/\/cpeu.ffzg.unizg.hr\/wp-content\/uploads\/2020\/05\/Screen-Shot-2019-03-13-at-11.48.06-AM.png\"><img loading=\"lazy\" decoding=\"async\" aria-describedby=\"caption-attachment-1951\" class=\"size-full wp-image-1951\" src=\"http:\/\/cpeu.ffzg.unizg.hr\/wp-content\/uploads\/2020\/05\/Screen-Shot-2019-03-13-at-11.48.06-AM.png\" alt=\"\" width=\"674\" height=\"625\" srcset=\"https:\/\/cpeu.ffzg.unizg.hr\/wp-content\/uploads\/2020\/05\/Screen-Shot-2019-03-13-at-11.48.06-AM.png 674w, https:\/\/cpeu.ffzg.unizg.hr\/wp-content\/uploads\/2020\/05\/Screen-Shot-2019-03-13-at-11.48.06-AM-300x278.png 300w, https:\/\/cpeu.ffzg.unizg.hr\/wp-content\/uploads\/2020\/05\/Screen-Shot-2019-03-13-at-11.48.06-AM-624x579.png 624w\" sizes=\"auto, (max-width: 674px) 100vw, 674px\" \/><\/a><p id=\"caption-attachment-1951\" class=\"wp-caption-text\">Rezultati ankete<\/p><\/div>\n<p>BigBlueButton rezultate anketiranja prikazuje na dva na\u010dina: &#8220;<strong>Anonymized results<\/strong>&#8221; (anonimni rezultati) [1] i &#8220;<strong>Individual user responses<\/strong>&#8221; (pojedina\u010dni odgovori korisnika) [3].<\/p>\n<p>Anonimni rezultati mogu se klikom na &#8220;<strong>Publish poll<\/strong>&#8221; [2] objaviti na dijelu su\u010delja namijenjenom prezentaciji.<\/p>\n<div id=\"attachment_1953\" style=\"width: 922px\" class=\"wp-caption aligncenter\"><a href=\"http:\/\/cpeu.ffzg.unizg.hr\/wp-content\/uploads\/2020\/05\/Screen-Shot-2019-03-13-at-11.53.24-AM.png\"><img loading=\"lazy\" decoding=\"async\" aria-describedby=\"caption-attachment-1953\" class=\"size-full wp-image-1953\" src=\"http:\/\/cpeu.ffzg.unizg.hr\/wp-content\/uploads\/2020\/05\/Screen-Shot-2019-03-13-at-11.53.24-AM.png\" alt=\"\" width=\"912\" height=\"589\" srcset=\"https:\/\/cpeu.ffzg.unizg.hr\/wp-content\/uploads\/2020\/05\/Screen-Shot-2019-03-13-at-11.53.24-AM.png 912w, https:\/\/cpeu.ffzg.unizg.hr\/wp-content\/uploads\/2020\/05\/Screen-Shot-2019-03-13-at-11.53.24-AM-300x194.png 300w, https:\/\/cpeu.ffzg.unizg.hr\/wp-content\/uploads\/2020\/05\/Screen-Shot-2019-03-13-at-11.53.24-AM-768x496.png 768w, https:\/\/cpeu.ffzg.unizg.hr\/wp-content\/uploads\/2020\/05\/Screen-Shot-2019-03-13-at-11.53.24-AM-624x403.png 624w\" sizes=\"auto, (max-width: 912px) 100vw, 912px\" \/><\/a><p id=\"caption-attachment-1953\" class=\"wp-caption-text\">Prikaz rezultata ankete<\/p><\/div>\n<p>Jednom kad su rezultati objavljeni, mogu\u0107nost odgovora vi\u0161e ne\u0107e biti dostupna sudionicima. Rezultati \u0107e se objaviti u donjem desnom kutu zaslona; objavljeni rezultati pojavljuju se kao napomene i bit \u0107e vidljivi u kasnijoj reprodukciji snimke.<\/p>\n<div id=\"attachment_1955\" style=\"width: 658px\" class=\"wp-caption aligncenter\"><a href=\"http:\/\/cpeu.ffzg.unizg.hr\/wp-content\/uploads\/2020\/05\/Screen-Shot-2019-03-13-at-4.12.41-PM.png\"><img loading=\"lazy\" decoding=\"async\" aria-describedby=\"caption-attachment-1955\" class=\"size-full wp-image-1955\" src=\"http:\/\/cpeu.ffzg.unizg.hr\/wp-content\/uploads\/2020\/05\/Screen-Shot-2019-03-13-at-4.12.41-PM.png\" alt=\"\" width=\"648\" height=\"614\" srcset=\"https:\/\/cpeu.ffzg.unizg.hr\/wp-content\/uploads\/2020\/05\/Screen-Shot-2019-03-13-at-4.12.41-PM.png 648w, https:\/\/cpeu.ffzg.unizg.hr\/wp-content\/uploads\/2020\/05\/Screen-Shot-2019-03-13-at-4.12.41-PM-300x284.png 300w, https:\/\/cpeu.ffzg.unizg.hr\/wp-content\/uploads\/2020\/05\/Screen-Shot-2019-03-13-at-4.12.41-PM-624x591.png 624w\" sizes=\"auto, (max-width: 648px) 100vw, 648px\" \/><\/a><p id=\"caption-attachment-1955\" class=\"wp-caption-text\">Zatvaranje izbornika s anketom<\/p><\/div>\n<p>Odaberite &#8220;<strong>&lt;<\/strong>&#8221; [1] kako biste smanjili izbornik s anketom ili &#8220;<strong>X<\/strong>&#8221; u gornjem desnom kutu izbornika [2] kako biste ga zatvorili.<\/p>\n<p>Kako biste nastavili s drugom anketom, odaberite opciju &#8220;<strong>Back to polling options<\/strong>&#8221; (natrag na \u00a0opcije ankete) [3].<\/p>\n<p><a href=\"http:\/\/cpeu.ffzg.unizg.hr\/wp-content\/uploads\/2020\/05\/Screen-Shot-2019-03-13-at-11.42.51-AM.png\"><img loading=\"lazy\" decoding=\"async\" class=\"aligncenter size-full wp-image-1957\" src=\"http:\/\/cpeu.ffzg.unizg.hr\/wp-content\/uploads\/2020\/05\/Screen-Shot-2019-03-13-at-11.42.51-AM.png\" alt=\"\" width=\"266\" height=\"447\" srcset=\"https:\/\/cpeu.ffzg.unizg.hr\/wp-content\/uploads\/2020\/05\/Screen-Shot-2019-03-13-at-11.42.51-AM.png 266w, https:\/\/cpeu.ffzg.unizg.hr\/wp-content\/uploads\/2020\/05\/Screen-Shot-2019-03-13-at-11.42.51-AM-179x300.png 179w\" sizes=\"auto, (max-width: 266px) 100vw, 266px\" \/><\/a><\/p>\n<p>Kada je minimiziran, izbornik ankete pojavit \u0107e se ispod poruka, a iznad popisa korisnika. Potrebno ga je odabrati (kliknuti na njega) kako bi se ponovo otvorio, tj. kako bi se nastavila primjena ankete.<\/p>\n<h4>Brza anketa<\/h4>\n<p>Najjednostavniji oblik ankete je <strong>Brza anketa<\/strong> (en. Quick poll) u kojoj prezenter postavlja usmeno pitanje putem mikrofona.<\/p>\n<p>Brze ankete odli\u010dan su na\u010din za dobivanje odgovora na pitanje vrste \u201e<strong>Da\/Ne<\/strong>\u201c ili brzo postavljanje ad-hoc pitanja u tijekom sesije u\u017eivo.<\/p>\n<div id=\"attachment_1959\" style=\"width: 553px\" class=\"wp-caption aligncenter\"><a href=\"http:\/\/cpeu.ffzg.unizg.hr\/wp-content\/uploads\/2020\/05\/Screen-Shot-2019-03-13-at-4.18.36-PM.png\"><img loading=\"lazy\" decoding=\"async\" aria-describedby=\"caption-attachment-1959\" class=\"size-full wp-image-1959\" src=\"http:\/\/cpeu.ffzg.unizg.hr\/wp-content\/uploads\/2020\/05\/Screen-Shot-2019-03-13-at-4.18.36-PM.png\" alt=\"\" width=\"543\" height=\"438\" srcset=\"https:\/\/cpeu.ffzg.unizg.hr\/wp-content\/uploads\/2020\/05\/Screen-Shot-2019-03-13-at-4.18.36-PM.png 543w, https:\/\/cpeu.ffzg.unizg.hr\/wp-content\/uploads\/2020\/05\/Screen-Shot-2019-03-13-at-4.18.36-PM-300x242.png 300w\" sizes=\"auto, (max-width: 543px) 100vw, 543px\" \/><\/a><p id=\"caption-attachment-1959\" class=\"wp-caption-text\">Brza anketa<\/p><\/div>\n<p>Nakon postavljanja pitanja, mogu\u0107e je odabrati odgovaraju\u0107i odgovor s popisa opcija za brzu anketu (en. quick polling options).<\/p>\n<h4>Prilago\u0111ena anketa<\/h4>\n<p>Prezenter mo\u017ee stvoriti prilago\u0111enu anketu tijekom sesije u\u017eivo za unos odre\u0111enih opcija za biranje koje nisu navedene na popisu opcija za brzu anketu.<\/p>\n<p>Prezenter \u0107e i dalje postaviti pitanje usmeno, kori\u0161tenjem mikrofona.<\/p>\n<div id=\"attachment_1961\" style=\"width: 557px\" class=\"wp-caption aligncenter\"><a href=\"http:\/\/cpeu.ffzg.unizg.hr\/wp-content\/uploads\/2020\/05\/Screen-Shot-2019-03-13-at-4.29.02-PM.png\"><img loading=\"lazy\" decoding=\"async\" aria-describedby=\"caption-attachment-1961\" class=\"size-full wp-image-1961\" src=\"http:\/\/cpeu.ffzg.unizg.hr\/wp-content\/uploads\/2020\/05\/Screen-Shot-2019-03-13-at-4.29.02-PM.png\" alt=\"\" width=\"547\" height=\"465\" srcset=\"https:\/\/cpeu.ffzg.unizg.hr\/wp-content\/uploads\/2020\/05\/Screen-Shot-2019-03-13-at-4.29.02-PM.png 547w, https:\/\/cpeu.ffzg.unizg.hr\/wp-content\/uploads\/2020\/05\/Screen-Shot-2019-03-13-at-4.29.02-PM-300x255.png 300w\" sizes=\"auto, (max-width: 547px) 100vw, 547px\" \/><\/a><p id=\"caption-attachment-1961\" class=\"wp-caption-text\">Prilago\u0111ena anketa<\/p><\/div>\n<p>Potrebno je odabrati &#8220;<strong>Custom poll<\/strong>&#8221; (prilago\u0111ena anketa) [1] u izborniku ankete.<\/p>\n<div id=\"attachment_1963\" style=\"width: 695px\" class=\"wp-caption aligncenter\"><a href=\"http:\/\/cpeu.ffzg.unizg.hr\/wp-content\/uploads\/2020\/05\/Screen-Shot-2019-03-13-at-4.26.33-PM.png\"><img loading=\"lazy\" decoding=\"async\" aria-describedby=\"caption-attachment-1963\" class=\"size-full wp-image-1963\" src=\"http:\/\/cpeu.ffzg.unizg.hr\/wp-content\/uploads\/2020\/05\/Screen-Shot-2019-03-13-at-4.26.33-PM.png\" alt=\"\" width=\"685\" height=\"723\" srcset=\"https:\/\/cpeu.ffzg.unizg.hr\/wp-content\/uploads\/2020\/05\/Screen-Shot-2019-03-13-at-4.26.33-PM.png 685w, https:\/\/cpeu.ffzg.unizg.hr\/wp-content\/uploads\/2020\/05\/Screen-Shot-2019-03-13-at-4.26.33-PM-284x300.png 284w, https:\/\/cpeu.ffzg.unizg.hr\/wp-content\/uploads\/2020\/05\/Screen-Shot-2019-03-13-at-4.26.33-PM-624x659.png 624w\" sizes=\"auto, (max-width: 685px) 100vw, 685px\" \/><\/a><p id=\"caption-attachment-1963\" class=\"wp-caption-text\">Kreiranje prilago\u0111ene ankete<\/p><\/div>\n<p>Mogu\u0107e je unijeti do pet (5) prilago\u0111enih odgovora u polja za unos (en. Input fields) [2], a potom je potrebno kliknuti na &#8220;<strong>Start custom poll<\/strong>&#8221; (pokretanje prilago\u0111ene ankete) [3] za pokretanje ankete.<\/p>\n<h4>Pametni slajdovi<\/h4>\n<p>Pametni slajdovi omogu\u0107avaju prezenteru da unaprijed pripremi slajd za glasanje unutar svoje prezentacije.<\/p>\n<p>Kori\u0161tenjem pametnih slajdova aktivnost BigBlueButton otkriva kada je postavljeno anketno pitanje i pru\u017ea prezenteru mogu\u0107nost uspostave brze ankete.<\/p>\n<div id=\"attachment_1965\" style=\"width: 1355px\" class=\"wp-caption aligncenter\"><a href=\"http:\/\/cpeu.ffzg.unizg.hr\/wp-content\/uploads\/2020\/05\/Screen-Shot-2019-03-14-at-3.03.17-PM.png\"><img loading=\"lazy\" decoding=\"async\" aria-describedby=\"caption-attachment-1965\" class=\"size-full wp-image-1965\" src=\"http:\/\/cpeu.ffzg.unizg.hr\/wp-content\/uploads\/2020\/05\/Screen-Shot-2019-03-14-at-3.03.17-PM.png\" alt=\"\" width=\"1345\" height=\"680\" srcset=\"https:\/\/cpeu.ffzg.unizg.hr\/wp-content\/uploads\/2020\/05\/Screen-Shot-2019-03-14-at-3.03.17-PM.png 1345w, https:\/\/cpeu.ffzg.unizg.hr\/wp-content\/uploads\/2020\/05\/Screen-Shot-2019-03-14-at-3.03.17-PM-300x152.png 300w, https:\/\/cpeu.ffzg.unizg.hr\/wp-content\/uploads\/2020\/05\/Screen-Shot-2019-03-14-at-3.03.17-PM-1024x518.png 1024w, https:\/\/cpeu.ffzg.unizg.hr\/wp-content\/uploads\/2020\/05\/Screen-Shot-2019-03-14-at-3.03.17-PM-768x388.png 768w, https:\/\/cpeu.ffzg.unizg.hr\/wp-content\/uploads\/2020\/05\/Screen-Shot-2019-03-14-at-3.03.17-PM-624x315.png 624w\" sizes=\"auto, (max-width: 1345px) 100vw, 1345px\" \/><\/a><p id=\"caption-attachment-1965\" class=\"wp-caption-text\">Kreiranje pametnoga slajda<\/p><\/div>\n<p>Kako bi stvorili pametne slajdove, potrebno je koristiti format: &#8220;pitanje&#8221;, a zatim slijede &#8220;mogu\u0107nosti odgovora&#8221;.<\/p>\n<p>Za najbolje rezultate preporu\u010dujemo sljede\u0107e mogu\u0107nosti odgovora:<\/p>\n<ul>\n<li>To\u010dno\/neto\u010dno<\/li>\n<li>Da\/ne<\/li>\n<li>Vi\u0161estruki odabir (a\/b\/c\/d)<\/li>\n<\/ul>\n<div id=\"attachment_1967\" style=\"width: 1115px\" class=\"wp-caption aligncenter\"><a href=\"http:\/\/cpeu.ffzg.unizg.hr\/wp-content\/uploads\/2020\/05\/Screen-Shot-2019-03-14-at-3.11.23-PM.png\"><img loading=\"lazy\" decoding=\"async\" aria-describedby=\"caption-attachment-1967\" class=\"size-full wp-image-1967\" src=\"http:\/\/cpeu.ffzg.unizg.hr\/wp-content\/uploads\/2020\/05\/Screen-Shot-2019-03-14-at-3.11.23-PM.png\" alt=\"\" width=\"1105\" height=\"561\" srcset=\"https:\/\/cpeu.ffzg.unizg.hr\/wp-content\/uploads\/2020\/05\/Screen-Shot-2019-03-14-at-3.11.23-PM.png 1105w, https:\/\/cpeu.ffzg.unizg.hr\/wp-content\/uploads\/2020\/05\/Screen-Shot-2019-03-14-at-3.11.23-PM-300x152.png 300w, https:\/\/cpeu.ffzg.unizg.hr\/wp-content\/uploads\/2020\/05\/Screen-Shot-2019-03-14-at-3.11.23-PM-1024x520.png 1024w, https:\/\/cpeu.ffzg.unizg.hr\/wp-content\/uploads\/2020\/05\/Screen-Shot-2019-03-14-at-3.11.23-PM-768x390.png 768w, https:\/\/cpeu.ffzg.unizg.hr\/wp-content\/uploads\/2020\/05\/Screen-Shot-2019-03-14-at-3.11.23-PM-624x317.png 624w\" sizes=\"auto, (max-width: 1105px) 100vw, 1105px\" \/><\/a><p id=\"caption-attachment-1967\" class=\"wp-caption-text\">Aktiviranje brze ankete<\/p><\/div>\n<p>Kad se prika\u017eu pitanja i mogu\u0107nosti odgovora, aktivnost BigBlueButton otkriva predvi\u0111enu anketu i prezenteru pru\u017ea gumb za aktiviranje brze ankete &#8220;<strong>Quick polling button<\/strong>&#8221; [1].<\/p>\n<p>Potrebno je samo odabrati gumb za brzu anketu kako bi se pokrenula ista bez kori\u0161tenja opcija unutar izbornika &#8220;<strong>Actions<\/strong>&#8220;.<\/p>\n<p>Izvor: <a href=\"https:\/\/support.blindsidenetworks.com\/hc\/en-us\/articles\/360024977292-Use-polling-\" target=\"_blank\" rel=\"noopener noreferrer\" data-saferedirecturl=\"https:\/\/www.google.com\/url?q=https:\/\/support.blindsidenetworks.com\/hc\/en-us\/articles\/360024977292-Use-polling-&amp;source=gmail&amp;ust=1588767938196000&amp;usg=AFQjCNGAl6l_NCvF5VW7_Rp4NfJ5lf-8mA\">https:\/\/support.<wbr \/>blindsidenetworks.com\/hc\/en-<wbr \/>us\/articles\/360024977292-Use-<wbr \/>polling-<\/a><\/p>\n","protected":false},"excerpt":{"rendered":"<p>Prezenteri u aktivnosti BigBlueButton mogu pokrenuti ankete tijekom cijele sesije u\u017eivo; sudionici mogu odgovoriti na upit i sudjelovati u anketi. Kao prezenter, ankete je mogu\u0107e koristiti kako bi anga\u017eirali studente, obavili kra\u0107e provjere ili za prikupljanje podataka o \u00a0sudionicima sesije. Prema zadanim postavkama, prvi moderator koji ulazi u sesiju BigBlueButton dobiva ulogu prezentera; ako ste [&hellip;]<\/p>\n","protected":false},"author":3,"featured_media":0,"parent":1321,"menu_order":0,"comment_status":"closed","ping_status":"closed","template":"","meta":{"footnotes":""},"class_list":["post-1944","page","type-page","status-publish","hentry"],"jetpack_sharing_enabled":true,"_links":{"self":[{"href":"https:\/\/cpeu.ffzg.unizg.hr\/index.php?rest_route=\/wp\/v2\/pages\/1944","targetHints":{"allow":["GET"]}}],"collection":[{"href":"https:\/\/cpeu.ffzg.unizg.hr\/index.php?rest_route=\/wp\/v2\/pages"}],"about":[{"href":"https:\/\/cpeu.ffzg.unizg.hr\/index.php?rest_route=\/wp\/v2\/types\/page"}],"author":[{"embeddable":true,"href":"https:\/\/cpeu.ffzg.unizg.hr\/index.php?rest_route=\/wp\/v2\/users\/3"}],"replies":[{"embeddable":true,"href":"https:\/\/cpeu.ffzg.unizg.hr\/index.php?rest_route=%2Fwp%2Fv2%2Fcomments&post=1944"}],"version-history":[{"count":1,"href":"https:\/\/cpeu.ffzg.unizg.hr\/index.php?rest_route=\/wp\/v2\/pages\/1944\/revisions"}],"predecessor-version":[{"id":1969,"href":"https:\/\/cpeu.ffzg.unizg.hr\/index.php?rest_route=\/wp\/v2\/pages\/1944\/revisions\/1969"}],"up":[{"embeddable":true,"href":"https:\/\/cpeu.ffzg.unizg.hr\/index.php?rest_route=\/wp\/v2\/pages\/1321"}],"wp:attachment":[{"href":"https:\/\/cpeu.ffzg.unizg.hr\/index.php?rest_route=%2Fwp%2Fv2%2Fmedia&parent=1944"}],"curies":[{"name":"wp","href":"https:\/\/api.w.org\/{rel}","templated":true}]}}