{"id":203,"date":"2014-06-04T10:03:41","date_gmt":"2014-06-04T09:03:41","guid":{"rendered":"http:\/\/www.ffzg.unizg.hr\/cpeu\/?page_id=203"},"modified":"2014-06-04T10:03:41","modified_gmt":"2014-06-04T09:03:41","slug":"radionica-o-pripremi-nastavnih-materijala-za-online-okruzenje-za-nastavnike","status":"publish","type":"page","link":"https:\/\/cpeu.ffzg.unizg.hr\/?page_id=203","title":{"rendered":"Radionica o pripremi nastavnih materijala za online okru\u017eenje (za nastavnike)"},"content":{"rendered":"<p><strong>Opis:<\/strong> Radionica \u201cPriprema nastavnih materijala za online okru\u017eenje\u201d namijenjena je nastavnicima FFZG sa srednjom razinom iskustva u izradi e-kolegija. Na radionici \u0107e, uz mentorirano vodstvo voditelja te\u010daja, nau\u010diti: kako prilagoditi svoje nastavne materijale za digitalizaciju, o va\u017enosti formata (oblika) datoteka, o potrebnim preduvjetima za prikaz\/pregled odre\u0111enih vrsta digitaliziranih materijala, o prilagodbi veli\u010dine nastavnih materijala propusnosti (brzini) mre\u017ene veze krajnjih korisnika (studenata\/polaznika), o potrebi planiranja redundancije nastavnih materijala i ostalih informacija na e-kolegiju, o pripremi materijala za studente s invaliditetom i sli\u010dno. Tijekom radionice bit \u0107e odr\u017eana i kra\u0107a instrukta\u017ea o uporabi dokument-skenera za potrebe digitalizacije ve\u0107e koli\u010dine nastavnih materijala.<\/p>\n<p><strong>Preduvjeti:<\/strong> Nastavnici trebaju do\u0107i s mje\u0161avinom digitaliziranih i ne-digitaliziranih nastavnih materijala (u papirnatom obliku) i okvirnom idejom na koji na\u010din \u017eele objaviti\/digitalizirati navedene materijale. Nastavnici moraju imati valjane podatke za pristup AAI elektroni\u010dkom identitetu. Obavezni preduvjet je da su nastavnici ve\u0107 koristili Sustav u\u010denja na daljinu Omega.<\/p>\n<p><strong>Trajanje:<\/strong> Radionica traje 4 sata.<\/p>\n<p><strong>Broj polaznika:<\/strong> Najvi\u0161e 12 polaznika.<\/p>\n<p><strong>Datum i vrijeme odr\u017eavanja:<\/strong> 10.06.2014. od 9.00<\/p>\n<p><strong>Lokacija:<\/strong> ra\u010dunalna u\u010dionica na prvom katu Knji\u017enice FFZG<\/p>\n<p class=\"wpcf7-contact-form-not-found\"><strong>Gre\u0161ka:<\/strong> Kontakt obrazac nije prona\u0111en.<\/p>\n","protected":false},"excerpt":{"rendered":"<p>Opis: Radionica \u201cPriprema nastavnih materijala za online okru\u017eenje\u201d namijenjena je nastavnicima FFZG sa srednjom razinom iskustva u izradi e-kolegija. Na radionici \u0107e, uz mentorirano vodstvo voditelja te\u010daja, nau\u010diti: kako prilagoditi svoje nastavne materijale za digitalizaciju, o va\u017enosti formata (oblika) datoteka, o potrebnim preduvjetima za prikaz\/pregled odre\u0111enih vrsta digitaliziranih materijala, o prilagodbi veli\u010dine nastavnih materijala propusnosti [&hellip;]<\/p>\n","protected":false},"author":1,"featured_media":0,"parent":28,"menu_order":0,"comment_status":"closed","ping_status":"closed","template":"","meta":{"footnotes":""},"class_list":["post-203","page","type-page","status-publish","hentry"],"jetpack_sharing_enabled":true,"_links":{"self":[{"href":"https:\/\/cpeu.ffzg.unizg.hr\/index.php?rest_route=\/wp\/v2\/pages\/203","targetHints":{"allow":["GET"]}}],"collection":[{"href":"https:\/\/cpeu.ffzg.unizg.hr\/index.php?rest_route=\/wp\/v2\/pages"}],"about":[{"href":"https:\/\/cpeu.ffzg.unizg.hr\/index.php?rest_route=\/wp\/v2\/types\/page"}],"author":[{"embeddable":true,"href":"https:\/\/cpeu.ffzg.unizg.hr\/index.php?rest_route=\/wp\/v2\/users\/1"}],"replies":[{"embeddable":true,"href":"https:\/\/cpeu.ffzg.unizg.hr\/index.php?rest_route=%2Fwp%2Fv2%2Fcomments&post=203"}],"version-history":[{"count":1,"href":"https:\/\/cpeu.ffzg.unizg.hr\/index.php?rest_route=\/wp\/v2\/pages\/203\/revisions"}],"predecessor-version":[{"id":204,"href":"https:\/\/cpeu.ffzg.unizg.hr\/index.php?rest_route=\/wp\/v2\/pages\/203\/revisions\/204"}],"up":[{"embeddable":true,"href":"https:\/\/cpeu.ffzg.unizg.hr\/index.php?rest_route=\/wp\/v2\/pages\/28"}],"wp:attachment":[{"href":"https:\/\/cpeu.ffzg.unizg.hr\/index.php?rest_route=%2Fwp%2Fv2%2Fmedia&parent=203"}],"curies":[{"name":"wp","href":"https:\/\/api.w.org\/{rel}","templated":true}]}}