{"id":209,"date":"2014-06-04T10:11:39","date_gmt":"2014-06-04T09:11:39","guid":{"rendered":"http:\/\/www.ffzg.unizg.hr\/cpeu\/?page_id=209"},"modified":"2019-04-15T07:41:34","modified_gmt":"2019-04-15T06:41:34","slug":"radionica-sustav-ucenja-na-daljinu-omega-pocetni-tecaj-za-nastavnike","status":"publish","type":"page","link":"https:\/\/cpeu.ffzg.unizg.hr\/?page_id=209","title":{"rendered":"Radionica &#8220;Sustav u\u010denja na daljinu Omega &#8211; po\u010detni stupanj&#8221; (za nastavnike)"},"content":{"rendered":"<p><img loading=\"lazy\" decoding=\"async\" class=\"alignright size-full wp-image-754\" src=\"http:\/\/cpeu.ffzg.unizg.hr\/wp-content\/uploads\/2019\/03\/radionice-najava-04-2019.png\" alt=\"\" width=\"743\" height=\"624\" srcset=\"https:\/\/cpeu.ffzg.unizg.hr\/wp-content\/uploads\/2019\/03\/radionice-najava-04-2019.png 743w, https:\/\/cpeu.ffzg.unizg.hr\/wp-content\/uploads\/2019\/03\/radionice-najava-04-2019-300x252.png 300w, https:\/\/cpeu.ffzg.unizg.hr\/wp-content\/uploads\/2019\/03\/radionice-najava-04-2019-624x524.png 624w\" sizes=\"auto, (max-width: 743px) 100vw, 743px\" \/><\/p>\n<p><strong>Opis:<\/strong> Radionica je namijenjena nastavnicima FFZG koji nikad nisu koristili<a href=\"https:\/\/omega.ffzg.hr\"><strong> Sustav u\u010denja na daljinu Omega<\/strong><\/a>, niti na njemu odr\u017eavaju e-kolegije, a koristi mogu imati i nastavnici koji nemaju previ\u0161e iskustva u kori\u0161tenju sustava Omega. U sklopu radionice nastavnicima \u0107e biti prikazane mogu\u0107nosti koje pru\u017ea Sustav u\u010denja na daljinu Omega. Nastavnici \u0107e mo\u0107i za vrijeme radionice urediti svoje e-kolegije uz tehni\u010dku podr\u0161ku osoblja Centra za potporu e-u\u010denju FFZG.<\/p>\n<p><strong>Preduvjeti:<\/strong> Nastavnici trebaju do\u0107i s <strong>postoje\u0107im nastavnim materijalima u digitalnom obliku<\/strong> <strong>na USB memoriji<\/strong> (u slu\u010daju potrebe za digitalizacijom nastavnih materijala, mo\u017eete se unaprijed javiti na <a href=\"mailto:cpeu@ffzg.hr\"><strong>cpeu@ffzg.hr<\/strong><\/a>) i okvirnom idejom koliko e-kolegija \u017eele otvoriti\/pokrenuti. Nastavnici moraju imati valjane podatke za pristup <strong><a href=\"http:\/\/aai.ffzg.hr\">AAI elektroni\u010dkom identitetu<\/a><\/strong> (ako vam isti ne rade, javite se Slu\u017ebi za informatiku FFZG: <a class=\"moz-txt-link-freetext\" href=\"http:\/\/infosl.ffzg.unizg.hr\/dezurstva\/\"><strong>http:\/\/infosl.ffzg.unizg.hr\/dezurstva\/<\/strong><\/a>).<\/p>\n<p><strong>Trajanje:<\/strong> Radionica traje 3 sata.<\/p>\n<p><strong>Broj polaznika:<\/strong> Najvi\u0161e 20 polaznika.<\/p>\n<p><strong>Datum i vrijeme odr\u017eavanja:<\/strong> 23. travnja 2019., od 12.30 do 15.30<\/p>\n<p><strong>Lokacija:<\/strong> ra\u010dunalna u\u010dionica na prvom katu Knji\u017enice FFZG<\/p>\n<p><strong>Iskaz interesa:<\/strong><\/p>\n<p class=\"wpcf7-contact-form-not-found\"><strong>Gre\u0161ka:<\/strong> Kontakt obrazac nije prona\u0111en.<\/p>\n","protected":false},"excerpt":{"rendered":"<p>Opis: Radionica je namijenjena nastavnicima FFZG koji nikad nisu koristili Sustav u\u010denja na daljinu Omega, niti na njemu odr\u017eavaju e-kolegije, a koristi mogu imati i nastavnici koji nemaju previ\u0161e iskustva u kori\u0161tenju sustava Omega. U sklopu radionice nastavnicima \u0107e biti prikazane mogu\u0107nosti koje pru\u017ea Sustav u\u010denja na daljinu Omega. Nastavnici \u0107e mo\u0107i za vrijeme radionice [&hellip;]<\/p>\n","protected":false},"author":1,"featured_media":0,"parent":28,"menu_order":0,"comment_status":"closed","ping_status":"closed","template":"","meta":{"footnotes":""},"class_list":["post-209","page","type-page","status-publish","hentry"],"jetpack_sharing_enabled":true,"_links":{"self":[{"href":"https:\/\/cpeu.ffzg.unizg.hr\/index.php?rest_route=\/wp\/v2\/pages\/209","targetHints":{"allow":["GET"]}}],"collection":[{"href":"https:\/\/cpeu.ffzg.unizg.hr\/index.php?rest_route=\/wp\/v2\/pages"}],"about":[{"href":"https:\/\/cpeu.ffzg.unizg.hr\/index.php?rest_route=\/wp\/v2\/types\/page"}],"author":[{"embeddable":true,"href":"https:\/\/cpeu.ffzg.unizg.hr\/index.php?rest_route=\/wp\/v2\/users\/1"}],"replies":[{"embeddable":true,"href":"https:\/\/cpeu.ffzg.unizg.hr\/index.php?rest_route=%2Fwp%2Fv2%2Fcomments&post=209"}],"version-history":[{"count":24,"href":"https:\/\/cpeu.ffzg.unizg.hr\/index.php?rest_route=\/wp\/v2\/pages\/209\/revisions"}],"predecessor-version":[{"id":764,"href":"https:\/\/cpeu.ffzg.unizg.hr\/index.php?rest_route=\/wp\/v2\/pages\/209\/revisions\/764"}],"up":[{"embeddable":true,"href":"https:\/\/cpeu.ffzg.unizg.hr\/index.php?rest_route=\/wp\/v2\/pages\/28"}],"wp:attachment":[{"href":"https:\/\/cpeu.ffzg.unizg.hr\/index.php?rest_route=%2Fwp%2Fv2%2Fmedia&parent=209"}],"curies":[{"name":"wp","href":"https:\/\/api.w.org\/{rel}","templated":true}]}}