{"id":2105,"date":"2020-05-10T20:09:00","date_gmt":"2020-05-10T19:09:00","guid":{"rendered":"http:\/\/cpeu.ffzg.unizg.hr\/?page_id=2105"},"modified":"2020-05-11T09:55:26","modified_gmt":"2020-05-11T08:55:26","slug":"provodenje-pismenog-ispita-na-daljinu-studenti","status":"publish","type":"page","link":"https:\/\/cpeu.ffzg.unizg.hr\/?page_id=2105","title":{"rendered":"Upute za pismene ispite na daljinu u sustavu Omega (studenti)"},"content":{"rendered":"<div class=\"entry-content\">\n<p>Za provedbu pismenih ispita na daljinu na Filozofskom fakultetu Sveu\u010dili\u0161ta u Zagrebu koristi se online aktivnosti Test u sklopu sustava u\u010denja na daljinu Omega (<strong><a href=\"https:\/\/omega.ffzg.hr\" target=\"_blank\" rel=\"noopener noreferrer\">https:\/\/omega.ffzg.hr<\/a><\/strong>).<\/p>\n<p><strong>VA\u017dNA NAPOMENA:<\/strong> Za pristup aktivnostima koje se koriste za provo\u0111enje pismenog ispita na daljinu trebate koristiti prijenosno ili stolno ra\u010dunalo, te morate koristiti neki od sigurnih Internet preglednika poput Mozilla Firefox ili Google Chrome. <strong>NIKAKO nemojte koristiti Internet Explorer ili Microsoft Edge!<\/strong><\/p>\n<p><strong> Ako koristite pametni telefon ili tablet za pristup pismenom ispitu na daljinu, svakako prethodno provjerite rade li vam aktivnosti Test i Zada\u0107a na probnom e-kolegiju: <a href=\"https:\/\/bit.ly\/probni-test\" target=\"_blank\" rel=\"noopener noreferrer\">https:\/\/bit.ly\/probni-test<\/a><\/strong> (lozinka za upis glasi: a)<strong>.<br \/>\n<\/strong><\/p>\n<p>Za usmene ispite studentima mo\u017ee biti dovoljno kori\u0161tenje pametnog telefona, no za pismene ispite preporu\u010dujemo kori\u0161tenje prijenosnog ili stolnog ra\u010dunala (zbog veli\u010dine zaslona i pojedinih vrsta pitanja).<\/p>\n<p><strong>VA\u017dNO!<\/strong> Prije rje\u0161avanja pravog ispita, isprobajte funkcioniranje aktivnosti test na probnom e-kolegiju dostupnom ovdje: <a href=\"https:\/\/bit.ly\/probni-test\" target=\"_blank\" rel=\"noopener noreferrer\"><strong>https:\/\/bit.ly\/probni-test<\/strong><\/a> (lozinka za upis glasi: a).<\/p>\n<p>U slu\u010daju problema, pitanja i nedoumica, odmah se javite Centru za potporu e-u\u010denju (CPEU) na <strong><a href=\"mailto:cpeu@ffzg.hr\">cpeu@ffzg.hr<\/a><\/strong>!<\/p>\n<h3>Rje\u0161avanje pismenog ispita na daljinu (aktivnost Test)<\/h3>\n<p>Kako biste pristupili pismenom ispitu na daljinu kori\u0161tenjem aktivnosti Test, prvo trebate posjetiti e-kolegij na sustavu Omega na kojem \u0107ete polagati taj ispit (pretpostavka je da ste na isti prethodno ve\u0107 upisani po\u010detkom semestra), a potom prona\u0107i i kliknuti na tu aktivnost.<\/p>\n<p>Test \u0107e biti dostupan u zadano vrijeme i na zadani datum (o \u010demu \u0107ete unaprijed dobiti obavijest od nastavnika).<\/p>\n<p>U testu mogu biti postavljene sljede\u0107e postavke (od kojih \u0107e ve\u0107ina biti prikazana i studentima i nastavnicima na prvoj stranici aktivnosti test):<\/p>\n<ul>\n<li>broj poku\u0161aja rje\u0161avanja testa,<\/li>\n<li>ukupan broj pitanja,<\/li>\n<li>broj pitanja po stranici,<\/li>\n<li>dostupnost rezultata,<\/li>\n<li>lozinka testa,<\/li>\n<li>vremenski period u kojem je test dostupan,<\/li>\n<li>vremensko ograni\u010denje za rje\u0161avanje nakon pokretanja testa.<\/li>\n<\/ul>\n<p>Postupak rje\u0161avanja i predaje testa:<\/p>\n<ol>\n<li>Potrebno je kliknuti na \u017eeljenu aktivnost Test unutar e-kolegija na kojem pola\u017eete pismeni ispit na daljinu.<\/li>\n<li>Potom <strong>pro\u010ditajte upute za test<\/strong> te prikazane postavke testa (dozvoljeni broj poku\u0161aja, postoji li lozinka testa (koju \u0107ete dobiti od nastavnika), vremenski period u kojem je dostupan, vremensko ograni\u010denje (koliko vremena imate unutar testa za rje\u0161avanje), na\u010din ocjenjivanja).<\/li>\n<li>Za po\u010detak rje\u0161avanja kliknite na gumb &#8220;<strong>Zapo\u010dnite test<\/strong>&#8220;.<\/li>\n<li>Ako je nastavnik u postavkama testa postavio vremensko ograni\u010denje za rje\u0161avanje testa, studentima \u0107e se prikazati poruka s informacijom da postoji vremensko ograni\u010denje za rje\u0161avanje testa i da je test potrebno predati prije isteka vremena. Isto tako, ako je zadana lozinka testa, morate ju unijeti u polje za lozinku. Za nastavak je potrebno odabrati gumb &#8220;<strong>Zapo\u010dni rje\u0161avanje<\/strong>&#8220;.<\/li>\n<li>Ako test ima vi\u0161e stranica, nakon svake stranice potrebno je kliknuti na gumb &#8220;<strong>Sljede\u0107a stranica<\/strong>&#8220;. U bloku <strong>Navigacija u testu<\/strong> na lijevoj strani su\u010delja prikazuje se preostalo vrijeme za rje\u0161avanje testa.<\/li>\n<li>Nakon odgovora na sva pitanja i dolaska na posljednju stranicu potrebno je kliknuti na gumb &#8220;<strong>Zavr\u0161i test\u2026<\/strong>&#8220;.<\/li>\n<li>Na kraju testa, vidljiv je popis svih pitanja i njihov status. Klikom na gumb &#8220;<strong>Povratak na poku\u0161aj<\/strong>&#8220;, mogu\u0107e je mijenjati unesene odgovore (ako je nastavnik dopustio slobodnu navigaciju po pitanjima testa). Za kona\u010dnu predaju testa kliknite na dnu stranice na gumb &#8220;<strong>Predaj sve i zavr\u0161i<\/strong>&#8220;.<\/li>\n<li>Nakon predajte testa na ocjenjivanje, a ovisno o postavkama koje je zadao nastavnik, sustav prikazuje pregled svih pitanja i odgovora studenta. Za zavr\u0161etak pregleda, potrebno je kliknuti na &#8220;<strong>Zavr\u0161i pregled<\/strong>&#8220;.<\/li>\n<li>Sustav ispisuje postignuti broj bodova na testu. Ako je u testu npr. postavljeno esejsko pitanje, sustav ne ispisuje kona\u010dan broj bodova sve dok nastavnik ru\u010dno ne ocijeni to pitanje.<\/li>\n<\/ol>\n<p><strong>NAPOMENA:<\/strong> Ako je ispravno zadano vremensko ograni\u010denje, sustav \u0107e nakon isteka istoga automatski preuzeti do tada predane odgovore i pohraniti na poslu\u017eitelj!<\/p>\n<p>Ocjena iz testa pojavit \u0107e se u popisu svih ocjena, kojem je mogu\u0107e pristupiti odabirom poveznice <strong>Ocjene<\/strong> iz izbornika &#8220;<strong>Navigacija<\/strong>&#8221; na lijevoj strani su\u010delja.<\/p>\n<\/div>\n","protected":false},"excerpt":{"rendered":"<p>Za provedbu pismenih ispita na daljinu na Filozofskom fakultetu Sveu\u010dili\u0161ta u Zagrebu koristi se online aktivnosti Test u sklopu sustava u\u010denja na daljinu Omega (https:\/\/omega.ffzg.hr). VA\u017dNA NAPOMENA: Za pristup aktivnostima koje se koriste za provo\u0111enje pismenog ispita na daljinu trebate koristiti prijenosno ili stolno ra\u010dunalo, te morate koristiti neki od sigurnih Internet preglednika poput Mozilla [&hellip;]<\/p>\n","protected":false},"author":1,"featured_media":0,"parent":62,"menu_order":0,"comment_status":"closed","ping_status":"closed","template":"","meta":{"footnotes":""},"class_list":["post-2105","page","type-page","status-publish","hentry"],"jetpack_sharing_enabled":true,"_links":{"self":[{"href":"https:\/\/cpeu.ffzg.unizg.hr\/index.php?rest_route=\/wp\/v2\/pages\/2105","targetHints":{"allow":["GET"]}}],"collection":[{"href":"https:\/\/cpeu.ffzg.unizg.hr\/index.php?rest_route=\/wp\/v2\/pages"}],"about":[{"href":"https:\/\/cpeu.ffzg.unizg.hr\/index.php?rest_route=\/wp\/v2\/types\/page"}],"author":[{"embeddable":true,"href":"https:\/\/cpeu.ffzg.unizg.hr\/index.php?rest_route=\/wp\/v2\/users\/1"}],"replies":[{"embeddable":true,"href":"https:\/\/cpeu.ffzg.unizg.hr\/index.php?rest_route=%2Fwp%2Fv2%2Fcomments&post=2105"}],"version-history":[{"count":15,"href":"https:\/\/cpeu.ffzg.unizg.hr\/index.php?rest_route=\/wp\/v2\/pages\/2105\/revisions"}],"predecessor-version":[{"id":2129,"href":"https:\/\/cpeu.ffzg.unizg.hr\/index.php?rest_route=\/wp\/v2\/pages\/2105\/revisions\/2129"}],"up":[{"embeddable":true,"href":"https:\/\/cpeu.ffzg.unizg.hr\/index.php?rest_route=\/wp\/v2\/pages\/62"}],"wp:attachment":[{"href":"https:\/\/cpeu.ffzg.unizg.hr\/index.php?rest_route=%2Fwp%2Fv2%2Fmedia&parent=2105"}],"curies":[{"name":"wp","href":"https:\/\/api.w.org\/{rel}","templated":true}]}}