{"id":2142,"date":"2020-05-13T10:09:21","date_gmt":"2020-05-13T09:09:21","guid":{"rendered":"http:\/\/cpeu.ffzg.unizg.hr\/?page_id=2142"},"modified":"2020-05-13T19:19:11","modified_gmt":"2020-05-13T18:19:11","slug":"upute-za-usmene-i-pismene-ispite-na-daljinu-13-05-2020","status":"publish","type":"page","link":"https:\/\/cpeu.ffzg.unizg.hr\/?page_id=2142","title":{"rendered":"Upute za usmene i pismene ispite na daljinu (13.05.2020.)"},"content":{"rendered":"<p>Centar za potporu e-u\u010denju (CPEU) pripremio je detaljne upute za odr\u017eavanje pismenih i usmenih ispita na daljinu i molimo da ih pro\u010ditate, a ukoliko \u0107ete imati dodatna tehni\u010dka pitanja molimo javite se na <a href=\"mailto:cpeu@ffzg.hr\">cpeu@ffzg.hr<\/a> ili na <a href=\"mailto:prodekanica.nastava@ffzg.hr\">prodekanica.nastava@ffzg.hr<\/a> s pitanjima o ispitima op\u0107enito.<\/p>\n<p>Na\u0161 CPEU je do sada odr\u017eao vi\u0161e webinara o pismenim ispitima na daljinu (snimke dostupne ovdje: <a href=\"https:\/\/bit.ly\/webinari-test\" target=\"_blank\" rel=\"noopener noreferrer\">https:\/\/bit.ly\/webinari-test<\/a>), a tijekom svibnja i lipnja 2020. odr\u017eat \u0107e jo\u0161 barem 4 webinara o pismenim ispitima na daljinu, bazi pitanja, vrstama pitanja, na\u010dinima provedbe ispita na daljinu. Bilo bi izvrsno kada biste mogli prisustvovati nekom od webinara, jer biste tamo mogli postaviti i sva dodatna pitanja, no uvijek su vam na raspolaganju snimke odr\u017eanih webinara.<\/p>\n<p>Molimo Vas da prije samog ispita sa studentima svakog kolegija odr\u017eite \u201eprobni\u201c ispit, kako bi provjerili radi li sve kako treba.<\/p>\n<h2><strong>Postupak<\/strong> <strong>prijave<\/strong> <strong>ispita na daljinu<\/strong><\/h2>\n<ul>\n<li>Usmeni ispit na daljinu provodi se kori\u0161tenjem aktivnosti BigBlueButton u sustavu u\u010denja na daljinu Omega (<a href=\"https:\/\/omega.ffzg.hr\" target=\"_blank\" rel=\"noopener noreferrer\">https:\/\/omega.ffzg.hr<\/a>). Pismeni ispit na daljinu provodi se preko sustava Omega, a ako se radi o seminarskim radovima, mo\u017ee se, osim aktivnosti Test, koristiti i aktivnost Zada\u0107a.<\/li>\n<li><strong>Ispit je potrebno prethodno prijaviti ili odjaviti kroz sustav ISVU, sukladno uobi\u010dajenim pravilima i postupkom za prijavu i odjavu ispita (\u010dl. 50 i \u010dl. 51 <em>Pravilnika o studiranju<\/em>). (<a href=\"https:\/\/bit.ly\/3fD2Wi2\" target=\"_blank\" rel=\"noopener noreferrer\">https:\/\/bit.ly\/3fD2Wi2<\/a>)<br \/>\n<\/strong><\/li>\n<\/ul>\n<p>U slu\u010daju neplaniranog prekida ispita (gubitak internetske veze, nestanka struje, neki drugi neplanirani razlog), nastavnik odlu\u010duje o daljnjem provo\u0111enju ispita, odnosno, \u017eeli li nakon ponovne uspostave veze nastaviti s istim ili postaviti drugo ispitno pitanje u slu\u010daju usmenog ispita, ili ponoviti cijelo testiranje u slu\u010daju pismenog ispita.<\/p>\n<h2><strong>Provo\u0111enje usmenog ispita na daljinu<br \/>\n<\/strong><\/h2>\n<p>Za usmene ispite koji se odr\u017eavaju na daljinu vrijede ista pravila kao i za ispite koji se odr\u017eavaju izravno na Filozofskom fakultetu Sveu\u010dili\u0161ta u Zagrebu, \u0161to zna\u010di da su regulirani <em>Pravilnikom o studiranju Filozofskog fakulteta<\/em>, \u010dl. 42-53. (<a href=\"https:\/\/bit.ly\/3fD2Wi2\" target=\"_blank\" rel=\"noopener noreferrer\">https:\/\/bit.ly\/3fD2Wi2<\/a>)<\/p>\n<p>Ispiti se provode u terminima ispita koji su odre\u0111eni po\u010detkom akademske godine i koji su unijeti u ISVU. Budu\u0107i da se usmeni ispiti moraju odr\u017eavati u grupama, raspored grupa potrebno je objaviti studentima <strong>najkasnije 72h prije samog ispita<\/strong>.<\/p>\n<p>Prilikom provo\u0111enja usmenih ispita na daljinu, na umu valja imati sljede\u0107e:<\/p>\n<ol>\n<li>Na po\u010detku ispita potrebno je uspostaviti video vezu te provjeriti funkcionalnost kamere i mikrofona (zvuk). Preporu\u010da se da studenti nastavnicima daju brojeve telefona na koje ih se mo\u017ee kontaktirati u slu\u010daju da tijekom ispita do\u0111e do tehni\u010dkih pote\u0161ko\u0107a i prekida ispita.<\/li>\n<li>Ispiti se odr\u017eavaju s vi\u0161e studenata istovremeno (najmanje dva, a najvi\u0161e \u010detiri). Naime, \u010dl. 43, st.1<em>. Pravilnika o studiranju<\/em> navodi da je<strong> usmeni dio ispita javan<\/strong>.<\/li>\n<li>Prije po\u010detka ispitivanja, na eventualan zahtjev nastavnika, student nastavniku putem web-kamere mora predo\u010diti studentsku iskaznicu (iksica) ili drugu ispravu s vidljivom fotografijom kako bi potvrdio svoj identitet.<\/li>\n<li>Za kori\u0161tenje aktivnosti BigBlueButton u ispitne svrhe, potrebno je slijediti upute dostupne ovdje: <a href=\"https:\/\/bit.ly\/usmeni-ispiti-upute\" target=\"_blank\" rel=\"noopener noreferrer\">https:\/\/bit.ly\/usmeni-ispiti-upute<\/a> (studenti) i <a href=\"https:\/\/bit.ly\/usmeni-ispiti-upute-nastavnici\" target=\"_blank\" rel=\"noopener noreferrer\">https:\/\/bit.ly\/usmeni-ispiti-upute-nastavnici<\/a> (nastavnici)<\/li>\n<\/ol>\n<h2><strong>Zavr\u0161etak usmenog ispita na daljinu<\/strong><\/h2>\n<ol>\n<li>Studenta se informira o zavr\u0161etku ispita i objavljuje mu se ocjena koju je dobio, te je potrebno utvrditi prihva\u0107a li student ocjenu. Upit o prihva\u0107anju ocjene reguliran je <em>Pravilnikom o studiranju<\/em>, \u010dl. 52, st.1. (<a href=\"https:\/\/bit.ly\/3fD2Wi2\" target=\"_blank\" rel=\"noopener noreferrer\">https:\/\/bit.ly\/3fD2Wi2<\/a>) i potrebno je pitati studenta prihva\u0107a li ocjenu kako ne bi bilo naknadnih interpretacija.<\/li>\n<li>Nakon \u0161to student\/ica prihvati ocjenu, usmeni ispit na daljinu se zavr\u0161ava i nastavnik upisuje ocjenu u ISVU.<\/li>\n<li>Ako student\/ica odbije ocjenu, nastavnik u ISVU upisuje negativnu ocjenu.<\/li>\n<\/ol>\n<hr \/>\n<h2><strong>Provo\u0111enje pismenog ispita na daljinu<br \/>\n<\/strong><\/h2>\n<p>Za pismene ispite koji se odr\u017eavaju na daljinu vrijede ista pravila kao i za ispite koji se odr\u017eavaju izravno na Filozofskom fakultetu Sveu\u010dili\u0161ta u Zagrebu, \u0161to zna\u010di da su regulirani <em>Pravilnikom o studiranju Filozofskog fakulteta<\/em>, \u010dl. 42-53. (<a href=\"https:\/\/bit.ly\/3fD2Wi2\" target=\"_blank\" rel=\"noopener noreferrer\">https:\/\/bit.ly\/3fD2Wi2<\/a>)<\/p>\n<p>Ispiti se provode u terminima ispita koji su odre\u0111eni po\u010detkom akademske godine i koji su unijeti u ISVU.<\/p>\n<p>Prilikom provo\u0111enja pismenih ispita na daljinu, na umu valja imati sljede\u0107e:<\/p>\n<ol>\n<li>Ispiti se odr\u017eavaju kori\u0161tenjem online aktivnosti Test unutar sustava u\u010denja na daljinu Omega.<\/li>\n<li>Pismeni ispiti se odr\u017eavaju s vi\u0161e studenata istovremeno (do najvi\u0161e 150 studenata u jednom testu odjednom).<\/li>\n<li>Za provo\u0111enje pismenog ispita na daljinu, potrebno je slijediti upute dostupne ovdje: <a href=\"https:\/\/bit.ly\/pismeni-ispiti-upute\" target=\"_blank\" rel=\"noopener noreferrer\">https:\/\/bit.ly\/pismeni-ispiti-upute<\/a> (studenti) i <a href=\"https:\/\/bit.ly\/pismeni-ispiti-upute-nastavnici\" target=\"_blank\" rel=\"noopener noreferrer\">https:\/\/bit.ly\/pismeni-ispiti-upute-nastavnici<\/a> (nastavnici)<\/li>\n<li>Od 2014. godine, na po\u010detku svake akademske godine studenti prve godine poha\u0111aju radionice za kori\u0161tenje sustavom u\u010denja na daljinu Omega u organizaciji CPEU. Na taj na\u010din bruco\u0161i su upoznati i s osnovama kori\u0161tenja <em>online<\/em> testova. Svi bruco\u0161i po upisu od 2014. do danas su dobili tiskane upute za kori\u0161tenje sustavom Omega (dostupna i <em>online<\/em> ina\u010dica).<\/li>\n<\/ol>\n<h2><strong>Pomo\u0107 nastavnicima pri izradi pitanja, popunjavanju baze pitanja, provjere izra\u0111enog testa<\/strong><\/h2>\n<p>Ako \u017eelite da vam radnici CPEU pomognu pri izradi pitanja, popunjavanju baze pitanja, provjeri izra\u0111enog testa, javite se na adresu <a href=\"mailto:cpeu@ffzg.hr\" target=\"_blank\" rel=\"noopener noreferrer\">cpeu@ffzg.hr<\/a> (potrebno je poslati informacije o kojem se e-kolegiju radi, popis pitanja s jasno ozna\u010denim to\u010dnim odgovorima i datum do kada to treba biti gotovo). Zahtjev za popunjavanje baze pitanja nu\u017eno <strong>mora do\u0107i barem 7 dana prije odr\u017eavanja testa \/ kolokvija<\/strong>, dok je za provjeru izra\u0111enog testa dovoljno javiti i <strong>2 dana prije<\/strong>.<\/p>\n<h2><strong>Zavr\u0161etak pismenog ispita na daljinu<\/strong><\/h2>\n<ol>\n<li>Najkasnije u roku od maksimalno pet radnih dana od dana ispita, studentima se objavljuju rezultati pismenog ispita (\u010dl. 52. st.1 <em>Pravilnika o studiranju &#8211; (<a href=\"https:\/\/bit.ly\/3fD2Wi2\" target=\"_blank\" rel=\"noopener noreferrer\">https:\/\/bit.ly\/3fD2Wi2<\/a>)<\/em>), sukladno uobi\u010dajenim pravilima i na uobi\u010dajen na\u010din (Omega, e-komunikacija). Rezultati aktivnosti Test i Zada\u0107a zapisuju se u ocjene na e-kolegiju (vidljivo samo nastavniku i tom studentu). Na temelju \u010dl. 42. st.5 <em>Pravilnika o studiranju<\/em>, student mo\u017ee jednom odbiti pozitivnu ocjenu iz ispita na jednom kolegiju u roku od tri dana od objave rezultata ispita.<\/li>\n<li>Ukoliko student\/ica nije javio da ocjenu ne prihva\u0107a, nakon proteka roka od tri dana ocjena se smatra kona\u010dnom i nastavnik upisuje ocjenu u ISVU.<\/li>\n<li>Ako student\/ica odbije ocjenu, nastavnik u ISVU upisuje negativnu ocjenu.<\/li>\n<\/ol>\n<hr \/>\n<p>Ovo su izdvojene poveznice na upute za nastavnike i studente (prethodno su prikazane u tekstu ovih uputa):<\/p>\n<p><strong>USMENI<\/strong><\/p>\n<ul>\n<li>Upute za usmene ispite na daljinu u sustavu Omega (studenti): <a href=\"https:\/\/cpeu.ffzg.unizg.hr\/?page_id=2051\" target=\"_blank\" rel=\"noopener noreferrer\">https:\/\/cpeu.ffzg.unizg.hr\/?page_id=2051<\/a><\/li>\n<li>Tehni\u010dke upute za usmene ispite na daljinu u sustavu Omega (nastavnici): <a href=\"https:\/\/cpeu.ffzg.unizg.hr\/?page_id=2091\" target=\"_blank\" rel=\"noopener noreferrer\">https:\/\/cpeu.ffzg.unizg.hr\/?page_id=2091<\/a><\/li>\n<\/ul>\n<p><strong>PISMENI<\/strong><\/p>\n<ul>\n<li>Upute za pismene ispite na daljinu (studenti): <a href=\"https:\/\/cpeu.ffzg.unizg.hr\/?page_id=2105\" target=\"_blank\" rel=\"noopener noreferrer\">https:\/\/cpeu.ffzg.unizg.hr\/?page_id=2105<\/a><\/li>\n<li>Tehni\u010dke upute za odr\u017eavanje pismenih ispita i kolokvija na daljinu u sustavu Omega (nastavnici): <a href=\"https:\/\/cpeu.ffzg.unizg.hr\/?page_id=2116\" target=\"_blank\" rel=\"noopener noreferrer\">https:\/\/cpeu.ffzg.unizg.hr\/?page_id=2116<\/a><\/li>\n<\/ul>\n","protected":false},"excerpt":{"rendered":"<p>Centar za potporu e-u\u010denju (CPEU) pripremio je detaljne upute za odr\u017eavanje pismenih i usmenih ispita na daljinu i molimo da ih pro\u010ditate, a ukoliko \u0107ete imati dodatna tehni\u010dka pitanja molimo javite se na cpeu@ffzg.hr ili na prodekanica.nastava@ffzg.hr s pitanjima o ispitima op\u0107enito. Na\u0161 CPEU je do sada odr\u017eao vi\u0161e webinara o pismenim ispitima na daljinu [&hellip;]<\/p>\n","protected":false},"author":1,"featured_media":0,"parent":62,"menu_order":0,"comment_status":"closed","ping_status":"closed","template":"page-templates\/full-width.php","meta":{"footnotes":""},"class_list":["post-2142","page","type-page","status-publish","hentry"],"jetpack_sharing_enabled":true,"_links":{"self":[{"href":"https:\/\/cpeu.ffzg.unizg.hr\/index.php?rest_route=\/wp\/v2\/pages\/2142","targetHints":{"allow":["GET"]}}],"collection":[{"href":"https:\/\/cpeu.ffzg.unizg.hr\/index.php?rest_route=\/wp\/v2\/pages"}],"about":[{"href":"https:\/\/cpeu.ffzg.unizg.hr\/index.php?rest_route=\/wp\/v2\/types\/page"}],"author":[{"embeddable":true,"href":"https:\/\/cpeu.ffzg.unizg.hr\/index.php?rest_route=\/wp\/v2\/users\/1"}],"replies":[{"embeddable":true,"href":"https:\/\/cpeu.ffzg.unizg.hr\/index.php?rest_route=%2Fwp%2Fv2%2Fcomments&post=2142"}],"version-history":[{"count":10,"href":"https:\/\/cpeu.ffzg.unizg.hr\/index.php?rest_route=\/wp\/v2\/pages\/2142\/revisions"}],"predecessor-version":[{"id":2165,"href":"https:\/\/cpeu.ffzg.unizg.hr\/index.php?rest_route=\/wp\/v2\/pages\/2142\/revisions\/2165"}],"up":[{"embeddable":true,"href":"https:\/\/cpeu.ffzg.unizg.hr\/index.php?rest_route=\/wp\/v2\/pages\/62"}],"wp:attachment":[{"href":"https:\/\/cpeu.ffzg.unizg.hr\/index.php?rest_route=%2Fwp%2Fv2%2Fmedia&parent=2142"}],"curies":[{"name":"wp","href":"https:\/\/api.w.org\/{rel}","templated":true}]}}