{"id":2225,"date":"2020-05-31T16:18:30","date_gmt":"2020-05-31T15:18:30","guid":{"rendered":"http:\/\/cpeu.ffzg.unizg.hr\/?page_id=2225"},"modified":"2023-03-02T15:23:57","modified_gmt":"2023-03-02T14:23:57","slug":"tau","status":"publish","type":"page","link":"https:\/\/cpeu.ffzg.unizg.hr\/?page_id=2225","title":{"rendered":"Tau"},"content":{"rendered":"<p>Aktivnost <strong>Tau <\/strong>omogu\u0107ava nastavniku stvaranje videokonferencijske sobe za komunikaciju sa studentima. Za razliku od aktivnosti BigBlueButton, u aktivnosti Tau se ne mo\u017ee napraviti snimka za kasnije.<\/p>\n<p>Kako biste dodali aktivnost <strong>Tau <\/strong>na svoj e-kolegij, kliknite gore desno na gumb &#8220;Ure\u0111ivanje&#8221;.<\/p>\n<div id=\"attachment_2907\" style=\"width: 430px\" class=\"wp-caption aligncenter\"><img loading=\"lazy\" decoding=\"async\" aria-describedby=\"caption-attachment-2907\" class=\"size-full wp-image-2907\" src=\"http:\/\/cpeu.ffzg.unizg.hr\/wp-content\/uploads\/2023\/02\/2023-gumb-uredjivanje-off-1.png\" alt=\"Gumb &quot;Ure\u0111ivanje&quot; - uklju\u010den\" width=\"420\" height=\"298\" srcset=\"https:\/\/cpeu.ffzg.unizg.hr\/wp-content\/uploads\/2023\/02\/2023-gumb-uredjivanje-off-1.png 420w, https:\/\/cpeu.ffzg.unizg.hr\/wp-content\/uploads\/2023\/02\/2023-gumb-uredjivanje-off-1-300x213.png 300w\" sizes=\"auto, (max-width: 420px) 100vw, 420px\" \/><p id=\"caption-attachment-2907\" class=\"wp-caption-text\">Gumb &#8220;Ure\u0111ivanje&#8221; &#8211; uklju\u010den<\/p><\/div>\n<p>Kada omogu\u0107ite ure\u0111ivanje, ikona \u0107e iz sive boje prije\u0107i u <strong>ljubi\u010dastu<\/strong>.<\/p>\n<div id=\"attachment_2902\" style=\"width: 430px\" class=\"wp-caption aligncenter\"><img loading=\"lazy\" decoding=\"async\" aria-describedby=\"caption-attachment-2902\" class=\"size-full wp-image-2902\" src=\"http:\/\/cpeu.ffzg.unizg.hr\/wp-content\/uploads\/2023\/02\/2023-gumb-uredjivanje-on.png\" alt=\"Gumb &quot;Ure\u0111ivanje&quot; - uklju\u010den\" width=\"420\" height=\"298\" srcset=\"https:\/\/cpeu.ffzg.unizg.hr\/wp-content\/uploads\/2023\/02\/2023-gumb-uredjivanje-on.png 420w, https:\/\/cpeu.ffzg.unizg.hr\/wp-content\/uploads\/2023\/02\/2023-gumb-uredjivanje-on-300x213.png 300w\" sizes=\"auto, (max-width: 420px) 100vw, 420px\" \/><p id=\"caption-attachment-2902\" class=\"wp-caption-text\">Gumb &#8220;Ure\u0111ivanje&#8221; &#8211; uklju\u010den<\/p><\/div>\n<p>Potom u sekciji ili temi u koju \u017eelite dodati aktivnost <strong>Tau <\/strong>kliknite na poveznicu &#8220;Dodajte aktivnost ili resurs&#8221;.<\/p>\n<div id=\"attachment_2904\" style=\"width: 337px\" class=\"wp-caption aligncenter\"><img loading=\"lazy\" decoding=\"async\" aria-describedby=\"caption-attachment-2904\" class=\"size-full wp-image-2904\" src=\"http:\/\/cpeu.ffzg.unizg.hr\/wp-content\/uploads\/2023\/02\/2023-Dodajte-aktivnost-ili-resurs.png\" alt=\"Poveznica &quot;Dodajte aktivnost ili resurs&quot;\" width=\"327\" height=\"79\" srcset=\"https:\/\/cpeu.ffzg.unizg.hr\/wp-content\/uploads\/2023\/02\/2023-Dodajte-aktivnost-ili-resurs.png 327w, https:\/\/cpeu.ffzg.unizg.hr\/wp-content\/uploads\/2023\/02\/2023-Dodajte-aktivnost-ili-resurs-300x72.png 300w\" sizes=\"auto, (max-width: 327px) 100vw, 327px\" \/><p id=\"caption-attachment-2904\" class=\"wp-caption-text\">Poveznica &#8220;Dodajte aktivnost ili resurs&#8221;<\/p><\/div>\n<p>U izborniku kliknite na aktivnost <strong>Tau<\/strong>. Ako ju ne vidite na po\u010detnom zaslonu izbornika, kliknite na karticu Aktivnosti, prona\u0111ite ju i odaberite tamo.<\/p>\n<div id=\"attachment_2957\" style=\"width: 832px\" class=\"wp-caption aligncenter\"><a href=\"http:\/\/cpeu.ffzg.unizg.hr\/wp-content\/uploads\/2023\/02\/2023-aktivnosti-13-izbornik-Tau.png\"><img loading=\"lazy\" decoding=\"async\" aria-describedby=\"caption-attachment-2957\" class=\"size-full wp-image-2957\" src=\"http:\/\/cpeu.ffzg.unizg.hr\/wp-content\/uploads\/2023\/02\/2023-aktivnosti-13-izbornik-Tau.png\" alt=\"Odabir aktivnost &quot;TAU&quot;\" width=\"822\" height=\"728\" srcset=\"https:\/\/cpeu.ffzg.unizg.hr\/wp-content\/uploads\/2023\/02\/2023-aktivnosti-13-izbornik-Tau.png 822w, https:\/\/cpeu.ffzg.unizg.hr\/wp-content\/uploads\/2023\/02\/2023-aktivnosti-13-izbornik-Tau-300x266.png 300w, https:\/\/cpeu.ffzg.unizg.hr\/wp-content\/uploads\/2023\/02\/2023-aktivnosti-13-izbornik-Tau-768x680.png 768w, https:\/\/cpeu.ffzg.unizg.hr\/wp-content\/uploads\/2023\/02\/2023-aktivnosti-13-izbornik-Tau-624x553.png 624w\" sizes=\"auto, (max-width: 822px) 100vw, 822px\" \/><\/a><p id=\"caption-attachment-2957\" class=\"wp-caption-text\">Odabir aktivnost &#8220;TAU&#8221;<\/p><\/div>\n<p>Postavke aktivnosti <strong>Tau <\/strong>su organizirane u sekcije: <strong>Op\u0107e postavke, Dostupnost, Pozivnice, <\/strong><strong>Zajedni\u010dke postavke modula<\/strong>, <strong>Ograni\u010di dostupnost <\/strong>i <strong>Dovr\u0161enost aktivnosti<\/strong>.<\/p>\n<p><iframe loading=\"lazy\" src=\"https:\/\/www.youtube-nocookie.com\/embed\/HGV0ZfU6unk?rel=0\" width=\"560\" height=\"315\" frameborder=\"0\" allowfullscreen=\"allowfullscreen\"><span style=\"display: inline-block; width: 0px; overflow: hidden; line-height: 0;\" data-mce-type=\"bookmark\" class=\"mce_SELRES_start\">\ufeff<\/span><\/iframe><\/p>\n<h3>Op\u0107e postavke<\/h3>\n<p><strong>Naziv sesije:<\/strong> naziv aktivnosti, vidljiv na naslovnici e-kolegija u obliku poveznice.<\/p>\n<p><strong>Opis:<\/strong> Upute studentima i opis o \u010demu se radi u sesiji.<\/p>\n<p><strong>Prika\u017ei opis\/upute na naslovnici:<\/strong> Ako \u017eelite prikazati opis \/ upute na naslovnici i prije nego student klikne na poveznicu aktivnosti. Zadana vrijednost je isklju\u010deno.<\/p>\n<h3>Dostupnost<\/h3>\n<p><strong>Po\u010detak video-sesije:<\/strong> Mogu\u0107e je zadati datum i vrijeme po\u010detka video-sesije. Studenti \u0107e mo\u0107i pristupiti navedenoj sesiji u zadano vrijeme.<\/p>\n<p><strong>Zatvaranje videokonferencije:<\/strong> Mogu\u0107e je zadati datum i vrijeme zavr\u0161etka video-sesije.<\/p>\n<p><strong>Broj minuta do pristupa:<\/strong> Omogu\u0107ava pristup sesiji nekoliko minuta prije roka zadanoga u postavci &#8220;<strong>Po\u010detak video-sesije<\/strong>&#8220;, \u0161to slu\u017ei kao svojevrsna tonska proba. U ovoj aktivnosti nema mogu\u0107nosti \u010dekanja na moderatora (za razliku od BigBlueButton)!<\/p>\n<h3>Pozivnice<\/h3>\n<p><strong>Poveznica s pozivnicom \u0107e iste\u0107i:<\/strong> Mogu\u0107e je zadati datum i vrijeme nakon kojeg se sastanku vi\u0161e ne mo\u017ee pristupiti poveznicom.<\/p>\n<h3><strong>Sekcija<\/strong> Zajedni\u010dke postavke modula<\/h3>\n<p>Sve aktivnosti i resursi u postavkama imaju ovu sekciju, u kojoj je mogu\u0107e urediti vidljivost aktivnosti \/ resursa studentima, ID broj aktivnosti \/ resursa te, ako aktivnost to podr\u017eava, postavke za grupni oblik nastave.<\/p>\n<p><strong>Dostupnost:<\/strong> mogu\u0107e je zadati da se aktivnost \/ resurs ne prikazuje studentima (vrijednost \u201c<strong>Skrij od studenata<\/strong>\u201c). Zadana vrijednost je \u201c<strong>Prika\u017ei na naslovnici e-kolegija<\/strong>\u201c.<\/p>\n<p><strong>ID broj:<\/strong> Postavljanje ID broja omogu\u0107ava identifikaciju aktivnosti u svrhu ra\u010dunanja ocjena. Ako aktivnost nije obuhva\u0107ena nekim oblikom ocjenjivanja, polje koje sadr\u017eava ID broj se mo\u017ee ostaviti praznim. ID se tako\u0111er mo\u017ee postaviti u alatu za ocjenjivanje, no mo\u017ee se ure\u0111ivati jedino na stranici s postavkama odre\u0111ene aktivnosti. Zadano je ostavljeno prazno (bez vrijednosti).<\/p>\n<h3><strong>Sekcija Ograni\u010di dostupnost<\/strong><\/h3>\n<p><span data-sheets-value=\"{&quot;1&quot;:2,&quot;2&quot;:&quot;Dovr\u0161enost aktivnosti - Zahtijeva od studenta dovr\u0161etak (ili ne-dovr\u0161etak) druge aktivnosti.\\nDatum - Ograni\u010denje dostupnosti do (ili od) zadanog datuma i vremena. Ako \u017eelite ograni\u010diti dostupnost i OD i DO zadanog datuma i vremena, morate postaviti 2 odvojena uvjeta (od kada u jednom uvjetu i do kada u drugome). Napomena vezana uz vrijeme: pripazite, ako ste zadali da je ne\u0161to dostupno do 01.05.2020. u 00:00, tada je to dostupno do 30.04.2020. u 23:59, a ne cijeli dan do pono\u0107i 01.05.2020.!\\nOcjena - Ograni\u010denje prema ostvarenoj ocjeni na nekoj drugoj, prethodno dovr\u0161enoj aktivnosti (uvjet mo\u017ee biti vi\u0161a ili ni\u017ea ocjena).\\nSkup ograni\u010denja - Skup prethodno opisanih ograni\u010denja, ali ulan\u010danih uz primjenu slo\u017eene logike.&quot;}\" data-sheets-userformat=\"{&quot;2&quot;:897,&quot;3&quot;:{&quot;1&quot;:0},&quot;10&quot;:1,&quot;11&quot;:4,&quot;12&quot;:0}\" data-sheets-textstyleruns=\"[null,0,{&quot;5&quot;:1}]\uee10{&quot;1&quot;:21}\uee10[null,93,{&quot;5&quot;:1}]\uee10{&quot;1&quot;:99}\uee10[null,198,{&quot;5&quot;:1}]\uee10{&quot;1&quot;:200}\uee10[null,203,{&quot;5&quot;:1}]\uee10{&quot;1&quot;:205}\uee10[null,249,{&quot;5&quot;:1}]\uee10{&quot;1&quot;:266}\uee10[null,268,{&quot;6&quot;:1}]\uee10{&quot;1&quot;:276}\uee10[null,294,{&quot;6&quot;:1}]\uee10{&quot;1&quot;:302}\uee10[null,314,{&quot;5&quot;:1}]\uee10{&quot;1&quot;:342}\uee10[null,389,{&quot;5&quot;:1}]\uee10{&quot;1&quot;:411}\uee10[null,424,{&quot;5&quot;:1}]\uee10{&quot;1&quot;:432}\uee10[null,433,{&quot;5&quot;:1}]\uee10{&quot;1&quot;:455}\uee10[null,496,{&quot;5&quot;:1}]\uee10{&quot;1&quot;:503}\uee10[null,629,{&quot;5&quot;:1}]\uee10{&quot;1&quot;:645}\"><strong>Dovr\u0161enost aktivnosti:<\/strong> Zahtijeva od studenta dovr\u0161etak (ili ne-dovr\u0161etak) druge aktivnosti.<\/span><\/p>\n<p><span data-sheets-value=\"{&quot;1&quot;:2,&quot;2&quot;:&quot;Dovr\u0161enost aktivnosti - Zahtijeva od studenta dovr\u0161etak (ili ne-dovr\u0161etak) druge aktivnosti.\\nDatum - Ograni\u010denje dostupnosti do (ili od) zadanog datuma i vremena. Ako \u017eelite ograni\u010diti dostupnost i OD i DO zadanog datuma i vremena, morate postaviti 2 odvojena uvjeta (od kada u jednom uvjetu i do kada u drugome). Napomena vezana uz vrijeme: pripazite, ako ste zadali da je ne\u0161to dostupno do 01.05.2020. u 00:00, tada je to dostupno do 30.04.2020. u 23:59, a ne cijeli dan do pono\u0107i 01.05.2020.!\\nOcjena - Ograni\u010denje prema ostvarenoj ocjeni na nekoj drugoj, prethodno dovr\u0161enoj aktivnosti (uvjet mo\u017ee biti vi\u0161a ili ni\u017ea ocjena).\\nSkup ograni\u010denja - Skup prethodno opisanih ograni\u010denja, ali ulan\u010danih uz primjenu slo\u017eene logike.&quot;}\" data-sheets-userformat=\"{&quot;2&quot;:897,&quot;3&quot;:{&quot;1&quot;:0},&quot;10&quot;:1,&quot;11&quot;:4,&quot;12&quot;:0}\" data-sheets-textstyleruns=\"[null,0,{&quot;5&quot;:1}]\uee10{&quot;1&quot;:21}\uee10[null,93,{&quot;5&quot;:1}]\uee10{&quot;1&quot;:99}\uee10[null,198,{&quot;5&quot;:1}]\uee10{&quot;1&quot;:200}\uee10[null,203,{&quot;5&quot;:1}]\uee10{&quot;1&quot;:205}\uee10[null,249,{&quot;5&quot;:1}]\uee10{&quot;1&quot;:266}\uee10[null,268,{&quot;6&quot;:1}]\uee10{&quot;1&quot;:276}\uee10[null,294,{&quot;6&quot;:1}]\uee10{&quot;1&quot;:302}\uee10[null,314,{&quot;5&quot;:1}]\uee10{&quot;1&quot;:342}\uee10[null,389,{&quot;5&quot;:1}]\uee10{&quot;1&quot;:411}\uee10[null,424,{&quot;5&quot;:1}]\uee10{&quot;1&quot;:432}\uee10[null,433,{&quot;5&quot;:1}]\uee10{&quot;1&quot;:455}\uee10[null,496,{&quot;5&quot;:1}]\uee10{&quot;1&quot;:503}\uee10[null,629,{&quot;5&quot;:1}]\uee10{&quot;1&quot;:645}\"><strong>Datum:<\/strong> Ograni\u010denje dostupnosti do (ili od) zadanog datuma i vremena. Ako \u017eelite ograni\u010diti dostupnost i <strong>OD<\/strong> i <strong>DO<\/strong> zadanog datuma i vremena, morate postaviti <strong>2 odvojena uvjeta<\/strong> (<em>od kada<\/em> u jednom uvjetu i <em>do kada<\/em> u drugome). <strong>Napomena vezana uz vrijeme:<\/strong> pripazite, ako ste zadali da je ne\u0161to dostupno <strong>do 01.05.2020. u 00:00<\/strong>, tada je to dostupno <strong>do 30.04.2020. u 23:59<\/strong>, a ne cijeli dan do pono\u0107i 01.05.2020.!<\/span><\/p>\n<p><span data-sheets-value=\"{&quot;1&quot;:2,&quot;2&quot;:&quot;Dovr\u0161enost aktivnosti - Zahtijeva od studenta dovr\u0161etak (ili ne-dovr\u0161etak) druge aktivnosti.\\nDatum - Ograni\u010denje dostupnosti do (ili od) zadanog datuma i vremena. Ako \u017eelite ograni\u010diti dostupnost i OD i DO zadanog datuma i vremena, morate postaviti 2 odvojena uvjeta (od kada u jednom uvjetu i do kada u drugome). Napomena vezana uz vrijeme: pripazite, ako ste zadali da je ne\u0161to dostupno do 01.05.2020. u 00:00, tada je to dostupno do 30.04.2020. u 23:59, a ne cijeli dan do pono\u0107i 01.05.2020.!\\nOcjena - Ograni\u010denje prema ostvarenoj ocjeni na nekoj drugoj, prethodno dovr\u0161enoj aktivnosti (uvjet mo\u017ee biti vi\u0161a ili ni\u017ea ocjena).\\nSkup ograni\u010denja - Skup prethodno opisanih ograni\u010denja, ali ulan\u010danih uz primjenu slo\u017eene logike.&quot;}\" data-sheets-userformat=\"{&quot;2&quot;:897,&quot;3&quot;:{&quot;1&quot;:0},&quot;10&quot;:1,&quot;11&quot;:4,&quot;12&quot;:0}\" data-sheets-textstyleruns=\"[null,0,{&quot;5&quot;:1}]\uee10{&quot;1&quot;:21}\uee10[null,93,{&quot;5&quot;:1}]\uee10{&quot;1&quot;:99}\uee10[null,198,{&quot;5&quot;:1}]\uee10{&quot;1&quot;:200}\uee10[null,203,{&quot;5&quot;:1}]\uee10{&quot;1&quot;:205}\uee10[null,249,{&quot;5&quot;:1}]\uee10{&quot;1&quot;:266}\uee10[null,268,{&quot;6&quot;:1}]\uee10{&quot;1&quot;:276}\uee10[null,294,{&quot;6&quot;:1}]\uee10{&quot;1&quot;:302}\uee10[null,314,{&quot;5&quot;:1}]\uee10{&quot;1&quot;:342}\uee10[null,389,{&quot;5&quot;:1}]\uee10{&quot;1&quot;:411}\uee10[null,424,{&quot;5&quot;:1}]\uee10{&quot;1&quot;:432}\uee10[null,433,{&quot;5&quot;:1}]\uee10{&quot;1&quot;:455}\uee10[null,496,{&quot;5&quot;:1}]\uee10{&quot;1&quot;:503}\uee10[null,629,{&quot;5&quot;:1}]\uee10{&quot;1&quot;:645}\"><strong>Ocjena:<\/strong> Ograni\u010denje prema ostvarenoj ocjeni na nekoj drugoj, prethodno dovr\u0161enoj aktivnosti (uvjet mo\u017ee biti vi\u0161a ili ni\u017ea ocjena).<\/span><\/p>\n<p><strong>Korisni\u010dki profil:<\/strong> Ograni\u010denje prema vrijednostima u poljima korisni\u010dkog profila pojedinog korisnika (npr. na osnovu adrese e-po\u0161te korisnika).<\/p>\n<p><span data-sheets-value=\"{&quot;1&quot;:2,&quot;2&quot;:&quot;Dovr\u0161enost aktivnosti - Zahtijeva od studenta dovr\u0161etak (ili ne-dovr\u0161etak) druge aktivnosti.\\nDatum - Ograni\u010denje dostupnosti do (ili od) zadanog datuma i vremena. Ako \u017eelite ograni\u010diti dostupnost i OD i DO zadanog datuma i vremena, morate postaviti 2 odvojena uvjeta (od kada u jednom uvjetu i do kada u drugome). Napomena vezana uz vrijeme: pripazite, ako ste zadali da je ne\u0161to dostupno do 01.05.2020. u 00:00, tada je to dostupno do 30.04.2020. u 23:59, a ne cijeli dan do pono\u0107i 01.05.2020.!\\nOcjena - Ograni\u010denje prema ostvarenoj ocjeni na nekoj drugoj, prethodno dovr\u0161enoj aktivnosti (uvjet mo\u017ee biti vi\u0161a ili ni\u017ea ocjena).\\nSkup ograni\u010denja - Skup prethodno opisanih ograni\u010denja, ali ulan\u010danih uz primjenu slo\u017eene logike.&quot;}\" data-sheets-userformat=\"{&quot;2&quot;:897,&quot;3&quot;:{&quot;1&quot;:0},&quot;10&quot;:1,&quot;11&quot;:4,&quot;12&quot;:0}\" data-sheets-textstyleruns=\"[null,0,{&quot;5&quot;:1}]\uee10{&quot;1&quot;:21}\uee10[null,93,{&quot;5&quot;:1}]\uee10{&quot;1&quot;:99}\uee10[null,198,{&quot;5&quot;:1}]\uee10{&quot;1&quot;:200}\uee10[null,203,{&quot;5&quot;:1}]\uee10{&quot;1&quot;:205}\uee10[null,249,{&quot;5&quot;:1}]\uee10{&quot;1&quot;:266}\uee10[null,268,{&quot;6&quot;:1}]\uee10{&quot;1&quot;:276}\uee10[null,294,{&quot;6&quot;:1}]\uee10{&quot;1&quot;:302}\uee10[null,314,{&quot;5&quot;:1}]\uee10{&quot;1&quot;:342}\uee10[null,389,{&quot;5&quot;:1}]\uee10{&quot;1&quot;:411}\uee10[null,424,{&quot;5&quot;:1}]\uee10{&quot;1&quot;:432}\uee10[null,433,{&quot;5&quot;:1}]\uee10{&quot;1&quot;:455}\uee10[null,496,{&quot;5&quot;:1}]\uee10{&quot;1&quot;:503}\uee10[null,629,{&quot;5&quot;:1}]\uee10{&quot;1&quot;:645}\"><strong>Skup ograni\u010denja:<\/strong> Skup prethodno opisanih ograni\u010denja, ali ulan\u010danih uz primjenu slo\u017eene logike.<\/span><\/p>\n<h3><strong>Sekcija Dovr\u0161enost aktivnosti<\/strong><\/h3>\n<p>Ako je omogu\u0107eno, prati se dovr\u0161enost aktivnosti, bilo ru\u010dno ili automatski, ovisno o odre\u0111enim uvjetima. Mogu se zadati vi\u0161estruki uvjeti, ovisno o potrebama. Ako postavite vi\u0161estruke uvjete, tada se aktivnost smatra dovr\u0161enom samo kada su postignuti SVI uvjeti.<\/p>\n<p>Kva\u010dica kraj imena aktivnosti na naslovnici e-kolegija ozna\u010dava je li neka aktivnost dovr\u0161ena.<\/p>\n<p><strong>Pra\u0107enje dovr\u0161enosti:<\/strong><\/p>\n<ul>\n<li><strong>Ne prikazuj dovr\u0161enost aktivnosti:<\/strong> ikona s informacijom o dovr\u0161enosti aktivnosti (kva\u010dica) ne\u0107e biti prikazana.<\/li>\n<li><strong>Studenti mogu ru\u010dno ozna\u010diti aktivnost kao dovr\u0161enu:<\/strong> studenti mogu kliknuti na ikonu s informacijom o dovr\u0161enosti aktivnosti na naslovnici e-kolegija i promijeniti stanje u dovr\u0161eno (kva\u010dica). <strong>Napomena: <\/strong>u ovom slu\u010daju studenti to mogu napraviti i PRIJE nego odrade svoj zadatak \/ aktivnost!<\/li>\n<\/ul>\n<p>Kori\u0161tenjem opcije \u201c<strong>Po\u0161alji obavijest sudionicima o promjeni sadr\u017eaja<\/strong>\u201d mogu\u0107e je poslati poruku studentima kod stvaranja nove aktivnosti ili a\u017euriranja postoje\u0107e.<\/p>\n","protected":false},"excerpt":{"rendered":"<p>Aktivnost Tau omogu\u0107ava nastavniku stvaranje videokonferencijske sobe za komunikaciju sa studentima. Za razliku od aktivnosti BigBlueButton, u aktivnosti Tau se ne mo\u017ee napraviti snimka za kasnije. Kako biste dodali aktivnost Tau na svoj e-kolegij, kliknite gore desno na gumb &#8220;Ure\u0111ivanje&#8221;. Kada omogu\u0107ite ure\u0111ivanje, ikona \u0107e iz sive boje prije\u0107i u ljubi\u010dastu. Potom u sekciji ili [&hellip;]<\/p>\n","protected":false},"author":1,"featured_media":0,"parent":491,"menu_order":0,"comment_status":"closed","ping_status":"closed","template":"","meta":{"footnotes":""},"class_list":["post-2225","page","type-page","status-publish","hentry"],"jetpack_sharing_enabled":true,"_links":{"self":[{"href":"https:\/\/cpeu.ffzg.unizg.hr\/index.php?rest_route=\/wp\/v2\/pages\/2225","targetHints":{"allow":["GET"]}}],"collection":[{"href":"https:\/\/cpeu.ffzg.unizg.hr\/index.php?rest_route=\/wp\/v2\/pages"}],"about":[{"href":"https:\/\/cpeu.ffzg.unizg.hr\/index.php?rest_route=\/wp\/v2\/types\/page"}],"author":[{"embeddable":true,"href":"https:\/\/cpeu.ffzg.unizg.hr\/index.php?rest_route=\/wp\/v2\/users\/1"}],"replies":[{"embeddable":true,"href":"https:\/\/cpeu.ffzg.unizg.hr\/index.php?rest_route=%2Fwp%2Fv2%2Fcomments&post=2225"}],"version-history":[{"count":10,"href":"https:\/\/cpeu.ffzg.unizg.hr\/index.php?rest_route=\/wp\/v2\/pages\/2225\/revisions"}],"predecessor-version":[{"id":3017,"href":"https:\/\/cpeu.ffzg.unizg.hr\/index.php?rest_route=\/wp\/v2\/pages\/2225\/revisions\/3017"}],"up":[{"embeddable":true,"href":"https:\/\/cpeu.ffzg.unizg.hr\/index.php?rest_route=\/wp\/v2\/pages\/491"}],"wp:attachment":[{"href":"https:\/\/cpeu.ffzg.unizg.hr\/index.php?rest_route=%2Fwp%2Fv2%2Fmedia&parent=2225"}],"curies":[{"name":"wp","href":"https:\/\/api.w.org\/{rel}","templated":true}]}}