{"id":2486,"date":"2020-09-19T17:58:02","date_gmt":"2020-09-19T16:58:02","guid":{"rendered":"http:\/\/cpeu.ffzg.unizg.hr\/?page_id=2486"},"modified":"2023-02-17T09:55:09","modified_gmt":"2023-02-17T08:55:09","slug":"koristenje-bigbluebutton-aktivnosti-za-snimanje-predavanja","status":"publish","type":"page","link":"https:\/\/cpeu.ffzg.unizg.hr\/?page_id=2486","title":{"rendered":"Kori\u0161tenje BigBlueButton aktivnosti za snimanje predavanja"},"content":{"rendered":"<p>Ako su vam potrebne upute kako izraditi BigBlueButton aktivnost, dostupne su <a href=\"https:\/\/youtu.be\/aZo4K84BJX0\"><strong>OVDJE<\/strong><\/a> (video-upute).<\/p>\n<p>Pisane upute za snimanje predavanja kori\u0161tenjem aktivnosti BigBlueButton postoje i u obliku video uputa, dostupnih ovdje:<\/p>\n<p><iframe loading=\"lazy\" src=\"https:\/\/www.youtube-nocookie.com\/embed\/o4IMqsj5o44?rel=0\" width=\"560\" height=\"315\" frameborder=\"0\" allowfullscreen=\"allowfullscreen\"><\/iframe><\/p>\n<p>Kako biste snimili svoje predavanje kori\u0161tenjem aktivnosti BigBlueButton, trebate kliknuti na\u00a0 postoje\u0107u aktivnost BigBlueButton na va\u0161em e-kolegiju.<\/p>\n<div id=\"attachment_2487\" style=\"width: 611px\" class=\"wp-caption aligncenter\"><img loading=\"lazy\" decoding=\"async\" aria-describedby=\"caption-attachment-2487\" class=\"size-full wp-image-2487\" src=\"http:\/\/cpeu.ffzg.unizg.hr\/wp-content\/uploads\/2020\/09\/01-naslovnica-bbb-aktivnost.png\" alt=\"\" width=\"601\" height=\"162\" srcset=\"https:\/\/cpeu.ffzg.unizg.hr\/wp-content\/uploads\/2020\/09\/01-naslovnica-bbb-aktivnost.png 601w, https:\/\/cpeu.ffzg.unizg.hr\/wp-content\/uploads\/2020\/09\/01-naslovnica-bbb-aktivnost-300x81.png 300w\" sizes=\"auto, (max-width: 601px) 100vw, 601px\" \/><p id=\"caption-attachment-2487\" class=\"wp-caption-text\">Odabir BigBlueButton aktivnosti<\/p><\/div>\n<p>Kliknite na aktivnost u kojoj \u017eelite snimiti predavanje, a potom je unutar same aktivnosti\u00a0 potrebno u\u0107i u virtualnu u\u010dionicu klikom na gumb &#8220;<strong>Priklju\u010di se sesiji<\/strong>&#8220;.<\/p>\n<div id=\"attachment_2489\" style=\"width: 341px\" class=\"wp-caption aligncenter\"><img loading=\"lazy\" decoding=\"async\" aria-describedby=\"caption-attachment-2489\" class=\"size-full wp-image-2489\" src=\"http:\/\/cpeu.ffzg.unizg.hr\/wp-content\/uploads\/2020\/09\/02-gumb-prikljuci-se-sesiji.jpg\" alt=\"\" width=\"331\" height=\"125\" srcset=\"https:\/\/cpeu.ffzg.unizg.hr\/wp-content\/uploads\/2020\/09\/02-gumb-prikljuci-se-sesiji.jpg 331w, https:\/\/cpeu.ffzg.unizg.hr\/wp-content\/uploads\/2020\/09\/02-gumb-prikljuci-se-sesiji-300x113.jpg 300w\" sizes=\"auto, (max-width: 331px) 100vw, 331px\" \/><p id=\"caption-attachment-2489\" class=\"wp-caption-text\">Gumb &#8220;Priklju\u010di se sesiji&#8221;<\/p><\/div>\n<p>Nastavnici potom trebaju izabrati ikonu &#8220;<strong>Microphone<\/strong>&#8220;, a studenti ovisno o tome \u0161to im nastavnici zadaju.<\/p>\n<div id=\"attachment_2491\" style=\"width: 597px\" class=\"wp-caption aligncenter\"><img loading=\"lazy\" decoding=\"async\" aria-describedby=\"caption-attachment-2491\" class=\"size-full wp-image-2491\" src=\"http:\/\/cpeu.ffzg.unizg.hr\/wp-content\/uploads\/2020\/09\/03-odabir-mikrofona-slusalica.png\" alt=\"\" width=\"587\" height=\"257\" srcset=\"https:\/\/cpeu.ffzg.unizg.hr\/wp-content\/uploads\/2020\/09\/03-odabir-mikrofona-slusalica.png 587w, https:\/\/cpeu.ffzg.unizg.hr\/wp-content\/uploads\/2020\/09\/03-odabir-mikrofona-slusalica-300x131.png 300w\" sizes=\"auto, (max-width: 587px) 100vw, 587px\" \/><p id=\"caption-attachment-2491\" class=\"wp-caption-text\">Odabir mikrofona (predava\u010d) ili slu\u0161alica (studenti)<\/p><\/div>\n<p>Potom \u0107e vas va\u0161 internetski preglednik (<a href=\"https:\/\/www.google.com\/chrome\/\" target=\"_blank\" rel=\"noopener noreferrer\">Google Chrome<\/a> ili <a href=\"https:\/\/www.mozilla.org\/en-US\/firefox\/new\/\" target=\"_blank\" rel=\"noopener noreferrer\">Mozilla Firefox<\/a>) pitati \u017eelite li dati ovlasti udaljenom sustavu za kori\u0161tenje va\u0161eg mikrofona. <strong>Odgovorit \u0107ete potvrdno na taj upit (\u201cAllow\u201d).<\/strong><\/p>\n<div id=\"attachment_2523\" style=\"width: 379px\" class=\"wp-caption aligncenter\"><img loading=\"lazy\" decoding=\"async\" aria-describedby=\"caption-attachment-2523\" class=\"size-full wp-image-2523\" src=\"http:\/\/cpeu.ffzg.unizg.hr\/wp-content\/uploads\/2020\/09\/02A-BBB-dozvola-mikrofon-.png\" alt=\"\" width=\"369\" height=\"141\" srcset=\"https:\/\/cpeu.ffzg.unizg.hr\/wp-content\/uploads\/2020\/09\/02A-BBB-dozvola-mikrofon-.png 369w, https:\/\/cpeu.ffzg.unizg.hr\/wp-content\/uploads\/2020\/09\/02A-BBB-dozvola-mikrofon--300x115.png 300w\" sizes=\"auto, (max-width: 369px) 100vw, 369px\" \/><p id=\"caption-attachment-2523\" class=\"wp-caption-text\">Davanje dozvole pregledniku za kori\u0161tenje mikrofona<\/p><\/div>\n<p>Potom se pokre\u0107e &#8220;<strong>Echo test<\/strong>&#8221; odnosno &#8220;<strong>Test jeke<\/strong>&#8220;. Recite nekoliko rije\u010di kako biste isprobali radi li vam mikrofon.<\/p>\n<div id=\"attachment_2493\" style=\"width: 556px\" class=\"wp-caption aligncenter\"><img loading=\"lazy\" decoding=\"async\" aria-describedby=\"caption-attachment-2493\" class=\"size-full wp-image-2493\" src=\"http:\/\/cpeu.ffzg.unizg.hr\/wp-content\/uploads\/2020\/09\/04-test-jeke-echo.png\" alt=\"\" width=\"546\" height=\"230\" srcset=\"https:\/\/cpeu.ffzg.unizg.hr\/wp-content\/uploads\/2020\/09\/04-test-jeke-echo.png 546w, https:\/\/cpeu.ffzg.unizg.hr\/wp-content\/uploads\/2020\/09\/04-test-jeke-echo-300x126.png 300w\" sizes=\"auto, (max-width: 546px) 100vw, 546px\" \/><p id=\"caption-attachment-2493\" class=\"wp-caption-text\">Test jeke<\/p><\/div>\n<p>Ako \u010dujete svoj glas s vremenskim odmakom, mikrofon radi. Kliknite na zelenu ikonu &#8220;<strong>Yes<\/strong>&#8220;.<\/p>\n<p>Prikazat \u0107e se virtualna u\u010dionica. Za nastavnika je najbitnije znati pokrenuti i uti\u0161ati mikrofon, klikom na njegovu ikonu dolje u sredini ekrana, te koristiti izbornik &#8220;<strong>Actions<\/strong>&#8220;, koji se nalazi dolje lijevo.<\/p>\n<div id=\"attachment_2495\" style=\"width: 303px\" class=\"wp-caption aligncenter\"><img loading=\"lazy\" decoding=\"async\" aria-describedby=\"caption-attachment-2495\" class=\"size-full wp-image-2495\" src=\"http:\/\/cpeu.ffzg.unizg.hr\/wp-content\/uploads\/2020\/09\/05-mikrofon-ukljucen-bbb.png\" alt=\"\" width=\"293\" height=\"61\" \/><p id=\"caption-attachment-2495\" class=\"wp-caption-text\">Uklju\u010deni mikrofon<\/p><\/div>\n<div id=\"attachment_2497\" style=\"width: 304px\" class=\"wp-caption aligncenter\"><img loading=\"lazy\" decoding=\"async\" aria-describedby=\"caption-attachment-2497\" class=\"size-full wp-image-2497\" src=\"http:\/\/cpeu.ffzg.unizg.hr\/wp-content\/uploads\/2020\/09\/06-mikrofon-iskljucen-bbb.png\" alt=\"\" width=\"294\" height=\"58\" \/><p id=\"caption-attachment-2497\" class=\"wp-caption-text\">Isklju\u010deni mikrofon<\/p><\/div>\n<p>Prezentaciju dodajete biranjem poveznice &#8220;<strong>Manage presentations<\/strong>&#8221; unutar izbornika &#8220;<strong>Actions<\/strong>&#8220;.<\/p>\n<div id=\"attachment_2499\" style=\"width: 464px\" class=\"wp-caption aligncenter\"><img loading=\"lazy\" decoding=\"async\" aria-describedby=\"caption-attachment-2499\" class=\"wp-image-2499\" src=\"http:\/\/cpeu.ffzg.unizg.hr\/wp-content\/uploads\/2020\/09\/07-izbornik-actions.jpg\" alt=\"\" width=\"454\" height=\"61\" srcset=\"https:\/\/cpeu.ffzg.unizg.hr\/wp-content\/uploads\/2020\/09\/07-izbornik-actions.jpg 528w, https:\/\/cpeu.ffzg.unizg.hr\/wp-content\/uploads\/2020\/09\/07-izbornik-actions-300x40.jpg 300w\" sizes=\"auto, (max-width: 454px) 100vw, 454px\" \/><p id=\"caption-attachment-2499\" class=\"wp-caption-text\">Izbornik &#8220;Actions&#8221;<\/p><\/div>\n<div id=\"attachment_2719\" style=\"width: 304px\" class=\"wp-caption aligncenter\"><img loading=\"lazy\" decoding=\"async\" aria-describedby=\"caption-attachment-2719\" class=\"wp-image-2719 size-full\" src=\"http:\/\/cpeu.ffzg.unizg.hr\/wp-content\/uploads\/2021\/12\/Snip-BigBlueButton-BigBlueButton-proba-Mozilla-Firefo.png\" alt=\"\" width=\"294\" height=\"219\" \/><p id=\"caption-attachment-2719\" class=\"wp-caption-text\">Postavljanje prezentacije u aktivnost BigBlueButton<\/p><\/div>\n<p>Otvorit \u0107e se stranica za postavljanje prezentacije, s okvirom &#8220;<strong>Drag files here to upload or browse for files<\/strong>&#8220;. Kliknite na poveznicu &#8220;<strong>or browse for files<\/strong>&#8220;.<\/p>\n<div id=\"attachment_2503\" style=\"width: 647px\" class=\"wp-caption aligncenter\"><img loading=\"lazy\" decoding=\"async\" aria-describedby=\"caption-attachment-2503\" class=\"wp-image-2503 size-full\" src=\"http:\/\/cpeu.ffzg.unizg.hr\/wp-content\/uploads\/2020\/09\/09-upload-prezentacije-bbb-prozor.jpg\" alt=\"Odabir prezentacije za prijenos\" width=\"637\" height=\"474\" srcset=\"https:\/\/cpeu.ffzg.unizg.hr\/wp-content\/uploads\/2020\/09\/09-upload-prezentacije-bbb-prozor.jpg 637w, https:\/\/cpeu.ffzg.unizg.hr\/wp-content\/uploads\/2020\/09\/09-upload-prezentacije-bbb-prozor-300x223.jpg 300w, https:\/\/cpeu.ffzg.unizg.hr\/wp-content\/uploads\/2020\/09\/09-upload-prezentacije-bbb-prozor-624x464.jpg 624w\" sizes=\"auto, (max-width: 637px) 100vw, 637px\" \/><p id=\"caption-attachment-2503\" class=\"wp-caption-text\">Odabir prezentacije za prijenos<\/p><\/div>\n<p>Prona\u0111ite svoju prezentaciju na ra\u010dunalu. Ona mo\u017ee biti u obliku Word, PDF ili Powerpoint datoteke. <strong>VA\u017dNO<\/strong>: prezentacija mo\u017ee biti velika <strong>do 40 megabajta<\/strong>. Ako je va\u0161a prezentacija ve\u0107a, javite se Centru za potporu e-u\u010denju (na <a href=\"mailto:cpeu@ffzg.hr\"><strong>cpeu@ffzg.hr<\/strong><\/a>), kako bismo vam pomogli. Odaberite prezentaciju i kliknite na gumb &#8220;<strong>Open<\/strong>&#8220;. Prezentacija je postavljena na listu \u010dekanja za prijenos na poslu\u017eitelj (en. <em>upload<\/em>). Kliknite na gumb &#8220;<strong>Upload<\/strong>&#8221; na gornjem desnom dijelu ekrana.<\/p>\n<div id=\"attachment_2505\" style=\"width: 647px\" class=\"wp-caption aligncenter\"><img loading=\"lazy\" decoding=\"async\" aria-describedby=\"caption-attachment-2505\" class=\"size-full wp-image-2505\" src=\"http:\/\/cpeu.ffzg.unizg.hr\/wp-content\/uploads\/2020\/09\/10-gumb-upload-prezentacije-bbb.png\" alt=\"\" width=\"637\" height=\"153\" srcset=\"https:\/\/cpeu.ffzg.unizg.hr\/wp-content\/uploads\/2020\/09\/10-gumb-upload-prezentacije-bbb.png 637w, https:\/\/cpeu.ffzg.unizg.hr\/wp-content\/uploads\/2020\/09\/10-gumb-upload-prezentacije-bbb-300x72.png 300w, https:\/\/cpeu.ffzg.unizg.hr\/wp-content\/uploads\/2020\/09\/10-gumb-upload-prezentacije-bbb-624x150.png 624w\" sizes=\"auto, (max-width: 637px) 100vw, 637px\" \/><p id=\"caption-attachment-2505\" class=\"wp-caption-text\">Gumb &#8220;Upload&#8221;<\/p><\/div>\n<p>Prezentacija \u0107e se prenijeti na sustav u roku od nekoliko desetaka sekundi do par minuta, ovisno o veli\u010dini. Prezentacija postavljena na sustav pojavit \u0107e se na sredini ekrana; isprobajte radi li prebacivanje slajdova \/ stranica.<\/p>\n<p><strong>VA\u017dNO:<\/strong> Prije samoga postavljanja na sustav <strong>uklonite animacije<\/strong> iz prezentacije u Powerpointu, jer ih sustav ne podr\u017eava (budu\u0107i da \u0107e sve postavljene datoteke pretvoriti u PDF).<\/p>\n<p>Ako u snimku predavanja \u017eelite uklju\u010diti i snimku s va\u0161e web-kamere, potrebno je kliknuti na ikonu prekri\u017eene kamere na dnu su\u010delja:<\/p>\n<div id=\"attachment_2525\" style=\"width: 538px\" class=\"wp-caption aligncenter\"><img loading=\"lazy\" decoding=\"async\" aria-describedby=\"caption-attachment-2525\" class=\"size-full wp-image-2525\" src=\"http:\/\/cpeu.ffzg.unizg.hr\/wp-content\/uploads\/2020\/09\/02C-bbb-omoguci-kameru.jpg\" alt=\"\" width=\"528\" height=\"71\" srcset=\"https:\/\/cpeu.ffzg.unizg.hr\/wp-content\/uploads\/2020\/09\/02C-bbb-omoguci-kameru.jpg 528w, https:\/\/cpeu.ffzg.unizg.hr\/wp-content\/uploads\/2020\/09\/02C-bbb-omoguci-kameru-300x40.jpg 300w\" sizes=\"auto, (max-width: 528px) 100vw, 528px\" \/><p id=\"caption-attachment-2525\" class=\"wp-caption-text\">Uklju\u010divanje kamere<\/p><\/div>\n<p>Potom \u0107e vas va\u0161 preglednik zatra\u017eiti dozvolu za kori\u0161enje web-kamere. <strong>Odgovorit \u0107ete potvrdno na taj upit (\u201cAllow\u201d).<\/strong><\/p>\n<div id=\"attachment_2527\" style=\"width: 376px\" class=\"wp-caption aligncenter\"><img loading=\"lazy\" decoding=\"async\" aria-describedby=\"caption-attachment-2527\" class=\"size-full wp-image-2527\" src=\"http:\/\/cpeu.ffzg.unizg.hr\/wp-content\/uploads\/2020\/09\/02D-BBB-dozvola-kamera.png\" alt=\"\" width=\"366\" height=\"143\" srcset=\"https:\/\/cpeu.ffzg.unizg.hr\/wp-content\/uploads\/2020\/09\/02D-BBB-dozvola-kamera.png 366w, https:\/\/cpeu.ffzg.unizg.hr\/wp-content\/uploads\/2020\/09\/02D-BBB-dozvola-kamera-300x117.png 300w\" sizes=\"auto, (max-width: 366px) 100vw, 366px\" \/><p id=\"caption-attachment-2527\" class=\"wp-caption-text\">Davanje dozvole pregledniku za kori\u0161tenje web-kamere<\/p><\/div>\n<p>Sustav \u0107e vas u zasebnom prozoru pitati koju kameru \u017eelite koristiti i s kojim postavkama kvalitete (svakako odaberite \u201c<strong>Low quality<\/strong>\u201c). Pri tome \u0107e u lijevom dijelu tog prozora biti prikaz s va\u0161e web-kamere u\u017eivo. Za po\u010detak dijeljenja web-kamere, kliknite na gumb \u201c<strong>Start sharing<\/strong>\u201c.<\/p>\n<div id=\"attachment_2529\" style=\"width: 619px\" class=\"wp-caption aligncenter\"><img loading=\"lazy\" decoding=\"async\" aria-describedby=\"caption-attachment-2529\" class=\"size-full wp-image-2529\" src=\"http:\/\/cpeu.ffzg.unizg.hr\/wp-content\/uploads\/2020\/09\/02E-BBB-kamera-postavke.png\" alt=\"\" width=\"609\" height=\"352\" srcset=\"https:\/\/cpeu.ffzg.unizg.hr\/wp-content\/uploads\/2020\/09\/02E-BBB-kamera-postavke.png 609w, https:\/\/cpeu.ffzg.unizg.hr\/wp-content\/uploads\/2020\/09\/02E-BBB-kamera-postavke-300x173.png 300w\" sizes=\"auto, (max-width: 609px) 100vw, 609px\" \/><p id=\"caption-attachment-2529\" class=\"wp-caption-text\">Postavke web-kamere<\/p><\/div>\n<p>S lijeve strane ekrana nalaze se popis sudionika (&#8220;<strong>Users<\/strong>&#8220;) i tekstualni chat (&#8220;<strong>Public chat<\/strong>&#8220;).<\/p>\n<div id=\"attachment_2507\" style=\"width: 531px\" class=\"wp-caption aligncenter\"><img loading=\"lazy\" decoding=\"async\" aria-describedby=\"caption-attachment-2507\" class=\"size-full wp-image-2507\" src=\"http:\/\/cpeu.ffzg.unizg.hr\/wp-content\/uploads\/2020\/09\/11-popis-sudionika-bbb.png\" alt=\"\" width=\"521\" height=\"458\" srcset=\"https:\/\/cpeu.ffzg.unizg.hr\/wp-content\/uploads\/2020\/09\/11-popis-sudionika-bbb.png 521w, https:\/\/cpeu.ffzg.unizg.hr\/wp-content\/uploads\/2020\/09\/11-popis-sudionika-bbb-300x264.png 300w\" sizes=\"auto, (max-width: 521px) 100vw, 521px\" \/><p id=\"caption-attachment-2507\" class=\"wp-caption-text\">Popis sudionika i chat<\/p><\/div>\n<p>Ako snimate predavanje u\u017eivo i studenti su u virtualnoj u\u010dionici, recite im da u chat napi\u0161u \u010duju li vas. Isto tako im savjetujte da ne uklju\u010duju svoje mikrofone te da pitanja postavljaju kori\u0161tenjem tekstualnih poruka u chat stupcu.<\/p>\n<p>Predavanje mo\u017eete snimiti klikom na gumb &#8220;<strong>Start recording<\/strong>&#8221; gore na sredini su\u010delja.<\/p>\n<div id=\"attachment_2509\" style=\"width: 161px\" class=\"wp-caption aligncenter\"><img loading=\"lazy\" decoding=\"async\" aria-describedby=\"caption-attachment-2509\" class=\"size-full wp-image-2509\" src=\"http:\/\/cpeu.ffzg.unizg.hr\/wp-content\/uploads\/2020\/09\/12-start-recording.png\" alt=\"\" width=\"151\" height=\"54\" \/><p id=\"caption-attachment-2509\" class=\"wp-caption-text\">Gumb &#8220;Start recording&#8221;<\/p><\/div>\n<p>Sustav \u0107e tra\u017eiti potvrdu za po\u010detak snimanja; kliknite na gumb &#8220;<strong>Yes<\/strong>&#8220;.<\/p>\n<div id=\"attachment_2511\" style=\"width: 493px\" class=\"wp-caption aligncenter\"><img loading=\"lazy\" decoding=\"async\" aria-describedby=\"caption-attachment-2511\" class=\"wp-image-2511 size-full\" src=\"http:\/\/cpeu.ffzg.unizg.hr\/wp-content\/uploads\/2020\/09\/13-start-recording-prozor.png\" alt=\"Potvrda po\u010detka snimanja\" width=\"483\" height=\"206\" srcset=\"https:\/\/cpeu.ffzg.unizg.hr\/wp-content\/uploads\/2020\/09\/13-start-recording-prozor.png 483w, https:\/\/cpeu.ffzg.unizg.hr\/wp-content\/uploads\/2020\/09\/13-start-recording-prozor-300x128.png 300w\" sizes=\"auto, (max-width: 483px) 100vw, 483px\" \/><p id=\"caption-attachment-2511\" class=\"wp-caption-text\">Potvrda po\u010detka snimanja<\/p><\/div>\n<p>Kako biste zavr\u0161ili snimanje predavanja, gore na sredini ekrana kliknite na gumb &#8220;<strong>Pause recording<\/strong>&#8221; (na istome mjestu kao i gumb &#8220;<strong>Start recording<\/strong>&#8220;).<\/p>\n<div id=\"attachment_2513\" style=\"width: 111px\" class=\"wp-caption aligncenter\"><img loading=\"lazy\" decoding=\"async\" aria-describedby=\"caption-attachment-2513\" class=\"size-full wp-image-2513\" src=\"http:\/\/cpeu.ffzg.unizg.hr\/wp-content\/uploads\/2020\/09\/14-stop-recording.png\" alt=\"\" width=\"101\" height=\"48\" \/><p id=\"caption-attachment-2513\" class=\"wp-caption-text\">Gumb &#8220;Pause recording&#8221;<\/p><\/div>\n<p>Sustav \u0107e potom tra\u017eiti potvrdu za pauziranje snimanja; kliknite na gumb &#8220;<strong>Yes<\/strong>&#8220;.<\/p>\n<div id=\"attachment_2515\" style=\"width: 625px\" class=\"wp-caption aligncenter\"><img loading=\"lazy\" decoding=\"async\" aria-describedby=\"caption-attachment-2515\" class=\"size-full wp-image-2515\" src=\"http:\/\/cpeu.ffzg.unizg.hr\/wp-content\/uploads\/2020\/09\/15-stop-recording-prozor.png\" alt=\"\" width=\"615\" height=\"229\" srcset=\"https:\/\/cpeu.ffzg.unizg.hr\/wp-content\/uploads\/2020\/09\/15-stop-recording-prozor.png 615w, https:\/\/cpeu.ffzg.unizg.hr\/wp-content\/uploads\/2020\/09\/15-stop-recording-prozor-300x112.png 300w\" sizes=\"auto, (max-width: 615px) 100vw, 615px\" \/><p id=\"caption-attachment-2515\" class=\"wp-caption-text\">Potvrda pauziranja snimanja<\/p><\/div>\n<p>Ako snimanje predavanja radite u\u017eivo sa studentima, oni i dalje vide prezentaciju i \u010duju \u0161to govorite, no predavanje se vi\u0161e ne snima.<\/p>\n<p>Kako biste u potpunosti zavr\u0161ili snimanje, kliknite gore desno na ikonu <strong>tri okomito postavljene to\u010dke<\/strong> te u izborniku &#8220;<strong>Options<\/strong>&#8221; kliknite na poveznicu &#8220;<strong>End meeting<\/strong>&#8220;.<\/p>\n<div id=\"attachment_2517\" style=\"width: 170px\" class=\"wp-caption aligncenter\"><img loading=\"lazy\" decoding=\"async\" aria-describedby=\"caption-attachment-2517\" class=\"size-full wp-image-2517\" src=\"http:\/\/cpeu.ffzg.unizg.hr\/wp-content\/uploads\/2020\/09\/16-end-meeting.png\" alt=\"\" width=\"160\" height=\"260\" \/><p id=\"caption-attachment-2517\" class=\"wp-caption-text\">Izbornik &#8220;Options&#8221;<\/p><\/div>\n<p>Sustav \u0107e tra\u017eiti potvrdu zavr\u0161etka sesije; kliknite na gumb &#8220;<strong>Yes<\/strong>&#8220;.<\/p>\n<div id=\"attachment_2519\" style=\"width: 394px\" class=\"wp-caption aligncenter\"><img loading=\"lazy\" decoding=\"async\" aria-describedby=\"caption-attachment-2519\" class=\"size-full wp-image-2519\" src=\"http:\/\/cpeu.ffzg.unizg.hr\/wp-content\/uploads\/2020\/09\/17-potvrda-end-meeting.png\" alt=\"\" width=\"384\" height=\"166\" srcset=\"https:\/\/cpeu.ffzg.unizg.hr\/wp-content\/uploads\/2020\/09\/17-potvrda-end-meeting.png 384w, https:\/\/cpeu.ffzg.unizg.hr\/wp-content\/uploads\/2020\/09\/17-potvrda-end-meeting-300x130.png 300w\" sizes=\"auto, (max-width: 384px) 100vw, 384px\" \/><p id=\"caption-attachment-2519\" class=\"wp-caption-text\">Potvrda zavr\u0161etka sesije<\/p><\/div>\n<p>Prikazat \u0107e se poruka o zavr\u0161etku sesije; kliknite na gumb &#8220;<strong>OK<\/strong>&#8220;.<\/p>\n<div id=\"attachment_2521\" style=\"width: 395px\" class=\"wp-caption aligncenter\"><img loading=\"lazy\" decoding=\"async\" aria-describedby=\"caption-attachment-2521\" class=\"size-full wp-image-2521\" src=\"http:\/\/cpeu.ffzg.unizg.hr\/wp-content\/uploads\/2020\/09\/18-informacija-o-zavrsetku-sesije.png\" alt=\"\" width=\"385\" height=\"144\" srcset=\"https:\/\/cpeu.ffzg.unizg.hr\/wp-content\/uploads\/2020\/09\/18-informacija-o-zavrsetku-sesije.png 385w, https:\/\/cpeu.ffzg.unizg.hr\/wp-content\/uploads\/2020\/09\/18-informacija-o-zavrsetku-sesije-300x112.png 300w\" sizes=\"auto, (max-width: 385px) 100vw, 385px\" \/><p id=\"caption-attachment-2521\" class=\"wp-caption-text\">Informacija o zavr\u0161etku sesije<\/p><\/div>\n<p>Stranica \u0107e se osvje\u017eiti i prikazati obavijest o zavr\u0161etku sesije. Svi sudionici sesije bit \u0107e uklonjeni iz virtualne u\u010dionice.<\/p>\n<p><strong>VA\u017dNO:<\/strong> Tek od ovog trenutka kre\u0107e obrada va\u0161eg snimljenog predavanja. To \u0107e trajati otprilike koliko je trajalo samo predavanje (1 sat snimanja = 1 sat obrade). Po dovr\u0161etku obrade, va\u0161a snimka \u0107e biti dostupna za pregled studentima.<\/p>\n","protected":false},"excerpt":{"rendered":"<p>Ako su vam potrebne upute kako izraditi BigBlueButton aktivnost, dostupne su OVDJE (video-upute). Pisane upute za snimanje predavanja kori\u0161tenjem aktivnosti BigBlueButton postoje i u obliku video uputa, dostupnih ovdje: Kako biste snimili svoje predavanje kori\u0161tenjem aktivnosti BigBlueButton, trebate kliknuti na\u00a0 postoje\u0107u aktivnost BigBlueButton na va\u0161em e-kolegiju. Kliknite na aktivnost u kojoj \u017eelite snimiti predavanje, a [&hellip;]<\/p>\n","protected":false},"author":1,"featured_media":0,"parent":1321,"menu_order":0,"comment_status":"closed","ping_status":"closed","template":"","meta":{"footnotes":""},"class_list":["post-2486","page","type-page","status-publish","hentry"],"jetpack_sharing_enabled":true,"_links":{"self":[{"href":"https:\/\/cpeu.ffzg.unizg.hr\/index.php?rest_route=\/wp\/v2\/pages\/2486","targetHints":{"allow":["GET"]}}],"collection":[{"href":"https:\/\/cpeu.ffzg.unizg.hr\/index.php?rest_route=\/wp\/v2\/pages"}],"about":[{"href":"https:\/\/cpeu.ffzg.unizg.hr\/index.php?rest_route=\/wp\/v2\/types\/page"}],"author":[{"embeddable":true,"href":"https:\/\/cpeu.ffzg.unizg.hr\/index.php?rest_route=\/wp\/v2\/users\/1"}],"replies":[{"embeddable":true,"href":"https:\/\/cpeu.ffzg.unizg.hr\/index.php?rest_route=%2Fwp%2Fv2%2Fcomments&post=2486"}],"version-history":[{"count":7,"href":"https:\/\/cpeu.ffzg.unizg.hr\/index.php?rest_route=\/wp\/v2\/pages\/2486\/revisions"}],"predecessor-version":[{"id":3005,"href":"https:\/\/cpeu.ffzg.unizg.hr\/index.php?rest_route=\/wp\/v2\/pages\/2486\/revisions\/3005"}],"up":[{"embeddable":true,"href":"https:\/\/cpeu.ffzg.unizg.hr\/index.php?rest_route=\/wp\/v2\/pages\/1321"}],"wp:attachment":[{"href":"https:\/\/cpeu.ffzg.unizg.hr\/index.php?rest_route=%2Fwp%2Fv2%2Fmedia&parent=2486"}],"curies":[{"name":"wp","href":"https:\/\/api.w.org\/{rel}","templated":true}]}}