{"id":2548,"date":"2020-09-30T13:39:31","date_gmt":"2020-09-30T12:39:31","guid":{"rendered":"http:\/\/cpeu.ffzg.unizg.hr\/?page_id=2548"},"modified":"2020-10-02T18:04:55","modified_gmt":"2020-10-02T17:04:55","slug":"nacin-upisa-studenata-u-e-kolegije-na-sustavu-omega","status":"publish","type":"page","link":"https:\/\/cpeu.ffzg.unizg.hr\/?page_id=2548","title":{"rendered":"Na\u010dini upisa studenata u e-kolegije na sustavu Omega"},"content":{"rendered":"<p>Po\u0161tovane nastavnice i nastavnici, <strong>ovisno o tome na koji na\u010din \u0107ete izvoditi svoju nastavu i koliko \u0107ete mo\u0107i biti u kontaktu sa svojim studentima<\/strong>, postoje <strong>dva dostupna na\u010dina\/scenarija za njihov upis u va\u0161e e-kolegije<\/strong> na sustavu Omega.<\/p>\n<p>1. Kao i do sada, <strong>dajete studentima lozinke e-kolegija<\/strong>, a oni se sami upisuju:<\/p>\n<ul>\n<li>Studenti 1. godine preddiplomskog i oni s kojima imate kontaktnu nastavu!<\/li>\n<\/ul>\n<p><strong>2. Upisujete ih ru\u010dno, odabirom s popisa studenata<\/strong>:<\/p>\n<ul>\n<li>Kako prona\u0107i svoje studente me\u0111u 9000 korisnika? <strong><a href=\"https:\/\/youtu.be\/FxUj95EBIk0\" target=\"_blank\" rel=\"noopener noreferrer\">Dostupne su video upute<\/a> (YouTube)<\/strong>.<\/li>\n<li>Identifikatori za pretra\u017eivanje <strong>od 29.09.2020. <\/strong>su: ime, prezime, e-po\u0161ta, <strong>JMBAG<\/strong><\/li>\n<li><strong>U ISVU mo\u017eete dobiti popis va\u0161ih studenata<\/strong> u obliku: ime, prezime, <strong>JMBAG<\/strong>, te vam taj popis treba biti osnovni izvor za upisivanje studenata<\/li>\n<li>JMBAG studenata 1. godine preddiplomskih studija (bruco\u0161a) une\u0161eni su 30.09.2020, a JMBAG za studente vi\u0161ih godina \u0107e CPEU unijeti u sustav Omega do nedjelje, 04.10.2020.<\/li>\n<\/ul>\n<p>Napominjemo kako je dio nastavnika i do sada ru\u010dno upisivao i ispisivao studente iz svojih e-kolegija, tako da je dodavanje JMBAG na popis raspolo\u017eivih identifikatora samo dodatno pomo\u0107no sredstvo.<\/p>\n<p><strong>NAPOMENE:<\/strong><\/p>\n<ol>\n<li>Nastavnik vi\u0161e ne mo\u017ee dodijeliti polazniku ulogu <strong>izvo\u0111a\u010da<\/strong> \/ <strong>nositelja<\/strong>, to isklju\u010divo radi <strong>CPEU<\/strong>, a nastavnici mogu jedino dodijeliti polaznicima ulogu <strong>studenta<\/strong>.<\/li>\n<li>Ako imate potrebu za dodavanjem <strong>dodatnih izvo\u0111a\u010da \/ nositelja<\/strong> na neki e-kolegij, pi\u0161ite na <a href=\"mailto:cpeu@ffzg.hr\">cpeu@ffzg.hr<\/a><\/li>\n<li>Za <strong>dodavanje vanjskih studenata \/ korisnika<\/strong> i dalje vrijedi ista procedura, opisana ovdje (u tablicu je dodano polje <em>JMBAG<\/em>): <a href=\"https:\/\/cpeu.ffzg.unizg.hr\/?p=1151\">https:\/\/cpeu.ffzg.unizg.hr\/?p=1151<\/a><\/li>\n<\/ol>\n<p><strong>PITANJA I ODGOVORI:<\/strong><\/p>\n<ol>\n<li><strong>Za\u0161to nije mogu\u0107e automatski upisati studente iz ISVU u Omegu? <\/strong>Odgovor: Jer jako veliki broj e-kolegija na Omegi ima po vi\u0161e ISVU \u0161ifri (na molbu ili inzistiranje tih nastavnika), a ne mo\u017eete studente upisati vi\u0161e puta u isti e-kolegij (na ovakav automatski na\u010din).<\/li>\n<li><strong>Za\u0161to ne objaviti lozinke e-kolegija na odsje\u010dkim web-stranicama?<\/strong> Odgovor: Jer postoji vi\u0161e od 3000 e-kolegija na sustavu Omega i to nije izvedivo (a da se studenti slu\u010dajno ili namjerno ne upi\u0161u na e-kolegije koje ne bi trebali slu\u0161ati).<\/li>\n<li><strong>\u0160to ako me student samostalno kontaktira i \u017eeli se sam upisati na e-kolegij?<\/strong> Odgovor: Prema vlastitom naho\u0111enju, mo\u017eete im poslati lozinku za samostalan upis. No ne mo\u017eemo \u010dekati da vam se svima pojedina\u010dno jave studenti koji su upisali va\u0161 predmet.<\/li>\n<li><strong>Mogu li iz ISVU dobiti popis studenata na kojem stoje njihove adrese e-po\u0161te pa da im po\u0161aljem lozinku za upis?<\/strong> Odgovor: Na\u017ealost, ne, to nije mogu\u0107e. Nije do na\u0161eg ureda za ISVU, ve\u0107 do strukture i organizacije cijelog sustava na razini RH. Isto tako, studenti se upisuju u predmete cijeli listopad, tako da je, osim tehni\u010dke neizvedivosti, to i organizacijsko pitanje\/problem.<\/li>\n<\/ol>\n","protected":false},"excerpt":{"rendered":"<p>Po\u0161tovane nastavnice i nastavnici, ovisno o tome na koji na\u010din \u0107ete izvoditi svoju nastavu i koliko \u0107ete mo\u0107i biti u kontaktu sa svojim studentima, postoje dva dostupna na\u010dina\/scenarija za njihov upis u va\u0161e e-kolegije na sustavu Omega. 1. Kao i do sada, dajete studentima lozinke e-kolegija, a oni se sami upisuju: Studenti 1. godine preddiplomskog [&hellip;]<\/p>\n","protected":false},"author":1,"featured_media":0,"parent":0,"menu_order":0,"comment_status":"closed","ping_status":"closed","template":"","meta":{"footnotes":""},"class_list":["post-2548","page","type-page","status-publish","hentry"],"jetpack_sharing_enabled":true,"_links":{"self":[{"href":"https:\/\/cpeu.ffzg.unizg.hr\/index.php?rest_route=\/wp\/v2\/pages\/2548","targetHints":{"allow":["GET"]}}],"collection":[{"href":"https:\/\/cpeu.ffzg.unizg.hr\/index.php?rest_route=\/wp\/v2\/pages"}],"about":[{"href":"https:\/\/cpeu.ffzg.unizg.hr\/index.php?rest_route=\/wp\/v2\/types\/page"}],"author":[{"embeddable":true,"href":"https:\/\/cpeu.ffzg.unizg.hr\/index.php?rest_route=\/wp\/v2\/users\/1"}],"replies":[{"embeddable":true,"href":"https:\/\/cpeu.ffzg.unizg.hr\/index.php?rest_route=%2Fwp%2Fv2%2Fcomments&post=2548"}],"version-history":[{"count":6,"href":"https:\/\/cpeu.ffzg.unizg.hr\/index.php?rest_route=\/wp\/v2\/pages\/2548\/revisions"}],"predecessor-version":[{"id":2554,"href":"https:\/\/cpeu.ffzg.unizg.hr\/index.php?rest_route=\/wp\/v2\/pages\/2548\/revisions\/2554"}],"wp:attachment":[{"href":"https:\/\/cpeu.ffzg.unizg.hr\/index.php?rest_route=%2Fwp%2Fv2%2Fmedia&parent=2548"}],"curies":[{"name":"wp","href":"https:\/\/api.w.org\/{rel}","templated":true}]}}