{"id":2594,"date":"2020-10-03T12:50:58","date_gmt":"2020-10-03T11:50:58","guid":{"rendered":"http:\/\/cpeu.ffzg.unizg.hr\/?page_id=2594"},"modified":"2022-09-06T06:48:26","modified_gmt":"2022-09-06T05:48:26","slug":"kako-ispisati-studente-iz-e-kolegija-na-kraju-semestra","status":"publish","type":"page","link":"https:\/\/cpeu.ffzg.unizg.hr\/?page_id=2594","title":{"rendered":"Kako ispisati studente iz e-kolegija na kraju semestra?"},"content":{"rendered":"<p>Ove upute namijenjene su nastavnicima koji \u017eele ispisati studente iz odr\u017eanih \/ starih e-kolegija i pripreme e-kolegij za izvo\u0111enje nastave u novom semestru. <strong>NAPOMENA: Prethodno bi bilo dobro pohraniti podatke o studentima (ocjene, seminari, testovi) kori\u0161tenjem uputa dostupnih ovdje:<\/strong> <a href=\"https:\/\/cpeu.ffzg.unizg.hr\/?page_id=2555\" target=\"_blank\" rel=\"noopener noreferrer\">https:\/\/cpeu.ffzg.unizg.hr\/?page_id=2555<\/a><\/p>\n<p>Ovdje \u0107e uskoro stajati video upute.<\/p>\n<h3>Postupak masovnog ispisivanja studenata s e-kolegija<\/h3>\n<p>Na naslovnici va\u0161eg e-kolegija, u <strong>navigacijskoj traci <\/strong>na vrhu naslovnice e-kolegija ispod naziva e-kolegija kliknite na poveznicu &#8220;<strong>Vi\u0161e<\/strong>&#8221; \u0161to \u0107e otvoriti padaju\u0107i izbornik iz kojeg trebate odabrati poveznicu &#8220;<strong>Backup i vra\u0107anje iz kopije<\/strong>&#8220;.<\/p>\n<div id=\"attachment_2835\" style=\"width: 673px\" class=\"wp-caption aligncenter\"><img loading=\"lazy\" decoding=\"async\" aria-describedby=\"caption-attachment-2835\" class=\"size-full wp-image-2835\" src=\"http:\/\/cpeu.ffzg.unizg.hr\/wp-content\/uploads\/2022\/09\/reset-e-kolegija-ispisivanje-studenata-izbornik-2022.png\" alt=\"Padaju\u0107i izbornik &quot;Vi\u0161e&quot;\" width=\"663\" height=\"308\" srcset=\"https:\/\/cpeu.ffzg.unizg.hr\/wp-content\/uploads\/2022\/09\/reset-e-kolegija-ispisivanje-studenata-izbornik-2022.png 663w, https:\/\/cpeu.ffzg.unizg.hr\/wp-content\/uploads\/2022\/09\/reset-e-kolegija-ispisivanje-studenata-izbornik-2022-300x139.png 300w, https:\/\/cpeu.ffzg.unizg.hr\/wp-content\/uploads\/2022\/09\/reset-e-kolegija-ispisivanje-studenata-izbornik-2022-624x290.png 624w\" sizes=\"auto, (max-width: 663px) 100vw, 663px\" \/><p id=\"caption-attachment-2835\" class=\"wp-caption-text\">Padaju\u0107i izbornik &#8220;Vi\u0161e&#8221;<\/p><\/div>\n<p>Potom \u0107e se otvoriti stranica na kojoj gore lijevo iz padaju\u0107eg trebate odabrati opciju &#8220;<strong>Reset<\/strong>&#8220;.<\/p>\n<div id=\"attachment_2837\" style=\"width: 564px\" class=\"wp-caption aligncenter\"><img loading=\"lazy\" decoding=\"async\" aria-describedby=\"caption-attachment-2837\" class=\"size-full wp-image-2837\" src=\"http:\/\/cpeu.ffzg.unizg.hr\/wp-content\/uploads\/2022\/09\/reset-e-kolegija-ispisivanje-studenata-padajuci-izbornik-2022.png\" alt=\"Opcija &quot;Reset&quot; u padaju\u0107em izborniku\" width=\"554\" height=\"253\" srcset=\"https:\/\/cpeu.ffzg.unizg.hr\/wp-content\/uploads\/2022\/09\/reset-e-kolegija-ispisivanje-studenata-padajuci-izbornik-2022.png 554w, https:\/\/cpeu.ffzg.unizg.hr\/wp-content\/uploads\/2022\/09\/reset-e-kolegija-ispisivanje-studenata-padajuci-izbornik-2022-300x137.png 300w\" sizes=\"auto, (max-width: 554px) 100vw, 554px\" \/><p id=\"caption-attachment-2837\" class=\"wp-caption-text\">Opcija &#8220;Reset&#8221; u padaju\u0107em izborniku<\/p><\/div>\n<p>Na stranici <strong>Reset<\/strong> mo\u017eete izmijeniti brojne postavke, ali za potrebe ovih uputa je potrebno isklju\u010divo koristiti dvije: <strong>kada po\u010dinje nastava na e-kolegiju u novom semestru<\/strong> i <strong>koga treba ispisati<\/strong>.<\/p>\n<p>U sekciji <strong>Op\u0107enito<\/strong> potrebno je za postavku <strong>E-kolegij po\u010dinje<\/strong> kliknuti na kraj reda na <strong>Omogu\u0107i<\/strong> i potom unijeti datum po \u017eelji (<strong>napomena &#8211; pa\u017eljivo unesite datum i obratite pa\u017enju na vrijeme!<\/strong>).<\/p>\n<div id=\"attachment_2839\" style=\"width: 773px\" class=\"wp-caption aligncenter\"><img loading=\"lazy\" decoding=\"async\" aria-describedby=\"caption-attachment-2839\" class=\"size-full wp-image-2839\" src=\"http:\/\/cpeu.ffzg.unizg.hr\/wp-content\/uploads\/2022\/09\/reset-kolegija-pocetak-nastave-2022.png\" alt=\"Promjena datuma po\u010detka nastave na e-kolegiju\" width=\"763\" height=\"149\" srcset=\"https:\/\/cpeu.ffzg.unizg.hr\/wp-content\/uploads\/2022\/09\/reset-kolegija-pocetak-nastave-2022.png 763w, https:\/\/cpeu.ffzg.unizg.hr\/wp-content\/uploads\/2022\/09\/reset-kolegija-pocetak-nastave-2022-300x59.png 300w, https:\/\/cpeu.ffzg.unizg.hr\/wp-content\/uploads\/2022\/09\/reset-kolegija-pocetak-nastave-2022-624x122.png 624w\" sizes=\"auto, (max-width: 763px) 100vw, 763px\" \/><p id=\"caption-attachment-2839\" class=\"wp-caption-text\">Promjena datuma po\u010detka nastave na e-kolegiju<\/p><\/div>\n<p>U sekciji <strong>Uloge<\/strong> je potrebno za postavku<strong> Ispisivanje korisnika<\/strong> odabrati ulogu <strong>Student<\/strong>. Time \u0107ete ispisati sve studente s va\u0161eg e-kolegija.<\/p>\n<div id=\"attachment_2841\" style=\"width: 451px\" class=\"wp-caption aligncenter\"><img loading=\"lazy\" decoding=\"async\" aria-describedby=\"caption-attachment-2841\" class=\"size-full wp-image-2841\" src=\"http:\/\/cpeu.ffzg.unizg.hr\/wp-content\/uploads\/2022\/09\/reset-e-kolegija-ispis-studenata-2022.png\" alt=\"Ispisivanje svih studenata\" width=\"441\" height=\"153\" srcset=\"https:\/\/cpeu.ffzg.unizg.hr\/wp-content\/uploads\/2022\/09\/reset-e-kolegija-ispis-studenata-2022.png 441w, https:\/\/cpeu.ffzg.unizg.hr\/wp-content\/uploads\/2022\/09\/reset-e-kolegija-ispis-studenata-2022-300x104.png 300w\" sizes=\"auto, (max-width: 441px) 100vw, 441px\" \/><p id=\"caption-attachment-2841\" class=\"wp-caption-text\">Ispisivanje svih studenata<\/p><\/div>\n<p>Ni\u0161ta drugo nije potrebno mijenjati, na dnu kliknite na gumb <strong>Reset e-kolegija<\/strong>.<\/p>\n<div id=\"attachment_2601\" style=\"width: 133px\" class=\"wp-caption aligncenter\"><img loading=\"lazy\" decoding=\"async\" aria-describedby=\"caption-attachment-2601\" class=\"size-full wp-image-2601\" src=\"http:\/\/cpeu.ffzg.unizg.hr\/wp-content\/uploads\/2020\/10\/16-reset-e-kolegija-gumb.png\" alt=\"Gumb Reset e-kolegija\" width=\"123\" height=\"41\" \/><p id=\"caption-attachment-2601\" class=\"wp-caption-text\">Gumb Reset e-kolegija<\/p><\/div>\n<p>Time zavr\u0161ava postupak ispisa studenata s va\u0161eg e-kolegija.<\/p>\n<p>&nbsp;<\/p>\n<p>&nbsp;<\/p>\n<p>&nbsp;<\/p>\n","protected":false},"excerpt":{"rendered":"<p>Ove upute namijenjene su nastavnicima koji \u017eele ispisati studente iz odr\u017eanih \/ starih e-kolegija i pripreme e-kolegij za izvo\u0111enje nastave u novom semestru. NAPOMENA: Prethodno bi bilo dobro pohraniti podatke o studentima (ocjene, seminari, testovi) kori\u0161tenjem uputa dostupnih ovdje: https:\/\/cpeu.ffzg.unizg.hr\/?page_id=2555 Ovdje \u0107e uskoro stajati video upute. Postupak masovnog ispisivanja studenata s e-kolegija Na naslovnici va\u0161eg [&hellip;]<\/p>\n","protected":false},"author":1,"featured_media":0,"parent":62,"menu_order":0,"comment_status":"closed","ping_status":"closed","template":"","meta":{"footnotes":""},"class_list":["post-2594","page","type-page","status-publish","hentry"],"jetpack_sharing_enabled":true,"_links":{"self":[{"href":"https:\/\/cpeu.ffzg.unizg.hr\/index.php?rest_route=\/wp\/v2\/pages\/2594","targetHints":{"allow":["GET"]}}],"collection":[{"href":"https:\/\/cpeu.ffzg.unizg.hr\/index.php?rest_route=\/wp\/v2\/pages"}],"about":[{"href":"https:\/\/cpeu.ffzg.unizg.hr\/index.php?rest_route=\/wp\/v2\/types\/page"}],"author":[{"embeddable":true,"href":"https:\/\/cpeu.ffzg.unizg.hr\/index.php?rest_route=\/wp\/v2\/users\/1"}],"replies":[{"embeddable":true,"href":"https:\/\/cpeu.ffzg.unizg.hr\/index.php?rest_route=%2Fwp%2Fv2%2Fcomments&post=2594"}],"version-history":[{"count":5,"href":"https:\/\/cpeu.ffzg.unizg.hr\/index.php?rest_route=\/wp\/v2\/pages\/2594\/revisions"}],"predecessor-version":[{"id":2844,"href":"https:\/\/cpeu.ffzg.unizg.hr\/index.php?rest_route=\/wp\/v2\/pages\/2594\/revisions\/2844"}],"up":[{"embeddable":true,"href":"https:\/\/cpeu.ffzg.unizg.hr\/index.php?rest_route=\/wp\/v2\/pages\/62"}],"wp:attachment":[{"href":"https:\/\/cpeu.ffzg.unizg.hr\/index.php?rest_route=%2Fwp%2Fv2%2Fmedia&parent=2594"}],"curies":[{"name":"wp","href":"https:\/\/api.w.org\/{rel}","templated":true}]}}