{"id":2734,"date":"2022-02-21T19:11:05","date_gmt":"2022-02-21T18:11:05","guid":{"rendered":"https:\/\/cpeu.ffzg.unizg.hr\/?page_id=2734"},"modified":"2022-02-22T11:45:00","modified_gmt":"2022-02-22T10:45:00","slug":"koristenje-sustava-omega-umjesto-usb-medija-u-ucionicama-i-dvoranama-ffzg","status":"publish","type":"page","link":"https:\/\/cpeu.ffzg.unizg.hr\/?page_id=2734","title":{"rendered":"Kori\u0161tenje sustava Omega umjesto USB medija u u\u010dionicama i dvoranama FFZG"},"content":{"rendered":"<h2><strong>Kako napraviti mjesto na va\u0161em e-kolegiju za pohranu prezentacija koje \u0107ete koristiti u u\u010dionici ili dvorani?<\/strong><\/h2>\n<p>Ove upute dostupne su i u video obliku:<\/p>\n<p><iframe loading=\"lazy\" title=\"YouTube video player\" src=\"https:\/\/www.youtube-nocookie.com\/embed\/JdAyFshqqro?rel=0\" width=\"560\" height=\"315\" frameborder=\"0\" allowfullscreen=\"allowfullscreen\"><span style=\"display: inline-block; width: 0px; overflow: hidden; line-height: 0;\" data-mce-type=\"bookmark\" class=\"mce_SELRES_start\">\ufeff<\/span><\/iframe><\/p>\n<p>Kao prvo, trebate na sustavu Omega posjetiti va\u0161 e-kolegij. Potom trebate gore desno kliknuti na gumb &#8220;<strong>Omogu\u0107i izmjene<\/strong>&#8220;.<\/p>\n<div id=\"attachment_2735\" style=\"width: 169px\" class=\"wp-caption aligncenter\"><img loading=\"lazy\" decoding=\"async\" aria-describedby=\"caption-attachment-2735\" class=\"size-full wp-image-2735\" src=\"http:\/\/cpeu.ffzg.unizg.hr\/wp-content\/uploads\/2022\/02\/01-omoguci-izmjene.png\" alt=\"Gumb &quot;Omogu\u0107i izmjene&quot;\" width=\"159\" height=\"54\" \/><p id=\"caption-attachment-2735\" class=\"wp-caption-text\">Gumb &#8220;Omogu\u0107i izmjene&#8221;<\/p><\/div>\n<p>Nakon \u0161to omogu\u0107ite izmjene, trebate oti\u0107i na dno naslovnice va\u0161eg e-kolegija i kliknuti na poveznicu &#8220;<strong>+ Dodaj teme \/ sekcije<\/strong>&#8220;.<\/p>\n<div id=\"attachment_2737\" style=\"width: 197px\" class=\"wp-caption aligncenter\"><img loading=\"lazy\" decoding=\"async\" aria-describedby=\"caption-attachment-2737\" class=\"size-full wp-image-2737\" src=\"http:\/\/cpeu.ffzg.unizg.hr\/wp-content\/uploads\/2022\/02\/02-dodaj-teme-sekcije.png\" alt=\"Poveznica &quot;Dodaj teme \/ sekcije&quot;\" width=\"187\" height=\"40\" \/><p id=\"caption-attachment-2737\" class=\"wp-caption-text\">Poveznica &#8220;Dodaj teme \/ sekcije&#8221;<\/p><\/div>\n<p>Otvorit \u0107e se prozor naziva &#8220;<strong>Dodaj teme \/ sekcije<\/strong>&#8221; u kojem mo\u017eete odabrati koliko tema \u017eelite dodati.<\/p>\n<div id=\"attachment_2739\" style=\"width: 524px\" class=\"wp-caption aligncenter\"><img loading=\"lazy\" decoding=\"async\" aria-describedby=\"caption-attachment-2739\" class=\"size-full wp-image-2739\" src=\"http:\/\/cpeu.ffzg.unizg.hr\/wp-content\/uploads\/2022\/02\/03-prozor-dodaj-teme-sekcije.png\" alt=\"Prozor &quot;Dodaj teme \/ sekcije&quot;\" width=\"514\" height=\"215\" srcset=\"https:\/\/cpeu.ffzg.unizg.hr\/wp-content\/uploads\/2022\/02\/03-prozor-dodaj-teme-sekcije.png 514w, https:\/\/cpeu.ffzg.unizg.hr\/wp-content\/uploads\/2022\/02\/03-prozor-dodaj-teme-sekcije-300x125.png 300w\" sizes=\"auto, (max-width: 514px) 100vw, 514px\" \/><p id=\"caption-attachment-2739\" class=\"wp-caption-text\">Prozor &#8220;Dodaj teme \/ sekcije&#8221;<\/p><\/div>\n<p>Za ove potrebe \u0107emo odabrati vrijednost &#8220;<strong>1<\/strong>&#8221; i potom kliknuti na gumb &#8220;<strong>Dodaj teme \/ sekcije<\/strong>&#8220;. Sustav \u0107e dodati jednu temu, odnosno sekciju na dno va\u0161eg e-kolegija.<\/p>\n<p>Ona se trenuta\u010dno zove <strong>&#8220;Tema (i neki broj)<\/strong>&#8220;. Kako bismo ju preimenovali, potrebno je kliknuti na ikonu olovke desno od naziva teme.<\/p>\n<div id=\"attachment_2741\" style=\"width: 173px\" class=\"wp-caption aligncenter\"><img loading=\"lazy\" decoding=\"async\" aria-describedby=\"caption-attachment-2741\" class=\"size-full wp-image-2741\" src=\"http:\/\/cpeu.ffzg.unizg.hr\/wp-content\/uploads\/2022\/02\/04-tema-6.png\" alt=\"Preimenovanje teme\" width=\"163\" height=\"59\" \/><p id=\"caption-attachment-2741\" class=\"wp-caption-text\">Preimenovanje teme<\/p><\/div>\n<p>Sada mo\u017eete preimenovati temu u npr. &#8220;<strong>Prezentacije<\/strong>&#8220;. <strong>Napomena:<\/strong> ako prilikom preimenovanja teme kliknete BILO gdje na su\u010delju va\u0161eg e-kolegija ili pritisnete tipku &#8220;<em>ESC<\/em>&#8221; na va\u0161oj tipkovnici, poni\u0161tit \u0107ete operaciju preimenovanja. Ako ste zadovoljni nazivom, dovoljno je pritisnuti tipku &#8220;<em>ENTER<\/em>&#8221; na tipkovnici.<\/p>\n<div id=\"attachment_2743\" style=\"width: 419px\" class=\"wp-caption aligncenter\"><img loading=\"lazy\" decoding=\"async\" aria-describedby=\"caption-attachment-2743\" class=\"size-full wp-image-2743\" src=\"http:\/\/cpeu.ffzg.unizg.hr\/wp-content\/uploads\/2022\/02\/05-preimenovana-tema.png\" alt=\"Preimenovanje teme\" width=\"409\" height=\"91\" srcset=\"https:\/\/cpeu.ffzg.unizg.hr\/wp-content\/uploads\/2022\/02\/05-preimenovana-tema.png 409w, https:\/\/cpeu.ffzg.unizg.hr\/wp-content\/uploads\/2022\/02\/05-preimenovana-tema-300x67.png 300w\" sizes=\"auto, (max-width: 409px) 100vw, 409px\" \/><p id=\"caption-attachment-2743\" class=\"wp-caption-text\">Preimenovanje teme<\/p><\/div>\n<p>VA\u017dNO: Ako \u017eelite skriti tu temu i sve datoteke s prezentacijama od va\u0161ih studenata, tada trebate kliknuti na poveznicu &#8220;<strong>Uredi<\/strong>&#8221; smje\u0161tenu desno od naziva navedene teme i potom kliknuti u izborniku koji se prika\u017ee odaberite poveznicu &#8220;<strong>Skrij temu<\/strong>&#8220;.<\/p>\n<div id=\"attachment_2745\" style=\"width: 102px\" class=\"wp-caption aligncenter\"><img loading=\"lazy\" decoding=\"async\" aria-describedby=\"caption-attachment-2745\" class=\"size-full wp-image-2745\" src=\"http:\/\/cpeu.ffzg.unizg.hr\/wp-content\/uploads\/2022\/02\/06-uredi.png\" alt=\"Poveznica &quot;Uredi&quot;\" width=\"92\" height=\"50\" \/><p id=\"caption-attachment-2745\" class=\"wp-caption-text\">Poveznica &#8220;Uredi&#8221;<\/p><\/div>\n<div id=\"attachment_2747\" style=\"width: 179px\" class=\"wp-caption aligncenter\"><img loading=\"lazy\" decoding=\"async\" aria-describedby=\"caption-attachment-2747\" class=\"size-full wp-image-2747\" src=\"http:\/\/cpeu.ffzg.unizg.hr\/wp-content\/uploads\/2022\/02\/07-skrij-temu.png\" alt=\"Poveznica &quot;Skrij temu&quot;\" width=\"169\" height=\"153\" \/><p id=\"caption-attachment-2747\" class=\"wp-caption-text\">Poveznica &#8220;Skrij temu&#8221;<\/p><\/div>\n<p>Vi \u0107ete i dalje vidjeti te datoteke i mo\u0107i \u0107ete ih preuzeti u u\u010dionici. <strong>Skrivanje prezentacija je opcionalno i to, naravno, ne morate raditi.<\/strong><\/p>\n<h2>Kako postaviti datoteke s prezentacijama u novostvorenu temu &#8220;Prezentacije&#8221; na va\u0161em e-kolegiju?<\/h2>\n<p>Tako da posjetite va\u0161 e-kolegij, kliknete gore desno na gumb &#8220;<strong>Omogu\u0107i izmjene<\/strong>&#8221; i potom prona\u0111ete tu temu na va\u0161em e-kolegiju.<\/p>\n<div id=\"attachment_2735\" style=\"width: 169px\" class=\"wp-caption aligncenter\"><img loading=\"lazy\" decoding=\"async\" aria-describedby=\"caption-attachment-2735\" class=\"size-full wp-image-2735\" src=\"http:\/\/cpeu.ffzg.unizg.hr\/wp-content\/uploads\/2022\/02\/01-omoguci-izmjene.png\" alt=\"Gumb &quot;Omogu\u0107i izmjene&quot;\" width=\"159\" height=\"54\" \/><p id=\"caption-attachment-2735\" class=\"wp-caption-text\">Gumb &#8220;Omogu\u0107i izmjene&#8221;<\/p><\/div>\n<p>Potom na va\u0161em ra\u010dunalu na\u0111ete mapu koja sadr\u017ei datoteke s prezentacijom i prenesete te datoteke na sustav tako da kliknete lijevom tipkom mi\u0161a na naziv te datoteke, dr\u017eite pritisnutu lijevu tipku mi\u0161a i prenesete\/prevu\u010dete datoteku u temu &#8220;<strong>Prezentacije<\/strong>&#8221; (kao i za sve druge datoteke koje postavljate na va\u0161 e-kolegij).<\/p>\n<div id=\"attachment_2751\" style=\"width: 981px\" class=\"wp-caption aligncenter\"><img loading=\"lazy\" decoding=\"async\" aria-describedby=\"caption-attachment-2751\" class=\"size-full wp-image-2751\" src=\"http:\/\/cpeu.ffzg.unizg.hr\/wp-content\/uploads\/2022\/02\/08-drag-drop-1.png\" alt=\"Preno\u0161enje datoteka na e-kolegij\" width=\"971\" height=\"614\" srcset=\"https:\/\/cpeu.ffzg.unizg.hr\/wp-content\/uploads\/2022\/02\/08-drag-drop-1.png 971w, https:\/\/cpeu.ffzg.unizg.hr\/wp-content\/uploads\/2022\/02\/08-drag-drop-1-300x190.png 300w, https:\/\/cpeu.ffzg.unizg.hr\/wp-content\/uploads\/2022\/02\/08-drag-drop-1-768x486.png 768w, https:\/\/cpeu.ffzg.unizg.hr\/wp-content\/uploads\/2022\/02\/08-drag-drop-1-624x395.png 624w\" sizes=\"auto, (max-width: 971px) 100vw, 971px\" \/><p id=\"caption-attachment-2751\" class=\"wp-caption-text\">Preno\u0161enje datoteka na e-kolegij<\/p><\/div>\n<p>Datoteke mo\u017eete prebacivati <strong>jednu po jednu<\/strong> ili vi\u0161e odjednom. Va\u017eno je samo provjeriti koliko su velike datoteke jer <strong>pojedina\u010dna datoteka ne bi trebala prelaziti veli\u010dinu od 500MB<\/strong>. Na e-kolegij mo\u017eete postaviti neograni\u010den broj datoteka (samo svaka od njih ne smije prije\u0107i ograni\u010denje).<\/p>\n<blockquote><p><strong>VA\u017dNO!<\/strong> Ako trebate pomo\u0107 sa smanjivanjem prezentacija i drugih datoteka koje \u017eelite postaviti na sustav Omega, slobodno se javite na <a href=\"mailto:cpeu@ffzg.hr\"><strong>cpeu@ffzg.hr<\/strong><\/a>.<\/p><\/blockquote>\n<p>Kada do\u0111ete u u\u010dionicu, upalite ra\u010dunalo i projektor, prijavite se na sustav Omega, prona\u0111ete va\u0161 e-kolegij, preuzmete tra\u017eenu prezentaciju na ra\u010dunalo u u\u010dionici i pokrenete ju.<\/p>\n","protected":false},"excerpt":{"rendered":"<p>Kako napraviti mjesto na va\u0161em e-kolegiju za pohranu prezentacija koje \u0107ete koristiti u u\u010dionici ili dvorani? Ove upute dostupne su i u video obliku: \ufeff Kao prvo, trebate na sustavu Omega posjetiti va\u0161 e-kolegij. Potom trebate gore desno kliknuti na gumb &#8220;Omogu\u0107i izmjene&#8220;. Nakon \u0161to omogu\u0107ite izmjene, trebate oti\u0107i na dno naslovnice va\u0161eg e-kolegija i [&hellip;]<\/p>\n","protected":false},"author":1,"featured_media":0,"parent":0,"menu_order":0,"comment_status":"closed","ping_status":"closed","template":"","meta":{"footnotes":""},"class_list":["post-2734","page","type-page","status-publish","hentry"],"jetpack_sharing_enabled":true,"_links":{"self":[{"href":"https:\/\/cpeu.ffzg.unizg.hr\/index.php?rest_route=\/wp\/v2\/pages\/2734","targetHints":{"allow":["GET"]}}],"collection":[{"href":"https:\/\/cpeu.ffzg.unizg.hr\/index.php?rest_route=\/wp\/v2\/pages"}],"about":[{"href":"https:\/\/cpeu.ffzg.unizg.hr\/index.php?rest_route=\/wp\/v2\/types\/page"}],"author":[{"embeddable":true,"href":"https:\/\/cpeu.ffzg.unizg.hr\/index.php?rest_route=\/wp\/v2\/users\/1"}],"replies":[{"embeddable":true,"href":"https:\/\/cpeu.ffzg.unizg.hr\/index.php?rest_route=%2Fwp%2Fv2%2Fcomments&post=2734"}],"version-history":[{"count":6,"href":"https:\/\/cpeu.ffzg.unizg.hr\/index.php?rest_route=\/wp\/v2\/pages\/2734\/revisions"}],"predecessor-version":[{"id":2758,"href":"https:\/\/cpeu.ffzg.unizg.hr\/index.php?rest_route=\/wp\/v2\/pages\/2734\/revisions\/2758"}],"wp:attachment":[{"href":"https:\/\/cpeu.ffzg.unizg.hr\/index.php?rest_route=%2Fwp%2Fv2%2Fmedia&parent=2734"}],"curies":[{"name":"wp","href":"https:\/\/api.w.org\/{rel}","templated":true}]}}