{"id":28,"date":"2013-06-20T23:09:19","date_gmt":"2013-06-20T21:09:19","guid":{"rendered":"http:\/\/www.ffzg.unizg.hr\/cpeu\/?page_id=28"},"modified":"2024-10-30T09:27:16","modified_gmt":"2024-10-30T08:27:16","slug":"radionice","status":"publish","type":"page","link":"https:\/\/cpeu.ffzg.unizg.hr\/?page_id=28","title":{"rendered":"Radionice"},"content":{"rendered":"<h3 title=\"Radionica \u201cSustav u\u010denja na daljinu Omega \u2013 po\u010detni stupanj\u201d\">Radionice o e-u\u010denju<\/h3>\n<p>Radionice za nastavnike:<\/p>\n<ul>\n<li><a href=\"http:\/\/cpeu.ffzg.unizg.hr\/?page_id=209\">Po\u010detna radionica<\/a><\/li>\n<li><a href=\"http:\/\/cpeu.ffzg.unizg.hr\/?page_id=205\">Napredna radionica<\/a><\/li>\n<\/ul>\n<p>Radionice za studente:<\/p>\n<ul>\n<li>Radionice za bruco\u0161e<\/li>\n<\/ul>\n<h3>Ostale radionice<\/h3>\n","protected":false},"excerpt":{"rendered":"<p>Radionice o e-u\u010denju Radionice za nastavnike: Po\u010detna radionica Napredna radionica Radionice za studente: Radionice za bruco\u0161e Ostale radionice<\/p>\n","protected":false},"author":1,"featured_media":0,"parent":0,"menu_order":0,"comment_status":"closed","ping_status":"closed","template":"","meta":{"footnotes":""},"class_list":["post-28","page","type-page","status-publish","hentry"],"jetpack_sharing_enabled":true,"_links":{"self":[{"href":"https:\/\/cpeu.ffzg.unizg.hr\/index.php?rest_route=\/wp\/v2\/pages\/28","targetHints":{"allow":["GET"]}}],"collection":[{"href":"https:\/\/cpeu.ffzg.unizg.hr\/index.php?rest_route=\/wp\/v2\/pages"}],"about":[{"href":"https:\/\/cpeu.ffzg.unizg.hr\/index.php?rest_route=\/wp\/v2\/types\/page"}],"author":[{"embeddable":true,"href":"https:\/\/cpeu.ffzg.unizg.hr\/index.php?rest_route=\/wp\/v2\/users\/1"}],"replies":[{"embeddable":true,"href":"https:\/\/cpeu.ffzg.unizg.hr\/index.php?rest_route=%2Fwp%2Fv2%2Fcomments&post=28"}],"version-history":[{"count":10,"href":"https:\/\/cpeu.ffzg.unizg.hr\/index.php?rest_route=\/wp\/v2\/pages\/28\/revisions"}],"predecessor-version":[{"id":3110,"href":"https:\/\/cpeu.ffzg.unizg.hr\/index.php?rest_route=\/wp\/v2\/pages\/28\/revisions\/3110"}],"wp:attachment":[{"href":"https:\/\/cpeu.ffzg.unizg.hr\/index.php?rest_route=%2Fwp%2Fv2%2Fmedia&parent=28"}],"curies":[{"name":"wp","href":"https:\/\/api.w.org\/{rel}","templated":true}]}}