{"id":360,"date":"2015-09-17T13:17:30","date_gmt":"2015-09-17T12:17:30","guid":{"rendered":"http:\/\/cpeu.ffzg.unizg.hr\/?page_id=360"},"modified":"2015-10-05T12:57:35","modified_gmt":"2015-10-05T11:57:35","slug":"upute-za-studente","status":"publish","type":"page","link":"https:\/\/cpeu.ffzg.unizg.hr\/?page_id=360","title":{"rendered":"Upute za studente"},"content":{"rendered":"<p><strong>1. Tehni\u010dki preduvjeti za kori\u0161tenje sustava Omega<\/strong><br \/>\nZa kori\u0161tenje Sustavom u\u010denja na daljinu Omega potrebno je imati pristup stolnom ili prijenosnom ra\u010dunalu, pametnom telefonu ili tabletu povezanom na internet. Brzina i kvaliteta pristupa internetu mo\u017ee biti ograni\u010davaju\u0107i faktor pri kori\u0161tenju (preporu\u010dena vrsta i brzina veze od ku\u0107e je ADSL, a za mobilni internet 3G ili br\u017ea). Za pristup je mogu\u0107e koristiti bilo koji operativni sustav (MS Windows, Linux, MacOS, Android, iOS) i bilo koji noviji internetski preglednik (Mozilla Firefox, Chrome, Opera, Safari, Internet Explorer). Budu\u0107i da je ve\u0107ina nastavnih materijala postavljena u obliku datoteka kompatibilnih s MS Office paketom, za pregled i ure\u0111ivanje istih potrebno je imati instaliran MS Office, LibreOffice, OpenOffice ili neki od kompatibilnih uredskih paketa. Jednako tako potrebno je imati instaliran program za pregled PDF-datoteka, kao i program za pregled i slu\u0161anje videozapisa i zvu\u010dnih zapisa.<\/p>\n<p><strong>2. AAI ra\u010dun (i roza papir)<\/strong><br \/>\nSvi studenti upisani na Filozofski fakultet Sveu\u010dili\u0161ta u Zagrebu pri upisu dobiju<strong> AAI@EduHr elektroni\u010dki identitet<\/strong> i adresu e-po\u0161te na fakultetskom poslu\u017eitelju izdane od Slu\u017ebe za informatiku (<strong><a href=\"http:\/\/infosl.ffzg.unizg.hr\" target=\"_blank\">http:\/\/infosl.ffzg.unizg.hr<\/a><\/strong>). Korisni\u010dko ime za AAI@EduHr elektroni\u010dki identitet obi\u010dno je oblika iprezime@ffzg.hr (korisni\u010dko ime mo\u017ee osim slova koja \u010dine ime i prezime sadr\u017eavati i znamenke u slu\u010daju da postoji prethodno korisni\u010dko ime identi\u010dna sadr\u017eaja). Kolokvijalno se me\u0111u studentima dokument u kojem dobiju te podatke zove \u201e<strong>roza papir<\/strong>\u201d (zbog boje papira na kojem je otisnut). Ako nemate svoje podatke (bilo da ste ih izgubili ili ih zbog nekog razloga niste dobili), trebate do\u0107i osobno u Slu\u017ebu za informatiku s indeksom u kojem je upisana teku\u0107a akademska godina (<strong><a href=\"http:\/\/infosl.ffzg.unizg.hr\/dezurstva\" target=\"_blank\">http:\/\/infosl.ffzg.unizg.hr\/dezurstva<\/a><\/strong>). Valjanost svog AAI@EduHr korisni\u010dkog ra\u010duna mogu\u0107e je provjeriti na adresi <strong><a href=\"http:\/\/aai.ffzg.hr\" target=\"_blank\">http:\/\/aai.ffzg.hr<\/a><\/strong> (gdje je mogu\u0107e i promijeniti svoju lozinku).<\/p>\n<p><strong>3. Prijava u sustav<\/strong><br \/>\nZa pristup sustavu Omega potrebno je u internetskom pregledniku upisati <a href=\"http:\/\/omega.ffzg.hr\" target=\"_blank\"><strong>http:\/\/omega.ffzg.hr<\/strong><\/a> u adresnu traku. U sustav Omega prijavljuje se odabirom poveznice <strong>Prijava<\/strong> u gornjem desnom kutu korisni\u010dkog su\u010delja ili kori\u0161tenjem bloka <strong>Prijava<\/strong> na naslovnici sustava uporabom korisni\u010dkog imena i lozinke za AAI@EduHr elektroni\u010dki identitet.<\/p>\n<p>Kod uno\u0161enja korisni\u010dkog imena treba obratiti pozornost na to da se <strong>obvezatno mora unijeti i sufiks @ffzg.hr<\/strong> (dakle: <strong>iprezime@ffzg.hr<\/strong>, a nikako samo <strong>iprezime<\/strong>). Nakon uspje\u0161ne prijave korisnik ima pristup vlastitoj naslovnici i upisanim e-kolegijima (<strong>va\u017ena napomena<\/strong>: pri prvoj prijavi korisnik nije upisan ni u jedan e-kolegij jer sustav Omega ne upisuje automatski studente u e-kolegije).<\/p>\n<p>Nakon uspje\u0161ne prijave, ime i prezime korisnika bit \u0107e ispisano u gornjem desnom kutu i na samom dnu stranice.<\/p>\n<p>Odjaviti se sa sustava Omega mo\u017ee kori\u0161tenjem poveznice <strong>Odjava<\/strong> \u2013 vidljive u gornjem desnom kutu ili na dnu stranice (poveznica je vidljiva tek nakon \u0161to se korisnik prethodno uspje\u0161no prijavi u sustav).<\/p>\n<blockquote><p>Preporu\u010dujemo da se odjavite kad god prestajete raditi na javno dostupnim ra\u010dunalima (poput onih u Knji\u017enici FFZG), kao i da na takvim ra\u010dunalima ne pohranjujete svoje korisni\u010dko ime i lozinku u internetskom pregledniku, kako zbog sigurnosti sustava i va\u0161ih podataka, tako i zbog za\u0161tite va\u0161e osobnosti.<\/p><\/blockquote>\n<p><strong>4. Su\u010delje<\/strong><br \/>\nKorisni\u010dko su\u010delje sustava sastoji se od <strong>tri stupca<\/strong> iznad kojih se nalazi navigacijska traka, naziv e-kolegija i podaci o korisni\u010dkom ra\u010dunu pod kojim je korisnik prijavljen sustavu.<\/p>\n<p>Lijevi i desni stupac sadr\u017ee blokove, dok su u sredi\u0161njem dijelu prikazane sekcije kolegija (tjedni ili teme, ovisno o postavkama e-kolegija).<\/p>\n<p><strong>Navigacijska traka<\/strong> prikazuje trenuta\u010dni polo\u017eaj u sustavu i e-kolegiju. S pomo\u0107u nje mogu\u0107e je vra\u0107anje na hijerarhijski nadre\u0111ene stranice te jednostavnije kretanje kroz sustav i e-kolegij. Ako se \u017eelite vratiti na naslovnicu e-kolegija, dovoljno je kliknuti na njegovu kraticu u navigacijskoj traci.<\/p>\n<p>S lijeve strane su\u010delja nalazi se blok <strong>Navigacija<\/strong> koji sadr\u017ei poveznice na naslovnicu sustava Omega, korisni\u010dki profil te popis e-kolegija na koje je korisnik upisan.<\/p>\n<p><strong>5. Pronala\u017eenje e-kolegija<\/strong><br \/>\nNakon prijave u sustav, u sredi\u0161njem dijelu su\u010delja prikazan je popis e-kolegija na koje je korisnik upisan. Nakon odabira pojedinoga e-kolegija, sustav \u0107e prikazati naslovnicu istoga, a popis svih upisanih e-kolegija nakon toga je dostupan u bloku <strong>Navigacija<\/strong> pod stavkom <strong>Moji<\/strong> <strong>e-kolegiji<\/strong>.<\/p>\n<p>E-kolegiji se mogu prona\u0107i odabirom stavke <strong>Naslovnica<\/strong> u bloku <strong>Navigacija<\/strong> i potom pomo\u0107u polja Pretra\u017ei kolegije u sredi\u0161njem dijelu su\u010delja (e-kolegije je mogu\u0107e pretra\u017eivati prema nazivu, dijelu naziva ili kratici e-kolegija).<\/p>\n<p>Prilikom pretra\u017eivanja e-kolegija, treba koristiti vi\u0161e pojmova (jer e-kolegija koji u nazivu imaju rije\u010di vje\u017ebe, uvod, teorija, knji\u017eevnost ili jezik ima par desetaka, ako ne i stotina). Na primjer, ako se tra\u017eeni e-kolegij zove \u201cVje\u017ebe iz predmeta XY\u201d\u00a0 tada se ve\u0107 kori\u0161tenjem dva pojma: \u201cvje\u017ebe XY\u201d smanjuje broj prona\u0111enih e-kolegija.<\/p>\n<blockquote><p><strong>Va\u017ena napomena:<\/strong> Svi kolegiji koji su na redu predavanja nemaju nu\u017eno svoju e-ina\u010dicu (postoji li pojedini e-kolegij na sustavu Omega mogu\u0107e je saznati od predmetnog nastavnika).<\/p><\/blockquote>\n<p><strong>6. Upis na e-kolegij<\/strong><br \/>\nNa ve\u0107inu se e-kolegija upisuje pomo\u0107u lozinke koju studenti dobiju od nastavnika na predavanju \u2013 tzv. <strong>lozinke e-kolegija<\/strong>. Naj\u010de\u0161\u0107e je to neki pojam vezan uz sam e-kolegij, ponekad pra\u0107en znamenkama koje ozna\u010davaju trenutnu akademsku godinu (npr. uvod1516).<\/p>\n<p>Nastavnik \u0107e svakako napomenuti pi\u0161e li se neko od slova u lozinci velikim slovom (na \u0161to treba obratiti posebnu pozornost). Lozinka e-kolegija jedinstvena je za svaki e-kolegij te je s pomo\u0107u nje mogu\u0107e upisati samo taj e-kolegij.<\/p>\n<p>Lozinka e-kolegija unosi se samo jedanput, pri upisu na e-kolegij. Neki nastavnici koriste proceduru ru\u010dnog upisa studenata na svoje e-kolegije prema popisu studenata koji na to imaju pravo (u tom slu\u010daju nastavnik ne\u0107e studentima davati lozinku e-kolegija).<\/p>\n<p><strong>7. Forum \u201eObavijesti\u201c (oglasna plo\u010da) i ostali forumi<\/strong><br \/>\nNa svakom e-kolegiju postoji forum \u201e<strong>Obavijesti<\/strong>\u201d koji predstavlja oglasnu plo\u010du pojedinog e-kolegija. Poruke na forum \u201e<strong>Obavijesti<\/strong>\u201d mo\u017ee pisati jedino nastavnik, a studenti nemaju ovlasti pisanja obavijesti ili odgovaranja na napisane obavijesti.<\/p>\n<p>Poruke koje nastavnik napi\u0161e na forumu \u201e<strong>Obavijesti<\/strong>\u201d bit \u0107e prikazane na forumu te \u0107e tako\u0111er do\u0107i e-po\u0161tom svim polaznicima na e-kolegiju u roku od najvi\u0161e 30 minuta. Stoga je potrebno redovito provjeravati svoju fakultetsku e-po\u0161tu.<\/p>\n<p>Poveznice na vijesti napisane u forumu \u201eObavijesti\u201d bit \u0107e objavljene i u bloku Nove obavijesti na naslovnici e-kolegija.<\/p>\n<p>Osim foruma \u201eObavijesti\u201d, e-kolegiji mogu imati jedan ili vi\u0161e foruma za rasprave. Na tim forumima svi polaznici (i nastavnici i studenti) mogu zapo\u010dinjati rasprave i odgovarati na postoje\u0107e poruke. Ovisno o postavkama pojedinih foruma, polaznicima \u0107e dolaziti poruke e-po\u0161te s informacijom o novim porukama.<\/p>\n<p><strong>8. Zada\u0107a<\/strong><br \/>\nAktivnost \u201e<strong>Zada\u0107a<\/strong>\u201c jedna je od naj\u010de\u0161\u0107e kori\u0161tenih aktivnosti za predavanje i ocjenjivanje studentskih radova na sustavu Omega. Ovisno o postavkama zadanim od strane nastavnika, od studenta se tra\u017ei postavljanje jedne ili vi\u0161e datoteka ili upis teksta u online obrazac. U opisu zada\u0107e nastavnik daje detaljne upute studentima \u0161to trebaju napraviti te obi\u010dno odredi vremensko razdoblje u kojem je potrebno predati navedenu zada\u0107u.<\/p>\n<p>Obi\u010dno se u uputama za pojedinu zada\u0107u spominju i op\u0107enite upute za pisanje seminara (od oblikovanja teksta, preko na\u010dina citiranja i strukture zada\u0107e ili seminarskog rada) \u2013 svakako ih treba detaljno prou\u010diti i slijediti!<br \/>\nNakon uspje\u0161no predane zada\u0107e, odnosno datoteke postavljene na sustav, student dobiva obavijest o tome putem e-po\u0161te. Obavijest o zadanoj zada\u0107i, odnosno o krajnjem roku za predaju iste automatski se pojavljuje u blokovima <strong>Kalendar<\/strong> i <strong>Budu\u0107a doga\u0111anja<\/strong> na naslovnici e-kolegija. Datoteke koje studenti postave na sustav u sklopu zada\u0107e su vidljive jedino studentu i predmetnom nastavniku.<\/p>\n<p><strong>9. Ure\u0111ivanje profila<\/strong><br \/>\nNakon prijave u sustav vlastiti korisni\u010dki profil mogu\u0107e je pregledati u bloku <strong>Navigacija<\/strong> pomo\u0107u poveznice <strong>Moj profil<\/strong>\u00a0 ili klikom na ime i prezime prijavljenoga korisnika u gornjem desnom kutu. Kroz izbornik<strong> Moj profil<\/strong> korisnik mo\u017ee pristupiti svojim porukama na forumu, osobnom blogu, pregledati arhivu pristiglih poruka preko sustava Omega, pristupiti osobnim datotekama (osobne datoteke vidljive su samo korisniku) i pregledati vlastite zna\u010dke.<\/p>\n<p>Podaci u profilu mogu se promijeniti odabirom poveznice <strong>Prika\u017ei profil<\/strong> iz izbornika <strong>Moj profil<\/strong> te potom poveznice <strong>Promijeni osobne podatke<\/strong> u bloku <strong>Administracija<\/strong> (neki od podataka, poput imena, prezimena i korisni\u010dke lozinke zaklju\u010dani su i ne mogu se mijenjati ovim putem). Ovdje je mogu\u0107e postaviti svoju profilnu sliku (prihvatljivi oblici datoteka su JPG i PNG, a slika \u0107e biti smanjena na veli\u010dinu od 100 x 100 piksela).<\/p>\n<p><strong>10. Ispis iz e-kolegija<\/strong><br \/>\nIz ve\u0107ine se e-kolegija student mo\u017ee ispisati samostalno (iako ne preporu\u010dujemo da to radite prije nego zavr\u0161i teku\u0107a akademska godina). Ispis iz e-kolegija se obavlja na naslovnici e-kolegija pomo\u0107u poveznice <strong>Ispi\u0161i me iz e-kolegija<em> naziv e-kolegija<\/em><\/strong> koja se nalazi u bloku <strong>Postavke<\/strong>. Prije dovr\u0161etka postupka ispisa, sustav \u0107e jo\u0161 jednom zatra\u017eiti potvrdu od korisnika.<\/p>\n","protected":false},"excerpt":{"rendered":"<p>1. Tehni\u010dki preduvjeti za kori\u0161tenje sustava Omega Za kori\u0161tenje Sustavom u\u010denja na daljinu Omega potrebno je imati pristup stolnom ili prijenosnom ra\u010dunalu, pametnom telefonu ili tabletu povezanom na internet. Brzina i kvaliteta pristupa internetu mo\u017ee biti ograni\u010davaju\u0107i faktor pri kori\u0161tenju (preporu\u010dena vrsta i brzina veze od ku\u0107e je ADSL, a za mobilni internet 3G ili [&hellip;]<\/p>\n","protected":false},"author":1,"featured_media":0,"parent":358,"menu_order":0,"comment_status":"closed","ping_status":"closed","template":"","meta":{"footnotes":""},"class_list":["post-360","page","type-page","status-publish","hentry"],"jetpack_sharing_enabled":true,"_links":{"self":[{"href":"https:\/\/cpeu.ffzg.unizg.hr\/index.php?rest_route=\/wp\/v2\/pages\/360","targetHints":{"allow":["GET"]}}],"collection":[{"href":"https:\/\/cpeu.ffzg.unizg.hr\/index.php?rest_route=\/wp\/v2\/pages"}],"about":[{"href":"https:\/\/cpeu.ffzg.unizg.hr\/index.php?rest_route=\/wp\/v2\/types\/page"}],"author":[{"embeddable":true,"href":"https:\/\/cpeu.ffzg.unizg.hr\/index.php?rest_route=\/wp\/v2\/users\/1"}],"replies":[{"embeddable":true,"href":"https:\/\/cpeu.ffzg.unizg.hr\/index.php?rest_route=%2Fwp%2Fv2%2Fcomments&post=360"}],"version-history":[{"count":5,"href":"https:\/\/cpeu.ffzg.unizg.hr\/index.php?rest_route=\/wp\/v2\/pages\/360\/revisions"}],"predecessor-version":[{"id":402,"href":"https:\/\/cpeu.ffzg.unizg.hr\/index.php?rest_route=\/wp\/v2\/pages\/360\/revisions\/402"}],"up":[{"embeddable":true,"href":"https:\/\/cpeu.ffzg.unizg.hr\/index.php?rest_route=\/wp\/v2\/pages\/358"}],"wp:attachment":[{"href":"https:\/\/cpeu.ffzg.unizg.hr\/index.php?rest_route=%2Fwp%2Fv2%2Fmedia&parent=360"}],"curies":[{"name":"wp","href":"https:\/\/api.w.org\/{rel}","templated":true}]}}