{"id":38,"date":"2013-06-20T23:15:11","date_gmt":"2013-06-20T21:15:11","guid":{"rendered":"http:\/\/www.ffzg.unizg.hr\/cpeu\/?page_id=38"},"modified":"2015-12-15T14:19:41","modified_gmt":"2015-12-15T13:19:41","slug":"radionica-sustav-ucenja-na-daljinu-omega-stvaranje-novog-e-kolegija-u-8-sati","status":"publish","type":"page","link":"https:\/\/cpeu.ffzg.unizg.hr\/?page_id=38","title":{"rendered":"Radionica &#8220;Sustav u\u010denja na daljinu Omega &#8211; stvaranje novog e-kolegija u 8 sati&#8221;"},"content":{"rendered":"<h3 id=\"docs-internal-guid-5ae2d6d0-6370-4d46-bb1d-a29f1a349501\" dir=\"ltr\">Opis:<\/h3>\n<p dir=\"ltr\">Radionica &#8220;Sustav u\u010denja na daljinu Omega &#8211; stvaranje novog e-kolegija u 8 sati&#8221; namijenjena je nastavnicima FFZG s iskustvom u izradi e-kolegija. Na radionici \u0107e, uz mentorirano vodstvo voditelja te\u010daja, izraditi cijeli e-kolegij kroz grupni rad s kolegama.<\/p>\n<h3 dir=\"ltr\">Preduvjeti:<\/h3>\n<p dir=\"ltr\">Nastavnici trebaju do\u0107i s planom budu\u0107eg e-kolegija, digitaliziranim nastavnim materijalima i okvirnom idejom koju razinu interaktivnosti e-kolegija \u017eele posti\u0107i. Nastavnici moraju imati valjane podatke za pristup AAI elektroni\u010dkom identitetu. Obavezni preduvjet je da su nastavnici ve\u0107 koristili Sustav u\u010denja na daljinu Omega.<\/p>\n<h3 dir=\"ltr\">Trajanje:<\/h3>\n<p dir=\"ltr\">Radionica traje 2&#215;4 solarna sata.<\/p>\n<h3 dir=\"ltr\">Broj polaznika:<\/h3>\n<p dir=\"ltr\">Najvi\u0161e 15 polaznika.<\/p>\n","protected":false},"excerpt":{"rendered":"<p>Opis: Radionica &#8220;Sustav u\u010denja na daljinu Omega &#8211; stvaranje novog e-kolegija u 8 sati&#8221; namijenjena je nastavnicima FFZG s iskustvom u izradi e-kolegija. Na radionici \u0107e, uz mentorirano vodstvo voditelja te\u010daja, izraditi cijeli e-kolegij kroz grupni rad s kolegama. Preduvjeti: Nastavnici trebaju do\u0107i s planom budu\u0107eg e-kolegija, digitaliziranim nastavnim materijalima i okvirnom idejom koju razinu [&hellip;]<\/p>\n","protected":false},"author":1,"featured_media":0,"parent":28,"menu_order":0,"comment_status":"closed","ping_status":"closed","template":"","meta":{"footnotes":""},"class_list":["post-38","page","type-page","status-publish","hentry"],"jetpack_sharing_enabled":true,"_links":{"self":[{"href":"https:\/\/cpeu.ffzg.unizg.hr\/index.php?rest_route=\/wp\/v2\/pages\/38","targetHints":{"allow":["GET"]}}],"collection":[{"href":"https:\/\/cpeu.ffzg.unizg.hr\/index.php?rest_route=\/wp\/v2\/pages"}],"about":[{"href":"https:\/\/cpeu.ffzg.unizg.hr\/index.php?rest_route=\/wp\/v2\/types\/page"}],"author":[{"embeddable":true,"href":"https:\/\/cpeu.ffzg.unizg.hr\/index.php?rest_route=\/wp\/v2\/users\/1"}],"replies":[{"embeddable":true,"href":"https:\/\/cpeu.ffzg.unizg.hr\/index.php?rest_route=%2Fwp%2Fv2%2Fcomments&post=38"}],"version-history":[{"count":3,"href":"https:\/\/cpeu.ffzg.unizg.hr\/index.php?rest_route=\/wp\/v2\/pages\/38\/revisions"}],"predecessor-version":[{"id":433,"href":"https:\/\/cpeu.ffzg.unizg.hr\/index.php?rest_route=\/wp\/v2\/pages\/38\/revisions\/433"}],"up":[{"embeddable":true,"href":"https:\/\/cpeu.ffzg.unizg.hr\/index.php?rest_route=\/wp\/v2\/pages\/28"}],"wp:attachment":[{"href":"https:\/\/cpeu.ffzg.unizg.hr\/index.php?rest_route=%2Fwp%2Fv2%2Fmedia&parent=38"}],"curies":[{"name":"wp","href":"https:\/\/api.w.org\/{rel}","templated":true}]}}