{"id":47,"date":"2013-06-20T23:19:47","date_gmt":"2013-06-20T21:19:47","guid":{"rendered":"http:\/\/www.ffzg.unizg.hr\/cpeu\/?page_id=47"},"modified":"2013-06-20T23:19:47","modified_gmt":"2013-06-20T21:19:47","slug":"radionica-o-uporabi-otvorenih-iili-besplatnih-alata-u-obrazovnom-okruzenju","status":"publish","type":"page","link":"https:\/\/cpeu.ffzg.unizg.hr\/?page_id=47","title":{"rendered":"Radionica o uporabi otvorenih i\/ili besplatnih alata u obrazovnom okru\u017eenju"},"content":{"rendered":"<h3 dir=\"ltr\" id=\"docs-internal-guid-5ae2d6d0-6374-b987-48f0-a4f83bf5b8f2\">Opis:<\/h3>\n<p dir=\"ltr\">Radionica o uporabi otvorenih i\/ili besplatnih alata u obrazovnom okru\u017eenju namijenjena je nastavnicima FFZG. \u00a0Programski alati koji \u0107e biti kori\u0161teni se prema dostupnosti mogu podijeliti na desktop (offline) i mre\u017eno dostupne (online), a po namjeni na one za: obradu, pregled i pripremu teksta, obradu i pregled slike, zvuka i videa, Internet i komunikaciju, podizanje sigurnosti rada na ra\u010dunalu (antivirus, antispware i sli\u010dno), te ostale alate.<\/p>\n<p dir=\"ltr\">U dijelu o alatima za obradu, pregled i pripremu teksta polaznici \u0107e biti upoznati sa sljede\u0107im programskim rje\u0161enjima: Notepad++, Foxit Reader, \u00a0PDFCreator, Scribus, LibreOffice, Google Docs.<\/p>\n<p dir=\"ltr\">U dijelu o obradi, pregledu i konverziji slike, zvuka i videa (multimedijalnim alatima) polaznici \u0107e biti upoznati sa sljede\u0107im programskim rje\u0161enjima: K-Lite Mega Codec Pack, Media Player Classic, Audacity, VirtualDub, Paint.NET, Inkscape, IrfanView, FormatFactory.<\/p>\n<p dir=\"ltr\">U dijelu o alatima za Internet i komunikaciju polaznici \u0107e biti upoznati sa sljede\u0107im programskim rje\u0161enjima: Mozilla Firefox, Opera, Chrome, WinSCP, Mozilla Thunderbird.<\/p>\n<p dir=\"ltr\">U dijelu o alatima za podizanje sigurnosti rada na ra\u010dunalu (antivirus, antispware i sli\u010dno) polaznici \u0107e biti upoznati sa sljede\u0107im programskim rje\u0161enjima: Avast, Avira, AVG, Spybot S&amp;D i Malwarebytes.<\/p>\n<p dir=\"ltr\">U dijelu o raznim, nekategoriziranim alatima polaznici \u0107e biti upoznati sa sljede\u0107im programskim rje\u0161enjima: 7-Zip, PeaZip, KeePass, WinDirStat, SiteShooter, TeraCopy, ZoomIT, ImgBurn, Wink, Prezi.com, FreeMind i Stellarium.<\/p>\n<h3 dir=\"ltr\">Preduvjeti:<\/h3>\n<p dir=\"ltr\">Nastavnici mogu do\u0107i s postoje\u0107im nastavnim materijalima u digitalnom obliku (iako to nije obavezno). Nastavnici moraju imati valjane podatke za pristup AAI elektroni\u010dkom identitetu.<\/p>\n<h3 dir=\"ltr\">Trajanje:<\/h3>\n<p dir=\"ltr\">Radionica traje 4 solarna sata.<\/p>\n<h3 dir=\"ltr\">Broj polaznika:<\/h3>\n<p dir=\"ltr\">Najvi\u0161e 20 polaznika.<\/p>\n","protected":false},"excerpt":{"rendered":"<p>Opis: Radionica o uporabi otvorenih i\/ili besplatnih alata u obrazovnom okru\u017eenju namijenjena je nastavnicima FFZG. \u00a0Programski alati koji \u0107e biti kori\u0161teni se prema dostupnosti mogu podijeliti na desktop (offline) i mre\u017eno dostupne (online), a po namjeni na one za: obradu, pregled i pripremu teksta, obradu i pregled slike, zvuka i videa, Internet i komunikaciju, podizanje [&hellip;]<\/p>\n","protected":false},"author":1,"featured_media":0,"parent":28,"menu_order":0,"comment_status":"closed","ping_status":"closed","template":"","meta":{"footnotes":""},"class_list":["post-47","page","type-page","status-publish","hentry"],"jetpack_sharing_enabled":true,"_links":{"self":[{"href":"https:\/\/cpeu.ffzg.unizg.hr\/index.php?rest_route=\/wp\/v2\/pages\/47","targetHints":{"allow":["GET"]}}],"collection":[{"href":"https:\/\/cpeu.ffzg.unizg.hr\/index.php?rest_route=\/wp\/v2\/pages"}],"about":[{"href":"https:\/\/cpeu.ffzg.unizg.hr\/index.php?rest_route=\/wp\/v2\/types\/page"}],"author":[{"embeddable":true,"href":"https:\/\/cpeu.ffzg.unizg.hr\/index.php?rest_route=\/wp\/v2\/users\/1"}],"replies":[{"embeddable":true,"href":"https:\/\/cpeu.ffzg.unizg.hr\/index.php?rest_route=%2Fwp%2Fv2%2Fcomments&post=47"}],"version-history":[{"count":1,"href":"https:\/\/cpeu.ffzg.unizg.hr\/index.php?rest_route=\/wp\/v2\/pages\/47\/revisions"}],"predecessor-version":[{"id":48,"href":"https:\/\/cpeu.ffzg.unizg.hr\/index.php?rest_route=\/wp\/v2\/pages\/47\/revisions\/48"}],"up":[{"embeddable":true,"href":"https:\/\/cpeu.ffzg.unizg.hr\/index.php?rest_route=\/wp\/v2\/pages\/28"}],"wp:attachment":[{"href":"https:\/\/cpeu.ffzg.unizg.hr\/index.php?rest_route=%2Fwp%2Fv2%2Fmedia&parent=47"}],"curies":[{"name":"wp","href":"https:\/\/api.w.org\/{rel}","templated":true}]}}