{"id":489,"date":"2016-01-09T19:34:19","date_gmt":"2016-01-09T18:34:19","guid":{"rendered":"http:\/\/cpeu.ffzg.unizg.hr\/?page_id=489"},"modified":"2020-04-02T21:46:31","modified_gmt":"2020-04-02T20:46:31","slug":"resursi","status":"publish","type":"page","link":"https:\/\/cpeu.ffzg.unizg.hr\/?page_id=489","title":{"rendered":"Resursi"},"content":{"rendered":"<p>Resursi su nastavni materijali nu\u017eni za odr\u017eavanje e-kolegija, npr. tekstovi, poveznice ili multimedijske datoteke. Resursi mogu biti pohranjeni na sustavu Omega ili to mogu biti<br \/>\npoveznice na dostupne izvore na internetu. Te materijale studenti mogu pregledavati, pohraniti<br \/>\nna svoje ra\u010dunalo, otisnuti, ali bez daljnje interakcije s drugim studentima ili nastavnikom (u<br \/>\nonline-okru\u017eenju). Nastavnik mo\u017ee putem izvje\u0161taja o aktivnosti vidjeti tko je, kada i s koje lokacije pristupio pojedinom resursu.<\/p>\n<ul>\n<li><a href=\"http:\/\/cpeu.ffzg.unizg.hr\/?page_id=1039\">Natpis<\/a><\/li>\n<li><a href=\"http:\/\/cpeu.ffzg.unizg.hr\/?page_id=1041\">Stranica<\/a><\/li>\n<li><a href=\"http:\/\/cpeu.ffzg.unizg.hr\/?page_id=1044\">Poveznica<\/a><\/li>\n<li><a href=\"http:\/\/cpeu.ffzg.unizg.hr\/?page_id=1046\">Datoteka<\/a><\/li>\n<li><a href=\"http:\/\/cpeu.ffzg.unizg.hr\/?page_id=1051\">Mapa<\/a><\/li>\n<li><a href=\"http:\/\/cpeu.ffzg.unizg.hr\/?page_id=1060\">Knjiga<\/a><\/li>\n<\/ul>\n","protected":false},"excerpt":{"rendered":"<p>Resursi su nastavni materijali nu\u017eni za odr\u017eavanje e-kolegija, npr. tekstovi, poveznice ili multimedijske datoteke. Resursi mogu biti pohranjeni na sustavu Omega ili to mogu biti poveznice na dostupne izvore na internetu. Te materijale studenti mogu pregledavati, pohraniti na svoje ra\u010dunalo, otisnuti, ali bez daljnje interakcije s drugim studentima ili nastavnikom (u online-okru\u017eenju). Nastavnik mo\u017ee putem [&hellip;]<\/p>\n","protected":false},"author":1,"featured_media":0,"parent":1157,"menu_order":0,"comment_status":"closed","ping_status":"closed","template":"","meta":{"footnotes":""},"class_list":["post-489","page","type-page","status-publish","hentry"],"jetpack_sharing_enabled":true,"_links":{"self":[{"href":"https:\/\/cpeu.ffzg.unizg.hr\/index.php?rest_route=\/wp\/v2\/pages\/489","targetHints":{"allow":["GET"]}}],"collection":[{"href":"https:\/\/cpeu.ffzg.unizg.hr\/index.php?rest_route=\/wp\/v2\/pages"}],"about":[{"href":"https:\/\/cpeu.ffzg.unizg.hr\/index.php?rest_route=\/wp\/v2\/types\/page"}],"author":[{"embeddable":true,"href":"https:\/\/cpeu.ffzg.unizg.hr\/index.php?rest_route=\/wp\/v2\/users\/1"}],"replies":[{"embeddable":true,"href":"https:\/\/cpeu.ffzg.unizg.hr\/index.php?rest_route=%2Fwp%2Fv2%2Fcomments&post=489"}],"version-history":[{"count":9,"href":"https:\/\/cpeu.ffzg.unizg.hr\/index.php?rest_route=\/wp\/v2\/pages\/489\/revisions"}],"predecessor-version":[{"id":1567,"href":"https:\/\/cpeu.ffzg.unizg.hr\/index.php?rest_route=\/wp\/v2\/pages\/489\/revisions\/1567"}],"up":[{"embeddable":true,"href":"https:\/\/cpeu.ffzg.unizg.hr\/index.php?rest_route=\/wp\/v2\/pages\/1157"}],"wp:attachment":[{"href":"https:\/\/cpeu.ffzg.unizg.hr\/index.php?rest_route=%2Fwp%2Fv2%2Fmedia&parent=489"}],"curies":[{"name":"wp","href":"https:\/\/api.w.org\/{rel}","templated":true}]}}