{"id":491,"date":"2016-01-09T19:34:52","date_gmt":"2016-01-09T18:34:52","guid":{"rendered":"http:\/\/cpeu.ffzg.unizg.hr\/?page_id=491"},"modified":"2021-11-10T18:17:28","modified_gmt":"2021-11-10T17:17:28","slug":"aktivnosti","status":"publish","type":"page","link":"https:\/\/cpeu.ffzg.unizg.hr\/?page_id=491","title":{"rendered":"Aktivnosti"},"content":{"rendered":"<p><strong>Aktivnosti<\/strong> se od resursa razlikuju po tome \u0161to se njima ostvaruje interakcija nastavnika sa studentima te me\u0111u studentima. Aktivnosti mogu biti izra\u0111ene i pohranjene na sustavu Omega, ali se mogu upotrebljavati i vanjski alati i servisi po potrebi. Ocjenjivanje rada studenata mogu\u0107e je putem aktivnosti, za razliku od resursa.<\/p>\n<ul class=\"sub-menu\">\n<li class=\"menu-item menu-item-type-post_type menu-item-object-page menu-item-1168\"><a href=\"https:\/\/cpeu.ffzg.unizg.hr\/?page_id=995\">Anketa<\/a><\/li>\n<li class=\"menu-item menu-item-type-post_type menu-item-object-page current-menu-item page_item page-item-1321 current_page_item menu-item-1371\"><a href=\"https:\/\/cpeu.ffzg.unizg.hr\/?page_id=1321\" aria-current=\"page\">BigBlueButton<\/a><\/li>\n<li class=\"menu-item menu-item-type-post_type menu-item-object-page menu-item-1431\"><a href=\"https:\/\/cpeu.ffzg.unizg.hr\/?page_id=1313\">Chat<\/a><\/li>\n<li class=\"menu-item menu-item-type-post_type menu-item-object-page menu-item-1173\"><a href=\"https:\/\/cpeu.ffzg.unizg.hr\/?page_id=1030\">Odabir<\/a><\/li>\n<li class=\"menu-item menu-item-type-post_type menu-item-object-page menu-item-899\"><a href=\"https:\/\/cpeu.ffzg.unizg.hr\/?page_id=851\">Forum<\/a><\/li>\n<li class=\"menu-item menu-item-type-post_type menu-item-object-page menu-item-1172\"><a href=\"https:\/\/cpeu.ffzg.unizg.hr\/?page_id=998\">Lekcija<\/a><\/li>\n<li class=\"menu-item menu-item-type-post_type menu-item-object-page menu-item-1174\"><a href=\"https:\/\/cpeu.ffzg.unizg.hr\/?page_id=981\">Prisutnost<\/a><\/li>\n<li class=\"menu-item menu-item-type-post_type menu-item-object-page menu-item-1175\"><a href=\"https:\/\/cpeu.ffzg.unizg.hr\/?page_id=1020\">Radionica<\/a><\/li>\n<li class=\"menu-item menu-item-type-post_type menu-item-object-page menu-item-1176\"><a href=\"https:\/\/cpeu.ffzg.unizg.hr\/?page_id=971\">Rje\u010dnik<\/a><\/li>\n<li class=\"menu-item menu-item-type-post_type menu-item-object-page menu-item-1431\"><a href=\"https:\/\/cpeu.ffzg.unizg.hr\/?page_id=2225\">Tau<\/a><\/li>\n<li class=\"menu-item menu-item-type-post_type menu-item-object-page menu-item-1177\"><a href=\"https:\/\/cpeu.ffzg.unizg.hr\/?page_id=495\">Test<\/a><\/li>\n<li class=\"menu-item menu-item-type-post_type menu-item-object-page menu-item-898\"><a href=\"https:\/\/cpeu.ffzg.unizg.hr\/?page_id=854\">Zada\u0107a<\/a><\/li>\n<li class=\"menu-item menu-item-type-post_type menu-item-object-page menu-item-1180\"><a href=\"https:\/\/cpeu.ffzg.unizg.hr\/?page_id=1009\">Wiki<\/a><\/li>\n<\/ul>\n","protected":false},"excerpt":{"rendered":"<p>Aktivnosti se od resursa razlikuju po tome \u0161to se njima ostvaruje interakcija nastavnika sa studentima te me\u0111u studentima. Aktivnosti mogu biti izra\u0111ene i pohranjene na sustavu Omega, ali se mogu upotrebljavati i vanjski alati i servisi po potrebi. Ocjenjivanje rada studenata mogu\u0107e je putem aktivnosti, za razliku od resursa. Anketa BigBlueButton Chat Odabir Forum Lekcija [&hellip;]<\/p>\n","protected":false},"author":1,"featured_media":0,"parent":1157,"menu_order":0,"comment_status":"closed","ping_status":"closed","template":"","meta":{"footnotes":""},"class_list":["post-491","page","type-page","status-publish","hentry"],"jetpack_sharing_enabled":true,"_links":{"self":[{"href":"https:\/\/cpeu.ffzg.unizg.hr\/index.php?rest_route=\/wp\/v2\/pages\/491","targetHints":{"allow":["GET"]}}],"collection":[{"href":"https:\/\/cpeu.ffzg.unizg.hr\/index.php?rest_route=\/wp\/v2\/pages"}],"about":[{"href":"https:\/\/cpeu.ffzg.unizg.hr\/index.php?rest_route=\/wp\/v2\/types\/page"}],"author":[{"embeddable":true,"href":"https:\/\/cpeu.ffzg.unizg.hr\/index.php?rest_route=\/wp\/v2\/users\/1"}],"replies":[{"embeddable":true,"href":"https:\/\/cpeu.ffzg.unizg.hr\/index.php?rest_route=%2Fwp%2Fv2%2Fcomments&post=491"}],"version-history":[{"count":6,"href":"https:\/\/cpeu.ffzg.unizg.hr\/index.php?rest_route=\/wp\/v2\/pages\/491\/revisions"}],"predecessor-version":[{"id":2699,"href":"https:\/\/cpeu.ffzg.unizg.hr\/index.php?rest_route=\/wp\/v2\/pages\/491\/revisions\/2699"}],"up":[{"embeddable":true,"href":"https:\/\/cpeu.ffzg.unizg.hr\/index.php?rest_route=\/wp\/v2\/pages\/1157"}],"wp:attachment":[{"href":"https:\/\/cpeu.ffzg.unizg.hr\/index.php?rest_route=%2Fwp%2Fv2%2Fmedia&parent=491"}],"curies":[{"name":"wp","href":"https:\/\/api.w.org\/{rel}","templated":true}]}}