{"id":493,"date":"2016-01-09T19:35:16","date_gmt":"2016-01-09T18:35:16","guid":{"rendered":"http:\/\/cpeu.ffzg.unizg.hr\/?page_id=493"},"modified":"2022-11-24T12:10:31","modified_gmt":"2022-11-24T11:10:31","slug":"baza-pitanja","status":"publish","type":"page","link":"https:\/\/cpeu.ffzg.unizg.hr\/?page_id=493","title":{"rendered":"Baza pitanja"},"content":{"rendered":"<h2><strong>Uvod<\/strong><\/h2>\n<p>Za primjenu aktivnosti <strong>Test<\/strong> potrebno je prethodno izraditi pitanja i pohraniti ih u <strong>Bazu pitanja<\/strong>. Pristup Bazi pitanja ima samo nastavnik na odre\u0111enom e-kolegiju. Pitanja prethodno pripremljena na osobnom ra\u010dunalu mogu\u0107e je dodavati jedno po jedno ili masovno uvesti u bazu.<\/p>\n<p>Za pregled <strong>Baze pitanja<\/strong> potrebno je iz izbornika na vrhu zaslona, a ispod naslova e-kolegija odabrati poveznicu <strong>Vi\u0161e <\/strong>i potom u izborniku koji se prika\u017ee je potrebno kliknuti na <strong>Baza pitanja<\/strong>.<\/p>\n<div id=\"attachment_2880\" style=\"width: 594px\" class=\"wp-caption aligncenter\"><img loading=\"lazy\" decoding=\"async\" aria-describedby=\"caption-attachment-2880\" class=\"size-full wp-image-2880\" src=\"http:\/\/cpeu.ffzg.unizg.hr\/wp-content\/uploads\/2022\/11\/01-Baza-pitanja-navigacija.png\" alt=\"Kako pristupiti bazi pitanja\" width=\"584\" height=\"268\" srcset=\"https:\/\/cpeu.ffzg.unizg.hr\/wp-content\/uploads\/2022\/11\/01-Baza-pitanja-navigacija.png 584w, https:\/\/cpeu.ffzg.unizg.hr\/wp-content\/uploads\/2022\/11\/01-Baza-pitanja-navigacija-300x138.png 300w\" sizes=\"auto, (max-width: 584px) 100vw, 584px\" \/><p id=\"caption-attachment-2880\" class=\"wp-caption-text\">Kako pristupiti bazi pitanja<\/p><\/div>\n<p>Za dodavanje novoga pitanja u bazu potrebno je odabrati gumb <strong>Stvori novo pitanje<\/strong>:<\/p>\n<div id=\"attachment_2885\" style=\"width: 177px\" class=\"wp-caption aligncenter\"><img loading=\"lazy\" decoding=\"async\" aria-describedby=\"caption-attachment-2885\" class=\"size-full wp-image-2885\" src=\"http:\/\/cpeu.ffzg.unizg.hr\/wp-content\/uploads\/2022\/11\/05-Test-stvori-novo-pitanje.png\" alt=\"Gumb Stvori novo pitanje\" width=\"167\" height=\"41\" \/><p id=\"caption-attachment-2885\" class=\"wp-caption-text\">Gumb Stvori novo pitanje<\/p><\/div>\n<p>Odabirom vrste pitanja otvara se prozor za ure\u0111ivanje pitanja. Svako pitanje ima <strong>naziv<\/strong> koji je vidljiv isklju\u010divo nastavniku i <strong>tekst pitanja<\/strong> koji \u0107e biti vidljiv studentima.<\/p>\n<p>Postoje\u0107e pitanje mo\u017ee se dodatno urediti s pomo\u0107u ikone <img loading=\"lazy\" decoding=\"async\" class=\"alignnone wp-image-1122\" src=\"http:\/\/cpeu.ffzg.unizg.hr\/wp-content\/uploads\/2020\/03\/uredi-zupcanik2.png\" alt=\"\" width=\"12\" height=\"12\" \/>, kopirati (stvoriti duplikat) s pomo\u0107u ikone <img loading=\"lazy\" decoding=\"async\" class=\"alignnone wp-image-1124\" src=\"http:\/\/cpeu.ffzg.unizg.hr\/wp-content\/uploads\/2020\/03\/kopiranje2.png\" alt=\"\" width=\"12\" height=\"12\" \/>, pregledati s pomo\u0107u ikone <img loading=\"lazy\" decoding=\"async\" class=\"alignnone wp-image-1126\" src=\"http:\/\/cpeu.ffzg.unizg.hr\/wp-content\/uploads\/2020\/03\/povecalo2.png\" alt=\"\" width=\"12\" height=\"12\" \/> ili potpuno izbrisati s pomo\u0107u ikone <img loading=\"lazy\" decoding=\"async\" class=\"alignnone wp-image-1128\" src=\"http:\/\/cpeu.ffzg.unizg.hr\/wp-content\/uploads\/2020\/03\/izbrisi-x2.png\" alt=\"\" width=\"12\" height=\"12\" \/>.<\/p>\n<p>Lijevo od naziva pitanja prikazana je ikona koja predstavlja vrstu pitanja. Desno od ikona za ure\u0111ivanje, pregled i brisanje pitanja prikazana je informacija o tome tko je izradio pitanje i tko je napravio posljednju izmjenu.<\/p>\n<div id=\"attachment_1132\" style=\"width: 866px\" class=\"wp-caption aligncenter\"><a href=\"http:\/\/cpeu.ffzg.unizg.hr\/wp-content\/uploads\/2020\/03\/48-baza-pitanja.png\"><img loading=\"lazy\" decoding=\"async\" aria-describedby=\"caption-attachment-1132\" class=\"wp-image-1132 size-full\" src=\"http:\/\/cpeu.ffzg.unizg.hr\/wp-content\/uploads\/2020\/03\/48-baza-pitanja.png\" alt=\"\" width=\"856\" height=\"582\" srcset=\"https:\/\/cpeu.ffzg.unizg.hr\/wp-content\/uploads\/2020\/03\/48-baza-pitanja.png 856w, https:\/\/cpeu.ffzg.unizg.hr\/wp-content\/uploads\/2020\/03\/48-baza-pitanja-300x204.png 300w, https:\/\/cpeu.ffzg.unizg.hr\/wp-content\/uploads\/2020\/03\/48-baza-pitanja-768x522.png 768w, https:\/\/cpeu.ffzg.unizg.hr\/wp-content\/uploads\/2020\/03\/48-baza-pitanja-624x424.png 624w\" sizes=\"auto, (max-width: 856px) 100vw, 856px\" \/><\/a><p id=\"caption-attachment-1132\" class=\"wp-caption-text\">Baza pitanja<\/p><\/div>\n<h2><strong>Kategorije pitanja<\/strong><\/h2>\n<p>Baza pitanja sastoji se od kategorija i potkategorija u kojima su pitanja organizirana prema temi, zahtjevnosti (i pripadaju\u0107em broju bodova), prema nekom tre\u0107em kriteriju ili kombinaciji njih. Za stvaranje nove ili ure\u0111ivanje postoje\u0107e kategorije pitanja potrebno je odabrati poveznicu <strong>Kategorije<\/strong> dostupnu u padaju\u0107em izborniku na stranici <strong>Baza pitanja<\/strong>.<\/p>\n<div id=\"attachment_2887\" style=\"width: 497px\" class=\"wp-caption aligncenter\"><img loading=\"lazy\" decoding=\"async\" aria-describedby=\"caption-attachment-2887\" class=\"size-full wp-image-2887\" src=\"http:\/\/cpeu.ffzg.unizg.hr\/wp-content\/uploads\/2022\/11\/02-Baza-pitanja-kategorije.png\" alt=\"Pregled kategorija baze pitanja\" width=\"487\" height=\"389\" srcset=\"https:\/\/cpeu.ffzg.unizg.hr\/wp-content\/uploads\/2022\/11\/02-Baza-pitanja-kategorije.png 487w, https:\/\/cpeu.ffzg.unizg.hr\/wp-content\/uploads\/2022\/11\/02-Baza-pitanja-kategorije-300x240.png 300w\" sizes=\"auto, (max-width: 487px) 100vw, 487px\" \/><p id=\"caption-attachment-2887\" class=\"wp-caption-text\">Pregled kategorija baze pitanja<\/p><\/div>\n<p>Svaka se kategorija mo\u017ee izbrisati, a njezin se redoslijed prikazivanja u popisu kategorija mo\u017ee mijenjati.<\/p>\n<div id=\"attachment_2882\" style=\"width: 562px\" class=\"wp-caption aligncenter\"><img loading=\"lazy\" decoding=\"async\" aria-describedby=\"caption-attachment-2882\" class=\"size-full wp-image-2882\" src=\"http:\/\/cpeu.ffzg.unizg.hr\/wp-content\/uploads\/2022\/11\/03-Baza-pitanja-uredi-kategorije.png\" alt=\"Ure\u0111ivanje kategorija baze pitanja\" width=\"552\" height=\"389\" srcset=\"https:\/\/cpeu.ffzg.unizg.hr\/wp-content\/uploads\/2022\/11\/03-Baza-pitanja-uredi-kategorije.png 552w, https:\/\/cpeu.ffzg.unizg.hr\/wp-content\/uploads\/2022\/11\/03-Baza-pitanja-uredi-kategorije-300x211.png 300w\" sizes=\"auto, (max-width: 552px) 100vw, 552px\" \/><p id=\"caption-attachment-2882\" class=\"wp-caption-text\">Ure\u0111ivanje kategorija baze pitanja<\/p><\/div>\n<p>Da bi prilikom testa u kojem je postavljen slu\u010dajni odabir pitanja svaki student dobio test s jednakom raspodjelom pitanja po temi i zahtjevnosti potrebno ih je slo\u017eiti u kategorije i potkategorije.<\/p>\n<h3>Video upute za osnovno pode\u0161avanje Baze pitanja<\/h3>\n<p><iframe loading=\"lazy\" src=\"https:\/\/www.youtube-nocookie.com\/embed\/zSlR6YtZYpc?rel=0\" width=\"560\" height=\"315\" frameborder=\"0\" allowfullscreen=\"allowfullscreen\"><\/iframe><\/p>\n<p>Pitanja iz jedne kategorije mogu se prebaciti u neku drugu kategoriju ili potkategoriju tako da se najprije ozna\u010de, potom se u padaju\u0107em izborniku odabere \u017eeljena kategorija te klikne na gumb <strong>Premjesti u &gt;&gt;<\/strong>.<\/p>\n<div id=\"attachment_1134\" style=\"width: 803px\" class=\"wp-caption aligncenter\"><a href=\"http:\/\/cpeu.ffzg.unizg.hr\/wp-content\/uploads\/2020\/03\/48-kategorija-pitanja.png\"><img loading=\"lazy\" decoding=\"async\" aria-describedby=\"caption-attachment-1134\" class=\"wp-image-1134 size-full\" src=\"http:\/\/cpeu.ffzg.unizg.hr\/wp-content\/uploads\/2020\/03\/48-kategorija-pitanja.png\" alt=\"\" width=\"793\" height=\"609\" srcset=\"https:\/\/cpeu.ffzg.unizg.hr\/wp-content\/uploads\/2020\/03\/48-kategorija-pitanja.png 793w, https:\/\/cpeu.ffzg.unizg.hr\/wp-content\/uploads\/2020\/03\/48-kategorija-pitanja-300x230.png 300w, https:\/\/cpeu.ffzg.unizg.hr\/wp-content\/uploads\/2020\/03\/48-kategorija-pitanja-768x590.png 768w, https:\/\/cpeu.ffzg.unizg.hr\/wp-content\/uploads\/2020\/03\/48-kategorija-pitanja-624x479.png 624w\" sizes=\"auto, (max-width: 793px) 100vw, 793px\" \/><\/a><p id=\"caption-attachment-1134\" class=\"wp-caption-text\">Kategorija pitanja<\/p><\/div>\n<h2><strong>Zajedni\u010dke postavke pitanja i povratne informacije<\/strong><\/h2>\n<p>Zajedni\u010dke postavke za ve\u0107inu vrsta pitanja dostupne su u sekcijama <strong>Op\u0107enito<\/strong> i <strong>Postavke za vi\u0161estruke poku\u0161aje rje\u0161avanja<\/strong> (dostupnima za vrijeme izrade pojedinog pitanja).<\/p>\n<h3><strong>Sekcija Op\u0107enito<\/strong><\/h3>\n<p><strong>Kategorija:<\/strong> pitanja trebaju biti organizirana u kategorije radi lak\u0161eg pronalaska i kori\u0161tenja.<\/p>\n<p><strong>Naziv pitanja:<\/strong> vidljiv je nastavnicima u popisu pitanja u bloku pitanja i slu\u017ei za odabir pitanja koja \u0107e biti u odre\u0111enom testu \u2013 treba biti \u0161to kra\u0107i i informativniji.<\/p>\n<p><strong>Tekst pitanja:<\/strong> vidljiv je studentima u testu.<\/p>\n<p><strong>Zadani bodovi:<\/strong> najve\u0107i broj bodova koje nosi odre\u0111eno pitanje \u2013 mo\u017ee se naknadno promijeniti pri izradi pojedinoga testa, ovisno o kontekstu i ostalim pitanjima.<\/p>\n<p><strong>Op\u0107enita povratna informacija:<\/strong> ne ovisi o odgovoru koji student odabere ili upi\u0161e. Op\u0107enitom povratnom informacijom mogu\u0107e se koristiti za op\u0161irnije obja\u0161njavanje odgovora, ponekad i uz poveznicu na vi\u0161e informacija o sadr\u017eaju.<\/p>\n<div id=\"attachment_1136\" style=\"width: 841px\" class=\"wp-caption aligncenter\"><a href=\"http:\/\/cpeu.ffzg.unizg.hr\/wp-content\/uploads\/2020\/03\/48-opcenito-sekcija-sve.png\"><img loading=\"lazy\" decoding=\"async\" aria-describedby=\"caption-attachment-1136\" class=\"wp-image-1136 size-full\" src=\"http:\/\/cpeu.ffzg.unizg.hr\/wp-content\/uploads\/2020\/03\/48-opcenito-sekcija-sve.png\" alt=\"\" width=\"831\" height=\"606\" srcset=\"https:\/\/cpeu.ffzg.unizg.hr\/wp-content\/uploads\/2020\/03\/48-opcenito-sekcija-sve.png 831w, https:\/\/cpeu.ffzg.unizg.hr\/wp-content\/uploads\/2020\/03\/48-opcenito-sekcija-sve-300x219.png 300w, https:\/\/cpeu.ffzg.unizg.hr\/wp-content\/uploads\/2020\/03\/48-opcenito-sekcija-sve-768x560.png 768w, https:\/\/cpeu.ffzg.unizg.hr\/wp-content\/uploads\/2020\/03\/48-opcenito-sekcija-sve-624x455.png 624w\" sizes=\"auto, (max-width: 831px) 100vw, 831px\" \/><\/a><p id=\"caption-attachment-1136\" class=\"wp-caption-text\">Sekcija Op\u0107enito<\/p><\/div>\n<h3><strong>Sekcija Postavke za vi\u0161estruke poku\u0161aje rje\u0161avanja<\/strong><\/h3>\n<p><strong>Kazneni bodovi za svaki neto\u010dan odgovor<\/strong> odnose se na dopu\u0161teni broj poku\u0161aja rje\u0161avanja pojedinoga pitanja, a primjenjuju se samo u nekim oblicima testa (adaptivni i interaktivni test s vi\u0161estrukim poku\u0161ajima koji dopu\u0161taju vi\u0161ekratno odgovaranje na pitanje). Iz padaju\u0107ega izbornika odabire se \u017eeljeni postotak, \u0161to zna\u010di da \u0107e svaki sljede\u0107i put kada odgovori na pitanje student dobiti broj bodova umanjen za iznos kaznenoga boda.<\/p>\n<p>Ako je postotak postavljen na <strong>0<\/strong>%, student mo\u017ee neograni\u010den broj puta odgovarati na pitanje, a da uvijek ima mogu\u0107nost osvajanja maksimalnoga broja bodova.<\/p>\n<p>Ako su kazneni bodovi postavljeni na <strong>100<\/strong>%, student ima samo jedan poku\u0161aj za osvajanje svih bodova. I dalje ostaje mogu\u0107nost odgovaranja na to pitanje, ali \u0107e broj osvojenih bodova biti 0. Za uneseni postotak u kaznenim bodovima umanjit \u0107e se ukupan broj osvojenih bodova (primjeri u tablici).<\/p>\n<p style=\"text-align: center;\">\n<table id=\"tablepress-12\" class=\"tablepress tablepress-id-12\">\n<thead>\n<tr class=\"row-1\">\n\t<th class=\"column-1\">Broj poku\u0161aja<\/th><th class=\"column-2\">Ukupan broj bodova<\/th><th class=\"column-3\">Kazneni bodovi<\/th><th class=\"column-4\">Ukupni osvojeni bodovi za to\u010dan odgovor<\/th>\n<\/tr>\n<\/thead>\n<tbody class=\"row-striping\">\n<tr class=\"row-2\">\n\t<td class=\"column-1\">1<\/td><td class=\"column-2\">1<\/td><td class=\"column-3\">0.1<\/td><td class=\"column-4\">1\/1<\/td>\n<\/tr>\n<tr class=\"row-3\">\n\t<td class=\"column-1\">2<\/td><td class=\"column-2\">1<\/td><td class=\"column-3\">0.1<\/td><td class=\"column-4\">0,9\/1<\/td>\n<\/tr>\n<tr class=\"row-4\">\n\t<td class=\"column-1\">3<\/td><td class=\"column-2\">1<\/td><td class=\"column-3\">0.1<\/td><td class=\"column-4\">0,8\/1<\/td>\n<\/tr>\n<tr class=\"row-5\">\n\t<td class=\"column-1\">1<\/td><td class=\"column-2\">5<\/td><td class=\"column-3\">0.1<\/td><td class=\"column-4\">5\/5<\/td>\n<\/tr>\n<tr class=\"row-6\">\n\t<td class=\"column-1\">2<\/td><td class=\"column-2\">5<\/td><td class=\"column-3\">0.1<\/td><td class=\"column-4\">4,5\/5<\/td>\n<\/tr>\n<tr class=\"row-7\">\n\t<td class=\"column-1\">3<\/td><td class=\"column-2\">5<\/td><td class=\"column-3\">0.1<\/td><td class=\"column-4\">4\/5<\/td>\n<\/tr>\n<\/tbody>\n<\/table>\n<!-- #tablepress-12 from cache --><\/p>\n<p><strong>Povratne informacije studentima<\/strong><\/p>\n<p>Pitanja mogu sadr\u017eavati vi\u0161e vrsta povratnih informacija koje nastavnik daje studentima nakon danoga odgovora: povratne informacije ovisno o pojedinom odgovoru koji je student odabrao ili upisao (povratna informacija za to\u010dan i neto\u010dan odgovor) ili op\u0107enitu povratnu informaciju neovisnu o odgovoru koji student odabere ili upi\u0161e.<\/p>\n<p><strong>Vrste pitanja<\/strong><\/p>\n<p>Od vrsta pitanja na sustavu Omega, ovdje \u0107e biti opisane:<\/p>\n<ul>\n<li><a href=\"http:\/\/cpeu.ffzg.unizg.hr\/?page_id=1076\"><strong>Vi\u0161estruki odabir<\/strong><\/a><\/li>\n<li><a href=\"http:\/\/cpeu.ffzg.unizg.hr\/?page_id=1080\"><strong>To\u010dno\/neto\u010dno<\/strong><\/a><\/li>\n<li><a href=\"http:\/\/cpeu.ffzg.unizg.hr\/?page_id=1084\"><strong>Kratki odgovor<\/strong><\/a><\/li>\n<li><a href=\"http:\/\/cpeu.ffzg.unizg.hr\/?page_id=1088\"><strong>Broj\u010dano pitanje<\/strong><\/a><\/li>\n<li><a href=\"http:\/\/cpeu.ffzg.unizg.hr\/?page_id=1092\"><strong>Uparivanje odgovora<\/strong><\/a><\/li>\n<li><a href=\"http:\/\/cpeu.ffzg.unizg.hr\/?page_id=1097\"><strong>Odabir rije\u010di koje nedostaju<\/strong><\/a><\/li>\n<li><a href=\"http:\/\/cpeu.ffzg.unizg.hr\/?page_id=1105\"><strong>Prenesi i postavi na sliku<\/strong><\/a><\/li>\n<li><a href=\"http:\/\/cpeu.ffzg.unizg.hr\/?page_id=1109\"><strong>Prenesi i postavi u tekst<\/strong><\/a><\/li>\n<li><a href=\"http:\/\/cpeu.ffzg.unizg.hr\/?page_id=1375\" target=\"_blank\" rel=\"noopener noreferrer\"><strong>Umetanje rije\u010di (Gapfill)<\/strong><\/a><\/li>\n<li><a href=\"http:\/\/cpeu.ffzg.unizg.hr\/?page_id=1115\"><strong>Esej<\/strong><\/a><\/li>\n<\/ul>\n","protected":false},"excerpt":{"rendered":"<p>Uvod Za primjenu aktivnosti Test potrebno je prethodno izraditi pitanja i pohraniti ih u Bazu pitanja. Pristup Bazi pitanja ima samo nastavnik na odre\u0111enom e-kolegiju. Pitanja prethodno pripremljena na osobnom ra\u010dunalu mogu\u0107e je dodavati jedno po jedno ili masovno uvesti u bazu. Za pregled Baze pitanja potrebno je iz izbornika na vrhu zaslona, a ispod [&hellip;]<\/p>\n","protected":false},"author":1,"featured_media":0,"parent":1157,"menu_order":0,"comment_status":"closed","ping_status":"closed","template":"","meta":{"footnotes":""},"class_list":["post-493","page","type-page","status-publish","hentry"],"jetpack_sharing_enabled":true,"_links":{"self":[{"href":"https:\/\/cpeu.ffzg.unizg.hr\/index.php?rest_route=\/wp\/v2\/pages\/493","targetHints":{"allow":["GET"]}}],"collection":[{"href":"https:\/\/cpeu.ffzg.unizg.hr\/index.php?rest_route=\/wp\/v2\/pages"}],"about":[{"href":"https:\/\/cpeu.ffzg.unizg.hr\/index.php?rest_route=\/wp\/v2\/types\/page"}],"author":[{"embeddable":true,"href":"https:\/\/cpeu.ffzg.unizg.hr\/index.php?rest_route=\/wp\/v2\/users\/1"}],"replies":[{"embeddable":true,"href":"https:\/\/cpeu.ffzg.unizg.hr\/index.php?rest_route=%2Fwp%2Fv2%2Fcomments&post=493"}],"version-history":[{"count":13,"href":"https:\/\/cpeu.ffzg.unizg.hr\/index.php?rest_route=\/wp\/v2\/pages\/493\/revisions"}],"predecessor-version":[{"id":2889,"href":"https:\/\/cpeu.ffzg.unizg.hr\/index.php?rest_route=\/wp\/v2\/pages\/493\/revisions\/2889"}],"up":[{"embeddable":true,"href":"https:\/\/cpeu.ffzg.unizg.hr\/index.php?rest_route=\/wp\/v2\/pages\/1157"}],"wp:attachment":[{"href":"https:\/\/cpeu.ffzg.unizg.hr\/index.php?rest_route=%2Fwp%2Fv2%2Fmedia&parent=493"}],"curies":[{"name":"wp","href":"https:\/\/api.w.org\/{rel}","templated":true}]}}