{"id":499,"date":"2016-01-09T19:36:34","date_gmt":"2016-01-09T18:36:34","guid":{"rendered":"http:\/\/cpeu.ffzg.unizg.hr\/?page_id=499"},"modified":"2022-10-03T10:28:09","modified_gmt":"2022-10-03T09:28:09","slug":"backup","status":"publish","type":"page","link":"https:\/\/cpeu.ffzg.unizg.hr\/?page_id=499","title":{"rendered":"Backup"},"content":{"rendered":"<h2>Izrada backup-datoteke<\/h2>\n<p>Dijelove e-kolegija ili e-kolegij u cijelosti nastavnik mo\u017ee pohraniti na lokalno ra\u010dunalo s pomo\u0107u backup-procedure. Podaci pohranjeni na takav na\u010din omogu\u0107avaju, izme\u0111u ostalog, kopiranje aktivnosti i materijala iz jednoga e-kolegija u drugi ili prijenos cijeloga e-kolegija s jednoga poslu\u017eitelja na drugi (u slu\u010daju da je predava\u010d aktivan i na nekoj drugoj ustanovi koja primjenjuje kompatibilan sustav).<br \/>\nZa izradu backup-datoteke potrebno je u navigacijskoj traci na vrhu stranice e-kolegija (ispod naslova e-kolegija) odabrati poveznicu &#8220;<strong>Vi\u0161e<\/strong>&#8221; i potom u izborniku odabrati &#8220;<strong>Backup i vra\u0107anje iz kopije<\/strong>&#8221;<\/p>\n<div id=\"attachment_2850\" style=\"width: 676px\" class=\"wp-caption aligncenter\"><img loading=\"lazy\" decoding=\"async\" aria-describedby=\"caption-attachment-2850\" class=\"size-full wp-image-2850\" src=\"http:\/\/cpeu.ffzg.unizg.hr\/wp-content\/uploads\/2022\/10\/backup-01-2022.png\" alt=\"Kako prona\u0107i poveznicu za backup\" width=\"666\" height=\"286\" srcset=\"https:\/\/cpeu.ffzg.unizg.hr\/wp-content\/uploads\/2022\/10\/backup-01-2022.png 666w, https:\/\/cpeu.ffzg.unizg.hr\/wp-content\/uploads\/2022\/10\/backup-01-2022-300x129.png 300w, https:\/\/cpeu.ffzg.unizg.hr\/wp-content\/uploads\/2022\/10\/backup-01-2022-624x268.png 624w\" sizes=\"auto, (max-width: 666px) 100vw, 666px\" \/><p id=\"caption-attachment-2850\" class=\"wp-caption-text\">Kako prona\u0107i poveznicu za backup<\/p><\/div>\n<p>Potom je na stranici koja se otvori potrebno u padaju\u0107em izborniku gore lijevo odabrati opciju &#8220;<strong>Backup<\/strong>&#8221; umjesto zadane opcije &#8220;<strong>Uvoz<\/strong>&#8220;:<\/p>\n<div id=\"attachment_2852\" style=\"width: 572px\" class=\"wp-caption aligncenter\"><img loading=\"lazy\" decoding=\"async\" aria-describedby=\"caption-attachment-2852\" class=\"size-full wp-image-2852\" src=\"http:\/\/cpeu.ffzg.unizg.hr\/wp-content\/uploads\/2022\/10\/backup-02-2022.png\" alt=\"Odabir operacije backup iz izbornika\" width=\"562\" height=\"314\" srcset=\"https:\/\/cpeu.ffzg.unizg.hr\/wp-content\/uploads\/2022\/10\/backup-02-2022.png 562w, https:\/\/cpeu.ffzg.unizg.hr\/wp-content\/uploads\/2022\/10\/backup-02-2022-300x168.png 300w\" sizes=\"auto, (max-width: 562px) 100vw, 562px\" \/><p id=\"caption-attachment-2852\" class=\"wp-caption-text\">Odabir operacije backup iz izbornika<\/p><\/div>\n<p>Nakon pokretanja postupka izrade backup-datoteke, u <strong>Po\u010detnim postavkama<\/strong> potrebno je odabrati \u017eeljene parametre vezane uz korisni\u010dke podatke, korisni\u010dke uloge i sadr\u017eaj (nastavne materijale i aktivnosti). Ako je potrebno prenijeti korisni\u010dke podatke, ali bez prikaza imena korisnika u novom e-kolegiju, mogu\u0107e je uklju\u010diti postavku <strong>Anonimiziraj korisni\u010dke podatke<\/strong>.<\/p>\n<p>U sljede\u0107em koraku u sredi\u0161njem se dijelu su\u010delja prikazuju dva stupca: <strong>jedan s aktivnostima e-kolegija<\/strong> i <strong>drugi s korisni\u010dkim podacima za pojedine aktivnosti<\/strong>.<\/p>\n<p>Backup-datotekom mogu biti obuhva\u0107ene sve ponu\u0111ene stavke ili samo dio njih. U lijevom stupcu odabiru se resursi i aktivnosti koji se \u017eele sa\u010duvati zajedno sa svojim postavkama.<\/p>\n<p>Desni stupac sadr\u017ei podatke o korisnicima upisanima u e-kolegij koji su se koristili odre\u0111enim resursima, odnosno koji su sudjelovali u aktivnostima. Mogu\u0107e je tako obuhvatiti npr. forum s postavkama, ali izbrisati postoje\u0107e poruke u tome forumu.<\/p>\n<p>Kada je u Po\u010detnim postavkama izrade backup-datoteke isklju\u010den prijenos korisni\u010dkih podataka ova polja ne\u0107e biti mogu\u0107e odabrati.<\/p>\n<p>Slijedi pregled odabranih sadr\u017eaja koji \u0107e biti obuhva\u0107eni u backup-datoteci te mogu\u0107nost promjene zadanoga naziva backup-datoteke. Mogu\u0107e je vra\u0107anje na prethodne korake i promjena \u017eeljenih podataka, a kada je sve spremno prelaskom na korak Izradi sigurnosnu kopiju sustav pohranjuje sve odabrane podatke u datoteku vrste .mbz. Ova datoteka bit \u0107e pohranjena me\u0111u datoteke e-kolegija, a nastavnik je dodatno mo\u017ee pohraniti i na svoje ra\u010dunalo.<\/p>\n<h2>Izrada <em>backup<\/em>-datoteke uz obuhva\u0107anje podataka o korisnicima<\/h2>\n<ol>\n<li>Postupak:<br \/>\nU po\u010detnim postavkama uklju\u010dite mogu\u0107nost <strong>Obuhvati upisane korisnike<\/strong> i odaberite ostale postavke kako je prikazano na slici 76. Naknadno \u0107e biti mogu\u0107e ozna\u010diti za koje resurse i aktivnosti treba obuhvatiti korisni\u010dke podatke.<\/li>\n<li>U koraku <strong>Odabir podataka<\/strong> potrebno je ozna\u010diti resurse\/aktivnosti i korisni\u010dke podatke koji trebaju biti obuhva\u0107eni.<\/li>\n<li>Odabirom gumba <strong>Nastavi<\/strong> otvara se stranica s popisom odabranih stavki spremljenih u sigurnosnoj kopiji. U naziv datoteke automatski se upisuju kratica e-kolegija te datum izrade datoteke. Naziv mo\u017eete prilagoditi (promijeniti).<\/li>\n<li>Odabirom gumba <strong>Izvr\u0161i backu<\/strong><strong>p<\/strong> podaci \u0107e biti pohranjeni u datoteku vrste .mbz. U slu\u010daju uspje\u0161noga postupka izrade ispisuje se poruka: <strong>Backup-datoteka uspje\u0161no je stvorena<\/strong>. U suprotnom \u0107e sustav prijaviti pogre\u0161ku (u tom slu\u010daju javite se na <strong>cpeu@ffzg.hr<\/strong>).<\/li>\n<li>Datoteku je mogu\u0107e preuzeti na lokalno ra\u010dunalo odabirom poveznice <strong>Preuzmi<\/strong> u popisu Prostor za backup e-kolegija.<\/li>\n<li>Za stvaranje novoga e-kolegija ili vra\u0107anje podataka u postoje\u0107i e-kolegij s pomo\u0107u ove backup-datoteke potrebno je slijediti postupak opisan pod Vra\u0107anje podataka iz backup-datoteke.<\/li>\n<\/ol>\n<div id=\"attachment_1440\" style=\"width: 664px\" class=\"wp-caption aligncenter\"><a href=\"http:\/\/cpeu.ffzg.unizg.hr\/wp-content\/uploads\/2020\/04\/76-backup.png\"><img loading=\"lazy\" decoding=\"async\" aria-describedby=\"caption-attachment-1440\" class=\"size-full wp-image-1440\" src=\"http:\/\/cpeu.ffzg.unizg.hr\/wp-content\/uploads\/2020\/04\/76-backup.png\" alt=\"\" width=\"654\" height=\"654\" srcset=\"https:\/\/cpeu.ffzg.unizg.hr\/wp-content\/uploads\/2020\/04\/76-backup.png 654w, https:\/\/cpeu.ffzg.unizg.hr\/wp-content\/uploads\/2020\/04\/76-backup-300x300.png 300w, https:\/\/cpeu.ffzg.unizg.hr\/wp-content\/uploads\/2020\/04\/76-backup-150x150.png 150w, https:\/\/cpeu.ffzg.unizg.hr\/wp-content\/uploads\/2020\/04\/76-backup-624x624.png 624w\" sizes=\"auto, (max-width: 654px) 100vw, 654px\" \/><\/a><p id=\"caption-attachment-1440\" class=\"wp-caption-text\">Backup s korisni\u010dkim podacima<\/p><\/div>\n<h2>Vra\u0107anje podataka iz backup-datoteke<\/h2>\n<p>U slu\u010daju potrebe ili kod prijenosa podataka u novi e-kolegij backup-datoteka vra\u0107a se putem poveznice Vra\u0107anje iz kopije.<\/p>\n<ol>\n<li>Odabirom poveznice <strong>Vra\u0107anje iz kopije<\/strong> iz izbornika <strong>Administracija e-kolegija<\/strong> u bloku <strong>Postavke<\/strong> korisnik ima mogu\u0107nost uvoza backup-datoteke s lokalnoga ra\u010dunala ili uporabu ranije izra\u0111ene backup-datoteke pohranjene na poslu\u017eitelju (iz <strong>Prostora za backup e-kolegija<\/strong>, <strong>Osobnoga korisni\u010dkoga prostora za backup<\/strong> ili iz prostora za <strong>Automatski backup<\/strong>).<\/li>\n<li>Ako se \u017eelite koristiti datotekom s lokalnoga ra\u010dunala, trebate odabrati gumb <strong>Odaberi datoteku<\/strong>, a potom iz izbornika <strong>Prenesi datoteku<\/strong> gumb <strong>Browse<\/strong> ili <strong>Choose file<\/strong> (ovisno o pregledniku), prona\u0107i datoteku vrste .mbz na ra\u010dunalu i prenijeti je na sustav odabirom gumba <strong>Prenesi datoteku na poslu\u017eitelj<\/strong>. Nakon \u0161to je datoteka postavljena na sustav, odabere se akcija <strong>Vra\u0107anje iz kopije<\/strong> koja se nalazi ispod polja u kojemu je napisan naziv backup-datoteke.<\/li>\n<li>U kartici <strong>Odredi\u0161te<\/strong> potrebno je odabrati prebacuje li se sadr\u017eaj u trenuta\u010dni (opcija Vrati u ovaj e-kolegij) ili neki drugi postoje\u0107i e-kolegij (opcija <strong>Vrati u neki postoje\u0107i e-kolegij<\/strong>) ili u potpuno novi e-kolegij (opcija <strong>Vrati kao novi e-kolegij<\/strong>). Osim toga odabrani sadr\u017eaj mo\u017ee se samo dodati postoje\u0107em ili mo\u017ee potpuno zamijeniti postoje\u0107i sadr\u017eaj (postoje\u0107i se sadr\u017eaj bri\u0161e).<\/li>\n<li>Nakon odabira vrste vra\u0107anja podataka iz prethodnoga koraka, trebate odabrati gumb <strong>Nastavi<\/strong>.<\/li>\n<li>Sustav tada prikazuje sav sadr\u017eaj odabrane backup datoteke, a nakon \u0161to se odabere gumb <strong>Nastavi<\/strong>, mogu\u0107e je pojedine sadr\u017eaje isklju\u010diti iz novoga e-kolegija.<\/li>\n<li>Odabere se gumb <strong>Nastavi<\/strong>, a zatim <strong>Pokreni postupak vra\u0107anja<\/strong>. Po zavr\u0161etku dolazi obavijest o uspje\u0161no zavr\u0161enoj proceduri ili obavijest o pogre\u0161ci (u slu\u010daju pogre\u0161ke javite se na adresu e-po\u0161te <strong>cpeu@ffzg.hr<\/strong>).<\/li>\n<\/ol>\n","protected":false},"excerpt":{"rendered":"<p>Izrada backup-datoteke Dijelove e-kolegija ili e-kolegij u cijelosti nastavnik mo\u017ee pohraniti na lokalno ra\u010dunalo s pomo\u0107u backup-procedure. Podaci pohranjeni na takav na\u010din omogu\u0107avaju, izme\u0111u ostalog, kopiranje aktivnosti i materijala iz jednoga e-kolegija u drugi ili prijenos cijeloga e-kolegija s jednoga poslu\u017eitelja na drugi (u slu\u010daju da je predava\u010d aktivan i na nekoj drugoj ustanovi koja [&hellip;]<\/p>\n","protected":false},"author":1,"featured_media":0,"parent":1157,"menu_order":0,"comment_status":"closed","ping_status":"closed","template":"","meta":{"footnotes":""},"class_list":["post-499","page","type-page","status-publish","hentry"],"jetpack_sharing_enabled":true,"_links":{"self":[{"href":"https:\/\/cpeu.ffzg.unizg.hr\/index.php?rest_route=\/wp\/v2\/pages\/499","targetHints":{"allow":["GET"]}}],"collection":[{"href":"https:\/\/cpeu.ffzg.unizg.hr\/index.php?rest_route=\/wp\/v2\/pages"}],"about":[{"href":"https:\/\/cpeu.ffzg.unizg.hr\/index.php?rest_route=\/wp\/v2\/types\/page"}],"author":[{"embeddable":true,"href":"https:\/\/cpeu.ffzg.unizg.hr\/index.php?rest_route=\/wp\/v2\/users\/1"}],"replies":[{"embeddable":true,"href":"https:\/\/cpeu.ffzg.unizg.hr\/index.php?rest_route=%2Fwp%2Fv2%2Fcomments&post=499"}],"version-history":[{"count":5,"href":"https:\/\/cpeu.ffzg.unizg.hr\/index.php?rest_route=\/wp\/v2\/pages\/499\/revisions"}],"predecessor-version":[{"id":2854,"href":"https:\/\/cpeu.ffzg.unizg.hr\/index.php?rest_route=\/wp\/v2\/pages\/499\/revisions\/2854"}],"up":[{"embeddable":true,"href":"https:\/\/cpeu.ffzg.unizg.hr\/index.php?rest_route=\/wp\/v2\/pages\/1157"}],"wp:attachment":[{"href":"https:\/\/cpeu.ffzg.unizg.hr\/index.php?rest_route=%2Fwp%2Fv2%2Fmedia&parent=499"}],"curies":[{"name":"wp","href":"https:\/\/api.w.org\/{rel}","templated":true}]}}