{"id":7,"date":"2013-06-20T22:38:11","date_gmt":"2013-06-20T20:38:11","guid":{"rendered":"http:\/\/www.ffzg.unizg.hr\/cpeu\/?page_id=7"},"modified":"2022-10-03T11:11:41","modified_gmt":"2022-10-03T10:11:41","slug":"kontakt-2","status":"publish","type":"page","link":"https:\/\/cpeu.ffzg.unizg.hr\/?page_id=7","title":{"rendered":"Kontakt"},"content":{"rendered":"<p><strong>Centar za potporu e-u\u010denju<\/strong><br \/>\nFilozofski fakultet Sveu\u010dili\u0161ta u Zagrebu<br \/>\nIvana Lu\u010di\u0107a 3, 10000 Zagreb<br \/>\nProstorija: <strong>A-206 <\/strong><br \/>\nTel: <strong>099\/2191374<\/strong><br \/>\nE-mail: <a href=\"mailto:cpeu@ffzg.hr\">cpeu@ffzg.hr<\/a><\/p>\n<hr size=\"1\" \/>\n<h3>Zaposleni i suradnice<\/h3>\n<p><strong>Jasmin Klind\u017ei\u0107<\/strong><br \/>\nvoditelj Centra<br \/>\nProstorija: <strong>A-206 <\/strong><br \/>\nTel: <strong>099\/2191374<\/strong><br \/>\nE-mail: <a href=\"mailto:jasmin@ffzg.hr\">jasmin@ffzg.hr<\/a>, <a href=\"mailto:cpeu@ffzg.hr\">cpeu@ffzg.hr<\/a><\/p>\n<p><strong>Josipa Paveli\u0107<\/strong><br \/>\nsuradnica<br \/>\nProstorija: <strong>A-206 <\/strong><br \/>\nTel: <strong>091\/6011908<\/strong><br \/>\nE-mail: <a href=\"mailto:cpeu@ffzg.hr\">cpeu@ffzg.hr<\/a><\/p>\n<p><strong>Lara Kova\u010di\u0107<\/strong><br \/>\nsuradnica<br \/>\nProstorija: <strong>A-206 <\/strong><br \/>\nTel: <strong>099\/4931380<\/strong><br \/>\nE-mail: <a href=\"mailto:cpeu@ffzg.hr\">cpeu@ffzg.hr<\/a><\/p>\n","protected":false},"excerpt":{"rendered":"<p>Centar za potporu e-u\u010denju Filozofski fakultet Sveu\u010dili\u0161ta u Zagrebu Ivana Lu\u010di\u0107a 3, 10000 Zagreb Prostorija: A-206 Tel: 099\/2191374 E-mail: cpeu@ffzg.hr Zaposleni i suradnice Jasmin Klind\u017ei\u0107 voditelj Centra Prostorija: A-206 Tel: 099\/2191374 E-mail: jasmin@ffzg.hr, cpeu@ffzg.hr Josipa Paveli\u0107 suradnica Prostorija: A-206 Tel: 091\/6011908 E-mail: cpeu@ffzg.hr Lara Kova\u010di\u0107 suradnica Prostorija: A-206 Tel: 099\/4931380 E-mail: cpeu@ffzg.hr<\/p>\n","protected":false},"author":1,"featured_media":0,"parent":0,"menu_order":0,"comment_status":"closed","ping_status":"closed","template":"","meta":{"footnotes":""},"class_list":["post-7","page","type-page","status-publish","hentry"],"jetpack_sharing_enabled":true,"_links":{"self":[{"href":"https:\/\/cpeu.ffzg.unizg.hr\/index.php?rest_route=\/wp\/v2\/pages\/7","targetHints":{"allow":["GET"]}}],"collection":[{"href":"https:\/\/cpeu.ffzg.unizg.hr\/index.php?rest_route=\/wp\/v2\/pages"}],"about":[{"href":"https:\/\/cpeu.ffzg.unizg.hr\/index.php?rest_route=\/wp\/v2\/types\/page"}],"author":[{"embeddable":true,"href":"https:\/\/cpeu.ffzg.unizg.hr\/index.php?rest_route=\/wp\/v2\/users\/1"}],"replies":[{"embeddable":true,"href":"https:\/\/cpeu.ffzg.unizg.hr\/index.php?rest_route=%2Fwp%2Fv2%2Fcomments&post=7"}],"version-history":[{"count":13,"href":"https:\/\/cpeu.ffzg.unizg.hr\/index.php?rest_route=\/wp\/v2\/pages\/7\/revisions"}],"predecessor-version":[{"id":2855,"href":"https:\/\/cpeu.ffzg.unizg.hr\/index.php?rest_route=\/wp\/v2\/pages\/7\/revisions\/2855"}],"wp:attachment":[{"href":"https:\/\/cpeu.ffzg.unizg.hr\/index.php?rest_route=%2Fwp%2Fv2%2Fmedia&parent=7"}],"curies":[{"name":"wp","href":"https:\/\/api.w.org\/{rel}","templated":true}]}}