{"id":728,"date":"2018-11-02T11:06:06","date_gmt":"2018-11-02T10:06:06","guid":{"rendered":"http:\/\/cpeu.ffzg.unizg.hr\/?page_id=728"},"modified":"2026-03-02T10:11:08","modified_gmt":"2026-03-02T09:11:08","slug":"kako-zadati-ili-promijeniti-lozinku-kolegija","status":"publish","type":"page","link":"https:\/\/cpeu.ffzg.unizg.hr\/?page_id=728","title":{"rendered":"Kako zadati ili promijeniti lozinku kolegija?"},"content":{"rendered":"<blockquote><p>Za ove operacije trebate imati ovlasti nositelja ili izvo\u0111a\u010da na tom e-kolegiju. Ako ih nemate, javite se na <a href=\"mailto:cpeu@ffzg.hr\"><strong>cpeu@ffzg.hr<\/strong><\/a><\/p><\/blockquote>\n<p>A) Otvorite <strong>va\u0161 e-kolegij na sustavu Omega<\/strong><\/p>\n<p>B) Na vrhu stranice ispod naziva e-kolegija nalazi se traka s poveznicama, trebate odabrati stavku &#8220;<strong>Sudionici<\/strong>&#8221;<\/p>\n<p><img loading=\"lazy\" decoding=\"async\" class=\"aligncenter size-full wp-image-2794\" src=\"http:\/\/cpeu.ffzg.unizg.hr\/wp-content\/uploads\/2022\/08\/sudionici-izbornik.png\" alt=\"Sudionici\" width=\"746\" height=\"233\" srcset=\"https:\/\/cpeu.ffzg.unizg.hr\/wp-content\/uploads\/2022\/08\/sudionici-izbornik.png 746w, https:\/\/cpeu.ffzg.unizg.hr\/wp-content\/uploads\/2022\/08\/sudionici-izbornik-300x94.png 300w, https:\/\/cpeu.ffzg.unizg.hr\/wp-content\/uploads\/2022\/08\/sudionici-izbornik-624x195.png 624w\" sizes=\"auto, (max-width: 746px) 100vw, 746px\" \/><\/p>\n<p>C) Otvorit \u0107e se popis upisanih korisnika, na vrhu kojeg se nalazi <strong>padaju\u0107i izbornik<\/strong> u kojem trenuta\u010dno stoji natpis &#8220;<strong>Upisani korisnici<\/strong>&#8221; &#8211; kliknite na izbornik i s popisa odaberite &#8220;<strong>Na\u010dini upisa na e-kolegij<\/strong>&#8221;<\/p>\n<p><img loading=\"lazy\" decoding=\"async\" class=\"aligncenter size-full wp-image-3088\" src=\"http:\/\/cpeu.ffzg.unizg.hr\/wp-content\/uploads\/2024\/09\/nacini-upisa-2024.png\" alt=\"\" width=\"425\" height=\"497\" srcset=\"https:\/\/cpeu.ffzg.unizg.hr\/wp-content\/uploads\/2024\/09\/nacini-upisa-2024.png 425w, https:\/\/cpeu.ffzg.unizg.hr\/wp-content\/uploads\/2024\/09\/nacini-upisa-2024-257x300.png 257w\" sizes=\"auto, (max-width: 425px) 100vw, 425px\" \/><\/p>\n<p>D) Otvorit \u0107e se <strong>popis na\u010dina upisa na va\u0161 e-kolegij<\/strong>. Lozinku mo\u017eete pogledati ili promijeniti tako da kliknete na ikonu olovke koja stoji uz stavku <strong>Samostalni upis (Student)<\/strong> (na slici dolje ozna\u010deno crvenom strelicom).<\/p>\n<p><img loading=\"lazy\" decoding=\"async\" class=\"aligncenter size-large wp-image-3140\" src=\"http:\/\/cpeu.ffzg.unizg.hr\/wp-content\/uploads\/2026\/03\/nacin-upisa-olovka-2026-1024x368.png\" alt=\"\" width=\"625\" height=\"225\" srcset=\"https:\/\/cpeu.ffzg.unizg.hr\/wp-content\/uploads\/2026\/03\/nacin-upisa-olovka-2026-1024x368.png 1024w, https:\/\/cpeu.ffzg.unizg.hr\/wp-content\/uploads\/2026\/03\/nacin-upisa-olovka-2026-300x108.png 300w, https:\/\/cpeu.ffzg.unizg.hr\/wp-content\/uploads\/2026\/03\/nacin-upisa-olovka-2026-768x276.png 768w, https:\/\/cpeu.ffzg.unizg.hr\/wp-content\/uploads\/2026\/03\/nacin-upisa-olovka-2026-624x224.png 624w, https:\/\/cpeu.ffzg.unizg.hr\/wp-content\/uploads\/2026\/03\/nacin-upisa-olovka-2026.png 1121w\" sizes=\"auto, (max-width: 625px) 100vw, 625px\" \/><\/p>\n<p>E) Otvorit \u0107e vam se prozor u kojem se, izme\u0111u ostalog, nalazi i postavka &#8220;<strong>Lozinka e-kolegija<\/strong>&#8220;.<\/p>\n<p><img loading=\"lazy\" decoding=\"async\" class=\"aligncenter size-full wp-image-2800\" src=\"http:\/\/cpeu.ffzg.unizg.hr\/wp-content\/uploads\/2022\/08\/lozinka-e-kolegija-2022.png\" alt=\"Lozinka za upis e-kolegija\" width=\"540\" height=\"302\" srcset=\"https:\/\/cpeu.ffzg.unizg.hr\/wp-content\/uploads\/2022\/08\/lozinka-e-kolegija-2022.png 540w, https:\/\/cpeu.ffzg.unizg.hr\/wp-content\/uploads\/2022\/08\/lozinka-e-kolegija-2022-300x168.png 300w\" sizes=\"auto, (max-width: 540px) 100vw, 540px\" \/><\/p>\n<p>F) Ako \u017eelite vidjeti postoje\u0107u lozinku e-kolegija, kliknite na <strong>ikonu oka<\/strong> kraj polja &#8220;<strong>Lozinka e-kolegija<\/strong>&#8220;.<\/p>\n<p>G) <span style=\"color: #993300;\"><strong>Nakon \u0161to zadate ili promijenite lozinku kolegija, NE MIJENJAJTE NIJEDNU DRUGU POSTAVKU NA TOM PROZORU! Bilo kakve druge izmjene \u0107e rezultirati automatskim i ne\u017eeljenim ispisivanjem studenata.<\/strong><\/span><\/p>\n<p>H) Kliknite na gumb &#8220;<strong>Pohrani promjene&#8221; <\/strong>na dnu.<\/p>\n<p><img loading=\"lazy\" decoding=\"async\" class=\"aligncenter size-full wp-image-2802\" src=\"http:\/\/cpeu.ffzg.unizg.hr\/wp-content\/uploads\/2022\/08\/pohrani-promjene-2022.png\" alt=\"Gumb Pohrani promjene\" width=\"149\" height=\"46\" \/><\/p>\n<p>Ove upute dostupne su i u video obliku:<\/p>\n<p><iframe loading=\"lazy\" title=\"YouTube video player\" src=\"https:\/\/www.youtube-nocookie.com\/embed\/Cgjx1e0sHpo\" width=\"560\" height=\"315\" frameborder=\"0\" allowfullscreen=\"allowfullscreen\"><\/iframe><\/p>\n","protected":false},"excerpt":{"rendered":"<p>Za ove operacije trebate imati ovlasti nositelja ili izvo\u0111a\u010da na tom e-kolegiju. Ako ih nemate, javite se na cpeu@ffzg.hr A) Otvorite va\u0161 e-kolegij na sustavu Omega B) Na vrhu stranice ispod naziva e-kolegija nalazi se traka s poveznicama, trebate odabrati stavku &#8220;Sudionici&#8221; C) Otvorit \u0107e se popis upisanih korisnika, na vrhu kojeg se nalazi padaju\u0107i [&hellip;]<\/p>\n","protected":false},"author":1,"featured_media":0,"parent":726,"menu_order":0,"comment_status":"closed","ping_status":"closed","template":"","meta":{"footnotes":""},"class_list":["post-728","page","type-page","status-publish","hentry"],"jetpack_sharing_enabled":true,"_links":{"self":[{"href":"https:\/\/cpeu.ffzg.unizg.hr\/index.php?rest_route=\/wp\/v2\/pages\/728","targetHints":{"allow":["GET"]}}],"collection":[{"href":"https:\/\/cpeu.ffzg.unizg.hr\/index.php?rest_route=\/wp\/v2\/pages"}],"about":[{"href":"https:\/\/cpeu.ffzg.unizg.hr\/index.php?rest_route=\/wp\/v2\/types\/page"}],"author":[{"embeddable":true,"href":"https:\/\/cpeu.ffzg.unizg.hr\/index.php?rest_route=\/wp\/v2\/users\/1"}],"replies":[{"embeddable":true,"href":"https:\/\/cpeu.ffzg.unizg.hr\/index.php?rest_route=%2Fwp%2Fv2%2Fcomments&post=728"}],"version-history":[{"count":10,"href":"https:\/\/cpeu.ffzg.unizg.hr\/index.php?rest_route=\/wp\/v2\/pages\/728\/revisions"}],"predecessor-version":[{"id":3142,"href":"https:\/\/cpeu.ffzg.unizg.hr\/index.php?rest_route=\/wp\/v2\/pages\/728\/revisions\/3142"}],"up":[{"embeddable":true,"href":"https:\/\/cpeu.ffzg.unizg.hr\/index.php?rest_route=\/wp\/v2\/pages\/726"}],"wp:attachment":[{"href":"https:\/\/cpeu.ffzg.unizg.hr\/index.php?rest_route=%2Fwp%2Fv2%2Fmedia&parent=728"}],"curies":[{"name":"wp","href":"https:\/\/api.w.org\/{rel}","templated":true}]}}