{"id":971,"date":"2020-03-19T19:53:47","date_gmt":"2020-03-19T18:53:47","guid":{"rendered":"http:\/\/cpeu.ffzg.unizg.hr\/?page_id=971"},"modified":"2023-03-02T15:23:50","modified_gmt":"2023-03-02T14:23:50","slug":"rjecnik","status":"publish","type":"page","link":"https:\/\/cpeu.ffzg.unizg.hr\/?page_id=971","title":{"rendered":"Rje\u010dnik"},"content":{"rendered":"<p>Aktivnost <strong>Rje\u010dnik<\/strong> omogu\u0107ava studentima i nastavnicima izradu i uporabu razli\u010ditih popisa, a naj\u010de\u0161\u0107a je uporaba upravo kao rje\u010dnik pojmova (termina). Osim stru\u010dnih termina rje\u010dnik mo\u017ee sadr\u017eavati i popis literature, definicija, poveznica, galeriju slika i sl. Pojmove koje studenti sami dodaju ili komentiraju drugim studentima sigurno \u0107e bolje zapamtiti od samoga \u010ditanja pojmova u rje\u010dniku.<\/p>\n<p>Kako biste dodali aktivnost <strong>Rje\u010dnik <\/strong>na svoj e-kolegij, kliknite gore desno na gumb &#8220;Ure\u0111ivanje&#8221;.<\/p>\n<div id=\"attachment_2907\" style=\"width: 430px\" class=\"wp-caption aligncenter\"><img loading=\"lazy\" decoding=\"async\" aria-describedby=\"caption-attachment-2907\" class=\"size-full wp-image-2907\" src=\"http:\/\/cpeu.ffzg.unizg.hr\/wp-content\/uploads\/2023\/02\/2023-gumb-uredjivanje-off-1.png\" alt=\"Gumb &quot;Ure\u0111ivanje&quot; - uklju\u010den\" width=\"420\" height=\"298\" srcset=\"https:\/\/cpeu.ffzg.unizg.hr\/wp-content\/uploads\/2023\/02\/2023-gumb-uredjivanje-off-1.png 420w, https:\/\/cpeu.ffzg.unizg.hr\/wp-content\/uploads\/2023\/02\/2023-gumb-uredjivanje-off-1-300x213.png 300w\" sizes=\"auto, (max-width: 420px) 100vw, 420px\" \/><p id=\"caption-attachment-2907\" class=\"wp-caption-text\">Gumb &#8220;Ure\u0111ivanje&#8221; &#8211; uklju\u010den<\/p><\/div>\n<p>Kada omogu\u0107ite ure\u0111ivanje, ikona \u0107e iz sive boje prije\u0107i u <strong>ljubi\u010dastu<\/strong>.<\/p>\n<div id=\"attachment_2902\" style=\"width: 430px\" class=\"wp-caption aligncenter\"><img loading=\"lazy\" decoding=\"async\" aria-describedby=\"caption-attachment-2902\" class=\"size-full wp-image-2902\" src=\"http:\/\/cpeu.ffzg.unizg.hr\/wp-content\/uploads\/2023\/02\/2023-gumb-uredjivanje-on.png\" alt=\"Gumb &quot;Ure\u0111ivanje&quot; - uklju\u010den\" width=\"420\" height=\"298\" srcset=\"https:\/\/cpeu.ffzg.unizg.hr\/wp-content\/uploads\/2023\/02\/2023-gumb-uredjivanje-on.png 420w, https:\/\/cpeu.ffzg.unizg.hr\/wp-content\/uploads\/2023\/02\/2023-gumb-uredjivanje-on-300x213.png 300w\" sizes=\"auto, (max-width: 420px) 100vw, 420px\" \/><p id=\"caption-attachment-2902\" class=\"wp-caption-text\">Gumb &#8220;Ure\u0111ivanje&#8221; &#8211; uklju\u010den<\/p><\/div>\n<p>Potom u sekciji ili temi u koju \u017eelite dodati aktivnost <strong>Rje\u010dnik <\/strong>kliknite na poveznicu &#8220;Dodajte aktivnost ili resurs&#8221;.<\/p>\n<div id=\"attachment_2904\" style=\"width: 337px\" class=\"wp-caption aligncenter\"><img loading=\"lazy\" decoding=\"async\" aria-describedby=\"caption-attachment-2904\" class=\"size-full wp-image-2904\" src=\"http:\/\/cpeu.ffzg.unizg.hr\/wp-content\/uploads\/2023\/02\/2023-Dodajte-aktivnost-ili-resurs.png\" alt=\"Poveznica &quot;Dodajte aktivnost ili resurs&quot;\" width=\"327\" height=\"79\" srcset=\"https:\/\/cpeu.ffzg.unizg.hr\/wp-content\/uploads\/2023\/02\/2023-Dodajte-aktivnost-ili-resurs.png 327w, https:\/\/cpeu.ffzg.unizg.hr\/wp-content\/uploads\/2023\/02\/2023-Dodajte-aktivnost-ili-resurs-300x72.png 300w\" sizes=\"auto, (max-width: 327px) 100vw, 327px\" \/><p id=\"caption-attachment-2904\" class=\"wp-caption-text\">Poveznica &#8220;Dodajte aktivnost ili resurs&#8221;<\/p><\/div>\n<p>U izborniku kliknite na aktivnost <strong>Rje\u010dnik<\/strong>. Ako ju ne vidite na po\u010detnom zaslonu izbornika, kliknite na karticu Aktivnosti, prona\u0111ite ju i odaberite tamo.<\/p>\n<div id=\"attachment_2954\" style=\"width: 832px\" class=\"wp-caption aligncenter\"><a href=\"http:\/\/cpeu.ffzg.unizg.hr\/wp-content\/uploads\/2023\/02\/2023-aktivnosti-12-izbornik-Rjecnik.png\"><img loading=\"lazy\" decoding=\"async\" aria-describedby=\"caption-attachment-2954\" class=\"size-full wp-image-2954\" src=\"http:\/\/cpeu.ffzg.unizg.hr\/wp-content\/uploads\/2023\/02\/2023-aktivnosti-12-izbornik-Rjecnik.png\" alt=\"Odabir aktivnost &quot;RJE\u010cNIK&quot;\" width=\"822\" height=\"728\" srcset=\"https:\/\/cpeu.ffzg.unizg.hr\/wp-content\/uploads\/2023\/02\/2023-aktivnosti-12-izbornik-Rjecnik.png 822w, https:\/\/cpeu.ffzg.unizg.hr\/wp-content\/uploads\/2023\/02\/2023-aktivnosti-12-izbornik-Rjecnik-300x266.png 300w, https:\/\/cpeu.ffzg.unizg.hr\/wp-content\/uploads\/2023\/02\/2023-aktivnosti-12-izbornik-Rjecnik-768x680.png 768w, https:\/\/cpeu.ffzg.unizg.hr\/wp-content\/uploads\/2023\/02\/2023-aktivnosti-12-izbornik-Rjecnik-624x553.png 624w\" sizes=\"auto, (max-width: 822px) 100vw, 822px\" \/><\/a><p id=\"caption-attachment-2954\" class=\"wp-caption-text\">Odabir aktivnost &#8220;RJE\u010cNIK&#8221;<\/p><\/div>\n<p>Postavke aktivnosti <strong>Rje\u010dnik<\/strong> su organizirane u sekcije: <strong>Op\u0107e postavke<\/strong>, <strong>Pojmovi<\/strong>, <strong>Izgled<\/strong>, <strong>Ocjene, Zajedni\u010dke postavke modula<\/strong>, <strong>Ograni\u010di dostupnost<\/strong> i <strong>Dovr\u0161enost aktivnosti<\/strong>. U nastavku \u0107e biti opisane va\u017enije postavke aktivnosti <strong>Rje\u010dnik.<\/strong><\/p>\n<div id=\"attachment_976\" style=\"width: 662px\" class=\"wp-caption aligncenter\"><a href=\"http:\/\/cpeu.ffzg.unizg.hr\/wp-content\/uploads\/2020\/03\/47-rjecnik.png\"><img loading=\"lazy\" decoding=\"async\" aria-describedby=\"caption-attachment-976\" class=\"wp-image-976 size-full\" src=\"http:\/\/cpeu.ffzg.unizg.hr\/wp-content\/uploads\/2020\/03\/47-rjecnik.png\" alt=\"\" width=\"652\" height=\"487\" srcset=\"https:\/\/cpeu.ffzg.unizg.hr\/wp-content\/uploads\/2020\/03\/47-rjecnik.png 652w, https:\/\/cpeu.ffzg.unizg.hr\/wp-content\/uploads\/2020\/03\/47-rjecnik-300x224.png 300w, https:\/\/cpeu.ffzg.unizg.hr\/wp-content\/uploads\/2020\/03\/47-rjecnik-624x466.png 624w\" sizes=\"auto, (max-width: 652px) 100vw, 652px\" \/><\/a><p id=\"caption-attachment-976\" class=\"wp-caption-text\">Aktivnost Rje\u010dnik<\/p><\/div>\n<h3>Video upute o tome kako izraditi aktivnost Rje\u010dnik<\/h3>\n<p><iframe loading=\"lazy\" src=\"https:\/\/www.youtube-nocookie.com\/embed\/ogb7z8_87Ms?rel=0\" width=\"560\" height=\"315\" frameborder=\"0\" allowfullscreen=\"allowfullscreen\"><\/iframe><\/p>\n<h3><strong>Sekcija Op\u0107e postavke<\/strong><\/h3>\n<p><strong>Vrsta rje\u010dnika:<\/strong><\/p>\n<ul>\n<li><strong>sredi\u0161nji<\/strong><\/li>\n<li><strong>sekundarni<\/strong> (zadana vrijednost).<\/li>\n<\/ul>\n<p>U svakom e-kolegiju mo\u017ee biti samo jedan sredi\u0161nji rje\u010dnik u koji se mogu umetati sekundarni rje\u010dnici, no u praksi se naj\u010de\u0161\u0107e upotrebljavaju samo sekundarni rje\u010dnici u e-kolegiju. Mo\u017ee postojati vi\u0161e rje\u010dnika za svaku tematsku jedinicu, tjedan ili poglavlje, a kod velikog broja studenata mo\u017ee ih se podijeliti u grupe gdje \u0107e svaka grupa biti zadu\u017eena za odre\u0111eni rje\u010dnik.<\/p>\n<h3><strong>Sekcija Pojmovi<\/strong><\/h3>\n<p><strong>Uvijek automatski potvrdi pojam:<\/strong> ako je ova mogu\u0107nost postavljena na <strong>Ne,<\/strong> svaki pojam koji unese student postaje vidljiv ostalim studentima tek nakon \u0161to ga nastavnik odobri. Zadana vrijednost je <strong>Da.<\/strong><\/p>\n<p><strong>Uvijek dopusti ure\u0111ivanje:<\/strong> ako je ova mogu\u0107nost postavljena na <strong>Ne,<\/strong> ure\u0111ivanje pojedinoga pojma bit \u0107e studentima dopu\u0161teno samo 30 minuta nakon objave pojma. Zadana vrijednost je <strong>Ne.<\/strong><\/p>\n<p><strong>Dvostruki pojmovi su dopu\u0161teni:<\/strong> ako je ova mogu\u0107nost postavljena na <strong>Da,<\/strong> u rje\u010dnik je mogu\u0107e dodati vi\u0161e identi\u010dnih pojmova (npr. s razli\u010ditom definicijom). Zadana vrijednost je <strong>Ne.<\/strong><\/p>\n<p><strong>Dopu\u0161teno komentiranje pojmova:<\/strong> Ako je omogu\u0107eno, svi \u0107e korisnici koji imaju ovlasti objave komentara mo\u0107i dodavati komentare pojmovima u rje\u010dniku. Zadana vrijednost je <strong>Ne.<\/strong><\/p>\n<p><strong>Automatsko postavljanje poveznica na rje\u010dni\u010dke pojmove:<\/strong> odabirom ove mogu\u0107nosti ne zna\u010di da \u0107e svaki pojam automatski biti povezan s cijelim e-kolegijem. Za svaki pojam to je potrebno napraviti izravno u njegovim postavkama. Zadana vrijednost je <strong>Da<\/strong>.<\/p>\n<h3><strong>Sekcija Izgled<\/strong><\/h3>\n<p><strong>Oblik prikaza:<\/strong> Oblika prikaza pojmova u rje\u010dniku ima sedam, a razlike su u koli\u010dini podataka koji \u0107e se prikazivati pored svakog pojma:<\/p>\n<ul>\n<li><strong>Jednostavan, rje\u010dni\u010dki prikaz<\/strong> &#8211; Autori nisu navedeni, a prilozi su prikazani kao poveznice<\/li>\n<li><strong>Kontinuirani, bez navo\u0111enja autora<\/strong> &#8211; Pojmovi su prikazani jedan za drugim. Njihov niz prekidaju samo ikone za osvje\u017eavanje pojma.<\/li>\n<li><strong>Puni prikaz uz navo\u0111enje autora<\/strong> &#8211; Prikaz sli\u010dan forumu koji prikazuje podatke o autoru, a privitke prikazuje kao poveznice.<\/li>\n<li><strong>Puni prikaz bez navo\u0111enja autora<\/strong> &#8211; Prikaz sli\u010dan forumu koji ne prikazuje podatke autora, a privitke prikazuje kao poveznice.<\/li>\n<li><strong>Enciklopedijski prikaz<\/strong> &#8211; Isti kao i \u201c<strong>Puni prikaz uz navo\u0111enje autora<\/strong>\u201d no prilo\u017eene slike su prikazane u tekstu.<\/li>\n<li><strong>Lista pojmova<\/strong> &#8211; Pojmovi su navedeni kao poveznice.<\/li>\n<li><strong>\u010cesto postavljana pitanja<\/strong> &#8211; Pojmove prikazuje u obliku pitanja i odgovora.<\/li>\n<\/ul>\n<p>Najmanje podataka bit \u0107e prikazano ako se odabere <strong>Jednostavan, rje\u010dni\u010dki stil<\/strong> (\u0161to je zadana vrijednost). Ova se postavka mo\u017ee mijenjati neograni\u010den broj puta nakon stvaranja rje\u010dnika.<\/p>\n<h3><strong>Sekcija Ocjene<\/strong><\/h3>\n<p>Dostupno je i ocjenjivanje ove aktivnosti nakon odabira \u017eeljenoga <strong>Na\u010dina ocjenjivanja<\/strong> i skale koja \u0107e se primjenjivati. Zadana postavka je <strong>Nema ocjena<\/strong>. U postavkama rje\u010dnika nastavnik mo\u017ee omogu\u0107iti i me\u0111usobno ocjenjivanje studenata. Studentima je za to potrebno dodijeliti ovlasti za stavku <strong>Ocijeni pojmove<\/strong> u Administraciji rje\u010dnika &gt; <strong>Ovlasti.<\/strong><\/p>\n<p><strong>Va\u017ena napomena:<\/strong> Ako je uklju\u010dena mogu\u0107nost <strong>Ovaj pojam treba biti automatski<\/strong> <strong>povezan,<\/strong> klju\u010dne rije\u010di, kao i sam pojam, bit \u0107e ozna\u010dene svaki put kada se pojave u nekome tekstu u sklopu e-kolegija. Pojmovi i klju\u010dne rije\u010di bit \u0107e povezane \u010dak i u testovima. Za isklju\u010divanje ove mogu\u0107nosti potrebno je u bloku <strong>Postavke<\/strong> u izborniku <strong>Administracija rje\u010dnika<\/strong> pod stavkom <strong>Filtri<\/strong>, isklju\u010diti mogu\u0107nost automatskoga postavljanja poveznica na rje\u010dni\u010dke pojmove.<\/p>\n<p><strong>Upute za unos i oblikovanje pojmova<\/strong><\/p>\n<p>Svaki je pojam potrebno unijeti zasebno te odrediti njegove postavke. Pojmovi iz rje\u010dnika mogu se izvesti u drugi rje\u010dnik ili uvesti iz nekoga drugoga rje\u010dnika u vi\u0161e oblika.<\/p>\n<p>Odabirom gumba <strong>Dodaj novi pojam<\/strong> ure\u0111uju se postavke novoga pojma. Klju\u010dnih rije\u010di, koje dodatno opisuju pojam, mo\u017ee biti vi\u0161e, a me\u0111usobno su odvojene tipkom <strong>[Enter].<\/strong> U rje\u010dniku \u0107e klju\u010dne rije\u010di biti prikazane u padaju\u0107em izborniku. Pojmovi mogu sadr\u017eavati privitak, a mogu imati i umetnute <em>(embedded)<\/em> slike, zvuk i video u opisu pojma.<\/p>\n<h3><strong>Sekcija<\/strong> Zajedni\u010dke postavke modula<\/h3>\n<p>Sve aktivnosti i resursi u postavkama imaju ovu sekciju, u kojoj je mogu\u0107e urediti vidljivost aktivnosti \/ resursa studentima i ID broj aktivnosti \/ resursa.<\/p>\n<p><strong>Dostupnost:<\/strong> mogu\u0107e je zadati da se aktivnost \/ resurs ne prikazuje studentima (vrijednost &#8220;<strong>Skrij od studenata<\/strong>&#8220;). Zadana vrijednost je &#8220;<strong>Prika\u017ei na naslovnici e-kolegija<\/strong>&#8220;.<\/p>\n<p><strong>ID broj:<\/strong> Postavljanje ID broja omogu\u0107ava identifikaciju aktivnosti u svrhu ra\u010dunanja ocjena. Ako aktivnost nije obuhva\u0107ena nekim oblikom ocjenjivanja, polje koje sadr\u017eava ID broj se mo\u017ee ostaviti praznim. ID se tako\u0111er mo\u017ee postaviti u alatu za ocjenjivanje, no mo\u017ee se ure\u0111ivati jedino na stranici s postavkama odre\u0111ene aktivnosti. Zadano je ostavljeno prazno (bez vrijednosti).<\/p>\n<h3><strong>Sekcija Ograni\u010di dostupnost<\/strong><\/h3>\n<p><span data-sheets-value=\"{&quot;1&quot;:2,&quot;2&quot;:&quot;Dovr\u0161enost aktivnosti - Zahtijeva od studenta dovr\u0161etak (ili ne-dovr\u0161etak) druge aktivnosti.\\nDatum - Ograni\u010denje dostupnosti do (ili od) zadanog datuma i vremena. Ako \u017eelite ograni\u010diti dostupnost i OD i DO zadanog datuma i vremena, morate postaviti 2 odvojena uvjeta (od kada u jednom uvjetu i do kada u drugome). Napomena vezana uz vrijeme: pripazite, ako ste zadali da je ne\u0161to dostupno do 01.05.2020. u 00:00, tada je to dostupno do 30.04.2020. u 23:59, a ne cijeli dan do pono\u0107i 01.05.2020.!\\nOcjena - Ograni\u010denje prema ostvarenoj ocjeni na nekoj drugoj, prethodno dovr\u0161enoj aktivnosti (uvjet mo\u017ee biti vi\u0161a ili ni\u017ea ocjena).\\nSkup ograni\u010denja - Skup prethodno opisanih ograni\u010denja, ali ulan\u010danih uz primjenu slo\u017eene logike.&quot;}\" data-sheets-userformat=\"{&quot;2&quot;:897,&quot;3&quot;:{&quot;1&quot;:0},&quot;10&quot;:1,&quot;11&quot;:4,&quot;12&quot;:0}\" data-sheets-textstyleruns=\"[null,0,{&quot;5&quot;:1}]\uee10{&quot;1&quot;:21}\uee10[null,93,{&quot;5&quot;:1}]\uee10{&quot;1&quot;:99}\uee10[null,198,{&quot;5&quot;:1}]\uee10{&quot;1&quot;:200}\uee10[null,203,{&quot;5&quot;:1}]\uee10{&quot;1&quot;:205}\uee10[null,249,{&quot;5&quot;:1}]\uee10{&quot;1&quot;:266}\uee10[null,268,{&quot;6&quot;:1}]\uee10{&quot;1&quot;:276}\uee10[null,294,{&quot;6&quot;:1}]\uee10{&quot;1&quot;:302}\uee10[null,314,{&quot;5&quot;:1}]\uee10{&quot;1&quot;:342}\uee10[null,389,{&quot;5&quot;:1}]\uee10{&quot;1&quot;:411}\uee10[null,424,{&quot;5&quot;:1}]\uee10{&quot;1&quot;:432}\uee10[null,433,{&quot;5&quot;:1}]\uee10{&quot;1&quot;:455}\uee10[null,496,{&quot;5&quot;:1}]\uee10{&quot;1&quot;:503}\uee10[null,629,{&quot;5&quot;:1}]\uee10{&quot;1&quot;:645}\"><strong>Dovr\u0161enost aktivnosti:<\/strong> Zahtijeva od studenta dovr\u0161etak (ili ne-dovr\u0161etak) druge aktivnosti.<\/span><\/p>\n<p><span data-sheets-value=\"{&quot;1&quot;:2,&quot;2&quot;:&quot;Dovr\u0161enost aktivnosti - Zahtijeva od studenta dovr\u0161etak (ili ne-dovr\u0161etak) druge aktivnosti.\\nDatum - Ograni\u010denje dostupnosti do (ili od) zadanog datuma i vremena. Ako \u017eelite ograni\u010diti dostupnost i OD i DO zadanog datuma i vremena, morate postaviti 2 odvojena uvjeta (od kada u jednom uvjetu i do kada u drugome). Napomena vezana uz vrijeme: pripazite, ako ste zadali da je ne\u0161to dostupno do 01.05.2020. u 00:00, tada je to dostupno do 30.04.2020. u 23:59, a ne cijeli dan do pono\u0107i 01.05.2020.!\\nOcjena - Ograni\u010denje prema ostvarenoj ocjeni na nekoj drugoj, prethodno dovr\u0161enoj aktivnosti (uvjet mo\u017ee biti vi\u0161a ili ni\u017ea ocjena).\\nSkup ograni\u010denja - Skup prethodno opisanih ograni\u010denja, ali ulan\u010danih uz primjenu slo\u017eene logike.&quot;}\" data-sheets-userformat=\"{&quot;2&quot;:897,&quot;3&quot;:{&quot;1&quot;:0},&quot;10&quot;:1,&quot;11&quot;:4,&quot;12&quot;:0}\" data-sheets-textstyleruns=\"[null,0,{&quot;5&quot;:1}]\uee10{&quot;1&quot;:21}\uee10[null,93,{&quot;5&quot;:1}]\uee10{&quot;1&quot;:99}\uee10[null,198,{&quot;5&quot;:1}]\uee10{&quot;1&quot;:200}\uee10[null,203,{&quot;5&quot;:1}]\uee10{&quot;1&quot;:205}\uee10[null,249,{&quot;5&quot;:1}]\uee10{&quot;1&quot;:266}\uee10[null,268,{&quot;6&quot;:1}]\uee10{&quot;1&quot;:276}\uee10[null,294,{&quot;6&quot;:1}]\uee10{&quot;1&quot;:302}\uee10[null,314,{&quot;5&quot;:1}]\uee10{&quot;1&quot;:342}\uee10[null,389,{&quot;5&quot;:1}]\uee10{&quot;1&quot;:411}\uee10[null,424,{&quot;5&quot;:1}]\uee10{&quot;1&quot;:432}\uee10[null,433,{&quot;5&quot;:1}]\uee10{&quot;1&quot;:455}\uee10[null,496,{&quot;5&quot;:1}]\uee10{&quot;1&quot;:503}\uee10[null,629,{&quot;5&quot;:1}]\uee10{&quot;1&quot;:645}\"><strong>Datum:<\/strong> Ograni\u010denje dostupnosti do (ili od) zadanog datuma i vremena. Ako \u017eelite ograni\u010diti dostupnost i <strong>OD<\/strong> i <strong>DO<\/strong> zadanog datuma i vremena, morate postaviti <strong>2 odvojena uvjeta<\/strong> (<em>od kada<\/em> u jednom uvjetu i <em>do kada<\/em> u drugome). <strong>Napomena vezana uz vrijeme:<\/strong> pripazite, ako ste zadali da je ne\u0161to dostupno <strong>do 01.05.2020. u 00:00<\/strong>, tada je to dostupno <strong>do 30.04.2020. u 23:59<\/strong>, a ne cijeli dan do pono\u0107i 01.05.2020.!<\/span><\/p>\n<p><span data-sheets-value=\"{&quot;1&quot;:2,&quot;2&quot;:&quot;Dovr\u0161enost aktivnosti - Zahtijeva od studenta dovr\u0161etak (ili ne-dovr\u0161etak) druge aktivnosti.\\nDatum - Ograni\u010denje dostupnosti do (ili od) zadanog datuma i vremena. Ako \u017eelite ograni\u010diti dostupnost i OD i DO zadanog datuma i vremena, morate postaviti 2 odvojena uvjeta (od kada u jednom uvjetu i do kada u drugome). Napomena vezana uz vrijeme: pripazite, ako ste zadali da je ne\u0161to dostupno do 01.05.2020. u 00:00, tada je to dostupno do 30.04.2020. u 23:59, a ne cijeli dan do pono\u0107i 01.05.2020.!\\nOcjena - Ograni\u010denje prema ostvarenoj ocjeni na nekoj drugoj, prethodno dovr\u0161enoj aktivnosti (uvjet mo\u017ee biti vi\u0161a ili ni\u017ea ocjena).\\nSkup ograni\u010denja - Skup prethodno opisanih ograni\u010denja, ali ulan\u010danih uz primjenu slo\u017eene logike.&quot;}\" data-sheets-userformat=\"{&quot;2&quot;:897,&quot;3&quot;:{&quot;1&quot;:0},&quot;10&quot;:1,&quot;11&quot;:4,&quot;12&quot;:0}\" data-sheets-textstyleruns=\"[null,0,{&quot;5&quot;:1}]\uee10{&quot;1&quot;:21}\uee10[null,93,{&quot;5&quot;:1}]\uee10{&quot;1&quot;:99}\uee10[null,198,{&quot;5&quot;:1}]\uee10{&quot;1&quot;:200}\uee10[null,203,{&quot;5&quot;:1}]\uee10{&quot;1&quot;:205}\uee10[null,249,{&quot;5&quot;:1}]\uee10{&quot;1&quot;:266}\uee10[null,268,{&quot;6&quot;:1}]\uee10{&quot;1&quot;:276}\uee10[null,294,{&quot;6&quot;:1}]\uee10{&quot;1&quot;:302}\uee10[null,314,{&quot;5&quot;:1}]\uee10{&quot;1&quot;:342}\uee10[null,389,{&quot;5&quot;:1}]\uee10{&quot;1&quot;:411}\uee10[null,424,{&quot;5&quot;:1}]\uee10{&quot;1&quot;:432}\uee10[null,433,{&quot;5&quot;:1}]\uee10{&quot;1&quot;:455}\uee10[null,496,{&quot;5&quot;:1}]\uee10{&quot;1&quot;:503}\uee10[null,629,{&quot;5&quot;:1}]\uee10{&quot;1&quot;:645}\"><strong>Ocjena:<\/strong> Ograni\u010denje prema ostvarenoj ocjeni na nekoj drugoj, prethodno dovr\u0161enoj aktivnosti (uvjet mo\u017ee biti vi\u0161a ili ni\u017ea ocjena).<\/span><\/p>\n<p><strong>Korisni\u010dki profil:<\/strong> Ograni\u010denje prema vrijednostima u poljima korisni\u010dkog profila pojedinog korisnika (npr. na osnovu adrese e-po\u0161te korisnika).<\/p>\n<p><span data-sheets-value=\"{&quot;1&quot;:2,&quot;2&quot;:&quot;Dovr\u0161enost aktivnosti - Zahtijeva od studenta dovr\u0161etak (ili ne-dovr\u0161etak) druge aktivnosti.\\nDatum - Ograni\u010denje dostupnosti do (ili od) zadanog datuma i vremena. Ako \u017eelite ograni\u010diti dostupnost i OD i DO zadanog datuma i vremena, morate postaviti 2 odvojena uvjeta (od kada u jednom uvjetu i do kada u drugome). Napomena vezana uz vrijeme: pripazite, ako ste zadali da je ne\u0161to dostupno do 01.05.2020. u 00:00, tada je to dostupno do 30.04.2020. u 23:59, a ne cijeli dan do pono\u0107i 01.05.2020.!\\nOcjena - Ograni\u010denje prema ostvarenoj ocjeni na nekoj drugoj, prethodno dovr\u0161enoj aktivnosti (uvjet mo\u017ee biti vi\u0161a ili ni\u017ea ocjena).\\nSkup ograni\u010denja - Skup prethodno opisanih ograni\u010denja, ali ulan\u010danih uz primjenu slo\u017eene logike.&quot;}\" data-sheets-userformat=\"{&quot;2&quot;:897,&quot;3&quot;:{&quot;1&quot;:0},&quot;10&quot;:1,&quot;11&quot;:4,&quot;12&quot;:0}\" data-sheets-textstyleruns=\"[null,0,{&quot;5&quot;:1}]\uee10{&quot;1&quot;:21}\uee10[null,93,{&quot;5&quot;:1}]\uee10{&quot;1&quot;:99}\uee10[null,198,{&quot;5&quot;:1}]\uee10{&quot;1&quot;:200}\uee10[null,203,{&quot;5&quot;:1}]\uee10{&quot;1&quot;:205}\uee10[null,249,{&quot;5&quot;:1}]\uee10{&quot;1&quot;:266}\uee10[null,268,{&quot;6&quot;:1}]\uee10{&quot;1&quot;:276}\uee10[null,294,{&quot;6&quot;:1}]\uee10{&quot;1&quot;:302}\uee10[null,314,{&quot;5&quot;:1}]\uee10{&quot;1&quot;:342}\uee10[null,389,{&quot;5&quot;:1}]\uee10{&quot;1&quot;:411}\uee10[null,424,{&quot;5&quot;:1}]\uee10{&quot;1&quot;:432}\uee10[null,433,{&quot;5&quot;:1}]\uee10{&quot;1&quot;:455}\uee10[null,496,{&quot;5&quot;:1}]\uee10{&quot;1&quot;:503}\uee10[null,629,{&quot;5&quot;:1}]\uee10{&quot;1&quot;:645}\"><strong>Skup ograni\u010denja:<\/strong> Skup prethodno opisanih ograni\u010denja, ali ulan\u010danih uz primjenu slo\u017eene logike.<\/span><\/p>\n<h3><strong>Sekcija Dovr\u0161enost aktivnosti<\/strong><\/h3>\n<p>Ako je omogu\u0107eno, prati se dovr\u0161enost aktivnosti, bilo ru\u010dno ili automatski, ovisno o odre\u0111enim uvjetima. Mogu se zadati vi\u0161estruki uvjeti, ovisno o potrebama. Ako postavite vi\u0161estruke uvjete, tada se aktivnost smatra dovr\u0161enom samo kada su postignuti SVI uvjeti.<\/p>\n<p>Kva\u010dica kraj imena aktivnosti na naslovnici e-kolegija ozna\u010dava je li neka aktivnost dovr\u0161ena.<\/p>\n<p><strong>Pra\u0107enje dovr\u0161enosti:<\/strong><\/p>\n<ul>\n<li><strong>Ne prikazuj dovr\u0161enost aktivnosti:<\/strong> ikona s informacijom o dovr\u0161enosti aktivnosti (kva\u010dica) ne\u0107e biti prikazana.<\/li>\n<li><strong>Studenti mogu ru\u010dno ozna\u010diti aktivnost kao dovr\u0161enu:<\/strong> studenti mogu kliknuti na ikonu s informacijom o dovr\u0161enosti aktivnosti na naslovnici e-kolegija i promijeniti stanje u dovr\u0161eno (kva\u010dica). <strong>Napomena: <\/strong>u ovom slu\u010daju studenti to mogu napraviti i PRIJE nego odrade svoj zadatak \/ aktivnost!<\/li>\n<li><strong>Prika\u017ei ovu aktivnost kao dovr\u0161enu nakon ispunjenja uvjeta:<\/strong> studenti moraju ispuniti zadane uvjete (pregled, rje\u0161avanje, ocjena) prije nego sustav automatski doda kva\u010dicu na naslovnici e-kolegija.<\/li>\n<\/ul>\n<p>Ako je u postavkama pra\u0107enja dovr\u0161enosti odabrano <strong>Prika\u017ei ovu aktivnost kao dovr\u0161enu nakon ispunjenja uvjeta<\/strong>, ovo su dostupne postavke:<\/p>\n<ul>\n<li><strong>Zahtijevaj pregled:<\/strong> Kako bi dovr\u0161ili ovu aktivnost, studenti ju moraju pregledati<\/li>\n<li><strong>Zahtijevaj ocjenu:<\/strong> Student mora dobiti ocjenu kako bi dovr\u0161io ovu aktivnost.<\/li>\n<li><strong>Obvezatno stvaranje novih pojmova:<\/strong> Kako bi dovr\u0161ili ovu aktivnosti, studenti moraju stvoriti zadani broj pojmova.<\/li>\n<li><strong>O\u010dekuj dovr\u0161enje:<\/strong> ozna\u010diti <strong>Omogu\u0107i<\/strong> na kraju tog retka (staviti kva\u010dicu) i potom unijeti datum i sat do kada se od studenta o\u010dekuje dovr\u0161etak te aktivnosti.<\/li>\n<\/ul>\n<p>Kori\u0161tenjem opcije \u201c<strong>Po\u0161alji obavijest sudionicima o promjeni sadr\u017eaja<\/strong>\u201d mogu\u0107e je poslati poruku studentima kod stvaranja nove aktivnosti ili a\u017euriranja postoje\u0107e.<\/p>\n","protected":false},"excerpt":{"rendered":"<p>Aktivnost Rje\u010dnik omogu\u0107ava studentima i nastavnicima izradu i uporabu razli\u010ditih popisa, a naj\u010de\u0161\u0107a je uporaba upravo kao rje\u010dnik pojmova (termina). Osim stru\u010dnih termina rje\u010dnik mo\u017ee sadr\u017eavati i popis literature, definicija, poveznica, galeriju slika i sl. Pojmove koje studenti sami dodaju ili komentiraju drugim studentima sigurno \u0107e bolje zapamtiti od samoga \u010ditanja pojmova u rje\u010dniku. Kako [&hellip;]<\/p>\n","protected":false},"author":3,"featured_media":0,"parent":491,"menu_order":0,"comment_status":"closed","ping_status":"closed","template":"","meta":{"footnotes":""},"class_list":["post-971","page","type-page","status-publish","hentry"],"jetpack_sharing_enabled":true,"_links":{"self":[{"href":"https:\/\/cpeu.ffzg.unizg.hr\/index.php?rest_route=\/wp\/v2\/pages\/971","targetHints":{"allow":["GET"]}}],"collection":[{"href":"https:\/\/cpeu.ffzg.unizg.hr\/index.php?rest_route=\/wp\/v2\/pages"}],"about":[{"href":"https:\/\/cpeu.ffzg.unizg.hr\/index.php?rest_route=\/wp\/v2\/types\/page"}],"author":[{"embeddable":true,"href":"https:\/\/cpeu.ffzg.unizg.hr\/index.php?rest_route=\/wp\/v2\/users\/3"}],"replies":[{"embeddable":true,"href":"https:\/\/cpeu.ffzg.unizg.hr\/index.php?rest_route=%2Fwp%2Fv2%2Fcomments&post=971"}],"version-history":[{"count":30,"href":"https:\/\/cpeu.ffzg.unizg.hr\/index.php?rest_route=\/wp\/v2\/pages\/971\/revisions"}],"predecessor-version":[{"id":3016,"href":"https:\/\/cpeu.ffzg.unizg.hr\/index.php?rest_route=\/wp\/v2\/pages\/971\/revisions\/3016"}],"up":[{"embeddable":true,"href":"https:\/\/cpeu.ffzg.unizg.hr\/index.php?rest_route=\/wp\/v2\/pages\/491"}],"wp:attachment":[{"href":"https:\/\/cpeu.ffzg.unizg.hr\/index.php?rest_route=%2Fwp%2Fv2%2Fmedia&parent=971"}],"curies":[{"name":"wp","href":"https:\/\/api.w.org\/{rel}","templated":true}]}}