{"id":995,"date":"2020-03-19T20:45:55","date_gmt":"2020-03-19T19:45:55","guid":{"rendered":"http:\/\/cpeu.ffzg.unizg.hr\/?page_id=995"},"modified":"2023-03-07T10:30:07","modified_gmt":"2023-03-07T09:30:07","slug":"anketa","status":"publish","type":"page","link":"https:\/\/cpeu.ffzg.unizg.hr\/?page_id=995","title":{"rendered":"Anketa"},"content":{"rendered":"<p>Aktivnost <strong>Anketa <\/strong>omogu\u0107ava nastavniku izradu anketnoga upitnika kako bi od studenta dobio povratnu informaciju o e-kolegiju ili odre\u0111enoj temi. Prvo je potrebno odrediti postavke same ankete, a zatim se ure\u0111uju pitanja koja \u0107e se pojaviti u anketi.<\/p>\n<p>Kako biste dodali aktivnost <strong>Anketa <\/strong>na svoj e-kolegij, kliknite gore desno na gumb &#8220;Ure\u0111ivanje&#8221;.<\/p>\n<div id=\"attachment_2907\" style=\"width: 430px\" class=\"wp-caption aligncenter\"><img loading=\"lazy\" decoding=\"async\" aria-describedby=\"caption-attachment-2907\" class=\"size-full wp-image-2907\" src=\"http:\/\/cpeu.ffzg.unizg.hr\/wp-content\/uploads\/2023\/02\/2023-gumb-uredjivanje-off-1.png\" alt=\"Gumb &quot;Ure\u0111ivanje&quot; - uklju\u010den\" width=\"420\" height=\"298\" srcset=\"https:\/\/cpeu.ffzg.unizg.hr\/wp-content\/uploads\/2023\/02\/2023-gumb-uredjivanje-off-1.png 420w, https:\/\/cpeu.ffzg.unizg.hr\/wp-content\/uploads\/2023\/02\/2023-gumb-uredjivanje-off-1-300x213.png 300w\" sizes=\"auto, (max-width: 420px) 100vw, 420px\" \/><p id=\"caption-attachment-2907\" class=\"wp-caption-text\">Gumb &#8220;Ure\u0111ivanje&#8221; &#8211; uklju\u010den<\/p><\/div>\n<p>Kada omogu\u0107ite ure\u0111ivanje, ikona \u0107e iz sive boje prije\u0107i u <strong>ljubi\u010dastu<\/strong>.<\/p>\n<div id=\"attachment_2902\" style=\"width: 430px\" class=\"wp-caption aligncenter\"><img loading=\"lazy\" decoding=\"async\" aria-describedby=\"caption-attachment-2902\" class=\"size-full wp-image-2902\" src=\"http:\/\/cpeu.ffzg.unizg.hr\/wp-content\/uploads\/2023\/02\/2023-gumb-uredjivanje-on.png\" alt=\"Gumb &quot;Ure\u0111ivanje&quot; - uklju\u010den\" width=\"420\" height=\"298\" srcset=\"https:\/\/cpeu.ffzg.unizg.hr\/wp-content\/uploads\/2023\/02\/2023-gumb-uredjivanje-on.png 420w, https:\/\/cpeu.ffzg.unizg.hr\/wp-content\/uploads\/2023\/02\/2023-gumb-uredjivanje-on-300x213.png 300w\" sizes=\"auto, (max-width: 420px) 100vw, 420px\" \/><p id=\"caption-attachment-2902\" class=\"wp-caption-text\">Gumb &#8220;Ure\u0111ivanje&#8221; &#8211; uklju\u010den<\/p><\/div>\n<p>Potom u sekciji ili temi u koju \u017eelite dodati aktivnost <strong>Anketa <\/strong>kliknite na poveznicu &#8220;Dodajte aktivnost ili resurs&#8221;.<\/p>\n<div id=\"attachment_2904\" style=\"width: 337px\" class=\"wp-caption aligncenter\"><img loading=\"lazy\" decoding=\"async\" aria-describedby=\"caption-attachment-2904\" class=\"size-full wp-image-2904\" src=\"http:\/\/cpeu.ffzg.unizg.hr\/wp-content\/uploads\/2023\/02\/2023-Dodajte-aktivnost-ili-resurs.png\" alt=\"Poveznica &quot;Dodajte aktivnost ili resurs&quot;\" width=\"327\" height=\"79\" srcset=\"https:\/\/cpeu.ffzg.unizg.hr\/wp-content\/uploads\/2023\/02\/2023-Dodajte-aktivnost-ili-resurs.png 327w, https:\/\/cpeu.ffzg.unizg.hr\/wp-content\/uploads\/2023\/02\/2023-Dodajte-aktivnost-ili-resurs-300x72.png 300w\" sizes=\"auto, (max-width: 327px) 100vw, 327px\" \/><p id=\"caption-attachment-2904\" class=\"wp-caption-text\">Poveznica &#8220;Dodajte aktivnost ili resurs&#8221;<\/p><\/div>\n<p>U izborniku kliknite na aktivnost <strong>Anketa<\/strong>. Ako ju ne vidite na po\u010detnom zaslonu izbornika, kliknite na karticu Aktivnosti, prona\u0111ite ju i odaberite tamo.<\/p>\n<div id=\"attachment_2932\" style=\"width: 832px\" class=\"wp-caption aligncenter\"><a href=\"http:\/\/cpeu.ffzg.unizg.hr\/wp-content\/uploads\/2023\/02\/2023-aktivnosti-01-izbornik-Anketa.png\"><img loading=\"lazy\" decoding=\"async\" aria-describedby=\"caption-attachment-2932\" class=\"size-full wp-image-2932\" src=\"http:\/\/cpeu.ffzg.unizg.hr\/wp-content\/uploads\/2023\/02\/2023-aktivnosti-01-izbornik-Anketa.png\" alt=\"Odabir aktivnosti \u201cANKETA\u201d\" width=\"822\" height=\"728\" srcset=\"https:\/\/cpeu.ffzg.unizg.hr\/wp-content\/uploads\/2023\/02\/2023-aktivnosti-01-izbornik-Anketa.png 822w, https:\/\/cpeu.ffzg.unizg.hr\/wp-content\/uploads\/2023\/02\/2023-aktivnosti-01-izbornik-Anketa-300x266.png 300w, https:\/\/cpeu.ffzg.unizg.hr\/wp-content\/uploads\/2023\/02\/2023-aktivnosti-01-izbornik-Anketa-768x680.png 768w, https:\/\/cpeu.ffzg.unizg.hr\/wp-content\/uploads\/2023\/02\/2023-aktivnosti-01-izbornik-Anketa-624x553.png 624w\" sizes=\"auto, (max-width: 822px) 100vw, 822px\" \/><\/a><p id=\"caption-attachment-2932\" class=\"wp-caption-text\">Odabir aktivnosti \u201cANKETA\u201d<\/p><\/div>\n<p>Postavke aktivnosti <strong>Anketa<\/strong> su organizirane u sekcije: <strong>Op\u0107e postavke, Dostupnost, Pitanja i postavke za predavanje ankete<\/strong>, <strong>Nakon predaje<\/strong>, <strong>Zajedni\u010dke postavke modula<\/strong>, <strong>Ograni\u010di dostupnost <\/strong>i <strong>Dovr\u0161enost aktivnosti<\/strong>.<\/p>\n<h3>Video upute kako izraditi aktivnost Anketa<br \/>\n<iframe loading=\"lazy\" src=\"https:\/\/www.youtube-nocookie.com\/embed\/01QQkmeTAMg?rel=0\" width=\"560\" height=\"315\" frameborder=\"0\" allowfullscreen=\"allowfullscreen\"><\/iframe><br \/>\n<strong>Sekcija Op\u0107e postavke<br \/>\n<\/strong><\/h3>\n<p>U okvir <strong>Opis<\/strong> po\u017eeljno je napisati upute studentima.<\/p>\n<h3><strong>Sekcija Dostupnost<\/strong><\/h3>\n<p><strong>Dozvoli odgovore od<\/strong> i <strong>Dozvoli odgovore do<\/strong> omogu\u0107ava zadavanje roka unutar kojeg \u0107e anketa biti dostupna. Mogu\u0107e je zadati oba datuma, jedan ili nijedan.<\/p>\n<h3><strong>Sekcija Pitanja i postavke za predavanje ankete<\/strong><\/h3>\n<p><strong>Zapi\u0161i korisni\u010dka imena:<\/strong> Svaka anketa mo\u017ee biti i anonimna. Jedanput upisani anonimni odgovori u anketi ne mogu se nikako povezati sa studentom. \u010cak i nakon \u0161to studenti po\u010dnu s predavanjem ankete, ova se mogu\u0107nost mo\u017ee mijenjati tako da svi do tada predani odgovori i dalje ostaju anonimni, a novi se odgovori spremaju s imenom i prezimenom studenta.<\/p>\n<p><strong>Vi\u0161estruke predaje:<\/strong> za anonimne i za neanonimne ankete mo\u017ee se uklju\u010diti mogu\u0107nost vi\u0161estrukoga odgovaranja odnosno ispunjavanja ankete. Ova se mogu\u0107nost vi\u0161e ne mo\u017ee mijenjati nakon \u0161to prvi student preda svoju anketu.<\/p>\n<p><strong>Po\u0161alji obavijest e-po\u0161tom:<\/strong> vrijednost ove postavke <strong>UVIJEK<\/strong> mora biti &#8220;<strong>Ne<\/strong>&#8220;!<\/p>\n<p><strong>Automatsko brojanje pitanja:<\/strong> uklju\u010duje ili isklju\u010duje automatsko brojanje pitanja.<\/p>\n<h3><strong>Sekcija Nakon predaje<\/strong><\/h3>\n<p><strong>Prika\u017ei stranicu s analizom nakon predaje:<\/strong> ova postavka odre\u0111uje prikazuju li se rezultati ankete studentima s do tad upisanim odgovorima.<\/p>\n<p><strong>Stranica poslije predaje:<\/strong> u ovaj tekstni okvir mogu\u0107e je upisati poruku koja \u0107e biti prikazana studentima nakon ispunjavanja ankete. Potrebno je ispuniti ili ovaj okvir ili polje <strong>URL na kojeg vodi gumb za nastavak<\/strong>.<\/p>\n<h3><strong>Sekcija<\/strong> Zajedni\u010dke postavke modula<\/h3>\n<p>Sve aktivnosti i resursi u postavkama imaju ovu sekciju, u kojoj je mogu\u0107e urediti vidljivost aktivnosti \/ resursa studentima, ID broj aktivnosti \/ resursa te, ako aktivnost to podr\u017eava, postavke za grupni oblik nastave.<\/p>\n<p><strong>Dostupnost:<\/strong> mogu\u0107e je zadati da se aktivnost \/ resurs ne prikazuje studentima (vrijednost &#8220;<strong>Skrij od studenata<\/strong>&#8220;). Zadana vrijednost je &#8220;<strong>Prika\u017ei na naslovnici e-kolegija<\/strong>&#8220;.<\/p>\n<p><strong>ID broj:<\/strong> Postavljanje ID broja omogu\u0107ava identifikaciju aktivnosti u svrhu ra\u010dunanja ocjena. Ako aktivnost nije obuhva\u0107ena nekim oblikom ocjenjivanja, polje koje sadr\u017eava ID broj se mo\u017ee ostaviti praznim. ID se tako\u0111er mo\u017ee postaviti u alatu za ocjenjivanje, no mo\u017ee se ure\u0111ivati jedino na stranici s postavkama odre\u0111ene aktivnosti. Zadano je ostavljeno prazno (bez vrijednosti).<\/p>\n<p><strong>Grupni oblik:<\/strong> Ova postavka ima 3 opcije:<\/p>\n<ul>\n<li><strong>Bez grupa<\/strong> &#8211; Nema pod-grupa.<\/li>\n<li><strong>Odvojene grupe<\/strong> &#8211; Svaki \u010dlan grupe mo\u017ee vidjeti samo \u010dlanove svoje grupe, ostali \u010dlanovi su nevidljivi.<\/li>\n<li><strong>Vidljive grupe<\/strong> &#8211; Svaki \u010dlan grupe vidi \u010dlanove svoje grupe, ali mo\u017ee vidjeti i \u010dlanove drugih grupa.<\/li>\n<\/ul>\n<p>Grupni na\u010din rada koji je zadan na razini e-kolegija je tada zadani na\u010din rada i za sve aktivnosti na tom e-kolegiju. Za svaku aktivnost koja podr\u017eava grupe tako\u0111er mo\u017ee se podesiti vlastiti grupni na\u010din rada, iako je isti zanemaren, tj. nadja\u010dan od strane postavke na razini e-kolegija.<\/p>\n<h3><strong>Sekcija Ograni\u010di dostupnost<\/strong><\/h3>\n<p><span data-sheets-value=\"{&quot;1&quot;:2,&quot;2&quot;:&quot;Dovr\u0161enost aktivnosti - Zahtijeva od studenta dovr\u0161etak (ili ne-dovr\u0161etak) druge aktivnosti.\\nDatum - Ograni\u010denje dostupnosti do (ili od) zadanog datuma i vremena. Ako \u017eelite ograni\u010diti dostupnost i OD i DO zadanog datuma i vremena, morate postaviti 2 odvojena uvjeta (od kada u jednom uvjetu i do kada u drugome). Napomena vezana uz vrijeme: pripazite, ako ste zadali da je ne\u0161to dostupno do 01.05.2020. u 00:00, tada je to dostupno do 30.04.2020. u 23:59, a ne cijeli dan do pono\u0107i 01.05.2020.!\\nOcjena - Ograni\u010denje prema ostvarenoj ocjeni na nekoj drugoj, prethodno dovr\u0161enoj aktivnosti (uvjet mo\u017ee biti vi\u0161a ili ni\u017ea ocjena).\\nSkup ograni\u010denja - Skup prethodno opisanih ograni\u010denja, ali ulan\u010danih uz primjenu slo\u017eene logike.&quot;}\" data-sheets-userformat=\"{&quot;2&quot;:897,&quot;3&quot;:{&quot;1&quot;:0},&quot;10&quot;:1,&quot;11&quot;:4,&quot;12&quot;:0}\" data-sheets-textstyleruns=\"[null,0,{&quot;5&quot;:1}]\uee10{&quot;1&quot;:21}\uee10[null,93,{&quot;5&quot;:1}]\uee10{&quot;1&quot;:99}\uee10[null,198,{&quot;5&quot;:1}]\uee10{&quot;1&quot;:200}\uee10[null,203,{&quot;5&quot;:1}]\uee10{&quot;1&quot;:205}\uee10[null,249,{&quot;5&quot;:1}]\uee10{&quot;1&quot;:266}\uee10[null,268,{&quot;6&quot;:1}]\uee10{&quot;1&quot;:276}\uee10[null,294,{&quot;6&quot;:1}]\uee10{&quot;1&quot;:302}\uee10[null,314,{&quot;5&quot;:1}]\uee10{&quot;1&quot;:342}\uee10[null,389,{&quot;5&quot;:1}]\uee10{&quot;1&quot;:411}\uee10[null,424,{&quot;5&quot;:1}]\uee10{&quot;1&quot;:432}\uee10[null,433,{&quot;5&quot;:1}]\uee10{&quot;1&quot;:455}\uee10[null,496,{&quot;5&quot;:1}]\uee10{&quot;1&quot;:503}\uee10[null,629,{&quot;5&quot;:1}]\uee10{&quot;1&quot;:645}\"><strong>Dovr\u0161enost aktivnosti:<\/strong> Zahtijeva od studenta dovr\u0161etak (ili ne-dovr\u0161etak) druge aktivnosti.<\/span><\/p>\n<p><span data-sheets-value=\"{&quot;1&quot;:2,&quot;2&quot;:&quot;Dovr\u0161enost aktivnosti - Zahtijeva od studenta dovr\u0161etak (ili ne-dovr\u0161etak) druge aktivnosti.\\nDatum - Ograni\u010denje dostupnosti do (ili od) zadanog datuma i vremena. Ako \u017eelite ograni\u010diti dostupnost i OD i DO zadanog datuma i vremena, morate postaviti 2 odvojena uvjeta (od kada u jednom uvjetu i do kada u drugome). Napomena vezana uz vrijeme: pripazite, ako ste zadali da je ne\u0161to dostupno do 01.05.2020. u 00:00, tada je to dostupno do 30.04.2020. u 23:59, a ne cijeli dan do pono\u0107i 01.05.2020.!\\nOcjena - Ograni\u010denje prema ostvarenoj ocjeni na nekoj drugoj, prethodno dovr\u0161enoj aktivnosti (uvjet mo\u017ee biti vi\u0161a ili ni\u017ea ocjena).\\nSkup ograni\u010denja - Skup prethodno opisanih ograni\u010denja, ali ulan\u010danih uz primjenu slo\u017eene logike.&quot;}\" data-sheets-userformat=\"{&quot;2&quot;:897,&quot;3&quot;:{&quot;1&quot;:0},&quot;10&quot;:1,&quot;11&quot;:4,&quot;12&quot;:0}\" data-sheets-textstyleruns=\"[null,0,{&quot;5&quot;:1}]\uee10{&quot;1&quot;:21}\uee10[null,93,{&quot;5&quot;:1}]\uee10{&quot;1&quot;:99}\uee10[null,198,{&quot;5&quot;:1}]\uee10{&quot;1&quot;:200}\uee10[null,203,{&quot;5&quot;:1}]\uee10{&quot;1&quot;:205}\uee10[null,249,{&quot;5&quot;:1}]\uee10{&quot;1&quot;:266}\uee10[null,268,{&quot;6&quot;:1}]\uee10{&quot;1&quot;:276}\uee10[null,294,{&quot;6&quot;:1}]\uee10{&quot;1&quot;:302}\uee10[null,314,{&quot;5&quot;:1}]\uee10{&quot;1&quot;:342}\uee10[null,389,{&quot;5&quot;:1}]\uee10{&quot;1&quot;:411}\uee10[null,424,{&quot;5&quot;:1}]\uee10{&quot;1&quot;:432}\uee10[null,433,{&quot;5&quot;:1}]\uee10{&quot;1&quot;:455}\uee10[null,496,{&quot;5&quot;:1}]\uee10{&quot;1&quot;:503}\uee10[null,629,{&quot;5&quot;:1}]\uee10{&quot;1&quot;:645}\"><strong>Datum:<\/strong> Ograni\u010denje dostupnosti do (ili od) zadanog datuma i vremena. Ako \u017eelite ograni\u010diti dostupnost i <strong>OD<\/strong> i <strong>DO<\/strong> zadanog datuma i vremena, morate postaviti <strong>2 odvojena uvjeta<\/strong> (<em>od kada<\/em> u jednom uvjetu i <em>do kada<\/em> u drugome). <strong>Napomena vezana uz vrijeme:<\/strong> pripazite, ako ste zadali da je ne\u0161to dostupno <strong>do 01.05.2020. u 00:00<\/strong>, tada je to dostupno <strong>do 30.04.2020. u 23:59<\/strong>, a ne cijeli dan do pono\u0107i 01.05.2020.!<\/span><\/p>\n<p><span data-sheets-value=\"{&quot;1&quot;:2,&quot;2&quot;:&quot;Dovr\u0161enost aktivnosti - Zahtijeva od studenta dovr\u0161etak (ili ne-dovr\u0161etak) druge aktivnosti.\\nDatum - Ograni\u010denje dostupnosti do (ili od) zadanog datuma i vremena. Ako \u017eelite ograni\u010diti dostupnost i OD i DO zadanog datuma i vremena, morate postaviti 2 odvojena uvjeta (od kada u jednom uvjetu i do kada u drugome). Napomena vezana uz vrijeme: pripazite, ako ste zadali da je ne\u0161to dostupno do 01.05.2020. u 00:00, tada je to dostupno do 30.04.2020. u 23:59, a ne cijeli dan do pono\u0107i 01.05.2020.!\\nOcjena - Ograni\u010denje prema ostvarenoj ocjeni na nekoj drugoj, prethodno dovr\u0161enoj aktivnosti (uvjet mo\u017ee biti vi\u0161a ili ni\u017ea ocjena).\\nSkup ograni\u010denja - Skup prethodno opisanih ograni\u010denja, ali ulan\u010danih uz primjenu slo\u017eene logike.&quot;}\" data-sheets-userformat=\"{&quot;2&quot;:897,&quot;3&quot;:{&quot;1&quot;:0},&quot;10&quot;:1,&quot;11&quot;:4,&quot;12&quot;:0}\" data-sheets-textstyleruns=\"[null,0,{&quot;5&quot;:1}]\uee10{&quot;1&quot;:21}\uee10[null,93,{&quot;5&quot;:1}]\uee10{&quot;1&quot;:99}\uee10[null,198,{&quot;5&quot;:1}]\uee10{&quot;1&quot;:200}\uee10[null,203,{&quot;5&quot;:1}]\uee10{&quot;1&quot;:205}\uee10[null,249,{&quot;5&quot;:1}]\uee10{&quot;1&quot;:266}\uee10[null,268,{&quot;6&quot;:1}]\uee10{&quot;1&quot;:276}\uee10[null,294,{&quot;6&quot;:1}]\uee10{&quot;1&quot;:302}\uee10[null,314,{&quot;5&quot;:1}]\uee10{&quot;1&quot;:342}\uee10[null,389,{&quot;5&quot;:1}]\uee10{&quot;1&quot;:411}\uee10[null,424,{&quot;5&quot;:1}]\uee10{&quot;1&quot;:432}\uee10[null,433,{&quot;5&quot;:1}]\uee10{&quot;1&quot;:455}\uee10[null,496,{&quot;5&quot;:1}]\uee10{&quot;1&quot;:503}\uee10[null,629,{&quot;5&quot;:1}]\uee10{&quot;1&quot;:645}\"><strong>Ocjena:<\/strong> Ograni\u010denje prema ostvarenoj ocjeni na nekoj drugoj, prethodno dovr\u0161enoj aktivnosti (uvjet mo\u017ee biti vi\u0161a ili ni\u017ea ocjena).<\/span><\/p>\n<p><strong>Korisni\u010dki profil:<\/strong> Ograni\u010denje prema vrijednostima u poljima korisni\u010dkog profila pojedinog korisnika (npr. na osnovu adrese e-po\u0161te korisnika).<\/p>\n<p><span data-sheets-value=\"{&quot;1&quot;:2,&quot;2&quot;:&quot;Dovr\u0161enost aktivnosti - Zahtijeva od studenta dovr\u0161etak (ili ne-dovr\u0161etak) druge aktivnosti.\\nDatum - Ograni\u010denje dostupnosti do (ili od) zadanog datuma i vremena. Ako \u017eelite ograni\u010diti dostupnost i OD i DO zadanog datuma i vremena, morate postaviti 2 odvojena uvjeta (od kada u jednom uvjetu i do kada u drugome). Napomena vezana uz vrijeme: pripazite, ako ste zadali da je ne\u0161to dostupno do 01.05.2020. u 00:00, tada je to dostupno do 30.04.2020. u 23:59, a ne cijeli dan do pono\u0107i 01.05.2020.!\\nOcjena - Ograni\u010denje prema ostvarenoj ocjeni na nekoj drugoj, prethodno dovr\u0161enoj aktivnosti (uvjet mo\u017ee biti vi\u0161a ili ni\u017ea ocjena).\\nSkup ograni\u010denja - Skup prethodno opisanih ograni\u010denja, ali ulan\u010danih uz primjenu slo\u017eene logike.&quot;}\" data-sheets-userformat=\"{&quot;2&quot;:897,&quot;3&quot;:{&quot;1&quot;:0},&quot;10&quot;:1,&quot;11&quot;:4,&quot;12&quot;:0}\" data-sheets-textstyleruns=\"[null,0,{&quot;5&quot;:1}]\uee10{&quot;1&quot;:21}\uee10[null,93,{&quot;5&quot;:1}]\uee10{&quot;1&quot;:99}\uee10[null,198,{&quot;5&quot;:1}]\uee10{&quot;1&quot;:200}\uee10[null,203,{&quot;5&quot;:1}]\uee10{&quot;1&quot;:205}\uee10[null,249,{&quot;5&quot;:1}]\uee10{&quot;1&quot;:266}\uee10[null,268,{&quot;6&quot;:1}]\uee10{&quot;1&quot;:276}\uee10[null,294,{&quot;6&quot;:1}]\uee10{&quot;1&quot;:302}\uee10[null,314,{&quot;5&quot;:1}]\uee10{&quot;1&quot;:342}\uee10[null,389,{&quot;5&quot;:1}]\uee10{&quot;1&quot;:411}\uee10[null,424,{&quot;5&quot;:1}]\uee10{&quot;1&quot;:432}\uee10[null,433,{&quot;5&quot;:1}]\uee10{&quot;1&quot;:455}\uee10[null,496,{&quot;5&quot;:1}]\uee10{&quot;1&quot;:503}\uee10[null,629,{&quot;5&quot;:1}]\uee10{&quot;1&quot;:645}\"><strong>Skup ograni\u010denja:<\/strong> Skup prethodno opisanih ograni\u010denja, ali ulan\u010danih uz primjenu slo\u017eene logike.<\/span><\/p>\n<h3><strong>Sekcija Dovr\u0161enost aktivnosti<\/strong><\/h3>\n<p>Ako je omogu\u0107eno, prati se dovr\u0161enost aktivnosti, bilo ru\u010dno ili automatski, ovisno o odre\u0111enim uvjetima. Mogu se zadati vi\u0161estruki uvjeti, ovisno o potrebama. Ako postavite vi\u0161estruke uvjete, tada se aktivnost smatra dovr\u0161enom samo kada su postignuti SVI uvjeti.<\/p>\n<p>Kva\u010dica kraj imena aktivnosti na naslovnici e-kolegija ozna\u010dava je li neka aktivnost dovr\u0161ena.<\/p>\n<p><strong>Pra\u0107enje dovr\u0161enosti:<\/strong><\/p>\n<ul>\n<li><strong>Ne prikazuj dovr\u0161enost aktivnosti:<\/strong> ikona s informacijom o dovr\u0161enosti aktivnosti (kva\u010dica) ne\u0107e biti prikazana.<\/li>\n<li><strong>Studenti mogu ru\u010dno ozna\u010diti aktivnost kao dovr\u0161enu:<\/strong> studenti mogu kliknuti na ikonu s informacijom o dovr\u0161enosti aktivnosti na naslovnici e-kolegija i promijeniti stanje u dovr\u0161eno (kva\u010dica). <strong>Napomena: <\/strong>u ovom slu\u010daju studenti to mogu napraviti i PRIJE nego odrade svoj zadatak \/ aktivnost!<\/li>\n<li><strong>Prika\u017ei ovu aktivnost kao dovr\u0161enu nakon ispunjenja uvjeta:<\/strong> studenti moraju ispuniti zadane uvjete (pregled, rje\u0161avanje, ocjena) prije nego sustav automatski doda kva\u010dicu na naslovnici e-kolegija.<\/li>\n<\/ul>\n<p>Ako je u postavkama pra\u0107enja dovr\u0161enosti odabrano <strong>Prika\u017ei ovu aktivnost kao dovr\u0161enu nakon ispunjenja uvjeta<\/strong>, ovo su dostupne postavke:<\/p>\n<ul>\n<li><strong>Zahtijevaj pregled:<\/strong> Kako bi dovr\u0161ili ovu aktivnost, studenti ju moraju pregledati<\/li>\n<li><strong>Smatraj dovr\u0161enim ako je anketa predana:<\/strong> Ako je student predao anketu, onda je time aktivnost dovr\u0161ena.<\/li>\n<li><strong>O\u010dekuj dovr\u0161enje:<\/strong> ozna\u010diti <strong>Omogu\u0107i<\/strong> na kraju tog retka (staviti kva\u010dicu) i potom unijeti datum i sat do kada se od studenta o\u010dekuje dovr\u0161etak te aktivnosti.<\/li>\n<\/ul>\n<p>Kori\u0161tenjem opcije \u201c<strong>Po\u0161alji obavijest sudionicima o promjeni sadr\u017eaja<\/strong>\u201d mogu\u0107e je poslati poruku studentima kod stvaranja nove aktivnosti ili a\u017euriranja postoje\u0107e.<\/p>\n<p><strong>Vrste pitanja u anketi<\/strong><\/p>\n<p>Postoji vi\u0161e vrsta pitanja, a naj\u010de\u0161\u0107e se rabe <strong>Vi\u0161estruki odabir<\/strong> ili <strong>Kra\u0107i tekstualni odgovor.<\/strong> Odgovori mogi biti poredani okomito ili vodoravno, a me\u0111usobno se odvajaju tipkom <strong>[Enter].<\/strong><\/p>\n<p>Pojedina ili sva pitanja mogu biti ozna\u010dena kao obvezatna. U tom slu\u010daju anketa se ne mo\u017ee predati ako nije odgovoreno na sva obvezatna pitanja. Redoslijed pitanja mo\u017ee se odre\u0111ivati izravno prilikom izrade pojedinog pitanja ili poslije u popisu svih izra\u0111enih pitanja.<\/p>\n<p>Mogu\u0107e je uvjetovati prikaz odre\u0111enog pitanja (npr. Pitanje2) ovisno o odgovoru na neko prethodno pitanje (npr. Pitanje1). U postavci Pitanja2 odabire se <strong>Ovisna stavka<\/strong> (oznaka Pitanja1 upisana u njegovim postavkama) te upisuje vrijednost koju student treba upisati na Pitanju1 da bi mu Pitanje2 bilo prikazano.<\/p>\n<p>U izborniku <strong>Prika\u017ei odgovore<\/strong> mogu se vidjeti rezultati ankete sa slikovnom i broj\u010danom analizom odgovora. Vrlo je korisna i mogu\u0107nost prikaza popisa studenata koji nisu ispunili anketu (ako je anketa postavljena kao ne-anonimna). Prije objavljivanja ankete preporuka je provjeriti kako anketa izgleda iz studentskoga pogleda.<\/p>\n","protected":false},"excerpt":{"rendered":"<p>Aktivnost Anketa omogu\u0107ava nastavniku izradu anketnoga upitnika kako bi od studenta dobio povratnu informaciju o e-kolegiju ili odre\u0111enoj temi. Prvo je potrebno odrediti postavke same ankete, a zatim se ure\u0111uju pitanja koja \u0107e se pojaviti u anketi. Kako biste dodali aktivnost Anketa na svoj e-kolegij, kliknite gore desno na gumb &#8220;Ure\u0111ivanje&#8221;. Kada omogu\u0107ite ure\u0111ivanje, ikona [&hellip;]<\/p>\n","protected":false},"author":3,"featured_media":0,"parent":491,"menu_order":0,"comment_status":"closed","ping_status":"closed","template":"","meta":{"footnotes":""},"class_list":["post-995","page","type-page","status-publish","hentry"],"jetpack_sharing_enabled":true,"_links":{"self":[{"href":"https:\/\/cpeu.ffzg.unizg.hr\/index.php?rest_route=\/wp\/v2\/pages\/995","targetHints":{"allow":["GET"]}}],"collection":[{"href":"https:\/\/cpeu.ffzg.unizg.hr\/index.php?rest_route=\/wp\/v2\/pages"}],"about":[{"href":"https:\/\/cpeu.ffzg.unizg.hr\/index.php?rest_route=\/wp\/v2\/types\/page"}],"author":[{"embeddable":true,"href":"https:\/\/cpeu.ffzg.unizg.hr\/index.php?rest_route=\/wp\/v2\/users\/3"}],"replies":[{"embeddable":true,"href":"https:\/\/cpeu.ffzg.unizg.hr\/index.php?rest_route=%2Fwp%2Fv2%2Fcomments&post=995"}],"version-history":[{"count":23,"href":"https:\/\/cpeu.ffzg.unizg.hr\/index.php?rest_route=\/wp\/v2\/pages\/995\/revisions"}],"predecessor-version":[{"id":3043,"href":"https:\/\/cpeu.ffzg.unizg.hr\/index.php?rest_route=\/wp\/v2\/pages\/995\/revisions\/3043"}],"up":[{"embeddable":true,"href":"https:\/\/cpeu.ffzg.unizg.hr\/index.php?rest_route=\/wp\/v2\/pages\/491"}],"wp:attachment":[{"href":"https:\/\/cpeu.ffzg.unizg.hr\/index.php?rest_route=%2Fwp%2Fv2%2Fmedia&parent=995"}],"curies":[{"name":"wp","href":"https:\/\/api.w.org\/{rel}","templated":true}]}}